{"id":2660,"date":"2019-09-10T12:20:37","date_gmt":"2019-09-10T10:20:37","guid":{"rendered":"http:\/\/mjsffbz.cluster028.hosting.ovh.net\/producte\/burbujas-chocolate\/"},"modified":"2026-01-19T17:48:37","modified_gmt":"2026-01-19T16:48:37","slug":"visita-con-cata-de-vinos-y-chocolate","status":"publish","type":"product","link":"https:\/\/nadal.com\/es\/els-nostres-vins\/experiencias\/visita-con-cata-de-vinos-y-chocolate\/","title":{"rendered":"Visita con cata de vinos y chocolate"},"content":{"rendered":"<p>[vc_row][vc_column][vc_separator][vc_tta_tabs active_section=\u00bb1&#8243;][vc_tta_section title=\u00bbDescripci\u00f3n\u00bb tab_id=\u00bbdescripcio\u00bb][vc_column_text]<\/p>\n<h4><strong>La visita<\/strong><\/h4>\n<p>Un recorrido por la historia de la finca Nadal de la Boadella y de sus vinos. Nos adentraremos en las principales etapas de elaboraci\u00f3n de nuestros espumosos corpinnats y de los vinos blancos nobles. Realizaremos una visita a los vi\u00f1edos, la bodega y la cava fundacional, a casi 20 metros de profundidad. Y, c\u00f3mo no, lo acabaremos con una cata en un entorno privilegiado.<\/p>\n<h4><strong>La cata<\/strong><\/h4>\n<p>En el jard\u00edn de la casa solariega, un peque\u00f1o oasis verde rodeado de vi\u00f1as, disfrutaremos de una cata muy especial:<\/p>\n<ul>\n<li data-start=\"79\" data-end=\"190\"><strong>Salvatge Brut Ros\u00e9 2021<\/strong> &amp; 2 Flores de chocolate con leche y frambuesa y 2 Hojas de chocolate blanco con fresa<\/li>\n<li data-start=\"79\" data-end=\"190\"><strong>Nadal Brut Nature 2017<\/strong> &amp; 2 Flores 50% de chocolate de Ghana con trufa de orujo de cava y 2 Flores de chocolate con leche y crujiente<\/li>\n<li data-start=\"79\" data-end=\"190\"><strong>Nadal X Vermell Col\u00b7lecci\u00f3 2021<\/strong> &amp; 2 Hojas 70% cacao con flor de sal y 2 Hojas de chocolate con leche y fruta de la pasi\u00f3n<\/li>\n<li data-start=\"79\" data-end=\"190\"><strong>Nadal 1510 Botrytis Noble 2003<\/strong> &amp; 2 Hojas 70% cacao y 2 Flores 70% cacao con naranja<\/li>\n<\/ul>\n<p>[\/vc_column_text][\/vc_tta_section][vc_tta_section title=\u00bbC\u00f3mo llegar\u00bb tab_id=\u00bbcom-arribar\u00bb][vc_widget_sidebar sidebar_id=\u00bbcom-arribar\u00bb][\/vc_tta_section][vc_tta_section title=\u00bb\u00c1rea Autocaravanas\u00bb tab_id=\u00bbarea-autocaravanes\u00bb][vc_row_inner][vc_column_inner width=\u00bb1\/2&#8243;][vc_widget_sidebar sidebar_id=\u00bbautocaravanes-text\u00bb][\/vc_column_inner][vc_column_inner width=\u00bb1\/2&#8243;][vc_widget_sidebar sidebar_id=\u00bbautocaravanes-imatge\u00bb][\/vc_column_inner][\/vc_row_inner][\/vc_tta_section][\/vc_tta_tabs][\/vc_column][\/vc_row]<\/p>\n","protected":false},"excerpt":{"rendered":"<p>Los aztecas cre\u00edan que el cacao era fruto de los dioses y lo utilizaban como moneda de cambio. Es el momento de abrir todos los sentidos y dejarse llevar por una explosi\u00f3n de aromas, texturas, sabores y colores. Te ayudamos a descubrir los grandes secretos de esta<br \/>\ndelicia de la mano de Sim\u00f3n Coll, con un maridaje de km0 con los chocolates m\u00e1s sorprendentes y nuestros corpinnats y vinos blancos nobles.<\/p>\n<p><strong>Duraci\u00f3n:<\/strong> 2h.<br \/>\n<strong>Incluye:<\/strong> Recorrido por el vi\u00f1edo, visita a la bodega y <strong>cata con maridaje:<\/strong><\/p>\n<ul>\n<li data-start=\"79\" data-end=\"190\"><strong>Salvatge Brut Ros\u00e9 2021<\/strong> &amp; 2 Flores de chocolate con leche y frambuesa y 2 Hojas de chocolate blanco con fresa<\/li>\n<li data-start=\"79\" data-end=\"190\"><strong>Nadal Brut Nature 2017<\/strong> &amp; 2 Flores 50% de chocolate de Ghana con trufa de orujo de cava y 2 Flores de chocolate con leche y crujiente<\/li>\n<li data-start=\"79\" data-end=\"190\"><strong>Nadal X Vermell Col\u00b7lecci\u00f3 2021<\/strong> &amp; 2 Hojas 70% cacao con flor de sal y 2 Hojas de chocolate con leche y fruta de la pasi\u00f3n<\/li>\n<li data-start=\"79\" data-end=\"190\"><strong>Nadal 1510 Botrytis Noble 2003<\/strong> &amp; 2 Hojas 70% cacao y 2 Flores 70% cacao con naranja<\/li>\n<\/ul>\n<p><strong>Grupos:<\/strong> M\u00ednimo 2 pax \u2013 m\u00e0ximo 20 pax<br \/>\n<strong>Lugar:<\/strong> [acf field=\"lloc\"]<\/p>\n","protected":false},"featured_media":23307,"template":"","meta":{"_acf_changed":false},"product_brand":[],"product_cat":[69],"product_tag":[],"class_list":{"0":"post-2660","1":"product","2":"type-product","3":"status-publish","4":"has-post-thumbnail","6":"product_cat-experiencias","7":"product_shipping_class-gratuito","9":"first","10":"instock","11":"taxable","12":"shipping-taxable","13":"purchasable","14":"product-type-simple"},"group_of_quantity":0,"min_quantity":2,"max_quantity":20,"exclude_order_quantity_value_rules":"yes","exclude_category_quantity_rules":"no","combine_variations":"no","acf":[],"yoast_head":"<!-- This site is optimized with the Yoast SEO plugin v26.6 - https:\/\/yoast.com\/wordpress\/plugins\/seo\/ -->\n<title>Visita con cata de vinos y chocolate - Nadal - Desde 1943<\/title>\n<meta name=\"description\" content=\"Descubre el maridaje perfecto de cava y chocolate en Caves Nadal. Disfruta de una experiencia \u00fanica que combina burbujas con chocolate artesanal.\" \/>\n<meta name=\"robots\" content=\"index, follow, max-snippet:-1, max-image-preview:large, max-video-preview:-1\" \/>\n<link rel=\"canonical\" href=\"https:\/\/nadal.com\/es\/els-nostres-vins\/experiencias\/visita-con-cata-de-vinos-y-chocolate\/\" \/>\n<meta property=\"og:locale\" content=\"es_ES\" \/>\n<meta property=\"og:type\" content=\"article\" \/>\n<meta property=\"og:title\" content=\"Visita con cata de vinos y chocolate - Nadal - Desde 1943\" \/>\n<meta property=\"og:description\" content=\"Descubre el maridaje perfecto de cava y chocolate en Caves Nadal. Disfruta de una experiencia \u00fanica que combina burbujas con chocolate artesanal.\" \/>\n<meta property=\"og:url\" content=\"https:\/\/nadal.com\/es\/els-nostres-vins\/experiencias\/visita-con-cata-de-vinos-y-chocolate\/\" \/>\n<meta property=\"og:site_name\" content=\"Nadal\" \/>\n<meta property=\"article:modified_time\" content=\"2026-01-19T16:48:37+00:00\" \/>\n<meta property=\"og:image\" content=\"https:\/\/nadal.com\/wp-content\/uploads\/2023\/09\/LEC_1001-Editar-1001x1001-1.jpg\" \/>\n\t<meta property=\"og:image:width\" content=\"1001\" \/>\n\t<meta property=\"og:image:height\" content=\"1001\" \/>\n\t<meta property=\"og:image:type\" content=\"image\/jpeg\" \/>\n<meta name=\"twitter:card\" content=\"summary_large_image\" \/>\n<meta name=\"twitter:label1\" content=\"Tiempo de lectura\" \/>\n\t<meta name=\"twitter:data1\" content=\"2 minutos\" \/>\n<script type=\"application\/ld+json\" class=\"yoast-schema-graph\">{\"@context\":\"https:\/\/schema.org\",\"@graph\":[{\"@type\":\"WebPage\",\"@id\":\"https:\/\/nadal.com\/es\/els-nostres-vins\/experiencias\/visita-con-cata-de-vinos-y-chocolate\/\",\"url\":\"https:\/\/nadal.com\/es\/els-nostres-vins\/experiencias\/visita-con-cata-de-vinos-y-chocolate\/\",\"name\":\"Visita con cata de vinos y chocolate - Nadal - Desde 1943\",\"isPartOf\":{\"@id\":\"https:\/\/nadal.com\/es\/#website\"},\"primaryImageOfPage\":{\"@id\":\"https:\/\/nadal.com\/es\/els-nostres-vins\/experiencias\/visita-con-cata-de-vinos-y-chocolate\/#primaryimage\"},\"image\":{\"@id\":\"https:\/\/nadal.com\/es\/els-nostres-vins\/experiencias\/visita-con-cata-de-vinos-y-chocolate\/#primaryimage\"},\"thumbnailUrl\":\"https:\/\/nadal.com\/wp-content\/uploads\/2023\/09\/LEC_1001-Editar-1001x1001-1.jpg\",\"datePublished\":\"2019-09-10T10:20:37+00:00\",\"dateModified\":\"2026-01-19T16:48:37+00:00\",\"description\":\"Descubre el maridaje perfecto de cava y chocolate en Caves Nadal. Disfruta de una experiencia \u00fanica que combina burbujas con chocolate artesanal.\",\"breadcrumb\":{\"@id\":\"https:\/\/nadal.com\/es\/els-nostres-vins\/experiencias\/visita-con-cata-de-vinos-y-chocolate\/#breadcrumb\"},\"inLanguage\":\"es\",\"potentialAction\":[{\"@type\":\"ReadAction\",\"target\":[\"https:\/\/nadal.com\/es\/els-nostres-vins\/experiencias\/visita-con-cata-de-vinos-y-chocolate\/\"]}]},{\"@type\":\"ImageObject\",\"inLanguage\":\"es\",\"@id\":\"https:\/\/nadal.com\/es\/els-nostres-vins\/experiencias\/visita-con-cata-de-vinos-y-chocolate\/#primaryimage\",\"url\":\"https:\/\/nadal.com\/wp-content\/uploads\/2023\/09\/LEC_1001-Editar-1001x1001-1.jpg\",\"contentUrl\":\"https:\/\/nadal.com\/wp-content\/uploads\/2023\/09\/LEC_1001-Editar-1001x1001-1.jpg\",\"width\":1001,\"height\":1001,\"caption\":\"Bombolles i xocolata\"},{\"@type\":\"BreadcrumbList\",\"@id\":\"https:\/\/nadal.com\/es\/els-nostres-vins\/experiencias\/visita-con-cata-de-vinos-y-chocolate\/#breadcrumb\",\"itemListElement\":[{\"@type\":\"ListItem\",\"position\":1,\"name\":\"Inici\",\"item\":\"https:\/\/nadal.com\/es\/\"},{\"@type\":\"ListItem\",\"position\":2,\"name\":\"Nuestros vinos\",\"item\":\"https:\/\/nadal.com\/es\/nuestros-vinos\/\"},{\"@type\":\"ListItem\",\"position\":3,\"name\":\"Visita con cata de vinos y chocolate\"}]},{\"@type\":\"WebSite\",\"@id\":\"https:\/\/nadal.com\/es\/#website\",\"url\":\"https:\/\/nadal.com\/es\/\",\"name\":\"Nadal\",\"description\":\"Desde 1943\",\"potentialAction\":[{\"@type\":\"SearchAction\",\"target\":{\"@type\":\"EntryPoint\",\"urlTemplate\":\"https:\/\/nadal.com\/es\/?s={search_term_string}\"},\"query-input\":{\"@type\":\"PropertyValueSpecification\",\"valueRequired\":true,\"valueName\":\"search_term_string\"}}],\"inLanguage\":\"es\"}]}<\/script>\n<!-- \/ Yoast SEO plugin. -->","yoast_head_json":{"title":"Visita con cata de vinos y chocolate - Nadal - Desde 1943","description":"Descubre el maridaje perfecto de cava y chocolate en Caves Nadal. Disfruta de una experiencia \u00fanica que combina burbujas con chocolate artesanal.","robots":{"index":"index","follow":"follow","max-snippet":"max-snippet:-1","max-image-preview":"max-image-preview:large","max-video-preview":"max-video-preview:-1"},"canonical":"https:\/\/nadal.com\/es\/els-nostres-vins\/experiencias\/visita-con-cata-de-vinos-y-chocolate\/","og_locale":"es_ES","og_type":"article","og_title":"Visita con cata de vinos y chocolate - Nadal - Desde 1943","og_description":"Descubre el maridaje perfecto de cava y chocolate en Caves Nadal. Disfruta de una experiencia \u00fanica que combina burbujas con chocolate artesanal.","og_url":"https:\/\/nadal.com\/es\/els-nostres-vins\/experiencias\/visita-con-cata-de-vinos-y-chocolate\/","og_site_name":"Nadal","article_modified_time":"2026-01-19T16:48:37+00:00","og_image":[{"width":1001,"height":1001,"url":"https:\/\/nadal.com\/wp-content\/uploads\/2023\/09\/LEC_1001-Editar-1001x1001-1.jpg","type":"image\/jpeg"}],"twitter_card":"summary_large_image","twitter_misc":{"Tiempo de lectura":"2 minutos"},"schema":{"@context":"https:\/\/schema.org","@graph":[{"@type":"WebPage","@id":"https:\/\/nadal.com\/es\/els-nostres-vins\/experiencias\/visita-con-cata-de-vinos-y-chocolate\/","url":"https:\/\/nadal.com\/es\/els-nostres-vins\/experiencias\/visita-con-cata-de-vinos-y-chocolate\/","name":"Visita con cata de vinos y chocolate - Nadal - Desde 1943","isPartOf":{"@id":"https:\/\/nadal.com\/es\/#website"},"primaryImageOfPage":{"@id":"https:\/\/nadal.com\/es\/els-nostres-vins\/experiencias\/visita-con-cata-de-vinos-y-chocolate\/#primaryimage"},"image":{"@id":"https:\/\/nadal.com\/es\/els-nostres-vins\/experiencias\/visita-con-cata-de-vinos-y-chocolate\/#primaryimage"},"thumbnailUrl":"https:\/\/nadal.com\/wp-content\/uploads\/2023\/09\/LEC_1001-Editar-1001x1001-1.jpg","datePublished":"2019-09-10T10:20:37+00:00","dateModified":"2026-01-19T16:48:37+00:00","description":"Descubre el maridaje perfecto de cava y chocolate en Caves Nadal. Disfruta de una experiencia \u00fanica que combina burbujas con chocolate artesanal.","breadcrumb":{"@id":"https:\/\/nadal.com\/es\/els-nostres-vins\/experiencias\/visita-con-cata-de-vinos-y-chocolate\/#breadcrumb"},"inLanguage":"es","potentialAction":[{"@type":"ReadAction","target":["https:\/\/nadal.com\/es\/els-nostres-vins\/experiencias\/visita-con-cata-de-vinos-y-chocolate\/"]}]},{"@type":"ImageObject","inLanguage":"es","@id":"https:\/\/nadal.com\/es\/els-nostres-vins\/experiencias\/visita-con-cata-de-vinos-y-chocolate\/#primaryimage","url":"https:\/\/nadal.com\/wp-content\/uploads\/2023\/09\/LEC_1001-Editar-1001x1001-1.jpg","contentUrl":"https:\/\/nadal.com\/wp-content\/uploads\/2023\/09\/LEC_1001-Editar-1001x1001-1.jpg","width":1001,"height":1001,"caption":"Bombolles i xocolata"},{"@type":"BreadcrumbList","@id":"https:\/\/nadal.com\/es\/els-nostres-vins\/experiencias\/visita-con-cata-de-vinos-y-chocolate\/#breadcrumb","itemListElement":[{"@type":"ListItem","position":1,"name":"Inici","item":"https:\/\/nadal.com\/es\/"},{"@type":"ListItem","position":2,"name":"Nuestros vinos","item":"https:\/\/nadal.com\/es\/nuestros-vinos\/"},{"@type":"ListItem","position":3,"name":"Visita con cata de vinos y chocolate"}]},{"@type":"WebSite","@id":"https:\/\/nadal.com\/es\/#website","url":"https:\/\/nadal.com\/es\/","name":"Nadal","description":"Desde 1943","potentialAction":[{"@type":"SearchAction","target":{"@type":"EntryPoint","urlTemplate":"https:\/\/nadal.com\/es\/?s={search_term_string}"},"query-input":{"@type":"PropertyValueSpecification","valueRequired":true,"valueName":"search_term_string"}}],"inLanguage":"es"}]}},"_links":{"self":[{"href":"https:\/\/nadal.com\/es\/wp-json\/wp\/v2\/product\/2660","targetHints":{"allow":["GET"]}}],"collection":[{"href":"https:\/\/nadal.com\/es\/wp-json\/wp\/v2\/product"}],"about":[{"href":"https:\/\/nadal.com\/es\/wp-json\/wp\/v2\/types\/product"}],"wp:featuredmedia":[{"embeddable":true,"href":"https:\/\/nadal.com\/es\/wp-json\/wp\/v2\/media\/23307"}],"wp:attachment":[{"href":"https:\/\/nadal.com\/es\/wp-json\/wp\/v2\/media?parent=2660"}],"wp:term":[{"taxonomy":"product_brand","embeddable":true,"href":"https:\/\/nadal.com\/es\/wp-json\/wp\/v2\/product_brand?post=2660"},{"taxonomy":"product_cat","embeddable":true,"href":"https:\/\/nadal.com\/es\/wp-json\/wp\/v2\/product_cat?post=2660"},{"taxonomy":"product_tag","embeddable":true,"href":"https:\/\/nadal.com\/es\/wp-json\/wp\/v2\/product_tag?post=2660"}],"curies":[{"name":"wp","href":"https:\/\/api.w.org\/{rel}","templated":true}]}}