{"id":2657,"date":"2021-04-26T12:09:12","date_gmt":"2021-04-26T10:09:12","guid":{"rendered":"http:\/\/mjsffbz.cluster028.hosting.ovh.net\/producte\/burbujas-ibericos\/"},"modified":"2026-01-19T17:01:11","modified_gmt":"2026-01-19T16:01:11","slug":"visita-con-cata-de-vinos-y-ibericos","status":"publish","type":"product","link":"https:\/\/nadal.com\/es\/els-nostres-vins\/experiencias\/visita-con-cata-de-vinos-y-ibericos\/","title":{"rendered":"Visita con cata de vinos y ib\u00e9ricos"},"content":{"rendered":"<p>[vc_row][vc_column][vc_separator][vc_tta_tabs active_section=\u00bb1&#8243;][vc_tta_section title=\u00bbDescripci\u00f3n\u00bb tab_id=\u00bbdescripcio\u00bb][vc_column_text]<\/p>\n<h4><strong>La visita<\/strong><\/h4>\n<p>Un recorrido por la historia de la finca Nadal de la Boadella y de sus vinos. Nos adentraremos en las principales etapas de elaboraci\u00f3n de nuestros espumosos corpinnats y de los vinos blancos nobles. Realizaremos una visita a los vi\u00f1edos, la bodega y la cava\u00a0fundacional, a casi 20 metros de profundidad. Y, c\u00f3mo no, lo acabaremos con una cata en un entorno privilegiado.<\/p>\n<h4><strong>El maridaje<\/strong><\/h4>\n<p>En el jard\u00edn de la casa solariega, un peque\u00f1o oasis verde rodeado de vi\u00f1as, disfrutaremos de una cata muy especial:<\/p>\n<ul>\n<li><strong>RNG Brut 2018<\/strong>\u00a0&amp; Bull de foie.<\/li>\n<li><strong>Salvatge Brut 2021<\/strong>\u00a0&amp; Llom ib\u00e8ric de gla.<\/li>\n<li><strong>Nadal Brut Nature 2017<\/strong>\u00a0&amp; Espatlla ib\u00e8rica.<\/li>\n<li><strong>Nadal 1510 Botrytis Noble 2003<\/strong>\u00a0&amp; Xori\u00e7 ib\u00e8ric Joselito.<\/li>\n<\/ul>\n<p>[\/vc_column_text][\/vc_tta_section][vc_tta_section title=\u00bbC\u00f3mo llegar\u00bb tab_id=\u00bbcom-arribar\u00bb][vc_widget_sidebar sidebar_id=\u00bbcom-arribar\u00bb][\/vc_tta_section][vc_tta_section title=\u00bb\u00c1rea Autocaravanas\u00bb tab_id=\u00bbarea-autocaravanes\u00bb][vc_row_inner][vc_column_inner width=\u00bb1\/2&#8243;][vc_widget_sidebar sidebar_id=\u00bbautocaravanes-text\u00bb][\/vc_column_inner][vc_column_inner width=\u00bb1\/2&#8243;][vc_widget_sidebar sidebar_id=\u00bbautocaravanes-imatge\u00bb][\/vc_column_inner][\/vc_row_inner][\/vc_tta_section][\/vc_tta_tabs][\/vc_column][\/vc_row]<\/p>\n","protected":false},"excerpt":{"rendered":"<p>Los ib\u00e9ricos son uno de los productos m\u00e1s distintivos de nuestra tierra. Cal Miquel\u00f3 es una charcuter\u00eda familiar que trabaja con la elaboraci\u00f3n artesanal de estos productos desde 1896. La combinaci\u00f3n de la textura y sabores de los ib\u00e9ricos con las burbujas de nuestros espumosos crean un maridaje de un nivel dif\u00edcil de igualar.<\/p>\n<p><strong>Duraci\u00f3n:<\/strong> 2h.<br \/>\n<strong>Incluye:<\/strong> Recorrido por los vi\u00f1edos, visita a la bodega, cava fundacional y\u00a0<strong>cata con maridaje:<\/strong><\/p>\n<ul>\n<li><strong>RNG Brut 2018<\/strong>\u00a0&amp; Bull de foie.<\/li>\n<li><strong>Salvatge Brut 2021<\/strong>\u00a0&amp; Llom ib\u00e8ric de gla.<\/li>\n<li><strong>Nadal Brut Nature 2017<\/strong>\u00a0&amp; Espatlla ib\u00e8rica.<\/li>\n<li><strong>Nadal 1510 Botrytis Noble 2003<\/strong>\u00a0&amp; Xori\u00e7 ib\u00e8ric Joselito.<\/li>\n<\/ul>\n<p><strong>Grupos:<\/strong> M\u00ednimo 2 pax \u2013 m\u00e0ximo 30 pax<br \/>\n<strong>Lugar:<\/strong> [acf field=\"lloc\"]<\/p>\n","protected":false},"featured_media":27327,"template":"","meta":{"_acf_changed":false},"product_brand":[],"product_cat":[69],"product_tag":[],"class_list":{"0":"post-2657","1":"product","2":"type-product","3":"status-publish","4":"has-post-thumbnail","6":"product_cat-experiencias","7":"product_shipping_class-gratuito","9":"first","10":"instock","11":"taxable","12":"shipping-taxable","13":"purchasable","14":"product-type-simple"},"group_of_quantity":0,"min_quantity":2,"max_quantity":30,"exclude_order_quantity_value_rules":"yes","exclude_category_quantity_rules":"no","combine_variations":"no","acf":[],"yoast_head":"<!-- This site is optimized with the Yoast SEO plugin v26.6 - https:\/\/yoast.com\/wordpress\/plugins\/seo\/ -->\n<title>Visita con cata de vinos y ib\u00e9ricos - Nadal - Desde 1943<\/title>\n<meta name=\"description\" content=\"Descubre Burbujas e Ib\u00e9ricos en las Cavas Navidad. Disfruta de un maridaje excepcional de cava premium con una selecci\u00f3n de ib\u00e9ricos gourmet en un...\" \/>\n<meta name=\"robots\" content=\"index, follow, max-snippet:-1, max-image-preview:large, max-video-preview:-1\" \/>\n<link rel=\"canonical\" href=\"https:\/\/nadal.com\/es\/els-nostres-vins\/experiencias\/visita-con-cata-de-vinos-y-ibericos\/\" \/>\n<meta property=\"og:locale\" content=\"es_ES\" \/>\n<meta property=\"og:type\" content=\"article\" \/>\n<meta property=\"og:title\" content=\"Visita con cata de vinos y ib\u00e9ricos - Nadal - Desde 1943\" \/>\n<meta property=\"og:description\" content=\"Descubre Burbujas e Ib\u00e9ricos en las Cavas Navidad. Disfruta de un maridaje excepcional de cava premium con una selecci\u00f3n de ib\u00e9ricos gourmet en un...\" \/>\n<meta property=\"og:url\" content=\"https:\/\/nadal.com\/es\/els-nostres-vins\/experiencias\/visita-con-cata-de-vinos-y-ibericos\/\" \/>\n<meta property=\"og:site_name\" content=\"Nadal\" \/>\n<meta property=\"article:modified_time\" content=\"2026-01-19T16:01:11+00:00\" \/>\n<meta property=\"og:image\" content=\"https:\/\/nadal.com\/wp-content\/uploads\/2019\/09\/1C8729EC-01C6-4AE0-BBBC-BD897C460889.jpeg\" \/>\n\t<meta property=\"og:image:width\" content=\"1413\" \/>\n\t<meta property=\"og:image:height\" content=\"1413\" \/>\n\t<meta property=\"og:image:type\" content=\"image\/jpeg\" \/>\n<meta name=\"twitter:card\" content=\"summary_large_image\" \/>\n<meta name=\"twitter:label1\" content=\"Tiempo de lectura\" \/>\n\t<meta name=\"twitter:data1\" content=\"1 minuto\" \/>\n<script type=\"application\/ld+json\" class=\"yoast-schema-graph\">{\"@context\":\"https:\/\/schema.org\",\"@graph\":[{\"@type\":\"WebPage\",\"@id\":\"https:\/\/nadal.com\/es\/els-nostres-vins\/experiencias\/visita-con-cata-de-vinos-y-ibericos\/\",\"url\":\"https:\/\/nadal.com\/es\/els-nostres-vins\/experiencias\/visita-con-cata-de-vinos-y-ibericos\/\",\"name\":\"Visita con cata de vinos y ib\u00e9ricos - Nadal - Desde 1943\",\"isPartOf\":{\"@id\":\"https:\/\/nadal.com\/es\/#website\"},\"primaryImageOfPage\":{\"@id\":\"https:\/\/nadal.com\/es\/els-nostres-vins\/experiencias\/visita-con-cata-de-vinos-y-ibericos\/#primaryimage\"},\"image\":{\"@id\":\"https:\/\/nadal.com\/es\/els-nostres-vins\/experiencias\/visita-con-cata-de-vinos-y-ibericos\/#primaryimage\"},\"thumbnailUrl\":\"https:\/\/nadal.com\/wp-content\/uploads\/2019\/09\/1C8729EC-01C6-4AE0-BBBC-BD897C460889.jpeg\",\"datePublished\":\"2021-04-26T10:09:12+00:00\",\"dateModified\":\"2026-01-19T16:01:11+00:00\",\"description\":\"Descubre Burbujas e Ib\u00e9ricos en las Cavas Navidad. Disfruta de un maridaje excepcional de cava premium con una selecci\u00f3n de ib\u00e9ricos gourmet en un...\",\"breadcrumb\":{\"@id\":\"https:\/\/nadal.com\/es\/els-nostres-vins\/experiencias\/visita-con-cata-de-vinos-y-ibericos\/#breadcrumb\"},\"inLanguage\":\"es\",\"potentialAction\":[{\"@type\":\"ReadAction\",\"target\":[\"https:\/\/nadal.com\/es\/els-nostres-vins\/experiencias\/visita-con-cata-de-vinos-y-ibericos\/\"]}]},{\"@type\":\"ImageObject\",\"inLanguage\":\"es\",\"@id\":\"https:\/\/nadal.com\/es\/els-nostres-vins\/experiencias\/visita-con-cata-de-vinos-y-ibericos\/#primaryimage\",\"url\":\"https:\/\/nadal.com\/wp-content\/uploads\/2019\/09\/1C8729EC-01C6-4AE0-BBBC-BD897C460889.jpeg\",\"contentUrl\":\"https:\/\/nadal.com\/wp-content\/uploads\/2019\/09\/1C8729EC-01C6-4AE0-BBBC-BD897C460889.jpeg\",\"width\":1413,\"height\":1413},{\"@type\":\"BreadcrumbList\",\"@id\":\"https:\/\/nadal.com\/es\/els-nostres-vins\/experiencias\/visita-con-cata-de-vinos-y-ibericos\/#breadcrumb\",\"itemListElement\":[{\"@type\":\"ListItem\",\"position\":1,\"name\":\"Inici\",\"item\":\"https:\/\/nadal.com\/es\/\"},{\"@type\":\"ListItem\",\"position\":2,\"name\":\"Nuestros vinos\",\"item\":\"https:\/\/nadal.com\/es\/nuestros-vinos\/\"},{\"@type\":\"ListItem\",\"position\":3,\"name\":\"Visita con cata de vinos y ib\u00e9ricos\"}]},{\"@type\":\"WebSite\",\"@id\":\"https:\/\/nadal.com\/es\/#website\",\"url\":\"https:\/\/nadal.com\/es\/\",\"name\":\"Nadal\",\"description\":\"Desde 1943\",\"potentialAction\":[{\"@type\":\"SearchAction\",\"target\":{\"@type\":\"EntryPoint\",\"urlTemplate\":\"https:\/\/nadal.com\/es\/?s={search_term_string}\"},\"query-input\":{\"@type\":\"PropertyValueSpecification\",\"valueRequired\":true,\"valueName\":\"search_term_string\"}}],\"inLanguage\":\"es\"}]}<\/script>\n<!-- \/ Yoast SEO plugin. -->","yoast_head_json":{"title":"Visita con cata de vinos y ib\u00e9ricos - Nadal - Desde 1943","description":"Descubre Burbujas e Ib\u00e9ricos en las Cavas Navidad. Disfruta de un maridaje excepcional de cava premium con una selecci\u00f3n de ib\u00e9ricos gourmet en un...","robots":{"index":"index","follow":"follow","max-snippet":"max-snippet:-1","max-image-preview":"max-image-preview:large","max-video-preview":"max-video-preview:-1"},"canonical":"https:\/\/nadal.com\/es\/els-nostres-vins\/experiencias\/visita-con-cata-de-vinos-y-ibericos\/","og_locale":"es_ES","og_type":"article","og_title":"Visita con cata de vinos y ib\u00e9ricos - Nadal - Desde 1943","og_description":"Descubre Burbujas e Ib\u00e9ricos en las Cavas Navidad. Disfruta de un maridaje excepcional de cava premium con una selecci\u00f3n de ib\u00e9ricos gourmet en un...","og_url":"https:\/\/nadal.com\/es\/els-nostres-vins\/experiencias\/visita-con-cata-de-vinos-y-ibericos\/","og_site_name":"Nadal","article_modified_time":"2026-01-19T16:01:11+00:00","og_image":[{"width":1413,"height":1413,"url":"https:\/\/nadal.com\/wp-content\/uploads\/2019\/09\/1C8729EC-01C6-4AE0-BBBC-BD897C460889.jpeg","type":"image\/jpeg"}],"twitter_card":"summary_large_image","twitter_misc":{"Tiempo de lectura":"1 minuto"},"schema":{"@context":"https:\/\/schema.org","@graph":[{"@type":"WebPage","@id":"https:\/\/nadal.com\/es\/els-nostres-vins\/experiencias\/visita-con-cata-de-vinos-y-ibericos\/","url":"https:\/\/nadal.com\/es\/els-nostres-vins\/experiencias\/visita-con-cata-de-vinos-y-ibericos\/","name":"Visita con cata de vinos y ib\u00e9ricos - Nadal - Desde 1943","isPartOf":{"@id":"https:\/\/nadal.com\/es\/#website"},"primaryImageOfPage":{"@id":"https:\/\/nadal.com\/es\/els-nostres-vins\/experiencias\/visita-con-cata-de-vinos-y-ibericos\/#primaryimage"},"image":{"@id":"https:\/\/nadal.com\/es\/els-nostres-vins\/experiencias\/visita-con-cata-de-vinos-y-ibericos\/#primaryimage"},"thumbnailUrl":"https:\/\/nadal.com\/wp-content\/uploads\/2019\/09\/1C8729EC-01C6-4AE0-BBBC-BD897C460889.jpeg","datePublished":"2021-04-26T10:09:12+00:00","dateModified":"2026-01-19T16:01:11+00:00","description":"Descubre Burbujas e Ib\u00e9ricos en las Cavas Navidad. Disfruta de un maridaje excepcional de cava premium con una selecci\u00f3n de ib\u00e9ricos gourmet en un...","breadcrumb":{"@id":"https:\/\/nadal.com\/es\/els-nostres-vins\/experiencias\/visita-con-cata-de-vinos-y-ibericos\/#breadcrumb"},"inLanguage":"es","potentialAction":[{"@type":"ReadAction","target":["https:\/\/nadal.com\/es\/els-nostres-vins\/experiencias\/visita-con-cata-de-vinos-y-ibericos\/"]}]},{"@type":"ImageObject","inLanguage":"es","@id":"https:\/\/nadal.com\/es\/els-nostres-vins\/experiencias\/visita-con-cata-de-vinos-y-ibericos\/#primaryimage","url":"https:\/\/nadal.com\/wp-content\/uploads\/2019\/09\/1C8729EC-01C6-4AE0-BBBC-BD897C460889.jpeg","contentUrl":"https:\/\/nadal.com\/wp-content\/uploads\/2019\/09\/1C8729EC-01C6-4AE0-BBBC-BD897C460889.jpeg","width":1413,"height":1413},{"@type":"BreadcrumbList","@id":"https:\/\/nadal.com\/es\/els-nostres-vins\/experiencias\/visita-con-cata-de-vinos-y-ibericos\/#breadcrumb","itemListElement":[{"@type":"ListItem","position":1,"name":"Inici","item":"https:\/\/nadal.com\/es\/"},{"@type":"ListItem","position":2,"name":"Nuestros vinos","item":"https:\/\/nadal.com\/es\/nuestros-vinos\/"},{"@type":"ListItem","position":3,"name":"Visita con cata de vinos y ib\u00e9ricos"}]},{"@type":"WebSite","@id":"https:\/\/nadal.com\/es\/#website","url":"https:\/\/nadal.com\/es\/","name":"Nadal","description":"Desde 1943","potentialAction":[{"@type":"SearchAction","target":{"@type":"EntryPoint","urlTemplate":"https:\/\/nadal.com\/es\/?s={search_term_string}"},"query-input":{"@type":"PropertyValueSpecification","valueRequired":true,"valueName":"search_term_string"}}],"inLanguage":"es"}]}},"_links":{"self":[{"href":"https:\/\/nadal.com\/es\/wp-json\/wp\/v2\/product\/2657","targetHints":{"allow":["GET"]}}],"collection":[{"href":"https:\/\/nadal.com\/es\/wp-json\/wp\/v2\/product"}],"about":[{"href":"https:\/\/nadal.com\/es\/wp-json\/wp\/v2\/types\/product"}],"wp:featuredmedia":[{"embeddable":true,"href":"https:\/\/nadal.com\/es\/wp-json\/wp\/v2\/media\/27327"}],"wp:attachment":[{"href":"https:\/\/nadal.com\/es\/wp-json\/wp\/v2\/media?parent=2657"}],"wp:term":[{"taxonomy":"product_brand","embeddable":true,"href":"https:\/\/nadal.com\/es\/wp-json\/wp\/v2\/product_brand?post=2657"},{"taxonomy":"product_cat","embeddable":true,"href":"https:\/\/nadal.com\/es\/wp-json\/wp\/v2\/product_cat?post=2657"},{"taxonomy":"product_tag","embeddable":true,"href":"https:\/\/nadal.com\/es\/wp-json\/wp\/v2\/product_tag?post=2657"}],"curies":[{"name":"wp","href":"https:\/\/api.w.org\/{rel}","templated":true}]}}