{"id":26506,"date":"2025-04-29T10:06:54","date_gmt":"2025-04-29T08:06:54","guid":{"rendered":"https:\/\/nadal.com\/?post_type=product&#038;p=26506"},"modified":"2025-07-08T13:49:33","modified_gmt":"2025-07-08T11:49:33","slug":"nadal-x-coleccion-2022","status":"publish","type":"product","link":"https:\/\/nadal.com\/es\/els-nostres-vins\/vinos-blancos\/nadal-x-coleccion\/nadal-x-coleccion-2022\/","title":{"rendered":"Nadal X Colecci\u00f3n 2022"},"content":{"rendered":"<p>[vc_row][vc_column][vc_column_text]<\/p>\n<h3 style=\"text-align: center;\">\u00abVino untuoso, pleno, con sugerentes notas herb\u00e1ceas, fruto de un a\u00f1o seco y un verano especialmente caluroso\u00bb<\/h3>\n<p style=\"text-align: center;\">El acompa\u00f1ante ideal de un buen queso.<\/p>\n<p>[\/vc_column_text][vc_separator][\/vc_column][\/vc_row][vc_row][vc_column width=\u00bb1\/2&#8243;][vc_single_image image=\u00bb27084&#8243; img_size=\u00bbfull\u00bb][\/vc_column][vc_column width=\u00bb1\/2&#8243;][vc_column_text]<\/p>\n<h4>Cata<\/h4>\n<p class=\"\" data-start=\"116\" data-end=\"270\">Color amarillo p\u00e1lido. En nariz, notas de fruta blanca con matices vegetales. En boca, fresco, sabroso y persistente, con recuerdos de fruta de hueso.<\/p>\n<p>[\/vc_column_text][vc_column_text]<\/p>\n<h4>Temperatura de servicio<\/h4>\n<p>8-10 \u00baC.[\/vc_column_text][vc_column_text]<\/p>\n<h4>Momento \u00f3ptimo de consumo<\/h4>\n<p>El vino mejorar\u00e1 en botella, como m\u00ednimo los 10 a\u00f1os posteriores a la cosecha.[\/vc_column_text][vc_column_text]<\/p>\n<h4>Condiciones de almacenaje<\/h4>\n<p>Se recomienda conservar el vino en el interior de la caja en posici\u00f3n vertical, resguardado de la luz, la humedad y los cambios s\u00fabitos de temperatura.<\/p>\n<p>Temperatura ideal de conservaci\u00f3n: Inferior a 20\u00baC.[\/vc_column_text][vc_column_text el_class=\u00bbfitxa-message\u00bb]<\/p>\n<h5><i class=\"fa fa-file-text-o\" aria-hidden=\"true\"><\/i> <a href=\"https:\/\/nadal.com\/wp-content\/uploads\/2025\/05\/Nadal-X-Coleccion-2022.pdf\" target=\"&quot;_blank&quot;&quot;\" rel=\"noopener noreferrer\">Ficha t\u00e9cnica<\/a><\/h5>\n<p>[\/vc_column_text][\/vc_column][\/vc_row]<\/p>\n","protected":false},"excerpt":{"rendered":"<p>Cosecha de xarel\u00b7lo del martes 6 de septiembre de 2022. Un oto\u00f1o muy seco y caluroso, seguido de un invierno en la misma l\u00ednea. La primavera empieza fresca, favoreciendo una buena brotaci\u00f3n de la vid. Una ola de calor entre el 12 y el 18 de junio marca el inicio de un verano m\u00e1s seco de lo habitual, permitiendo una maduraci\u00f3n completa de la variedad xarel\u00b7lo.<\/p>\n<p><strong>D.O. Pened\u00e8s &#8211; Costers de Lavern\u00f3 <\/strong><br \/>\n<strong>Variedades de uvas:<\/strong> 100% Xarel\u00b7lo ecol\u00f3gico &#8211; Cosecha propia<br \/>\n<strong>Vendimia:<\/strong> 2022<br \/>\n<strong>N\u00ba botellas:<\/strong> 4.996<\/p>\n","protected":false},"featured_media":27529,"template":"","meta":{"_acf_changed":false},"product_brand":[],"product_cat":[119,64],"product_tag":[],"class_list":{"0":"post-26506","1":"product","2":"type-product","3":"status-publish","4":"has-post-thumbnail","6":"product_cat-nadal-x-coleccion","7":"product_cat-vinos-blancos","9":"first","10":"instock","11":"taxable","12":"shipping-taxable","13":"product-type-simple"},"group_of_quantity":0,"min_quantity":0,"max_quantity":"","exclude_order_quantity_value_rules":"no","exclude_category_quantity_rules":"no","combine_variations":"no","acf":[],"yoast_head":"<!-- This site is optimized with the Yoast SEO plugin v26.6 - https:\/\/yoast.com\/wordpress\/plugins\/seo\/ -->\n<title>Nadal X Colecci\u00f3n 2022 - Caves Nadal - Desde 1943<\/title>\n<meta name=\"description\" content=\"Prueba este vino voluminoso y con acentuado car\u00e1cter varietal, propiciado por un ligero d\u00e9ficit de lluvia en el tramo final de la maduraci\u00f3n de la uva.\" \/>\n<meta name=\"robots\" content=\"index, follow, max-snippet:-1, max-image-preview:large, max-video-preview:-1\" \/>\n<link rel=\"canonical\" href=\"https:\/\/nadal.com\/es\/els-nostres-vins\/vinos-blancos\/nadal-x-coleccion\/nadal-x-coleccion-2022\/\" \/>\n<meta property=\"og:locale\" content=\"es_ES\" \/>\n<meta property=\"og:type\" content=\"article\" \/>\n<meta property=\"og:title\" content=\"Nadal X Colecci\u00f3n 2022 - Caves Nadal - Desde 1943\" \/>\n<meta property=\"og:description\" content=\"Prueba este vino voluminoso y con acentuado car\u00e1cter varietal, propiciado por un ligero d\u00e9ficit de lluvia en el tramo final de la maduraci\u00f3n de la uva.\" \/>\n<meta property=\"og:url\" content=\"https:\/\/nadal.com\/es\/els-nostres-vins\/vinos-blancos\/nadal-x-coleccion\/nadal-x-coleccion-2022\/\" \/>\n<meta property=\"og:site_name\" content=\"Nadal\" \/>\n<meta property=\"article:modified_time\" content=\"2025-07-08T11:49:33+00:00\" \/>\n<meta property=\"og:image\" content=\"https:\/\/nadal.com\/wp-content\/uploads\/2018\/09\/xarelo_coleccio_2022_nov2025.jpg\" \/>\n\t<meta property=\"og:image:width\" content=\"1400\" \/>\n\t<meta property=\"og:image:height\" content=\"1400\" \/>\n\t<meta property=\"og:image:type\" content=\"image\/jpeg\" \/>\n<meta name=\"twitter:card\" content=\"summary_large_image\" \/>\n<meta name=\"twitter:label1\" content=\"Tiempo de lectura\" \/>\n\t<meta name=\"twitter:data1\" content=\"2 minutos\" \/>\n<script type=\"application\/ld+json\" class=\"yoast-schema-graph\">{\"@context\":\"https:\/\/schema.org\",\"@graph\":[{\"@type\":\"WebPage\",\"@id\":\"https:\/\/nadal.com\/es\/els-nostres-vins\/vinos-blancos\/nadal-x-coleccion\/nadal-x-coleccion-2022\/\",\"url\":\"https:\/\/nadal.com\/es\/els-nostres-vins\/vinos-blancos\/nadal-x-coleccion\/nadal-x-coleccion-2022\/\",\"name\":\"Nadal X Colecci\u00f3n 2022 - Caves Nadal - Desde 1943\",\"isPartOf\":{\"@id\":\"https:\/\/nadal.com\/es\/#website\"},\"primaryImageOfPage\":{\"@id\":\"https:\/\/nadal.com\/es\/els-nostres-vins\/vinos-blancos\/nadal-x-coleccion\/nadal-x-coleccion-2022\/#primaryimage\"},\"image\":{\"@id\":\"https:\/\/nadal.com\/es\/els-nostres-vins\/vinos-blancos\/nadal-x-coleccion\/nadal-x-coleccion-2022\/#primaryimage\"},\"thumbnailUrl\":\"https:\/\/nadal.com\/wp-content\/uploads\/2018\/09\/xarelo_coleccio_2022_nov2025.jpg\",\"datePublished\":\"2025-04-29T08:06:54+00:00\",\"dateModified\":\"2025-07-08T11:49:33+00:00\",\"description\":\"Prueba este vino voluminoso y con acentuado car\u00e1cter varietal, propiciado por un ligero d\u00e9ficit de lluvia en el tramo final de la maduraci\u00f3n de la uva.\",\"breadcrumb\":{\"@id\":\"https:\/\/nadal.com\/es\/els-nostres-vins\/vinos-blancos\/nadal-x-coleccion\/nadal-x-coleccion-2022\/#breadcrumb\"},\"inLanguage\":\"es\",\"potentialAction\":[{\"@type\":\"ReadAction\",\"target\":[\"https:\/\/nadal.com\/es\/els-nostres-vins\/vinos-blancos\/nadal-x-coleccion\/nadal-x-coleccion-2022\/\"]}]},{\"@type\":\"ImageObject\",\"inLanguage\":\"es\",\"@id\":\"https:\/\/nadal.com\/es\/els-nostres-vins\/vinos-blancos\/nadal-x-coleccion\/nadal-x-coleccion-2022\/#primaryimage\",\"url\":\"https:\/\/nadal.com\/wp-content\/uploads\/2018\/09\/xarelo_coleccio_2022_nov2025.jpg\",\"contentUrl\":\"https:\/\/nadal.com\/wp-content\/uploads\/2018\/09\/xarelo_coleccio_2022_nov2025.jpg\",\"width\":1400,\"height\":1400},{\"@type\":\"BreadcrumbList\",\"@id\":\"https:\/\/nadal.com\/es\/els-nostres-vins\/vinos-blancos\/nadal-x-coleccion\/nadal-x-coleccion-2022\/#breadcrumb\",\"itemListElement\":[{\"@type\":\"ListItem\",\"position\":1,\"name\":\"Inici\",\"item\":\"https:\/\/nadal.com\/es\/\"},{\"@type\":\"ListItem\",\"position\":2,\"name\":\"Nuestros vinos\",\"item\":\"https:\/\/nadal.com\/es\/nuestros-vinos\/\"},{\"@type\":\"ListItem\",\"position\":3,\"name\":\"Nadal X Colecci\u00f3n 2022\"}]},{\"@type\":\"WebSite\",\"@id\":\"https:\/\/nadal.com\/es\/#website\",\"url\":\"https:\/\/nadal.com\/es\/\",\"name\":\"Nadal\",\"description\":\"Desde 1943\",\"potentialAction\":[{\"@type\":\"SearchAction\",\"target\":{\"@type\":\"EntryPoint\",\"urlTemplate\":\"https:\/\/nadal.com\/es\/?s={search_term_string}\"},\"query-input\":{\"@type\":\"PropertyValueSpecification\",\"valueRequired\":true,\"valueName\":\"search_term_string\"}}],\"inLanguage\":\"es\"}]}<\/script>\n<!-- \/ Yoast SEO plugin. -->","yoast_head_json":{"title":"Nadal X Colecci\u00f3n 2022 - Caves Nadal - Desde 1943","description":"Prueba este vino voluminoso y con acentuado car\u00e1cter varietal, propiciado por un ligero d\u00e9ficit de lluvia en el tramo final de la maduraci\u00f3n de la uva.","robots":{"index":"index","follow":"follow","max-snippet":"max-snippet:-1","max-image-preview":"max-image-preview:large","max-video-preview":"max-video-preview:-1"},"canonical":"https:\/\/nadal.com\/es\/els-nostres-vins\/vinos-blancos\/nadal-x-coleccion\/nadal-x-coleccion-2022\/","og_locale":"es_ES","og_type":"article","og_title":"Nadal X Colecci\u00f3n 2022 - Caves Nadal - Desde 1943","og_description":"Prueba este vino voluminoso y con acentuado car\u00e1cter varietal, propiciado por un ligero d\u00e9ficit de lluvia en el tramo final de la maduraci\u00f3n de la uva.","og_url":"https:\/\/nadal.com\/es\/els-nostres-vins\/vinos-blancos\/nadal-x-coleccion\/nadal-x-coleccion-2022\/","og_site_name":"Nadal","article_modified_time":"2025-07-08T11:49:33+00:00","og_image":[{"width":1400,"height":1400,"url":"https:\/\/nadal.com\/wp-content\/uploads\/2018\/09\/xarelo_coleccio_2022_nov2025.jpg","type":"image\/jpeg"}],"twitter_card":"summary_large_image","twitter_misc":{"Tiempo de lectura":"2 minutos"},"schema":{"@context":"https:\/\/schema.org","@graph":[{"@type":"WebPage","@id":"https:\/\/nadal.com\/es\/els-nostres-vins\/vinos-blancos\/nadal-x-coleccion\/nadal-x-coleccion-2022\/","url":"https:\/\/nadal.com\/es\/els-nostres-vins\/vinos-blancos\/nadal-x-coleccion\/nadal-x-coleccion-2022\/","name":"Nadal X Colecci\u00f3n 2022 - Caves Nadal - Desde 1943","isPartOf":{"@id":"https:\/\/nadal.com\/es\/#website"},"primaryImageOfPage":{"@id":"https:\/\/nadal.com\/es\/els-nostres-vins\/vinos-blancos\/nadal-x-coleccion\/nadal-x-coleccion-2022\/#primaryimage"},"image":{"@id":"https:\/\/nadal.com\/es\/els-nostres-vins\/vinos-blancos\/nadal-x-coleccion\/nadal-x-coleccion-2022\/#primaryimage"},"thumbnailUrl":"https:\/\/nadal.com\/wp-content\/uploads\/2018\/09\/xarelo_coleccio_2022_nov2025.jpg","datePublished":"2025-04-29T08:06:54+00:00","dateModified":"2025-07-08T11:49:33+00:00","description":"Prueba este vino voluminoso y con acentuado car\u00e1cter varietal, propiciado por un ligero d\u00e9ficit de lluvia en el tramo final de la maduraci\u00f3n de la uva.","breadcrumb":{"@id":"https:\/\/nadal.com\/es\/els-nostres-vins\/vinos-blancos\/nadal-x-coleccion\/nadal-x-coleccion-2022\/#breadcrumb"},"inLanguage":"es","potentialAction":[{"@type":"ReadAction","target":["https:\/\/nadal.com\/es\/els-nostres-vins\/vinos-blancos\/nadal-x-coleccion\/nadal-x-coleccion-2022\/"]}]},{"@type":"ImageObject","inLanguage":"es","@id":"https:\/\/nadal.com\/es\/els-nostres-vins\/vinos-blancos\/nadal-x-coleccion\/nadal-x-coleccion-2022\/#primaryimage","url":"https:\/\/nadal.com\/wp-content\/uploads\/2018\/09\/xarelo_coleccio_2022_nov2025.jpg","contentUrl":"https:\/\/nadal.com\/wp-content\/uploads\/2018\/09\/xarelo_coleccio_2022_nov2025.jpg","width":1400,"height":1400},{"@type":"BreadcrumbList","@id":"https:\/\/nadal.com\/es\/els-nostres-vins\/vinos-blancos\/nadal-x-coleccion\/nadal-x-coleccion-2022\/#breadcrumb","itemListElement":[{"@type":"ListItem","position":1,"name":"Inici","item":"https:\/\/nadal.com\/es\/"},{"@type":"ListItem","position":2,"name":"Nuestros vinos","item":"https:\/\/nadal.com\/es\/nuestros-vinos\/"},{"@type":"ListItem","position":3,"name":"Nadal X Colecci\u00f3n 2022"}]},{"@type":"WebSite","@id":"https:\/\/nadal.com\/es\/#website","url":"https:\/\/nadal.com\/es\/","name":"Nadal","description":"Desde 1943","potentialAction":[{"@type":"SearchAction","target":{"@type":"EntryPoint","urlTemplate":"https:\/\/nadal.com\/es\/?s={search_term_string}"},"query-input":{"@type":"PropertyValueSpecification","valueRequired":true,"valueName":"search_term_string"}}],"inLanguage":"es"}]}},"_links":{"self":[{"href":"https:\/\/nadal.com\/es\/wp-json\/wp\/v2\/product\/26506","targetHints":{"allow":["GET"]}}],"collection":[{"href":"https:\/\/nadal.com\/es\/wp-json\/wp\/v2\/product"}],"about":[{"href":"https:\/\/nadal.com\/es\/wp-json\/wp\/v2\/types\/product"}],"wp:featuredmedia":[{"embeddable":true,"href":"https:\/\/nadal.com\/es\/wp-json\/wp\/v2\/media\/27529"}],"wp:attachment":[{"href":"https:\/\/nadal.com\/es\/wp-json\/wp\/v2\/media?parent=26506"}],"wp:term":[{"taxonomy":"product_brand","embeddable":true,"href":"https:\/\/nadal.com\/es\/wp-json\/wp\/v2\/product_brand?post=26506"},{"taxonomy":"product_cat","embeddable":true,"href":"https:\/\/nadal.com\/es\/wp-json\/wp\/v2\/product_cat?post=26506"},{"taxonomy":"product_tag","embeddable":true,"href":"https:\/\/nadal.com\/es\/wp-json\/wp\/v2\/product_tag?post=26506"}],"curies":[{"name":"wp","href":"https:\/\/api.w.org\/{rel}","templated":true}]}}