{"id":26013,"date":"2026-01-29T12:43:35","date_gmt":"2026-01-29T11:43:35","guid":{"rendered":"https:\/\/nadal.com\/?post_type=product&#038;p=26013"},"modified":"2026-03-20T13:25:08","modified_gmt":"2026-03-20T12:25:08","slug":"corpinnateo-plot-twist-espinaler","status":"publish","type":"product","link":"https:\/\/nadal.com\/es\/els-nostres-vins\/eventos\/corpinnateo-plot-twist-espinaler\/","title":{"rendered":"Corpinnateo Plot Twist &#038; Espinaler"},"content":{"rendered":"<p>[vc_row][\/vc_row][vc_column][\/vc_column][vc_separator][vc_tta_tabs active_section=\u00bb1&#8243;][\/vc_tta_tabs][vc_tta_section title=\u00bbDescripci\u00f3n\u00bb tab_id=\u00bbdescripcio\u00bb][vc_column_text]<\/p>\n<h4><strong>El evento<\/strong><\/h4>\n<p>El <strong>Corpinnateo<\/strong> es el nuevo evento para vivir Nadal desde otra perspectiva, combinando espumosos y vinos con complementos gastron\u00f3micos, priorizando productos <strong>de temporada y proximidad<\/strong>. Y, cada mes, con una nueva idea: \u00a1estate atento a nuestra web y redes sociales y no te pierdas ninguno!<\/p>\n<p><strong>Abril: Espinaler<\/strong><\/p>\n<p>Cuarto y \u00faltimo s\u00e1bado de Corpinnateo. Esta vez, en el jard\u00edn de la casa se\u00f1orial, ser\u00e1 con tapas de Espinaler, que llevan m\u00e1s de 125 a\u00f1os de tradici\u00f3n desarrollando el arte del aperitivo. \u00bfQu\u00e9 mejor plan que un Corpinnateo con los reyes del vermut? \u00a1Un vermut que ser\u00e1 salado, dulce y picante!<\/p>\n<ul>\n<li data-leveltext=\"-\" data-font=\"Aptos\" data-listid=\"2\" data-list-defn-props=\"{&quot;335552541&quot;:1,&quot;335559685&quot;:720,&quot;335559991&quot;:360,&quot;469769226&quot;:&quot;Aptos&quot;,&quot;469769242&quot;:[8226],&quot;469777803&quot;:&quot;left&quot;,&quot;469777804&quot;:&quot;-&quot;,&quot;469777815&quot;:&quot;hybridMultilevel&quot;}\" aria-setsize=\"-1\" data-aria-posinset=\"1\" data-aria-level=\"1\">Anchoas saladas<\/li>\n<li data-leveltext=\"-\" data-font=\"Aptos\" data-listid=\"2\" data-list-defn-props=\"{&quot;335552541&quot;:1,&quot;335559685&quot;:720,&quot;335559991&quot;:360,&quot;469769226&quot;:&quot;Aptos&quot;,&quot;469769242&quot;:[8226],&quot;469777803&quot;:&quot;left&quot;,&quot;469777804&quot;:&quot;-&quot;,&quot;469777815&quot;:&quot;hybridMultilevel&quot;}\" aria-setsize=\"-1\" data-aria-posinset=\"1\" data-aria-level=\"1\">Pan de cristal con tomate<\/li>\n<li data-leveltext=\"-\" data-font=\"Aptos\" data-listid=\"2\" data-list-defn-props=\"{&quot;335552541&quot;:1,&quot;335559685&quot;:720,&quot;335559991&quot;:360,&quot;469769226&quot;:&quot;Aptos&quot;,&quot;469769242&quot;:[8226],&quot;469777803&quot;:&quot;left&quot;,&quot;469777804&quot;:&quot;-&quot;,&quot;469777815&quot;:&quot;hybridMultilevel&quot;}\" aria-setsize=\"-1\" data-aria-posinset=\"1\" data-aria-level=\"1\">Gilda picante<\/li>\n<li data-leveltext=\"-\" data-font=\"Aptos\" data-listid=\"2\" data-list-defn-props=\"{&quot;335552541&quot;:1,&quot;335559685&quot;:720,&quot;335559991&quot;:360,&quot;469769226&quot;:&quot;Aptos&quot;,&quot;469769242&quot;:[8226],&quot;469777803&quot;:&quot;left&quot;,&quot;469777804&quot;:&quot;-&quot;,&quot;469777815&quot;:&quot;hybridMultilevel&quot;}\" aria-setsize=\"-1\" data-aria-posinset=\"1\" data-aria-level=\"1\">Almeja natural dulce<\/li>\n<li data-leveltext=\"-\" data-font=\"Aptos\" data-listid=\"2\" data-list-defn-props=\"{&quot;335552541&quot;:1,&quot;335559685&quot;:720,&quot;335559991&quot;:360,&quot;469769226&quot;:&quot;Aptos&quot;,&quot;469769242&quot;:[8226],&quot;469777803&quot;:&quot;left&quot;,&quot;469777804&quot;:&quot;-&quot;,&quot;469777815&quot;:&quot;hybridMultilevel&quot;}\" aria-setsize=\"-1\" data-aria-posinset=\"1\" data-aria-level=\"1\">Patatas Espinaler<\/li>\n<li data-leveltext=\"-\" data-font=\"Aptos\" data-listid=\"2\" data-list-defn-props=\"{&quot;335552541&quot;:1,&quot;335559685&quot;:720,&quot;335559991&quot;:360,&quot;469769226&quot;:&quot;Aptos&quot;,&quot;469769242&quot;:[8226],&quot;469777803&quot;:&quot;left&quot;,&quot;469777804&quot;:&quot;-&quot;,&quot;469777815&quot;:&quot;hybridMultilevel&quot;}\" aria-setsize=\"-1\" data-aria-posinset=\"1\" data-aria-level=\"1\">Salsa Espinaler<\/li>\n<\/ul>\n<p><strong>Maridado con:<\/strong><\/p>\n<ul>\n<li>Los nuevos Plot twist Brut y Plot Twist Ros\u00e9. .<\/li>\n<\/ul>\n<p>[\/vc_column_text][\/vc_tta_section]<\/p>\n","protected":false},"excerpt":{"rendered":"<p>Coge la agenda y apunta: las ma\u00f1anas de un s\u00e1bado al mes, en el jard\u00edn de la casa solariega de Nadal, tienes una cita. Tranquilidad, vistas inmejorables, una propuesta gastron\u00f3mica de lo m\u00e1s atractiva y una botella de corpinnat o vino blanco para compartir. Trae a tu pareja, al grupo de amigos, a la familia&#8230; aquellas personas con las que te gusta compartir una ma\u00f1ana de s\u00e1bado o domingo con un plan<em> del chill<\/em>. Reserva tu mesa y llega cuando te vaya bien, sin prisas&#8230; nosotros estaremos esper\u00e1ndote a partir de las 11.30h.<\/p>\n<p>Esta cita ser\u00e1 con <strong>Espinaler<\/strong>, con m\u00e1s de 125 a\u00f1os desarrollando el arte del aperitivo. Disfruta de la armon\u00eda de unas buenas tapas gourmet y corpinnat Plot Twist Brut y Plot Twist Ros\u00e9.<\/p>\n<p><strong>Fecha: <\/strong>S\u00e1bado 18 de Abril<br \/>\n<strong>Horario:<\/strong> Ven entre les 11.30h y las 13.30h<br \/>\n<strong>Lugar:<\/strong> Jard\u00edn de la casa solariega de Nadal<br \/>\n<strong>Propuesta gastron\u00f3mica: <\/strong>Tapas Espinaler acompa\u00f1adas de los nuevos Plot Twist Brut y Plot Twist Ros\u00e9.<\/p>\n<ul>\n<li data-leveltext=\"-\" data-font=\"Aptos\" data-listid=\"2\" data-list-defn-props=\"{&quot;335552541&quot;:1,&quot;335559685&quot;:720,&quot;335559991&quot;:360,&quot;469769226&quot;:&quot;Aptos&quot;,&quot;469769242&quot;:[8226],&quot;469777803&quot;:&quot;left&quot;,&quot;469777804&quot;:&quot;-&quot;,&quot;469777815&quot;:&quot;hybridMultilevel&quot;}\" aria-setsize=\"-1\" data-aria-posinset=\"1\" data-aria-level=\"1\">Anchoas saladas<\/li>\n<li data-leveltext=\"-\" data-font=\"Aptos\" data-listid=\"2\" data-list-defn-props=\"{&quot;335552541&quot;:1,&quot;335559685&quot;:720,&quot;335559991&quot;:360,&quot;469769226&quot;:&quot;Aptos&quot;,&quot;469769242&quot;:[8226],&quot;469777803&quot;:&quot;left&quot;,&quot;469777804&quot;:&quot;-&quot;,&quot;469777815&quot;:&quot;hybridMultilevel&quot;}\" aria-setsize=\"-1\" data-aria-posinset=\"1\" data-aria-level=\"1\">Pan de cristal con tomate<\/li>\n<li data-leveltext=\"-\" data-font=\"Aptos\" data-listid=\"2\" data-list-defn-props=\"{&quot;335552541&quot;:1,&quot;335559685&quot;:720,&quot;335559991&quot;:360,&quot;469769226&quot;:&quot;Aptos&quot;,&quot;469769242&quot;:[8226],&quot;469777803&quot;:&quot;left&quot;,&quot;469777804&quot;:&quot;-&quot;,&quot;469777815&quot;:&quot;hybridMultilevel&quot;}\" aria-setsize=\"-1\" data-aria-posinset=\"1\" data-aria-level=\"1\">Gilda picante<\/li>\n<li data-leveltext=\"-\" data-font=\"Aptos\" data-listid=\"2\" data-list-defn-props=\"{&quot;335552541&quot;:1,&quot;335559685&quot;:720,&quot;335559991&quot;:360,&quot;469769226&quot;:&quot;Aptos&quot;,&quot;469769242&quot;:[8226],&quot;469777803&quot;:&quot;left&quot;,&quot;469777804&quot;:&quot;-&quot;,&quot;469777815&quot;:&quot;hybridMultilevel&quot;}\" aria-setsize=\"-1\" data-aria-posinset=\"1\" data-aria-level=\"1\">Almeja natural dulce<\/li>\n<li data-leveltext=\"-\" data-font=\"Aptos\" data-listid=\"2\" data-list-defn-props=\"{&quot;335552541&quot;:1,&quot;335559685&quot;:720,&quot;335559991&quot;:360,&quot;469769226&quot;:&quot;Aptos&quot;,&quot;469769242&quot;:[8226],&quot;469777803&quot;:&quot;left&quot;,&quot;469777804&quot;:&quot;-&quot;,&quot;469777815&quot;:&quot;hybridMultilevel&quot;}\" aria-setsize=\"-1\" data-aria-posinset=\"1\" data-aria-level=\"1\">Patatas Espinaler<\/li>\n<li data-leveltext=\"-\" data-font=\"Aptos\" data-listid=\"2\" data-list-defn-props=\"{&quot;335552541&quot;:1,&quot;335559685&quot;:720,&quot;335559991&quot;:360,&quot;469769226&quot;:&quot;Aptos&quot;,&quot;469769242&quot;:[8226],&quot;469777803&quot;:&quot;left&quot;,&quot;469777804&quot;:&quot;-&quot;,&quot;469777815&quot;:&quot;hybridMultilevel&quot;}\" aria-setsize=\"-1\" data-aria-posinset=\"1\" data-aria-level=\"1\">Salsa Espinaler<\/li>\n<\/ul>\n","protected":false},"featured_media":28254,"template":"","meta":{"_acf_changed":false},"product_brand":[],"product_cat":[59],"product_tag":[],"class_list":{"0":"post-26013","1":"product","2":"type-product","3":"status-publish","4":"has-post-thumbnail","6":"product_cat-eventos","7":"product_shipping_class-gratuito","9":"first","10":"instock","11":"featured","12":"taxable","13":"shipping-taxable","14":"purchasable","15":"product-type-simple"},"group_of_quantity":0,"min_quantity":0,"max_quantity":"","exclude_order_quantity_value_rules":"yes","exclude_category_quantity_rules":"no","combine_variations":"no","acf":[],"yoast_head":"<!-- This site is optimized with the Yoast SEO plugin v26.6 - https:\/\/yoast.com\/wordpress\/plugins\/seo\/ -->\n<title>Corpinnateo Plot Twist &amp; Espinaler - Nadal - Desde 1943<\/title>\n<meta name=\"robots\" content=\"noindex, nofollow\" \/>\n<meta property=\"og:locale\" content=\"es_ES\" \/>\n<meta property=\"og:type\" content=\"article\" \/>\n<meta property=\"og:title\" content=\"Corpinnateo Plot Twist &amp; Espinaler - Nadal - Desde 1943\" \/>\n<meta property=\"og:description\" content=\"Coge la agenda y apunta: las ma\u00f1anas de un s\u00e1bado al mes, en el jard\u00edn de la casa solariega de Nadal, tienes una cita. Tranquilidad, vistas inmejorables, una propuesta gastron\u00f3mica de lo m\u00e1s atractiva y una botella de corpinnat o vino blanco para compartir. Trae a tu pareja, al grupo de amigos, a la familia... aquellas personas con las que te gusta compartir una ma\u00f1ana de s\u00e1bado o domingo con un plan del chill. Reserva tu mesa y llega cuando te vaya bien, sin prisas... nosotros estaremos esper\u00e1ndote a partir de las 11.30h.  Esta cita ser\u00e1 con Espinaler, con m\u00e1s de 125 a\u00f1os desarrollando el arte del aperitivo. Disfruta de la armon\u00eda de unas buenas tapas gourmet y corpinnat Plot Twist Brut y Plot Twist Ros\u00e9.  Fecha: S\u00e1bado 18 de Abril Horario: Ven entre les 11.30h y las 13.30h Lugar: Jard\u00edn de la casa solariega de Nadal Propuesta gastron\u00f3mica: Tapas Espinaler acompa\u00f1adas de los nuevos Plot Twist Brut y Plot Twist Ros\u00e9.   Anchoas saladas  Pan de cristal con tomate  Gilda picante  Almeja natural dulce  Patatas Espinaler  Salsa Espinaler\" \/>\n<meta property=\"og:url\" content=\"https:\/\/nadal.com\/es\/els-nostres-vins\/eventos\/corpinnateo-plot-twist-espinaler\/\" \/>\n<meta property=\"og:site_name\" content=\"Nadal\" \/>\n<meta property=\"article:modified_time\" content=\"2026-03-20T12:25:08+00:00\" \/>\n<meta property=\"og:image\" content=\"https:\/\/nadal.com\/wp-content\/uploads\/2026\/03\/corpinnateo-espinaler-DSC02194-scaled.jpeg\" \/>\n\t<meta property=\"og:image:width\" content=\"1440\" \/>\n\t<meta property=\"og:image:height\" content=\"2560\" \/>\n\t<meta property=\"og:image:type\" content=\"image\/jpeg\" \/>\n<meta name=\"twitter:card\" content=\"summary_large_image\" \/>\n<meta name=\"twitter:label1\" content=\"Tiempo de lectura\" \/>\n\t<meta name=\"twitter:data1\" content=\"1 minuto\" \/>\n<script type=\"application\/ld+json\" class=\"yoast-schema-graph\">{\"@context\":\"https:\/\/schema.org\",\"@graph\":[{\"@type\":\"WebPage\",\"@id\":\"https:\/\/nadal.com\/es\/els-nostres-vins\/eventos\/corpinnateo-plot-twist-espinaler\/\",\"url\":\"https:\/\/nadal.com\/es\/els-nostres-vins\/eventos\/corpinnateo-plot-twist-espinaler\/\",\"name\":\"Corpinnateo Plot Twist & Espinaler - Nadal - Desde 1943\",\"isPartOf\":{\"@id\":\"https:\/\/nadal.com\/es\/#website\"},\"primaryImageOfPage\":{\"@id\":\"https:\/\/nadal.com\/es\/els-nostres-vins\/eventos\/corpinnateo-plot-twist-espinaler\/#primaryimage\"},\"image\":{\"@id\":\"https:\/\/nadal.com\/es\/els-nostres-vins\/eventos\/corpinnateo-plot-twist-espinaler\/#primaryimage\"},\"thumbnailUrl\":\"https:\/\/nadal.com\/wp-content\/uploads\/2026\/03\/corpinnateo-espinaler-DSC02194-scaled.jpeg\",\"datePublished\":\"2026-01-29T11:43:35+00:00\",\"dateModified\":\"2026-03-20T12:25:08+00:00\",\"breadcrumb\":{\"@id\":\"https:\/\/nadal.com\/es\/els-nostres-vins\/eventos\/corpinnateo-plot-twist-espinaler\/#breadcrumb\"},\"inLanguage\":\"es\",\"potentialAction\":[{\"@type\":\"ReadAction\",\"target\":[\"https:\/\/nadal.com\/es\/els-nostres-vins\/eventos\/corpinnateo-plot-twist-espinaler\/\"]}]},{\"@type\":\"ImageObject\",\"inLanguage\":\"es\",\"@id\":\"https:\/\/nadal.com\/es\/els-nostres-vins\/eventos\/corpinnateo-plot-twist-espinaler\/#primaryimage\",\"url\":\"https:\/\/nadal.com\/wp-content\/uploads\/2026\/03\/corpinnateo-espinaler-DSC02194-scaled.jpeg\",\"contentUrl\":\"https:\/\/nadal.com\/wp-content\/uploads\/2026\/03\/corpinnateo-espinaler-DSC02194-scaled.jpeg\",\"width\":1440,\"height\":2560},{\"@type\":\"BreadcrumbList\",\"@id\":\"https:\/\/nadal.com\/es\/els-nostres-vins\/eventos\/corpinnateo-plot-twist-espinaler\/#breadcrumb\",\"itemListElement\":[{\"@type\":\"ListItem\",\"position\":1,\"name\":\"Inici\",\"item\":\"https:\/\/nadal.com\/es\/\"},{\"@type\":\"ListItem\",\"position\":2,\"name\":\"Nuestros vinos\",\"item\":\"https:\/\/nadal.com\/es\/nuestros-vinos\/\"},{\"@type\":\"ListItem\",\"position\":3,\"name\":\"Corpinnateo Plot Twist &#038; Espinaler\"}]},{\"@type\":\"WebSite\",\"@id\":\"https:\/\/nadal.com\/es\/#website\",\"url\":\"https:\/\/nadal.com\/es\/\",\"name\":\"Nadal\",\"description\":\"Desde 1943\",\"potentialAction\":[{\"@type\":\"SearchAction\",\"target\":{\"@type\":\"EntryPoint\",\"urlTemplate\":\"https:\/\/nadal.com\/es\/?s={search_term_string}\"},\"query-input\":{\"@type\":\"PropertyValueSpecification\",\"valueRequired\":true,\"valueName\":\"search_term_string\"}}],\"inLanguage\":\"es\"}]}<\/script>\n<!-- \/ Yoast SEO plugin. -->","yoast_head_json":{"title":"Corpinnateo Plot Twist & Espinaler - Nadal - Desde 1943","robots":{"index":"noindex","follow":"nofollow"},"og_locale":"es_ES","og_type":"article","og_title":"Corpinnateo Plot Twist & Espinaler - Nadal - Desde 1943","og_description":"Coge la agenda y apunta: las ma\u00f1anas de un s\u00e1bado al mes, en el jard\u00edn de la casa solariega de Nadal, tienes una cita. Tranquilidad, vistas inmejorables, una propuesta gastron\u00f3mica de lo m\u00e1s atractiva y una botella de corpinnat o vino blanco para compartir. Trae a tu pareja, al grupo de amigos, a la familia... aquellas personas con las que te gusta compartir una ma\u00f1ana de s\u00e1bado o domingo con un plan del chill. Reserva tu mesa y llega cuando te vaya bien, sin prisas... nosotros estaremos esper\u00e1ndote a partir de las 11.30h.  Esta cita ser\u00e1 con Espinaler, con m\u00e1s de 125 a\u00f1os desarrollando el arte del aperitivo. Disfruta de la armon\u00eda de unas buenas tapas gourmet y corpinnat Plot Twist Brut y Plot Twist Ros\u00e9.  Fecha: S\u00e1bado 18 de Abril Horario: Ven entre les 11.30h y las 13.30h Lugar: Jard\u00edn de la casa solariega de Nadal Propuesta gastron\u00f3mica: Tapas Espinaler acompa\u00f1adas de los nuevos Plot Twist Brut y Plot Twist Ros\u00e9.   Anchoas saladas  Pan de cristal con tomate  Gilda picante  Almeja natural dulce  Patatas Espinaler  Salsa Espinaler","og_url":"https:\/\/nadal.com\/es\/els-nostres-vins\/eventos\/corpinnateo-plot-twist-espinaler\/","og_site_name":"Nadal","article_modified_time":"2026-03-20T12:25:08+00:00","og_image":[{"width":1440,"height":2560,"url":"https:\/\/nadal.com\/wp-content\/uploads\/2026\/03\/corpinnateo-espinaler-DSC02194-scaled.jpeg","type":"image\/jpeg"}],"twitter_card":"summary_large_image","twitter_misc":{"Tiempo de lectura":"1 minuto"},"schema":{"@context":"https:\/\/schema.org","@graph":[{"@type":"WebPage","@id":"https:\/\/nadal.com\/es\/els-nostres-vins\/eventos\/corpinnateo-plot-twist-espinaler\/","url":"https:\/\/nadal.com\/es\/els-nostres-vins\/eventos\/corpinnateo-plot-twist-espinaler\/","name":"Corpinnateo Plot Twist & Espinaler - Nadal - Desde 1943","isPartOf":{"@id":"https:\/\/nadal.com\/es\/#website"},"primaryImageOfPage":{"@id":"https:\/\/nadal.com\/es\/els-nostres-vins\/eventos\/corpinnateo-plot-twist-espinaler\/#primaryimage"},"image":{"@id":"https:\/\/nadal.com\/es\/els-nostres-vins\/eventos\/corpinnateo-plot-twist-espinaler\/#primaryimage"},"thumbnailUrl":"https:\/\/nadal.com\/wp-content\/uploads\/2026\/03\/corpinnateo-espinaler-DSC02194-scaled.jpeg","datePublished":"2026-01-29T11:43:35+00:00","dateModified":"2026-03-20T12:25:08+00:00","breadcrumb":{"@id":"https:\/\/nadal.com\/es\/els-nostres-vins\/eventos\/corpinnateo-plot-twist-espinaler\/#breadcrumb"},"inLanguage":"es","potentialAction":[{"@type":"ReadAction","target":["https:\/\/nadal.com\/es\/els-nostres-vins\/eventos\/corpinnateo-plot-twist-espinaler\/"]}]},{"@type":"ImageObject","inLanguage":"es","@id":"https:\/\/nadal.com\/es\/els-nostres-vins\/eventos\/corpinnateo-plot-twist-espinaler\/#primaryimage","url":"https:\/\/nadal.com\/wp-content\/uploads\/2026\/03\/corpinnateo-espinaler-DSC02194-scaled.jpeg","contentUrl":"https:\/\/nadal.com\/wp-content\/uploads\/2026\/03\/corpinnateo-espinaler-DSC02194-scaled.jpeg","width":1440,"height":2560},{"@type":"BreadcrumbList","@id":"https:\/\/nadal.com\/es\/els-nostres-vins\/eventos\/corpinnateo-plot-twist-espinaler\/#breadcrumb","itemListElement":[{"@type":"ListItem","position":1,"name":"Inici","item":"https:\/\/nadal.com\/es\/"},{"@type":"ListItem","position":2,"name":"Nuestros vinos","item":"https:\/\/nadal.com\/es\/nuestros-vinos\/"},{"@type":"ListItem","position":3,"name":"Corpinnateo Plot Twist &#038; Espinaler"}]},{"@type":"WebSite","@id":"https:\/\/nadal.com\/es\/#website","url":"https:\/\/nadal.com\/es\/","name":"Nadal","description":"Desde 1943","potentialAction":[{"@type":"SearchAction","target":{"@type":"EntryPoint","urlTemplate":"https:\/\/nadal.com\/es\/?s={search_term_string}"},"query-input":{"@type":"PropertyValueSpecification","valueRequired":true,"valueName":"search_term_string"}}],"inLanguage":"es"}]}},"_links":{"self":[{"href":"https:\/\/nadal.com\/es\/wp-json\/wp\/v2\/product\/26013","targetHints":{"allow":["GET"]}}],"collection":[{"href":"https:\/\/nadal.com\/es\/wp-json\/wp\/v2\/product"}],"about":[{"href":"https:\/\/nadal.com\/es\/wp-json\/wp\/v2\/types\/product"}],"wp:featuredmedia":[{"embeddable":true,"href":"https:\/\/nadal.com\/es\/wp-json\/wp\/v2\/media\/28254"}],"wp:attachment":[{"href":"https:\/\/nadal.com\/es\/wp-json\/wp\/v2\/media?parent=26013"}],"wp:term":[{"taxonomy":"product_brand","embeddable":true,"href":"https:\/\/nadal.com\/es\/wp-json\/wp\/v2\/product_brand?post=26013"},{"taxonomy":"product_cat","embeddable":true,"href":"https:\/\/nadal.com\/es\/wp-json\/wp\/v2\/product_cat?post=26013"},{"taxonomy":"product_tag","embeddable":true,"href":"https:\/\/nadal.com\/es\/wp-json\/wp\/v2\/product_tag?post=26013"}],"curies":[{"name":"wp","href":"https:\/\/api.w.org\/{rel}","templated":true}]}}