{"id":26010,"date":"2026-01-28T11:42:26","date_gmt":"2026-01-28T10:42:26","guid":{"rendered":"https:\/\/nadal.com\/?post_type=product&#038;p=26010"},"modified":"2026-03-20T14:27:28","modified_gmt":"2026-03-20T13:27:28","slug":"corpinnateo-plot-twist-coques-recapte","status":"publish","type":"product","link":"https:\/\/nadal.com\/es\/els-nostres-vins\/eventos\/corpinnateo-plot-twist-coques-recapte\/","title":{"rendered":"Corpinnateo Plot Twist &#038; Coques de Recapte"},"content":{"rendered":"<p>[vc_row][\/vc_row][vc_column][\/vc_column][vc_separator][vc_tta_tabs active_section=\u00bb1&#8243;][\/vc_tta_tabs][vc_tta_section title=\u00bbDescripci\u00f3n\u00bb tab_id=\u00bbdescripcio\u00bb][vc_column_text]<\/p>\n<h4><strong>El evento<\/strong><\/h4>\n<p>El <strong>Corpinnateo<\/strong> es el nuevo evento para vivir Nadal desde otra perspectiva, combinando espumosos y vinos con complementos gastron\u00f3micos, priorizando productos <strong>de temporada y proximidad<\/strong>. Y, cada mes, con una nueva idea: \u00a1estate atento a nuestra web y redes sociales y no te pierdas ninguno!<\/p>\n<h4><strong>Marzo: Forn Valls<\/strong><\/h4>\n<p data-start=\"489\" data-end=\"933\">En el Forn Valls, en La R\u00e0pita, el oficio de panadero y pastelero se vive como una leyenda que se transmite de generaci\u00f3n en generaci\u00f3n. Su manera de entender la panader\u00eda y la pasteler\u00eda artesana se basa en el respeto por el tiempo, las recetas de siempre y la calidad del producto. Cada pan, cada pieza de boller\u00eda y cada elaboraci\u00f3n de pasteler\u00eda nace de f\u00f3rmulas tradicionales de la familia Valls, trabajadas con precisi\u00f3n y sensibilidad.<\/p>\n<p data-start=\"935\" data-end=\"1243\">Sus productos emblem\u00e1ticos, reconocidos en todas partes, son el reflejo de esta identidad: autenticidad, memoria y excelencia artesanal. Sin artificios ni atajos, el Forn Valls apuesta por ingredientes cuidadosamente seleccionados y procesos honestos, convirtiendo el d\u00eda a d\u00eda en un peque\u00f1o ritual de sabor.<\/p>\n<p><strong>Un Corpinateo de territorio acompa\u00f1ado<\/strong> de Plot Twist Brut o Plot Twist Ros\u00e9. Un giro de gui\u00f3n acompa\u00f1ado del sabor de la tradici\u00f3n.<\/p>\n<ul>\n<li data-start=\"1391\" data-end=\"1441\">\n<p data-start=\"1393\" data-end=\"1441\">Porci\u00f3n de coca de pulpo a la gallega y patata<\/p>\n<\/li>\n<li data-start=\"1442\" data-end=\"1491\">\n<p data-start=\"1444\" data-end=\"1491\">Porci\u00f3n de coca de queso de cabra y berenjena<\/p>\n<\/li>\n<li data-start=\"1492\" data-end=\"1542\">\n<p data-start=\"1494\" data-end=\"1542\">Porci\u00f3n de coca de alcachofa y butifarra negra<\/p>\n<\/li>\n<li data-start=\"1543\" data-end=\"1583\">\n<p data-start=\"1545\" data-end=\"1583\">Porci\u00f3n de coca de escalivada y at\u00fan<\/p>\n<\/li>\n<li data-start=\"1584\" data-end=\"1633\">\n<p data-start=\"1586\" data-end=\"1633\">Porci\u00f3n de coca de espinacas, pasas y pi\u00f1ones<\/p>\n<\/li>\n<li data-start=\"1634\" data-end=\"1685\">\n<p data-start=\"1636\" data-end=\"1685\">Porci\u00f3n de coca de cal\u00e7ots, salchicha y romesco<\/p>\n<\/li>\n<\/ul>\n<p>[\/vc_column_text][\/vc_tta_section]<\/p>\n","protected":false},"excerpt":{"rendered":"<p><strong>COMPLETO!<\/strong><\/p>\n<p>Coge la agenda y apunta: las ma\u00f1anas de un s\u00e1bado al mes, en el jard\u00edn de la casa solariega de Nadal, tienes una cita. Tranquilidad, vistas inmejorables, una propuesta gastron\u00f3mica de lo m\u00e1s atractiva y una botella de corpinnat o vino blanco para compartir. Trae a tu pareja, al grupo de amigos, a la familia&#8230; aquellas personas con las que te gusta compartir una ma\u00f1ana de s\u00e1bado o domingo con un plan<em> del chill<\/em>. Reserva tu mesa y llega cuando te vaya bien, sin prisas&#8230;<\/p>\n<p><strong>Fecha: <\/strong>S\u00e1bado 21 de Marzo<br \/>\n<strong>Horario:<\/strong> Ven entre les 11.30h y las 13.30h<br \/>\n<strong>Lugar:<\/strong> Jard\u00edn de la casa solariega de Nadal<br \/>\n<strong>Propuesta gastron\u00f3mica: <\/strong>\u00a1Una gastronom\u00eda de territorio en armon\u00eda con Plot Twist Brut o Plot Twist Ros\u00e9!<\/p>\n<ul>\n<li data-start=\"1391\" data-end=\"1441\">\n<p data-start=\"1393\" data-end=\"1441\">Porci\u00f3n de coca de pulpo a la gallega y patata<\/p>\n<\/li>\n<li data-start=\"1442\" data-end=\"1491\">\n<p data-start=\"1444\" data-end=\"1491\">Porci\u00f3n de coca de queso de cabra y berenjena<\/p>\n<\/li>\n<li data-start=\"1492\" data-end=\"1542\">\n<p data-start=\"1494\" data-end=\"1542\">Porci\u00f3n de coca de alcachofa y butifarra negra<\/p>\n<\/li>\n<li data-start=\"1543\" data-end=\"1583\">\n<p data-start=\"1545\" data-end=\"1583\">Porci\u00f3n de coca de escalivada y at\u00fan<\/p>\n<\/li>\n<li data-start=\"1584\" data-end=\"1633\">\n<p data-start=\"1586\" data-end=\"1633\">Porci\u00f3n de coca de espinacas, pasas y pi\u00f1ones<\/p>\n<\/li>\n<li data-start=\"1634\" data-end=\"1685\">\n<p data-start=\"1636\" data-end=\"1685\">Porci\u00f3n de coca de \u00abcal\u00e7ots\u00bb, salchicha y romesco<\/p>\n<\/li>\n<\/ul>\n","protected":false},"featured_media":28202,"template":"","meta":{"_acf_changed":false},"product_brand":[],"product_cat":[59],"product_tag":[],"class_list":{"0":"post-26010","1":"product","2":"type-product","3":"status-publish","4":"has-post-thumbnail","6":"product_cat-eventos","7":"product_shipping_class-gratuito","9":"first","10":"instock","11":"taxable","12":"shipping-taxable","13":"product-type-simple"},"group_of_quantity":0,"min_quantity":0,"max_quantity":"","exclude_order_quantity_value_rules":"yes","exclude_category_quantity_rules":"no","combine_variations":"no","acf":[],"yoast_head":"<!-- This site is optimized with the Yoast SEO plugin v26.6 - https:\/\/yoast.com\/wordpress\/plugins\/seo\/ -->\n<title>Corpinnateo Plot Twist &amp; Coques de Recapte - Nadal - Desde 1943<\/title>\n<meta name=\"robots\" content=\"noindex, nofollow\" \/>\n<meta property=\"og:locale\" content=\"es_ES\" \/>\n<meta property=\"og:type\" content=\"article\" \/>\n<meta property=\"og:title\" content=\"Corpinnateo Plot Twist &amp; Coques de Recapte - Nadal - Desde 1943\" \/>\n<meta property=\"og:description\" content=\"COMPLETO!  Coge la agenda y apunta: las ma\u00f1anas de un s\u00e1bado al mes, en el jard\u00edn de la casa solariega de Nadal, tienes una cita. Tranquilidad, vistas inmejorables, una propuesta gastron\u00f3mica de lo m\u00e1s atractiva y una botella de corpinnat o vino blanco para compartir. Trae a tu pareja, al grupo de amigos, a la familia... aquellas personas con las que te gusta compartir una ma\u00f1ana de s\u00e1bado o domingo con un plan del chill. Reserva tu mesa y llega cuando te vaya bien, sin prisas...  Fecha: S\u00e1bado 21 de Marzo Horario: Ven entre les 11.30h y las 13.30h Lugar: Jard\u00edn de la casa solariega de Nadal Propuesta gastron\u00f3mica: \u00a1Una gastronom\u00eda de territorio en armon\u00eda con Plot Twist Brut o Plot Twist Ros\u00e9!    Porci\u00f3n de coca de pulpo a la gallega y patata    Porci\u00f3n de coca de queso de cabra y berenjena    Porci\u00f3n de coca de alcachofa y butifarra negra    Porci\u00f3n de coca de escalivada y at\u00fan    Porci\u00f3n de coca de espinacas, pasas y pi\u00f1ones    Porci\u00f3n de coca de &quot;cal\u00e7ots&quot;, salchicha y romesco\" \/>\n<meta property=\"og:url\" content=\"https:\/\/nadal.com\/es\/els-nostres-vins\/eventos\/corpinnateo-plot-twist-coques-recapte\/\" \/>\n<meta property=\"og:site_name\" content=\"Nadal\" \/>\n<meta property=\"article:modified_time\" content=\"2026-03-20T13:27:28+00:00\" \/>\n<meta property=\"og:image\" content=\"https:\/\/nadal.com\/wp-content\/uploads\/2026\/01\/Corpinnateo-coca-recapte-.jpeg\" \/>\n\t<meta property=\"og:image:width\" content=\"931\" \/>\n\t<meta property=\"og:image:height\" content=\"1241\" \/>\n\t<meta property=\"og:image:type\" content=\"image\/jpeg\" \/>\n<meta name=\"twitter:card\" content=\"summary_large_image\" \/>\n<meta name=\"twitter:label1\" content=\"Tiempo de lectura\" \/>\n\t<meta name=\"twitter:data1\" content=\"2 minutos\" \/>\n<script type=\"application\/ld+json\" class=\"yoast-schema-graph\">{\"@context\":\"https:\/\/schema.org\",\"@graph\":[{\"@type\":\"WebPage\",\"@id\":\"https:\/\/nadal.com\/es\/els-nostres-vins\/eventos\/corpinnateo-plot-twist-coques-recapte\/\",\"url\":\"https:\/\/nadal.com\/es\/els-nostres-vins\/eventos\/corpinnateo-plot-twist-coques-recapte\/\",\"name\":\"Corpinnateo Plot Twist & Coques de Recapte - Nadal - Desde 1943\",\"isPartOf\":{\"@id\":\"https:\/\/nadal.com\/es\/#website\"},\"primaryImageOfPage\":{\"@id\":\"https:\/\/nadal.com\/es\/els-nostres-vins\/eventos\/corpinnateo-plot-twist-coques-recapte\/#primaryimage\"},\"image\":{\"@id\":\"https:\/\/nadal.com\/es\/els-nostres-vins\/eventos\/corpinnateo-plot-twist-coques-recapte\/#primaryimage\"},\"thumbnailUrl\":\"https:\/\/nadal.com\/wp-content\/uploads\/2026\/01\/Corpinnateo-coca-recapte-.jpeg\",\"datePublished\":\"2026-01-28T10:42:26+00:00\",\"dateModified\":\"2026-03-20T13:27:28+00:00\",\"breadcrumb\":{\"@id\":\"https:\/\/nadal.com\/es\/els-nostres-vins\/eventos\/corpinnateo-plot-twist-coques-recapte\/#breadcrumb\"},\"inLanguage\":\"es\",\"potentialAction\":[{\"@type\":\"ReadAction\",\"target\":[\"https:\/\/nadal.com\/es\/els-nostres-vins\/eventos\/corpinnateo-plot-twist-coques-recapte\/\"]}]},{\"@type\":\"ImageObject\",\"inLanguage\":\"es\",\"@id\":\"https:\/\/nadal.com\/es\/els-nostres-vins\/eventos\/corpinnateo-plot-twist-coques-recapte\/#primaryimage\",\"url\":\"https:\/\/nadal.com\/wp-content\/uploads\/2026\/01\/Corpinnateo-coca-recapte-.jpeg\",\"contentUrl\":\"https:\/\/nadal.com\/wp-content\/uploads\/2026\/01\/Corpinnateo-coca-recapte-.jpeg\",\"width\":931,\"height\":1241},{\"@type\":\"BreadcrumbList\",\"@id\":\"https:\/\/nadal.com\/es\/els-nostres-vins\/eventos\/corpinnateo-plot-twist-coques-recapte\/#breadcrumb\",\"itemListElement\":[{\"@type\":\"ListItem\",\"position\":1,\"name\":\"Inici\",\"item\":\"https:\/\/nadal.com\/es\/\"},{\"@type\":\"ListItem\",\"position\":2,\"name\":\"Nuestros vinos\",\"item\":\"https:\/\/nadal.com\/es\/nuestros-vinos\/\"},{\"@type\":\"ListItem\",\"position\":3,\"name\":\"Corpinnateo Plot Twist &#038; Coques de Recapte\"}]},{\"@type\":\"WebSite\",\"@id\":\"https:\/\/nadal.com\/es\/#website\",\"url\":\"https:\/\/nadal.com\/es\/\",\"name\":\"Nadal\",\"description\":\"Desde 1943\",\"potentialAction\":[{\"@type\":\"SearchAction\",\"target\":{\"@type\":\"EntryPoint\",\"urlTemplate\":\"https:\/\/nadal.com\/es\/?s={search_term_string}\"},\"query-input\":{\"@type\":\"PropertyValueSpecification\",\"valueRequired\":true,\"valueName\":\"search_term_string\"}}],\"inLanguage\":\"es\"}]}<\/script>\n<!-- \/ Yoast SEO plugin. -->","yoast_head_json":{"title":"Corpinnateo Plot Twist & Coques de Recapte - Nadal - Desde 1943","robots":{"index":"noindex","follow":"nofollow"},"og_locale":"es_ES","og_type":"article","og_title":"Corpinnateo Plot Twist & Coques de Recapte - Nadal - Desde 1943","og_description":"COMPLETO!  Coge la agenda y apunta: las ma\u00f1anas de un s\u00e1bado al mes, en el jard\u00edn de la casa solariega de Nadal, tienes una cita. Tranquilidad, vistas inmejorables, una propuesta gastron\u00f3mica de lo m\u00e1s atractiva y una botella de corpinnat o vino blanco para compartir. Trae a tu pareja, al grupo de amigos, a la familia... aquellas personas con las que te gusta compartir una ma\u00f1ana de s\u00e1bado o domingo con un plan del chill. Reserva tu mesa y llega cuando te vaya bien, sin prisas...  Fecha: S\u00e1bado 21 de Marzo Horario: Ven entre les 11.30h y las 13.30h Lugar: Jard\u00edn de la casa solariega de Nadal Propuesta gastron\u00f3mica: \u00a1Una gastronom\u00eda de territorio en armon\u00eda con Plot Twist Brut o Plot Twist Ros\u00e9!    Porci\u00f3n de coca de pulpo a la gallega y patata    Porci\u00f3n de coca de queso de cabra y berenjena    Porci\u00f3n de coca de alcachofa y butifarra negra    Porci\u00f3n de coca de escalivada y at\u00fan    Porci\u00f3n de coca de espinacas, pasas y pi\u00f1ones    Porci\u00f3n de coca de \"cal\u00e7ots\", salchicha y romesco","og_url":"https:\/\/nadal.com\/es\/els-nostres-vins\/eventos\/corpinnateo-plot-twist-coques-recapte\/","og_site_name":"Nadal","article_modified_time":"2026-03-20T13:27:28+00:00","og_image":[{"width":931,"height":1241,"url":"https:\/\/nadal.com\/wp-content\/uploads\/2026\/01\/Corpinnateo-coca-recapte-.jpeg","type":"image\/jpeg"}],"twitter_card":"summary_large_image","twitter_misc":{"Tiempo de lectura":"2 minutos"},"schema":{"@context":"https:\/\/schema.org","@graph":[{"@type":"WebPage","@id":"https:\/\/nadal.com\/es\/els-nostres-vins\/eventos\/corpinnateo-plot-twist-coques-recapte\/","url":"https:\/\/nadal.com\/es\/els-nostres-vins\/eventos\/corpinnateo-plot-twist-coques-recapte\/","name":"Corpinnateo Plot Twist & Coques de Recapte - Nadal - Desde 1943","isPartOf":{"@id":"https:\/\/nadal.com\/es\/#website"},"primaryImageOfPage":{"@id":"https:\/\/nadal.com\/es\/els-nostres-vins\/eventos\/corpinnateo-plot-twist-coques-recapte\/#primaryimage"},"image":{"@id":"https:\/\/nadal.com\/es\/els-nostres-vins\/eventos\/corpinnateo-plot-twist-coques-recapte\/#primaryimage"},"thumbnailUrl":"https:\/\/nadal.com\/wp-content\/uploads\/2026\/01\/Corpinnateo-coca-recapte-.jpeg","datePublished":"2026-01-28T10:42:26+00:00","dateModified":"2026-03-20T13:27:28+00:00","breadcrumb":{"@id":"https:\/\/nadal.com\/es\/els-nostres-vins\/eventos\/corpinnateo-plot-twist-coques-recapte\/#breadcrumb"},"inLanguage":"es","potentialAction":[{"@type":"ReadAction","target":["https:\/\/nadal.com\/es\/els-nostres-vins\/eventos\/corpinnateo-plot-twist-coques-recapte\/"]}]},{"@type":"ImageObject","inLanguage":"es","@id":"https:\/\/nadal.com\/es\/els-nostres-vins\/eventos\/corpinnateo-plot-twist-coques-recapte\/#primaryimage","url":"https:\/\/nadal.com\/wp-content\/uploads\/2026\/01\/Corpinnateo-coca-recapte-.jpeg","contentUrl":"https:\/\/nadal.com\/wp-content\/uploads\/2026\/01\/Corpinnateo-coca-recapte-.jpeg","width":931,"height":1241},{"@type":"BreadcrumbList","@id":"https:\/\/nadal.com\/es\/els-nostres-vins\/eventos\/corpinnateo-plot-twist-coques-recapte\/#breadcrumb","itemListElement":[{"@type":"ListItem","position":1,"name":"Inici","item":"https:\/\/nadal.com\/es\/"},{"@type":"ListItem","position":2,"name":"Nuestros vinos","item":"https:\/\/nadal.com\/es\/nuestros-vinos\/"},{"@type":"ListItem","position":3,"name":"Corpinnateo Plot Twist &#038; Coques de Recapte"}]},{"@type":"WebSite","@id":"https:\/\/nadal.com\/es\/#website","url":"https:\/\/nadal.com\/es\/","name":"Nadal","description":"Desde 1943","potentialAction":[{"@type":"SearchAction","target":{"@type":"EntryPoint","urlTemplate":"https:\/\/nadal.com\/es\/?s={search_term_string}"},"query-input":{"@type":"PropertyValueSpecification","valueRequired":true,"valueName":"search_term_string"}}],"inLanguage":"es"}]}},"_links":{"self":[{"href":"https:\/\/nadal.com\/es\/wp-json\/wp\/v2\/product\/26010","targetHints":{"allow":["GET"]}}],"collection":[{"href":"https:\/\/nadal.com\/es\/wp-json\/wp\/v2\/product"}],"about":[{"href":"https:\/\/nadal.com\/es\/wp-json\/wp\/v2\/types\/product"}],"wp:featuredmedia":[{"embeddable":true,"href":"https:\/\/nadal.com\/es\/wp-json\/wp\/v2\/media\/28202"}],"wp:attachment":[{"href":"https:\/\/nadal.com\/es\/wp-json\/wp\/v2\/media?parent=26010"}],"wp:term":[{"taxonomy":"product_brand","embeddable":true,"href":"https:\/\/nadal.com\/es\/wp-json\/wp\/v2\/product_brand?post=26010"},{"taxonomy":"product_cat","embeddable":true,"href":"https:\/\/nadal.com\/es\/wp-json\/wp\/v2\/product_cat?post=26010"},{"taxonomy":"product_tag","embeddable":true,"href":"https:\/\/nadal.com\/es\/wp-json\/wp\/v2\/product_tag?post=26010"}],"curies":[{"name":"wp","href":"https:\/\/api.w.org\/{rel}","templated":true}]}}