{"id":26004,"date":"2025-01-28T16:37:04","date_gmt":"2025-01-28T15:37:04","guid":{"rendered":"https:\/\/nadal.com\/?post_type=product&#038;p=26004"},"modified":"2025-02-06T15:18:02","modified_gmt":"2025-02-06T14:18:02","slug":"corpinnateo-frankfurt-pedralbes","status":"publish","type":"product","link":"https:\/\/nadal.com\/es\/els-nostres-vins\/eventos\/corpinnateo-frankfurt-pedralbes\/","title":{"rendered":"Corpinnateo Plot Twist &#038; Frankfurt Pedralbes"},"content":{"rendered":"<p>[vc_row][\/vc_row][vc_column][\/vc_column][vc_separator][vc_tta_tabs active_section=\u00bb1&#8243;][\/vc_tta_tabs][vc_tta_section title=\u00bbDescripci\u00f3n\u00bb tab_id=\u00bbdescripcio\u00bb][vc_column_text]<\/p>\n<h4><strong>El evento<\/strong><\/h4>\n<p>El <strong>Corpinnateo<\/strong> es el nuevo evento para vivir Nadal desde otra perspectiva, combinando espumosos y vinos con complementos gastron\u00f3micos, priorizando <strong>productos de temporada y proximidad<\/strong>. Y, cada mes, con una nueva idea: \u00a1Est\u00e9 atento a nuestra web y redes sociales y no te pierdas ninguna!<\/p>\n<h4><strong>Febrero: Frankfurt y hamburguesa<\/strong><\/h4>\n<p>Primer s\u00e1bado de Corpinnateo. Esta vez, en el jard\u00edn de la casa solariega vendr\u00e1 el primer frankfurt abierto en el mundo, fundado el a\u00f1o 1963. \u00bfQu\u00e9 mejor plan que una cata de los primeros elaboradores de frankfurt con un corpinnat Nadal?<\/p>\n<ul>\n<li data-leveltext=\"-\" data-font=\"Aptos\" data-listid=\"2\" data-list-defn-props=\"{&quot;335552541&quot;:1,&quot;335559685&quot;:720,&quot;335559991&quot;:360,&quot;469769226&quot;:&quot;Aptos&quot;,&quot;469769242&quot;:[8226],&quot;469777803&quot;:&quot;left&quot;,&quot;469777804&quot;:&quot;-&quot;,&quot;469777815&quot;:&quot;hybridMultilevel&quot;}\" aria-setsize=\"-1\" data-aria-posinset=\"1\" data-aria-level=\"1\"><strong>Frankfurt<\/strong><\/li>\n<li data-leveltext=\"-\" data-font=\"Aptos\" data-listid=\"2\" data-list-defn-props=\"{&quot;335552541&quot;:1,&quot;335559685&quot;:720,&quot;335559991&quot;:360,&quot;469769226&quot;:&quot;Aptos&quot;,&quot;469769242&quot;:[8226],&quot;469777803&quot;:&quot;left&quot;,&quot;469777804&quot;:&quot;-&quot;,&quot;469777815&quot;:&quot;hybridMultilevel&quot;}\" aria-setsize=\"-1\" data-aria-posinset=\"1\" data-aria-level=\"1\"><strong>Cervela<\/strong><\/li>\n<li data-leveltext=\"-\" data-font=\"Aptos\" data-listid=\"2\" data-list-defn-props=\"{&quot;335552541&quot;:1,&quot;335559685&quot;:720,&quot;335559991&quot;:360,&quot;469769226&quot;:&quot;Aptos&quot;,&quot;469769242&quot;:[8226],&quot;469777803&quot;:&quot;left&quot;,&quot;469777804&quot;:&quot;-&quot;,&quot;469777815&quot;:&quot;hybridMultilevel&quot;}\" aria-setsize=\"-1\" data-aria-posinset=\"1\" data-aria-level=\"1\"><strong>Bratwurst<\/strong><\/li>\n<li data-leveltext=\"-\" data-font=\"Aptos\" data-listid=\"2\" data-list-defn-props=\"{&quot;335552541&quot;:1,&quot;335559685&quot;:720,&quot;335559991&quot;:360,&quot;469769226&quot;:&quot;Aptos&quot;,&quot;469769242&quot;:[8226],&quot;469777803&quot;:&quot;left&quot;,&quot;469777804&quot;:&quot;-&quot;,&quot;469777815&quot;:&quot;hybridMultilevel&quot;}\" aria-setsize=\"-1\" data-aria-posinset=\"1\" data-aria-level=\"1\"><strong>Pikantwurst<\/strong><\/li>\n<li data-leveltext=\"-\" data-font=\"Aptos\" data-listid=\"2\" data-list-defn-props=\"{&quot;335552541&quot;:1,&quot;335559685&quot;:720,&quot;335559991&quot;:360,&quot;469769226&quot;:&quot;Aptos&quot;,&quot;469769242&quot;:[8226],&quot;469777803&quot;:&quot;left&quot;,&quot;469777804&quot;:&quot;-&quot;,&quot;469777815&quot;:&quot;hybridMultilevel&quot;}\" aria-setsize=\"-1\" data-aria-posinset=\"1\" data-aria-level=\"1\"><strong>Hamburguesa Casa Vall\u00e8s<\/strong><\/li>\n<\/ul>\n<p>Amb les salses picants d&#8217;elaboraci\u00f3 pr\u00f2pia.<\/p>\n<p>Acompa\u00f1a con:<\/p>\n<ul>\n<li><strong>Plot Twist Brut<\/strong> o <strong>Brut Ros\u00e9<\/strong><\/li>\n<\/ul>\n<p>[\/vc_column_text][\/vc_tta_section]<\/p>\n","protected":false},"excerpt":{"rendered":"<p>Coge la agenda y apunta: una ma\u00f1ana de s\u00e1bado al mes, en el jard\u00edn de la casa solariega de Nadal, tienes una cita. Tranquilidad, vistas inmejorables, una propuesta gastron\u00f3mica de lo m\u00e1s atractiva y una copita de corpinnat. Trae a la pareja, el grupo de amigos, la familia\u2026 aquellas personas con las que te gusta compartir una ma\u00f1ana del s\u00e1bado con un plan del <em>chill<\/em>. Reserva tu mesa y llega cuando te vaya bien, sin prisas\u2026<\/p>\n<p>Esta cita ser\u00e1 con el <strong>Frankfurt Pedralbes<\/strong>, el primer frankfurt abierto en el mundo, fundado el a\u00f1o1963.<\/p>\n<p><strong>Fecha: <\/strong>S\u00e1bado 22 de febrero<br \/>\n<strong>Horario:<\/strong> Ven entre les 11.30h y las 13.30h<br \/>\n<strong>Lugar:<\/strong> Jard\u00edn de la casa solariega de Nadal<br \/>\n<strong>Propuesta gastron\u00f3mica de febrero: <\/strong>Acompanya sus frankfurts y hamburguesas de Plot Twist Brut, \u00a1t\u00fa eliges si blanco o rosado!<\/p>\n<ul>\n<li data-leveltext=\"-\" data-font=\"Aptos\" data-listid=\"2\" data-list-defn-props=\"{&quot;335552541&quot;:1,&quot;335559685&quot;:720,&quot;335559991&quot;:360,&quot;469769226&quot;:&quot;Aptos&quot;,&quot;469769242&quot;:[8226],&quot;469777803&quot;:&quot;left&quot;,&quot;469777804&quot;:&quot;-&quot;,&quot;469777815&quot;:&quot;hybridMultilevel&quot;}\" aria-setsize=\"-1\" data-aria-posinset=\"1\" data-aria-level=\"1\"><strong>Frankfurt<\/strong><\/li>\n<li data-leveltext=\"-\" data-font=\"Aptos\" data-listid=\"2\" data-list-defn-props=\"{&quot;335552541&quot;:1,&quot;335559685&quot;:720,&quot;335559991&quot;:360,&quot;469769226&quot;:&quot;Aptos&quot;,&quot;469769242&quot;:[8226],&quot;469777803&quot;:&quot;left&quot;,&quot;469777804&quot;:&quot;-&quot;,&quot;469777815&quot;:&quot;hybridMultilevel&quot;}\" aria-setsize=\"-1\" data-aria-posinset=\"1\" data-aria-level=\"1\"><strong>Cervela<\/strong><\/li>\n<li data-leveltext=\"-\" data-font=\"Aptos\" data-listid=\"2\" data-list-defn-props=\"{&quot;335552541&quot;:1,&quot;335559685&quot;:720,&quot;335559991&quot;:360,&quot;469769226&quot;:&quot;Aptos&quot;,&quot;469769242&quot;:[8226],&quot;469777803&quot;:&quot;left&quot;,&quot;469777804&quot;:&quot;-&quot;,&quot;469777815&quot;:&quot;hybridMultilevel&quot;}\" aria-setsize=\"-1\" data-aria-posinset=\"1\" data-aria-level=\"1\"><strong>Bratwurst<\/strong><\/li>\n<li data-leveltext=\"-\" data-font=\"Aptos\" data-listid=\"2\" data-list-defn-props=\"{&quot;335552541&quot;:1,&quot;335559685&quot;:720,&quot;335559991&quot;:360,&quot;469769226&quot;:&quot;Aptos&quot;,&quot;469769242&quot;:[8226],&quot;469777803&quot;:&quot;left&quot;,&quot;469777804&quot;:&quot;-&quot;,&quot;469777815&quot;:&quot;hybridMultilevel&quot;}\" aria-setsize=\"-1\" data-aria-posinset=\"1\" data-aria-level=\"1\"><strong>Pikantwurst<\/strong><\/li>\n<li data-leveltext=\"-\" data-font=\"Aptos\" data-listid=\"2\" data-list-defn-props=\"{&quot;335552541&quot;:1,&quot;335559685&quot;:720,&quot;335559991&quot;:360,&quot;469769226&quot;:&quot;Aptos&quot;,&quot;469769242&quot;:[8226],&quot;469777803&quot;:&quot;left&quot;,&quot;469777804&quot;:&quot;-&quot;,&quot;469777815&quot;:&quot;hybridMultilevel&quot;}\" aria-setsize=\"-1\" data-aria-posinset=\"1\" data-aria-level=\"1\"><strong>Hamburguesa Casa Vall\u00e8s<\/strong><\/li>\n<\/ul>\n<p>Amb les salses picants d&#8217;elaboraci\u00f3 pr\u00f2pia.<\/p>\n","protected":false},"featured_media":26034,"template":"","meta":{"_acf_changed":false},"product_brand":[],"product_cat":[59],"product_tag":[],"class_list":{"0":"post-26004","1":"product","2":"type-product","3":"status-publish","4":"has-post-thumbnail","6":"product_cat-eventos","7":"product_shipping_class-gratuito","9":"first","10":"instock","11":"taxable","12":"shipping-taxable","13":"purchasable","14":"product-type-simple"},"group_of_quantity":0,"min_quantity":0,"max_quantity":"","exclude_order_quantity_value_rules":"yes","exclude_category_quantity_rules":"no","combine_variations":"no","acf":[],"yoast_head":"<!-- This site is optimized with the Yoast SEO plugin v26.6 - https:\/\/yoast.com\/wordpress\/plugins\/seo\/ -->\n<title>Corpinnateo Plot Twist &amp; Frankfurt Pedralbes - Nadal - Desde 1943<\/title>\n<meta name=\"robots\" content=\"index, nofollow, max-snippet:-1, max-image-preview:large, max-video-preview:-1\" \/>\n<link rel=\"canonical\" href=\"https:\/\/nadal.com\/es\/els-nostres-vins\/eventos\/corpinnateo-frankfurt-pedralbes\/\" \/>\n<meta property=\"og:locale\" content=\"es_ES\" \/>\n<meta property=\"og:type\" content=\"article\" \/>\n<meta property=\"og:title\" content=\"Corpinnateo Plot Twist &amp; Frankfurt Pedralbes - Nadal - Desde 1943\" \/>\n<meta property=\"og:description\" content=\"Coge la agenda y apunta: una ma\u00f1ana de s\u00e1bado al mes, en el jard\u00edn de la casa solariega de Nadal, tienes una cita. Tranquilidad, vistas inmejorables, una propuesta gastron\u00f3mica de lo m\u00e1s atractiva y una copita de corpinnat. Trae a la pareja, el grupo de amigos, la familia\u2026 aquellas personas con las que te gusta compartir una ma\u00f1ana del s\u00e1bado con un plan del chill. Reserva tu mesa y llega cuando te vaya bien, sin prisas\u2026  Esta cita ser\u00e1 con el Frankfurt Pedralbes, el primer frankfurt abierto en el mundo, fundado el a\u00f1o1963.  Fecha: S\u00e1bado 22 de febrero Horario: Ven entre les 11.30h y las 13.30h Lugar: Jard\u00edn de la casa solariega de Nadal Propuesta gastron\u00f3mica de febrero: Acompanya sus frankfurts y hamburguesas de Plot Twist Brut, \u00a1t\u00fa eliges si blanco o rosado!   Frankfurt  Cervela  Bratwurst  Pikantwurst  Hamburguesa Casa Vall\u00e8s  Amb les salses picants d&#039;elaboraci\u00f3 pr\u00f2pia.\" \/>\n<meta property=\"og:url\" content=\"https:\/\/nadal.com\/es\/els-nostres-vins\/eventos\/corpinnateo-frankfurt-pedralbes\/\" \/>\n<meta property=\"og:site_name\" content=\"Nadal\" \/>\n<meta property=\"article:modified_time\" content=\"2025-02-06T14:18:02+00:00\" \/>\n<meta property=\"og:image\" content=\"https:\/\/nadal.com\/wp-content\/uploads\/2025\/01\/pikantwurst_2024-1-scaled.jpg\" \/>\n\t<meta property=\"og:image:width\" content=\"2560\" \/>\n\t<meta property=\"og:image:height\" content=\"2560\" \/>\n\t<meta property=\"og:image:type\" content=\"image\/jpeg\" \/>\n<meta name=\"twitter:card\" content=\"summary_large_image\" \/>\n<meta name=\"twitter:label1\" content=\"Tiempo de lectura\" \/>\n\t<meta name=\"twitter:data1\" content=\"1 minuto\" \/>\n<script type=\"application\/ld+json\" class=\"yoast-schema-graph\">{\"@context\":\"https:\/\/schema.org\",\"@graph\":[{\"@type\":\"WebPage\",\"@id\":\"https:\/\/nadal.com\/es\/els-nostres-vins\/eventos\/corpinnateo-frankfurt-pedralbes\/\",\"url\":\"https:\/\/nadal.com\/es\/els-nostres-vins\/eventos\/corpinnateo-frankfurt-pedralbes\/\",\"name\":\"Corpinnateo Plot Twist & Frankfurt Pedralbes - Nadal - Desde 1943\",\"isPartOf\":{\"@id\":\"https:\/\/nadal.com\/es\/#website\"},\"primaryImageOfPage\":{\"@id\":\"https:\/\/nadal.com\/es\/els-nostres-vins\/eventos\/corpinnateo-frankfurt-pedralbes\/#primaryimage\"},\"image\":{\"@id\":\"https:\/\/nadal.com\/es\/els-nostres-vins\/eventos\/corpinnateo-frankfurt-pedralbes\/#primaryimage\"},\"thumbnailUrl\":\"https:\/\/nadal.com\/wp-content\/uploads\/2025\/01\/pikantwurst_2024-1-scaled.jpg\",\"datePublished\":\"2025-01-28T15:37:04+00:00\",\"dateModified\":\"2025-02-06T14:18:02+00:00\",\"breadcrumb\":{\"@id\":\"https:\/\/nadal.com\/es\/els-nostres-vins\/eventos\/corpinnateo-frankfurt-pedralbes\/#breadcrumb\"},\"inLanguage\":\"es\",\"potentialAction\":[{\"@type\":\"ReadAction\",\"target\":[\"https:\/\/nadal.com\/es\/els-nostres-vins\/eventos\/corpinnateo-frankfurt-pedralbes\/\"]}]},{\"@type\":\"ImageObject\",\"inLanguage\":\"es\",\"@id\":\"https:\/\/nadal.com\/es\/els-nostres-vins\/eventos\/corpinnateo-frankfurt-pedralbes\/#primaryimage\",\"url\":\"https:\/\/nadal.com\/wp-content\/uploads\/2025\/01\/pikantwurst_2024-1-scaled.jpg\",\"contentUrl\":\"https:\/\/nadal.com\/wp-content\/uploads\/2025\/01\/pikantwurst_2024-1-scaled.jpg\",\"width\":2560,\"height\":2560},{\"@type\":\"BreadcrumbList\",\"@id\":\"https:\/\/nadal.com\/es\/els-nostres-vins\/eventos\/corpinnateo-frankfurt-pedralbes\/#breadcrumb\",\"itemListElement\":[{\"@type\":\"ListItem\",\"position\":1,\"name\":\"Inici\",\"item\":\"https:\/\/nadal.com\/es\/\"},{\"@type\":\"ListItem\",\"position\":2,\"name\":\"Nuestros vinos\",\"item\":\"https:\/\/nadal.com\/es\/nuestros-vinos\/\"},{\"@type\":\"ListItem\",\"position\":3,\"name\":\"Corpinnateo Plot Twist &#038; Frankfurt Pedralbes\"}]},{\"@type\":\"WebSite\",\"@id\":\"https:\/\/nadal.com\/es\/#website\",\"url\":\"https:\/\/nadal.com\/es\/\",\"name\":\"Nadal\",\"description\":\"Desde 1943\",\"potentialAction\":[{\"@type\":\"SearchAction\",\"target\":{\"@type\":\"EntryPoint\",\"urlTemplate\":\"https:\/\/nadal.com\/es\/?s={search_term_string}\"},\"query-input\":{\"@type\":\"PropertyValueSpecification\",\"valueRequired\":true,\"valueName\":\"search_term_string\"}}],\"inLanguage\":\"es\"}]}<\/script>\n<!-- \/ Yoast SEO plugin. -->","yoast_head_json":{"title":"Corpinnateo Plot Twist & Frankfurt Pedralbes - Nadal - Desde 1943","robots":{"index":"index","follow":"nofollow","max-snippet":"max-snippet:-1","max-image-preview":"max-image-preview:large","max-video-preview":"max-video-preview:-1"},"canonical":"https:\/\/nadal.com\/es\/els-nostres-vins\/eventos\/corpinnateo-frankfurt-pedralbes\/","og_locale":"es_ES","og_type":"article","og_title":"Corpinnateo Plot Twist & Frankfurt Pedralbes - Nadal - Desde 1943","og_description":"Coge la agenda y apunta: una ma\u00f1ana de s\u00e1bado al mes, en el jard\u00edn de la casa solariega de Nadal, tienes una cita. Tranquilidad, vistas inmejorables, una propuesta gastron\u00f3mica de lo m\u00e1s atractiva y una copita de corpinnat. Trae a la pareja, el grupo de amigos, la familia\u2026 aquellas personas con las que te gusta compartir una ma\u00f1ana del s\u00e1bado con un plan del chill. Reserva tu mesa y llega cuando te vaya bien, sin prisas\u2026  Esta cita ser\u00e1 con el Frankfurt Pedralbes, el primer frankfurt abierto en el mundo, fundado el a\u00f1o1963.  Fecha: S\u00e1bado 22 de febrero Horario: Ven entre les 11.30h y las 13.30h Lugar: Jard\u00edn de la casa solariega de Nadal Propuesta gastron\u00f3mica de febrero: Acompanya sus frankfurts y hamburguesas de Plot Twist Brut, \u00a1t\u00fa eliges si blanco o rosado!   Frankfurt  Cervela  Bratwurst  Pikantwurst  Hamburguesa Casa Vall\u00e8s  Amb les salses picants d'elaboraci\u00f3 pr\u00f2pia.","og_url":"https:\/\/nadal.com\/es\/els-nostres-vins\/eventos\/corpinnateo-frankfurt-pedralbes\/","og_site_name":"Nadal","article_modified_time":"2025-02-06T14:18:02+00:00","og_image":[{"width":2560,"height":2560,"url":"https:\/\/nadal.com\/wp-content\/uploads\/2025\/01\/pikantwurst_2024-1-scaled.jpg","type":"image\/jpeg"}],"twitter_card":"summary_large_image","twitter_misc":{"Tiempo de lectura":"1 minuto"},"schema":{"@context":"https:\/\/schema.org","@graph":[{"@type":"WebPage","@id":"https:\/\/nadal.com\/es\/els-nostres-vins\/eventos\/corpinnateo-frankfurt-pedralbes\/","url":"https:\/\/nadal.com\/es\/els-nostres-vins\/eventos\/corpinnateo-frankfurt-pedralbes\/","name":"Corpinnateo Plot Twist & Frankfurt Pedralbes - Nadal - Desde 1943","isPartOf":{"@id":"https:\/\/nadal.com\/es\/#website"},"primaryImageOfPage":{"@id":"https:\/\/nadal.com\/es\/els-nostres-vins\/eventos\/corpinnateo-frankfurt-pedralbes\/#primaryimage"},"image":{"@id":"https:\/\/nadal.com\/es\/els-nostres-vins\/eventos\/corpinnateo-frankfurt-pedralbes\/#primaryimage"},"thumbnailUrl":"https:\/\/nadal.com\/wp-content\/uploads\/2025\/01\/pikantwurst_2024-1-scaled.jpg","datePublished":"2025-01-28T15:37:04+00:00","dateModified":"2025-02-06T14:18:02+00:00","breadcrumb":{"@id":"https:\/\/nadal.com\/es\/els-nostres-vins\/eventos\/corpinnateo-frankfurt-pedralbes\/#breadcrumb"},"inLanguage":"es","potentialAction":[{"@type":"ReadAction","target":["https:\/\/nadal.com\/es\/els-nostres-vins\/eventos\/corpinnateo-frankfurt-pedralbes\/"]}]},{"@type":"ImageObject","inLanguage":"es","@id":"https:\/\/nadal.com\/es\/els-nostres-vins\/eventos\/corpinnateo-frankfurt-pedralbes\/#primaryimage","url":"https:\/\/nadal.com\/wp-content\/uploads\/2025\/01\/pikantwurst_2024-1-scaled.jpg","contentUrl":"https:\/\/nadal.com\/wp-content\/uploads\/2025\/01\/pikantwurst_2024-1-scaled.jpg","width":2560,"height":2560},{"@type":"BreadcrumbList","@id":"https:\/\/nadal.com\/es\/els-nostres-vins\/eventos\/corpinnateo-frankfurt-pedralbes\/#breadcrumb","itemListElement":[{"@type":"ListItem","position":1,"name":"Inici","item":"https:\/\/nadal.com\/es\/"},{"@type":"ListItem","position":2,"name":"Nuestros vinos","item":"https:\/\/nadal.com\/es\/nuestros-vinos\/"},{"@type":"ListItem","position":3,"name":"Corpinnateo Plot Twist &#038; Frankfurt Pedralbes"}]},{"@type":"WebSite","@id":"https:\/\/nadal.com\/es\/#website","url":"https:\/\/nadal.com\/es\/","name":"Nadal","description":"Desde 1943","potentialAction":[{"@type":"SearchAction","target":{"@type":"EntryPoint","urlTemplate":"https:\/\/nadal.com\/es\/?s={search_term_string}"},"query-input":{"@type":"PropertyValueSpecification","valueRequired":true,"valueName":"search_term_string"}}],"inLanguage":"es"}]}},"_links":{"self":[{"href":"https:\/\/nadal.com\/es\/wp-json\/wp\/v2\/product\/26004","targetHints":{"allow":["GET"]}}],"collection":[{"href":"https:\/\/nadal.com\/es\/wp-json\/wp\/v2\/product"}],"about":[{"href":"https:\/\/nadal.com\/es\/wp-json\/wp\/v2\/types\/product"}],"wp:featuredmedia":[{"embeddable":true,"href":"https:\/\/nadal.com\/es\/wp-json\/wp\/v2\/media\/26034"}],"wp:attachment":[{"href":"https:\/\/nadal.com\/es\/wp-json\/wp\/v2\/media?parent=26004"}],"wp:term":[{"taxonomy":"product_brand","embeddable":true,"href":"https:\/\/nadal.com\/es\/wp-json\/wp\/v2\/product_brand?post=26004"},{"taxonomy":"product_cat","embeddable":true,"href":"https:\/\/nadal.com\/es\/wp-json\/wp\/v2\/product_cat?post=26004"},{"taxonomy":"product_tag","embeddable":true,"href":"https:\/\/nadal.com\/es\/wp-json\/wp\/v2\/product_tag?post=26004"}],"curies":[{"name":"wp","href":"https:\/\/api.w.org\/{rel}","templated":true}]}}