{"id":25416,"date":"2024-12-06T01:00:41","date_gmt":"2024-12-06T00:00:41","guid":{"rendered":"https:\/\/nadal.com\/?post_type=product&#038;p=25416"},"modified":"2025-07-08T14:10:45","modified_gmt":"2025-07-08T12:10:45","slug":"salvatge-brut-2021-40-aniversario","status":"publish","type":"product","link":"https:\/\/nadal.com\/es\/els-nostres-vins\/espumosos-corpinnat\/salvatge-es\/salvatge-brut-2021-40-aniversario\/","title":{"rendered":"Salvatge Brut 2021 &#8211; Ed. 40 aniversari"},"content":{"rendered":"<p>[vc_row][vc_column][vc_column_text]<\/p>\n<h3 class=\"frase-ttl\" style=\"text-align: center;\">\u00abLa estructura y frescor de los mejores macabeos de nuestra finca\u00bb<\/h3>\n<p class=\"frase-desc\" style=\"text-align: center;\">Acent\u00faa las conversaciones de sobremesa con un Brut aut\u00e9ntico.<\/p>\n<p>[\/vc_column_text][vc_separator][\/vc_column][\/vc_row][vc_row][vc_column width=\u00bb1\/2&#8243;][vc_single_image image=\u00bb27095&#8243; img_size=\u00bbfull\u00bb][\/vc_column][vc_column width=\u00bb1\/2&#8243;][vc_column_text]<\/p>\n<h4>Cata<\/h4>\n<p>Amarillo muy p\u00e1lido con burbuja persistente. Aroma fresco de fruta blanca con fondo c\u00edtrico. En boca, persistente con un frescor excelente.[\/vc_column_text][vc_column_text]<\/p>\n<h4>Temperatura de servicio<\/h4>\n<p>6-9\u00ba C.<\/p>\n<p>[\/vc_column_text][vc_column_text]<\/p>\n<h4>Momento \u00f3ptimo de consumo<\/h4>\n<p>Durante los 3 a\u00f1os despu\u00e9s de su deg\u00fcelle.<\/p>\n<p>[\/vc_column_text][vc_column_text]<\/p>\n<h4>Condiciones de almacenaje<\/h4>\n<p>Se recomienda conservar el vino espumoso en el interior de la caja en posici\u00f3n vertical, resguardando de la luz, la humedad y los cambios s\u00fabitos de temperatura.<\/p>\n<p>Temperatura ideal de conservaci\u00f3n: Inferior a 20\u00baC.[\/vc_column_text][vc_column_text el_class=\u00bbfitxa-message\u00bb]<\/p>\n<h5><i class=\"fa fa-file-text-o\" aria-hidden=\"true\"><\/i> <a href=\"https:\/\/nadal.com\/wp-content\/uploads\/2024\/11\/Salvatge-Brut-Ed.-40-Aniversari-2021-ESP-1.pdf\" target=\"_blank\" rel=\"noopener noreferrer\">Ficha t\u00e9cnica<\/a><\/h5>\n<p>[\/vc_column_text][\/vc_column][\/vc_row]<\/p>\n","protected":false},"excerpt":{"rendered":"<p>Con esta edici\u00f3n limitada queremos recordar los or\u00edgenes de este espumoso emblem\u00e1tico de Nadal. Y reproducimos sus caracter\u00edsticas: el estilo de vinos usados para producirlo, el dosaje y, como no, la presentaci\u00f3n de la primera cosecha comercializada.<\/p>\n<p><strong>Vino espumoso corpinnat <\/strong><br \/>\n<strong>Variedades de uva:<\/strong> 57% Macabeu | 24% Parellada | 19% Xarel\u00b7lo de cosecha propia<br \/>\n<strong>Vendimia:<\/strong> 2021<br \/>\n<strong>N\u00ba botellas:<\/strong> 1.984<\/p>\n","protected":false},"featured_media":27548,"template":"","meta":{"_acf_changed":false},"product_brand":[],"product_cat":[54,57],"product_tag":[],"class_list":{"0":"post-25416","1":"product","2":"type-product","3":"status-publish","4":"has-post-thumbnail","6":"product_cat-espumosos-corpinnat","7":"product_cat-salvatge-es","9":"first","10":"instock","11":"taxable","12":"shipping-taxable","13":"product-type-simple"},"group_of_quantity":0,"min_quantity":0,"max_quantity":"","exclude_order_quantity_value_rules":"no","exclude_category_quantity_rules":"no","combine_variations":"no","acf":[],"yoast_head":"<!-- This site is optimized with the Yoast SEO plugin v26.6 - https:\/\/yoast.com\/wordpress\/plugins\/seo\/ -->\n<title>Salvatge Brut 2021 - Ed. 40 aniversari - Caves Nadal - Desde 1943<\/title>\n<meta name=\"description\" content=\"Descubre nuestro vino espumoso, un macabeo con mucha estructura y car\u00e1cter. La palabra \u201csalvatge\u201d aparec\u00eda constantemente cuando los prob\u00e1bamos y as\u00ed...\" \/>\n<meta name=\"robots\" content=\"index, follow, max-snippet:-1, max-image-preview:large, max-video-preview:-1\" \/>\n<link rel=\"canonical\" href=\"https:\/\/nadal.com\/es\/els-nostres-vins\/espumosos-corpinnat\/salvatge-es\/salvatge-brut-2021-40-aniversario\/\" \/>\n<meta property=\"og:locale\" content=\"es_ES\" \/>\n<meta property=\"og:type\" content=\"article\" \/>\n<meta property=\"og:title\" content=\"Salvatge Brut 2021 - Ed. 40 aniversari - Caves Nadal - Desde 1943\" \/>\n<meta property=\"og:description\" content=\"Descubre nuestro vino espumoso, un macabeo con mucha estructura y car\u00e1cter. La palabra \u201csalvatge\u201d aparec\u00eda constantemente cuando los prob\u00e1bamos y as\u00ed...\" \/>\n<meta property=\"og:url\" content=\"https:\/\/nadal.com\/es\/els-nostres-vins\/espumosos-corpinnat\/salvatge-es\/salvatge-brut-2021-40-aniversario\/\" \/>\n<meta property=\"og:site_name\" content=\"Nadal\" \/>\n<meta property=\"article:modified_time\" content=\"2025-07-08T12:10:45+00:00\" \/>\n<meta property=\"og:image\" content=\"https:\/\/nadal.com\/wp-content\/uploads\/2023\/03\/nadal_salvatge_vintage_2021_nov2025.jpg\" \/>\n\t<meta property=\"og:image:width\" content=\"1400\" \/>\n\t<meta property=\"og:image:height\" content=\"1400\" \/>\n\t<meta property=\"og:image:type\" content=\"image\/jpeg\" \/>\n<meta name=\"twitter:card\" content=\"summary_large_image\" \/>\n<meta name=\"twitter:label1\" content=\"Tiempo de lectura\" \/>\n\t<meta name=\"twitter:data1\" content=\"1 minuto\" \/>\n<script type=\"application\/ld+json\" class=\"yoast-schema-graph\">{\"@context\":\"https:\/\/schema.org\",\"@graph\":[{\"@type\":\"WebPage\",\"@id\":\"https:\/\/nadal.com\/es\/els-nostres-vins\/espumosos-corpinnat\/salvatge-es\/salvatge-brut-2021-40-aniversario\/\",\"url\":\"https:\/\/nadal.com\/es\/els-nostres-vins\/espumosos-corpinnat\/salvatge-es\/salvatge-brut-2021-40-aniversario\/\",\"name\":\"Salvatge Brut 2021 - Ed. 40 aniversari - Caves Nadal - Desde 1943\",\"isPartOf\":{\"@id\":\"https:\/\/nadal.com\/es\/#website\"},\"primaryImageOfPage\":{\"@id\":\"https:\/\/nadal.com\/es\/els-nostres-vins\/espumosos-corpinnat\/salvatge-es\/salvatge-brut-2021-40-aniversario\/#primaryimage\"},\"image\":{\"@id\":\"https:\/\/nadal.com\/es\/els-nostres-vins\/espumosos-corpinnat\/salvatge-es\/salvatge-brut-2021-40-aniversario\/#primaryimage\"},\"thumbnailUrl\":\"https:\/\/nadal.com\/wp-content\/uploads\/2023\/03\/nadal_salvatge_vintage_2021_nov2025.jpg\",\"datePublished\":\"2024-12-06T00:00:41+00:00\",\"dateModified\":\"2025-07-08T12:10:45+00:00\",\"description\":\"Descubre nuestro vino espumoso, un macabeo con mucha estructura y car\u00e1cter. La palabra \u201csalvatge\u201d aparec\u00eda constantemente cuando los prob\u00e1bamos y as\u00ed...\",\"breadcrumb\":{\"@id\":\"https:\/\/nadal.com\/es\/els-nostres-vins\/espumosos-corpinnat\/salvatge-es\/salvatge-brut-2021-40-aniversario\/#breadcrumb\"},\"inLanguage\":\"es\",\"potentialAction\":[{\"@type\":\"ReadAction\",\"target\":[\"https:\/\/nadal.com\/es\/els-nostres-vins\/espumosos-corpinnat\/salvatge-es\/salvatge-brut-2021-40-aniversario\/\"]}]},{\"@type\":\"ImageObject\",\"inLanguage\":\"es\",\"@id\":\"https:\/\/nadal.com\/es\/els-nostres-vins\/espumosos-corpinnat\/salvatge-es\/salvatge-brut-2021-40-aniversario\/#primaryimage\",\"url\":\"https:\/\/nadal.com\/wp-content\/uploads\/2023\/03\/nadal_salvatge_vintage_2021_nov2025.jpg\",\"contentUrl\":\"https:\/\/nadal.com\/wp-content\/uploads\/2023\/03\/nadal_salvatge_vintage_2021_nov2025.jpg\",\"width\":1400,\"height\":1400},{\"@type\":\"BreadcrumbList\",\"@id\":\"https:\/\/nadal.com\/es\/els-nostres-vins\/espumosos-corpinnat\/salvatge-es\/salvatge-brut-2021-40-aniversario\/#breadcrumb\",\"itemListElement\":[{\"@type\":\"ListItem\",\"position\":1,\"name\":\"Inici\",\"item\":\"https:\/\/nadal.com\/es\/\"},{\"@type\":\"ListItem\",\"position\":2,\"name\":\"Nuestros vinos\",\"item\":\"https:\/\/nadal.com\/es\/nuestros-vinos\/\"},{\"@type\":\"ListItem\",\"position\":3,\"name\":\"Salvatge Brut 2021 &#8211; Ed. 40 aniversari\"}]},{\"@type\":\"WebSite\",\"@id\":\"https:\/\/nadal.com\/es\/#website\",\"url\":\"https:\/\/nadal.com\/es\/\",\"name\":\"Nadal\",\"description\":\"Desde 1943\",\"potentialAction\":[{\"@type\":\"SearchAction\",\"target\":{\"@type\":\"EntryPoint\",\"urlTemplate\":\"https:\/\/nadal.com\/es\/?s={search_term_string}\"},\"query-input\":{\"@type\":\"PropertyValueSpecification\",\"valueRequired\":true,\"valueName\":\"search_term_string\"}}],\"inLanguage\":\"es\"}]}<\/script>\n<!-- \/ Yoast SEO plugin. -->","yoast_head_json":{"title":"Salvatge Brut 2021 - Ed. 40 aniversari - Caves Nadal - Desde 1943","description":"Descubre nuestro vino espumoso, un macabeo con mucha estructura y car\u00e1cter. La palabra \u201csalvatge\u201d aparec\u00eda constantemente cuando los prob\u00e1bamos y as\u00ed...","robots":{"index":"index","follow":"follow","max-snippet":"max-snippet:-1","max-image-preview":"max-image-preview:large","max-video-preview":"max-video-preview:-1"},"canonical":"https:\/\/nadal.com\/es\/els-nostres-vins\/espumosos-corpinnat\/salvatge-es\/salvatge-brut-2021-40-aniversario\/","og_locale":"es_ES","og_type":"article","og_title":"Salvatge Brut 2021 - Ed. 40 aniversari - Caves Nadal - Desde 1943","og_description":"Descubre nuestro vino espumoso, un macabeo con mucha estructura y car\u00e1cter. La palabra \u201csalvatge\u201d aparec\u00eda constantemente cuando los prob\u00e1bamos y as\u00ed...","og_url":"https:\/\/nadal.com\/es\/els-nostres-vins\/espumosos-corpinnat\/salvatge-es\/salvatge-brut-2021-40-aniversario\/","og_site_name":"Nadal","article_modified_time":"2025-07-08T12:10:45+00:00","og_image":[{"width":1400,"height":1400,"url":"https:\/\/nadal.com\/wp-content\/uploads\/2023\/03\/nadal_salvatge_vintage_2021_nov2025.jpg","type":"image\/jpeg"}],"twitter_card":"summary_large_image","twitter_misc":{"Tiempo de lectura":"1 minuto"},"schema":{"@context":"https:\/\/schema.org","@graph":[{"@type":"WebPage","@id":"https:\/\/nadal.com\/es\/els-nostres-vins\/espumosos-corpinnat\/salvatge-es\/salvatge-brut-2021-40-aniversario\/","url":"https:\/\/nadal.com\/es\/els-nostres-vins\/espumosos-corpinnat\/salvatge-es\/salvatge-brut-2021-40-aniversario\/","name":"Salvatge Brut 2021 - Ed. 40 aniversari - Caves Nadal - Desde 1943","isPartOf":{"@id":"https:\/\/nadal.com\/es\/#website"},"primaryImageOfPage":{"@id":"https:\/\/nadal.com\/es\/els-nostres-vins\/espumosos-corpinnat\/salvatge-es\/salvatge-brut-2021-40-aniversario\/#primaryimage"},"image":{"@id":"https:\/\/nadal.com\/es\/els-nostres-vins\/espumosos-corpinnat\/salvatge-es\/salvatge-brut-2021-40-aniversario\/#primaryimage"},"thumbnailUrl":"https:\/\/nadal.com\/wp-content\/uploads\/2023\/03\/nadal_salvatge_vintage_2021_nov2025.jpg","datePublished":"2024-12-06T00:00:41+00:00","dateModified":"2025-07-08T12:10:45+00:00","description":"Descubre nuestro vino espumoso, un macabeo con mucha estructura y car\u00e1cter. La palabra \u201csalvatge\u201d aparec\u00eda constantemente cuando los prob\u00e1bamos y as\u00ed...","breadcrumb":{"@id":"https:\/\/nadal.com\/es\/els-nostres-vins\/espumosos-corpinnat\/salvatge-es\/salvatge-brut-2021-40-aniversario\/#breadcrumb"},"inLanguage":"es","potentialAction":[{"@type":"ReadAction","target":["https:\/\/nadal.com\/es\/els-nostres-vins\/espumosos-corpinnat\/salvatge-es\/salvatge-brut-2021-40-aniversario\/"]}]},{"@type":"ImageObject","inLanguage":"es","@id":"https:\/\/nadal.com\/es\/els-nostres-vins\/espumosos-corpinnat\/salvatge-es\/salvatge-brut-2021-40-aniversario\/#primaryimage","url":"https:\/\/nadal.com\/wp-content\/uploads\/2023\/03\/nadal_salvatge_vintage_2021_nov2025.jpg","contentUrl":"https:\/\/nadal.com\/wp-content\/uploads\/2023\/03\/nadal_salvatge_vintage_2021_nov2025.jpg","width":1400,"height":1400},{"@type":"BreadcrumbList","@id":"https:\/\/nadal.com\/es\/els-nostres-vins\/espumosos-corpinnat\/salvatge-es\/salvatge-brut-2021-40-aniversario\/#breadcrumb","itemListElement":[{"@type":"ListItem","position":1,"name":"Inici","item":"https:\/\/nadal.com\/es\/"},{"@type":"ListItem","position":2,"name":"Nuestros vinos","item":"https:\/\/nadal.com\/es\/nuestros-vinos\/"},{"@type":"ListItem","position":3,"name":"Salvatge Brut 2021 &#8211; Ed. 40 aniversari"}]},{"@type":"WebSite","@id":"https:\/\/nadal.com\/es\/#website","url":"https:\/\/nadal.com\/es\/","name":"Nadal","description":"Desde 1943","potentialAction":[{"@type":"SearchAction","target":{"@type":"EntryPoint","urlTemplate":"https:\/\/nadal.com\/es\/?s={search_term_string}"},"query-input":{"@type":"PropertyValueSpecification","valueRequired":true,"valueName":"search_term_string"}}],"inLanguage":"es"}]}},"_links":{"self":[{"href":"https:\/\/nadal.com\/es\/wp-json\/wp\/v2\/product\/25416","targetHints":{"allow":["GET"]}}],"collection":[{"href":"https:\/\/nadal.com\/es\/wp-json\/wp\/v2\/product"}],"about":[{"href":"https:\/\/nadal.com\/es\/wp-json\/wp\/v2\/types\/product"}],"wp:featuredmedia":[{"embeddable":true,"href":"https:\/\/nadal.com\/es\/wp-json\/wp\/v2\/media\/27548"}],"wp:attachment":[{"href":"https:\/\/nadal.com\/es\/wp-json\/wp\/v2\/media?parent=25416"}],"wp:term":[{"taxonomy":"product_brand","embeddable":true,"href":"https:\/\/nadal.com\/es\/wp-json\/wp\/v2\/product_brand?post=25416"},{"taxonomy":"product_cat","embeddable":true,"href":"https:\/\/nadal.com\/es\/wp-json\/wp\/v2\/product_cat?post=25416"},{"taxonomy":"product_tag","embeddable":true,"href":"https:\/\/nadal.com\/es\/wp-json\/wp\/v2\/product_tag?post=25416"}],"curies":[{"name":"wp","href":"https:\/\/api.w.org\/{rel}","templated":true}]}}