{"id":2515,"date":"2018-09-19T12:42:32","date_gmt":"2018-09-19T10:42:32","guid":{"rendered":"http:\/\/mjsffbz.cluster028.hosting.ovh.net\/producte\/nadal-vinagre-de-vendimia-tardia\/"},"modified":"2025-06-18T18:18:43","modified_gmt":"2025-06-18T16:18:43","slug":"nadal-vinagre-de-vendimia-tardia","status":"publish","type":"product","link":"https:\/\/nadal.com\/es\/els-nostres-vins\/vinagre\/nadal-vinagre-de-vendimia-tardia\/","title":{"rendered":"Nadal Vinagre de Vendimia Tard\u00eda"},"content":{"rendered":"<p>[vc_row][vc_column][vc_column_text]<\/p>\n<h3 class=\"frase-ttl\" style=\"text-align: center;\">\u00abUn vinagre agridulce natural, procedente de soleras de m\u00e1s de 15 a\u00f1os.\u00bb<\/h3>\n<p class=\"frase-desc\" style=\"text-align: center;\">Te sorprender\u00e1, ya sea que lo reduzcas o lo utilices para preparar cualquier plato.<\/p>\n<p>[\/vc_column_text][vc_separator][\/vc_column][\/vc_row][vc_row][vc_column width=\u00bb1\/2&#8243;][vc_single_image image=\u00bb25901&#8243; img_size=\u00bb685 x 700&#8243;][\/vc_column][vc_column width=\u00bb1\/2&#8243;][vc_column_text]<\/p>\n<h4>Cata<\/h4>\n<p>Equilibrio entre la fuerza de la elaboraci\u00f3n artesanal de vinagre y la dulzura de la uva de vendimia tard\u00eda.<\/p>\n<p>Disponemos de soleras desde 1998 que, h\u00e1bilmente armonizadas, nos proporcionan, a\u00f1o tras a\u00f1o, producciones muy limitadas de este vinagre.<\/p>\n<p><strong>Sin aditivos. No contiene sulfitos ni colorantes.<\/strong>[\/vc_column_text][vc_column_text el_class=\u00bbfitxa-message\u00bb]<\/p>\n<h5><i class=\"fa fa-file-text-o\" aria-hidden=\"true\"><\/i> <a href=\"https:\/\/nadal.com\/wp-content\/uploads\/2025\/06\/Vinagre-de-vendimia-tardia.pdf\" target=\"_blank\" rel=\"noopener noreferrer\">Ficha t\u00e9cnica<\/a><\/h5>\n<p>[\/vc_column_text][\/vc_column][\/vc_row]<\/p>\n","protected":false},"excerpt":{"rendered":"<div class=\"flex-1 overflow-hidden\">\n<div class=\"react-scroll-to-bottom--css-wpext-79elbk h-full\">\n<div class=\"react-scroll-to-bottom--css-wpext-1n7m0yu\">\n<div class=\"flex flex-col pb-9 text-sm\">\n<div class=\"w-full text-token-text-primary\" data-testid=\"conversation-turn-9\">\n<div class=\"px-4 py-2 justify-center text-base md:gap-6 m-auto\">\n<div class=\"flex flex-1 text-base mx-auto gap-3 md:px-5 lg:px-1 xl:px-5 md:max-w-3xl lg:max-w-[40rem] xl:max-w-[48rem] group final-completion\">\n<div class=\"relative flex w-full flex-col lg:w-[calc(100%-115px)] agent-turn\">\n<div class=\"flex-col gap-1 md:gap-3\">\n<div class=\"flex flex-grow flex-col max-w-full\">\n<div class=\"min-h-[20px] text-message flex flex-col items-start gap-3 whitespace-pre-wrap break-words [.text-message+&amp;]:mt-5 overflow-x-auto\" data-message-author-role=\"assistant\" data-message-id=\"69dc1856-9147-4395-a8d5-06eb57fbeab3\">\n<div class=\"markdown prose w-full break-words dark:prose-invert light\">\n<p>El noble dulzor de este vinagre proviene directamente del az\u00facar natural que el sol concentra en la uva macabeo de vendimia tard\u00eda de la Finca Nadal.<\/p>\n<\/div>\n<\/div>\n<\/div>\n<\/div>\n<\/div>\n<\/div>\n<\/div>\n<\/div>\n<\/div>\n<\/div>\n<\/div>\n<\/div>\n<p><strong>Variedades de uvas:<\/strong> 100% Macabeo de Vendimia propia<br \/>\n<strong>Vi\u00f1a:<\/strong> La Segarra.<br \/>\n<strong>Crianza:<\/strong> M\u00e1s de 15 a\u00f1os.<br \/>\n<strong>Sistema de crianza:<\/strong> Soleras en barricas de roble franc\u00e9s de 300 litros Allier.<\/p>\n","protected":false},"featured_media":27545,"template":"","meta":{"_acf_changed":false},"product_brand":[],"product_cat":[63],"product_tag":[],"class_list":{"0":"post-2515","1":"product","2":"type-product","3":"status-publish","4":"has-post-thumbnail","6":"product_cat-vinagre","8":"first","9":"instock","10":"taxable","11":"shipping-taxable","12":"product-type-simple"},"group_of_quantity":0,"min_quantity":0,"max_quantity":"","exclude_order_quantity_value_rules":"no","exclude_category_quantity_rules":"no","combine_variations":"no","acf":[],"yoast_head":"<!-- This site is optimized with the Yoast SEO plugin v26.6 - https:\/\/yoast.com\/wordpress\/plugins\/seo\/ -->\n<title>Nadal Vinagre de Vendimia Tard\u00eda - Caves Nadal - Desde 1943<\/title>\n<meta name=\"description\" content=\"Un vinagre agridulce natural, procedente de soleras de m\u00e1s de 15 a\u00f1os.\" \/>\n<meta name=\"robots\" content=\"index, follow, max-snippet:-1, max-image-preview:large, max-video-preview:-1\" \/>\n<link rel=\"canonical\" href=\"https:\/\/nadal.com\/es\/els-nostres-vins\/vinagre\/nadal-vinagre-de-vendimia-tardia\/\" \/>\n<meta property=\"og:locale\" content=\"es_ES\" \/>\n<meta property=\"og:type\" content=\"article\" \/>\n<meta property=\"og:title\" content=\"Nadal Vinagre de Vendimia Tard\u00eda - Caves Nadal - Desde 1943\" \/>\n<meta property=\"og:description\" content=\"Un vinagre agridulce natural, procedente de soleras de m\u00e1s de 15 a\u00f1os.\" \/>\n<meta property=\"og:url\" content=\"https:\/\/nadal.com\/es\/els-nostres-vins\/vinagre\/nadal-vinagre-de-vendimia-tardia\/\" \/>\n<meta property=\"og:site_name\" content=\"Nadal\" \/>\n<meta property=\"article:modified_time\" content=\"2025-06-18T16:18:43+00:00\" \/>\n<meta property=\"og:image\" content=\"https:\/\/nadal.com\/wp-content\/uploads\/2023\/03\/Nadal-Late-Harvest-Grape-Vinegar-15-ANYS_nov2025.jpg\" \/>\n\t<meta property=\"og:image:width\" content=\"1400\" \/>\n\t<meta property=\"og:image:height\" content=\"1400\" \/>\n\t<meta property=\"og:image:type\" content=\"image\/jpeg\" \/>\n<meta name=\"twitter:card\" content=\"summary_large_image\" \/>\n<meta name=\"twitter:label1\" content=\"Tiempo de lectura\" \/>\n\t<meta name=\"twitter:data1\" content=\"1 minuto\" \/>\n<script type=\"application\/ld+json\" class=\"yoast-schema-graph\">{\"@context\":\"https:\/\/schema.org\",\"@graph\":[{\"@type\":\"WebPage\",\"@id\":\"https:\/\/nadal.com\/es\/els-nostres-vins\/vinagre\/nadal-vinagre-de-vendimia-tardia\/\",\"url\":\"https:\/\/nadal.com\/es\/els-nostres-vins\/vinagre\/nadal-vinagre-de-vendimia-tardia\/\",\"name\":\"Nadal Vinagre de Vendimia Tard\u00eda - Caves Nadal - Desde 1943\",\"isPartOf\":{\"@id\":\"https:\/\/nadal.com\/es\/#website\"},\"primaryImageOfPage\":{\"@id\":\"https:\/\/nadal.com\/es\/els-nostres-vins\/vinagre\/nadal-vinagre-de-vendimia-tardia\/#primaryimage\"},\"image\":{\"@id\":\"https:\/\/nadal.com\/es\/els-nostres-vins\/vinagre\/nadal-vinagre-de-vendimia-tardia\/#primaryimage\"},\"thumbnailUrl\":\"https:\/\/nadal.com\/wp-content\/uploads\/2023\/03\/Nadal-Late-Harvest-Grape-Vinegar-15-ANYS_nov2025.jpg\",\"datePublished\":\"2018-09-19T10:42:32+00:00\",\"dateModified\":\"2025-06-18T16:18:43+00:00\",\"description\":\"Un vinagre agridulce natural, procedente de soleras de m\u00e1s de 15 a\u00f1os.\",\"breadcrumb\":{\"@id\":\"https:\/\/nadal.com\/es\/els-nostres-vins\/vinagre\/nadal-vinagre-de-vendimia-tardia\/#breadcrumb\"},\"inLanguage\":\"es\",\"potentialAction\":[{\"@type\":\"ReadAction\",\"target\":[\"https:\/\/nadal.com\/es\/els-nostres-vins\/vinagre\/nadal-vinagre-de-vendimia-tardia\/\"]}]},{\"@type\":\"ImageObject\",\"inLanguage\":\"es\",\"@id\":\"https:\/\/nadal.com\/es\/els-nostres-vins\/vinagre\/nadal-vinagre-de-vendimia-tardia\/#primaryimage\",\"url\":\"https:\/\/nadal.com\/wp-content\/uploads\/2023\/03\/Nadal-Late-Harvest-Grape-Vinegar-15-ANYS_nov2025.jpg\",\"contentUrl\":\"https:\/\/nadal.com\/wp-content\/uploads\/2023\/03\/Nadal-Late-Harvest-Grape-Vinegar-15-ANYS_nov2025.jpg\",\"width\":1400,\"height\":1400},{\"@type\":\"BreadcrumbList\",\"@id\":\"https:\/\/nadal.com\/es\/els-nostres-vins\/vinagre\/nadal-vinagre-de-vendimia-tardia\/#breadcrumb\",\"itemListElement\":[{\"@type\":\"ListItem\",\"position\":1,\"name\":\"Inici\",\"item\":\"https:\/\/nadal.com\/es\/\"},{\"@type\":\"ListItem\",\"position\":2,\"name\":\"Nuestros vinos\",\"item\":\"https:\/\/nadal.com\/es\/nuestros-vinos\/\"},{\"@type\":\"ListItem\",\"position\":3,\"name\":\"Nadal Vinagre de Vendimia Tard\u00eda\"}]},{\"@type\":\"WebSite\",\"@id\":\"https:\/\/nadal.com\/es\/#website\",\"url\":\"https:\/\/nadal.com\/es\/\",\"name\":\"Nadal\",\"description\":\"Desde 1943\",\"potentialAction\":[{\"@type\":\"SearchAction\",\"target\":{\"@type\":\"EntryPoint\",\"urlTemplate\":\"https:\/\/nadal.com\/es\/?s={search_term_string}\"},\"query-input\":{\"@type\":\"PropertyValueSpecification\",\"valueRequired\":true,\"valueName\":\"search_term_string\"}}],\"inLanguage\":\"es\"}]}<\/script>\n<!-- \/ Yoast SEO plugin. -->","yoast_head_json":{"title":"Nadal Vinagre de Vendimia Tard\u00eda - Caves Nadal - Desde 1943","description":"Un vinagre agridulce natural, procedente de soleras de m\u00e1s de 15 a\u00f1os.","robots":{"index":"index","follow":"follow","max-snippet":"max-snippet:-1","max-image-preview":"max-image-preview:large","max-video-preview":"max-video-preview:-1"},"canonical":"https:\/\/nadal.com\/es\/els-nostres-vins\/vinagre\/nadal-vinagre-de-vendimia-tardia\/","og_locale":"es_ES","og_type":"article","og_title":"Nadal Vinagre de Vendimia Tard\u00eda - Caves Nadal - Desde 1943","og_description":"Un vinagre agridulce natural, procedente de soleras de m\u00e1s de 15 a\u00f1os.","og_url":"https:\/\/nadal.com\/es\/els-nostres-vins\/vinagre\/nadal-vinagre-de-vendimia-tardia\/","og_site_name":"Nadal","article_modified_time":"2025-06-18T16:18:43+00:00","og_image":[{"width":1400,"height":1400,"url":"https:\/\/nadal.com\/wp-content\/uploads\/2023\/03\/Nadal-Late-Harvest-Grape-Vinegar-15-ANYS_nov2025.jpg","type":"image\/jpeg"}],"twitter_card":"summary_large_image","twitter_misc":{"Tiempo de lectura":"1 minuto"},"schema":{"@context":"https:\/\/schema.org","@graph":[{"@type":"WebPage","@id":"https:\/\/nadal.com\/es\/els-nostres-vins\/vinagre\/nadal-vinagre-de-vendimia-tardia\/","url":"https:\/\/nadal.com\/es\/els-nostres-vins\/vinagre\/nadal-vinagre-de-vendimia-tardia\/","name":"Nadal Vinagre de Vendimia Tard\u00eda - Caves Nadal - Desde 1943","isPartOf":{"@id":"https:\/\/nadal.com\/es\/#website"},"primaryImageOfPage":{"@id":"https:\/\/nadal.com\/es\/els-nostres-vins\/vinagre\/nadal-vinagre-de-vendimia-tardia\/#primaryimage"},"image":{"@id":"https:\/\/nadal.com\/es\/els-nostres-vins\/vinagre\/nadal-vinagre-de-vendimia-tardia\/#primaryimage"},"thumbnailUrl":"https:\/\/nadal.com\/wp-content\/uploads\/2023\/03\/Nadal-Late-Harvest-Grape-Vinegar-15-ANYS_nov2025.jpg","datePublished":"2018-09-19T10:42:32+00:00","dateModified":"2025-06-18T16:18:43+00:00","description":"Un vinagre agridulce natural, procedente de soleras de m\u00e1s de 15 a\u00f1os.","breadcrumb":{"@id":"https:\/\/nadal.com\/es\/els-nostres-vins\/vinagre\/nadal-vinagre-de-vendimia-tardia\/#breadcrumb"},"inLanguage":"es","potentialAction":[{"@type":"ReadAction","target":["https:\/\/nadal.com\/es\/els-nostres-vins\/vinagre\/nadal-vinagre-de-vendimia-tardia\/"]}]},{"@type":"ImageObject","inLanguage":"es","@id":"https:\/\/nadal.com\/es\/els-nostres-vins\/vinagre\/nadal-vinagre-de-vendimia-tardia\/#primaryimage","url":"https:\/\/nadal.com\/wp-content\/uploads\/2023\/03\/Nadal-Late-Harvest-Grape-Vinegar-15-ANYS_nov2025.jpg","contentUrl":"https:\/\/nadal.com\/wp-content\/uploads\/2023\/03\/Nadal-Late-Harvest-Grape-Vinegar-15-ANYS_nov2025.jpg","width":1400,"height":1400},{"@type":"BreadcrumbList","@id":"https:\/\/nadal.com\/es\/els-nostres-vins\/vinagre\/nadal-vinagre-de-vendimia-tardia\/#breadcrumb","itemListElement":[{"@type":"ListItem","position":1,"name":"Inici","item":"https:\/\/nadal.com\/es\/"},{"@type":"ListItem","position":2,"name":"Nuestros vinos","item":"https:\/\/nadal.com\/es\/nuestros-vinos\/"},{"@type":"ListItem","position":3,"name":"Nadal Vinagre de Vendimia Tard\u00eda"}]},{"@type":"WebSite","@id":"https:\/\/nadal.com\/es\/#website","url":"https:\/\/nadal.com\/es\/","name":"Nadal","description":"Desde 1943","potentialAction":[{"@type":"SearchAction","target":{"@type":"EntryPoint","urlTemplate":"https:\/\/nadal.com\/es\/?s={search_term_string}"},"query-input":{"@type":"PropertyValueSpecification","valueRequired":true,"valueName":"search_term_string"}}],"inLanguage":"es"}]}},"_links":{"self":[{"href":"https:\/\/nadal.com\/es\/wp-json\/wp\/v2\/product\/2515","targetHints":{"allow":["GET"]}}],"collection":[{"href":"https:\/\/nadal.com\/es\/wp-json\/wp\/v2\/product"}],"about":[{"href":"https:\/\/nadal.com\/es\/wp-json\/wp\/v2\/types\/product"}],"wp:featuredmedia":[{"embeddable":true,"href":"https:\/\/nadal.com\/es\/wp-json\/wp\/v2\/media\/27545"}],"wp:attachment":[{"href":"https:\/\/nadal.com\/es\/wp-json\/wp\/v2\/media?parent=2515"}],"wp:term":[{"taxonomy":"product_brand","embeddable":true,"href":"https:\/\/nadal.com\/es\/wp-json\/wp\/v2\/product_brand?post=2515"},{"taxonomy":"product_cat","embeddable":true,"href":"https:\/\/nadal.com\/es\/wp-json\/wp\/v2\/product_cat?post=2515"},{"taxonomy":"product_tag","embeddable":true,"href":"https:\/\/nadal.com\/es\/wp-json\/wp\/v2\/product_tag?post=2515"}],"curies":[{"name":"wp","href":"https:\/\/api.w.org\/{rel}","templated":true}]}}