{"id":2487,"date":"2018-09-19T12:37:22","date_gmt":"2018-09-19T10:37:22","guid":{"rendered":"http:\/\/mjsffbz.cluster028.hosting.ovh.net\/producte\/nadal-1510-botrytis-noble-2001\/"},"modified":"2025-06-18T18:18:27","modified_gmt":"2025-06-18T16:18:27","slug":"nadal-1510-botrytis-noble-2003","status":"publish","type":"product","link":"https:\/\/nadal.com\/es\/els-nostres-vins\/vinos-dulces-de-botrytis\/nadal-1510-botrytis-noble-2003\/","title":{"rendered":"Nadal 1510 Botrytis Noble 2003"},"content":{"rendered":"<p>[vc_row][vc_column][vc_column_text]<\/p>\n<h3 class=\"frase-ttl\" style=\"text-align: center;\">\u00abAbre la botella y d\u00e9jala respirar unos minutos&#8230;\u00bb<\/h3>\n<p>[\/vc_column_text][vc_separator][\/vc_column][\/vc_row][vc_row][vc_column width=\u00bb1\/2&#8243;][vc_single_image image=\u00bb23472&#8243; img_size=\u00bbfull\u00bb][\/vc_column][vc_column width=\u00bb1\/2&#8243;][vc_column_text]<\/p>\n<h4>Cata<\/h4>\n<p>Dorado amarillo paja con reflejos dorados. Aroma intenso con notas de fruta confitada y las propias de la Botrytis Cinerea. Perfecto equilibrio entre la acidez, los az\u00facares y el grado alcoh\u00f3lico. Muy denso y rico en sensaciones gustativas.[\/vc_column_text][vc_column_text]<\/p>\n<h4>Temperatura de servicio<\/h4>\n<p>10-12\u00baC.<\/p>\n<p>[\/vc_column_text][vc_column_text]<\/p>\n<h4>Momento \u00f3ptimo de consumo<\/h4>\n<p>Mejora en botella, como m\u00ednimo, durante los 25 a\u00f1os posteriores a la cosecha.[\/vc_column_text][vc_column_text]<\/p>\n<h4>Condiciones de almacenaje<\/h4>\n<p>Se recomienda consevar el vino en el interior de la caja en posici\u00f3n horizontal, reguardado de la luz, la humedad y los cambios s\u00fabitos de temperatura.<\/p>\n<p>Temperatura ideal de conservaci\u00f3n: inferior a 20\u00baC.[\/vc_column_text][vc_column_text el_class=\u00bbfitxa-message\u00bb]<\/p>\n<h5><i class=\"fa fa-file-text-o\" aria-hidden=\"true\"><\/i> <a href=\"https:\/\/nadal.com\/wp-content\/uploads\/2024\/01\/Nadal-1510-Botrytis-Noble-2003-espanyol.pdf\" target=\"_blank\" rel=\"noopener noreferrer\">Ficha t\u00e9cnica<\/a><\/h5>\n<p>[\/vc_column_text][\/vc_column][\/vc_row]<\/p>\n","protected":false},"excerpt":{"rendered":"<p>Una ma\u00f1ana fr\u00eda y soleada de oto\u00f1o de 1995, dando un paseo por la finca, nos dimos cuenta de que las uvas que nos hab\u00edan quedado para vendimiar eran extremadamente dulces. Quisimos saber m\u00e1s y descubrimos que eran uvas afectadas por el hongo Botrytis, uno de los sistemas de sobremaduraci\u00f3n m\u00e1s perfecto para producir vinos dulces extraordinarios. Tres a\u00f1os despu\u00e9s, hicimos la primera vendimia de uva macabeo afectada por este hongo. Empez\u00e1bamos una nueva l\u00ednea de vinos con una incre\u00edble riqueza arom\u00e1tica que enamoran a todo el mundo.<\/p>\n<p><strong>D.O. Pened\u00e8s <\/strong><br \/>\n<strong>Variedades de uvas:<\/strong> 100% Macabeo de Vendimia propia<br \/>\n<strong>Vi\u00f1edo:<\/strong> La Segarra<br \/>\n<strong>Vendimia:<\/strong> 2003<br \/>\n<strong>Crianza:<\/strong> 10 meses en barricas de 300 litros de roble Allier<br \/>\n<strong>N\u00ba botellas:<\/strong> 11.998<\/p>\n","protected":false},"featured_media":27497,"template":"","meta":{"_acf_changed":false},"product_brand":[],"product_cat":[66],"product_tag":[],"class_list":{"0":"post-2487","1":"product","2":"type-product","3":"status-publish","4":"has-post-thumbnail","6":"product_cat-vinos-dulces-de-botrytis","8":"first","9":"instock","10":"featured","11":"taxable","12":"shipping-taxable","13":"product-type-simple"},"group_of_quantity":0,"min_quantity":0,"max_quantity":"","exclude_order_quantity_value_rules":"no","exclude_category_quantity_rules":"no","combine_variations":"no","acf":[],"yoast_head":"<!-- This site is optimized with the Yoast SEO plugin v26.6 - https:\/\/yoast.com\/wordpress\/plugins\/seo\/ -->\n<title>Nadal 1510 Botrytis Noble 2003 - Caves Nadal - Desde 1943<\/title>\n<meta name=\"description\" content=\"Descubres este vino, realizado con uvas afectadas por el hongo Botrytis, uno de los sistemas de sobremaduraci\u00f3n m\u00e1s perfecto para producir...\" \/>\n<meta name=\"robots\" content=\"index, follow, max-snippet:-1, max-image-preview:large, max-video-preview:-1\" \/>\n<link rel=\"canonical\" href=\"https:\/\/nadal.com\/es\/els-nostres-vins\/vinos-dulces-de-botrytis\/nadal-1510-botrytis-noble-2003\/\" \/>\n<meta property=\"og:locale\" content=\"es_ES\" \/>\n<meta property=\"og:type\" content=\"article\" \/>\n<meta property=\"og:title\" content=\"Nadal 1510 Botrytis Noble 2003 - Caves Nadal - Desde 1943\" \/>\n<meta property=\"og:description\" content=\"Descubres este vino, realizado con uvas afectadas por el hongo Botrytis, uno de los sistemas de sobremaduraci\u00f3n m\u00e1s perfecto para producir...\" \/>\n<meta property=\"og:url\" content=\"https:\/\/nadal.com\/es\/els-nostres-vins\/vinos-dulces-de-botrytis\/nadal-1510-botrytis-noble-2003\/\" \/>\n<meta property=\"og:site_name\" content=\"Nadal\" \/>\n<meta property=\"article:modified_time\" content=\"2025-06-18T16:18:27+00:00\" \/>\n<meta name=\"twitter:card\" content=\"summary_large_image\" \/>\n<meta name=\"twitter:label1\" content=\"Tiempo de lectura\" \/>\n\t<meta name=\"twitter:data1\" content=\"1 minuto\" \/>\n<script type=\"application\/ld+json\" class=\"yoast-schema-graph\">{\"@context\":\"https:\/\/schema.org\",\"@graph\":[{\"@type\":\"WebPage\",\"@id\":\"https:\/\/nadal.com\/es\/els-nostres-vins\/vinos-dulces-de-botrytis\/nadal-1510-botrytis-noble-2003\/\",\"url\":\"https:\/\/nadal.com\/es\/els-nostres-vins\/vinos-dulces-de-botrytis\/nadal-1510-botrytis-noble-2003\/\",\"name\":\"Nadal 1510 Botrytis Noble 2003 - Caves Nadal - Desde 1943\",\"isPartOf\":{\"@id\":\"https:\/\/nadal.com\/es\/#website\"},\"primaryImageOfPage\":{\"@id\":\"https:\/\/nadal.com\/es\/els-nostres-vins\/vinos-dulces-de-botrytis\/nadal-1510-botrytis-noble-2003\/#primaryimage\"},\"image\":{\"@id\":\"https:\/\/nadal.com\/es\/els-nostres-vins\/vinos-dulces-de-botrytis\/nadal-1510-botrytis-noble-2003\/#primaryimage\"},\"thumbnailUrl\":\"https:\/\/nadal.com\/wp-content\/uploads\/2018\/09\/botrytis-2003_nov2025.jpg\",\"datePublished\":\"2018-09-19T10:37:22+00:00\",\"dateModified\":\"2025-06-18T16:18:27+00:00\",\"description\":\"Descubres este vino, realizado con uvas afectadas por el hongo Botrytis, uno de los sistemas de sobremaduraci\u00f3n m\u00e1s perfecto para producir...\",\"breadcrumb\":{\"@id\":\"https:\/\/nadal.com\/es\/els-nostres-vins\/vinos-dulces-de-botrytis\/nadal-1510-botrytis-noble-2003\/#breadcrumb\"},\"inLanguage\":\"es\",\"potentialAction\":[{\"@type\":\"ReadAction\",\"target\":[\"https:\/\/nadal.com\/es\/els-nostres-vins\/vinos-dulces-de-botrytis\/nadal-1510-botrytis-noble-2003\/\"]}]},{\"@type\":\"ImageObject\",\"inLanguage\":\"es\",\"@id\":\"https:\/\/nadal.com\/es\/els-nostres-vins\/vinos-dulces-de-botrytis\/nadal-1510-botrytis-noble-2003\/#primaryimage\",\"url\":\"https:\/\/nadal.com\/wp-content\/uploads\/2018\/09\/botrytis-2003_nov2025.jpg\",\"contentUrl\":\"https:\/\/nadal.com\/wp-content\/uploads\/2018\/09\/botrytis-2003_nov2025.jpg\",\"width\":1400,\"height\":1400},{\"@type\":\"BreadcrumbList\",\"@id\":\"https:\/\/nadal.com\/es\/els-nostres-vins\/vinos-dulces-de-botrytis\/nadal-1510-botrytis-noble-2003\/#breadcrumb\",\"itemListElement\":[{\"@type\":\"ListItem\",\"position\":1,\"name\":\"Inici\",\"item\":\"https:\/\/nadal.com\/es\/\"},{\"@type\":\"ListItem\",\"position\":2,\"name\":\"Nuestros vinos\",\"item\":\"https:\/\/nadal.com\/es\/nuestros-vinos\/\"},{\"@type\":\"ListItem\",\"position\":3,\"name\":\"Nadal 1510 Botrytis Noble 2003\"}]},{\"@type\":\"WebSite\",\"@id\":\"https:\/\/nadal.com\/es\/#website\",\"url\":\"https:\/\/nadal.com\/es\/\",\"name\":\"Nadal\",\"description\":\"Desde 1943\",\"potentialAction\":[{\"@type\":\"SearchAction\",\"target\":{\"@type\":\"EntryPoint\",\"urlTemplate\":\"https:\/\/nadal.com\/es\/?s={search_term_string}\"},\"query-input\":{\"@type\":\"PropertyValueSpecification\",\"valueRequired\":true,\"valueName\":\"search_term_string\"}}],\"inLanguage\":\"es\"}]}<\/script>\n<!-- \/ Yoast SEO plugin. -->","yoast_head_json":{"title":"Nadal 1510 Botrytis Noble 2003 - Caves Nadal - Desde 1943","description":"Descubres este vino, realizado con uvas afectadas por el hongo Botrytis, uno de los sistemas de sobremaduraci\u00f3n m\u00e1s perfecto para producir...","robots":{"index":"index","follow":"follow","max-snippet":"max-snippet:-1","max-image-preview":"max-image-preview:large","max-video-preview":"max-video-preview:-1"},"canonical":"https:\/\/nadal.com\/es\/els-nostres-vins\/vinos-dulces-de-botrytis\/nadal-1510-botrytis-noble-2003\/","og_locale":"es_ES","og_type":"article","og_title":"Nadal 1510 Botrytis Noble 2003 - Caves Nadal - Desde 1943","og_description":"Descubres este vino, realizado con uvas afectadas por el hongo Botrytis, uno de los sistemas de sobremaduraci\u00f3n m\u00e1s perfecto para producir...","og_url":"https:\/\/nadal.com\/es\/els-nostres-vins\/vinos-dulces-de-botrytis\/nadal-1510-botrytis-noble-2003\/","og_site_name":"Nadal","article_modified_time":"2025-06-18T16:18:27+00:00","twitter_card":"summary_large_image","twitter_misc":{"Tiempo de lectura":"1 minuto"},"schema":{"@context":"https:\/\/schema.org","@graph":[{"@type":"WebPage","@id":"https:\/\/nadal.com\/es\/els-nostres-vins\/vinos-dulces-de-botrytis\/nadal-1510-botrytis-noble-2003\/","url":"https:\/\/nadal.com\/es\/els-nostres-vins\/vinos-dulces-de-botrytis\/nadal-1510-botrytis-noble-2003\/","name":"Nadal 1510 Botrytis Noble 2003 - Caves Nadal - Desde 1943","isPartOf":{"@id":"https:\/\/nadal.com\/es\/#website"},"primaryImageOfPage":{"@id":"https:\/\/nadal.com\/es\/els-nostres-vins\/vinos-dulces-de-botrytis\/nadal-1510-botrytis-noble-2003\/#primaryimage"},"image":{"@id":"https:\/\/nadal.com\/es\/els-nostres-vins\/vinos-dulces-de-botrytis\/nadal-1510-botrytis-noble-2003\/#primaryimage"},"thumbnailUrl":"https:\/\/nadal.com\/wp-content\/uploads\/2018\/09\/botrytis-2003_nov2025.jpg","datePublished":"2018-09-19T10:37:22+00:00","dateModified":"2025-06-18T16:18:27+00:00","description":"Descubres este vino, realizado con uvas afectadas por el hongo Botrytis, uno de los sistemas de sobremaduraci\u00f3n m\u00e1s perfecto para producir...","breadcrumb":{"@id":"https:\/\/nadal.com\/es\/els-nostres-vins\/vinos-dulces-de-botrytis\/nadal-1510-botrytis-noble-2003\/#breadcrumb"},"inLanguage":"es","potentialAction":[{"@type":"ReadAction","target":["https:\/\/nadal.com\/es\/els-nostres-vins\/vinos-dulces-de-botrytis\/nadal-1510-botrytis-noble-2003\/"]}]},{"@type":"ImageObject","inLanguage":"es","@id":"https:\/\/nadal.com\/es\/els-nostres-vins\/vinos-dulces-de-botrytis\/nadal-1510-botrytis-noble-2003\/#primaryimage","url":"https:\/\/nadal.com\/wp-content\/uploads\/2018\/09\/botrytis-2003_nov2025.jpg","contentUrl":"https:\/\/nadal.com\/wp-content\/uploads\/2018\/09\/botrytis-2003_nov2025.jpg","width":1400,"height":1400},{"@type":"BreadcrumbList","@id":"https:\/\/nadal.com\/es\/els-nostres-vins\/vinos-dulces-de-botrytis\/nadal-1510-botrytis-noble-2003\/#breadcrumb","itemListElement":[{"@type":"ListItem","position":1,"name":"Inici","item":"https:\/\/nadal.com\/es\/"},{"@type":"ListItem","position":2,"name":"Nuestros vinos","item":"https:\/\/nadal.com\/es\/nuestros-vinos\/"},{"@type":"ListItem","position":3,"name":"Nadal 1510 Botrytis Noble 2003"}]},{"@type":"WebSite","@id":"https:\/\/nadal.com\/es\/#website","url":"https:\/\/nadal.com\/es\/","name":"Nadal","description":"Desde 1943","potentialAction":[{"@type":"SearchAction","target":{"@type":"EntryPoint","urlTemplate":"https:\/\/nadal.com\/es\/?s={search_term_string}"},"query-input":{"@type":"PropertyValueSpecification","valueRequired":true,"valueName":"search_term_string"}}],"inLanguage":"es"}]}},"_links":{"self":[{"href":"https:\/\/nadal.com\/es\/wp-json\/wp\/v2\/product\/2487","targetHints":{"allow":["GET"]}}],"collection":[{"href":"https:\/\/nadal.com\/es\/wp-json\/wp\/v2\/product"}],"about":[{"href":"https:\/\/nadal.com\/es\/wp-json\/wp\/v2\/types\/product"}],"wp:featuredmedia":[{"embeddable":true,"href":"https:\/\/nadal.com\/es\/wp-json\/wp\/v2\/media\/27497"}],"wp:attachment":[{"href":"https:\/\/nadal.com\/es\/wp-json\/wp\/v2\/media?parent=2487"}],"wp:term":[{"taxonomy":"product_brand","embeddable":true,"href":"https:\/\/nadal.com\/es\/wp-json\/wp\/v2\/product_brand?post=2487"},{"taxonomy":"product_cat","embeddable":true,"href":"https:\/\/nadal.com\/es\/wp-json\/wp\/v2\/product_cat?post=2487"},{"taxonomy":"product_tag","embeddable":true,"href":"https:\/\/nadal.com\/es\/wp-json\/wp\/v2\/product_tag?post=2487"}],"curies":[{"name":"wp","href":"https:\/\/api.w.org\/{rel}","templated":true}]}}