{"id":24782,"date":"2024-03-19T17:30:56","date_gmt":"2024-03-19T16:30:56","guid":{"rendered":"https:\/\/nadal.com\/?post_type=product&#038;p=24782"},"modified":"2026-03-18T16:41:14","modified_gmt":"2026-03-18T15:41:14","slug":"seleccion-de-primavera","status":"publish","type":"product","link":"https:\/\/nadal.com\/es\/els-nostres-vins\/selecciones\/seleccion-de-primavera\/","title":{"rendered":"Selecci\u00f3n de primavera"},"content":{"rendered":"","protected":false},"excerpt":{"rendered":"<p class=\"font-claude-response-body break-words whitespace-normal leading-[1.7]\">Descubre nuestra selecci\u00f3n para esta primavera: \u00a1nuestros Blancos de Xarel\u00b7lo!<\/p>\n<p class=\"font-claude-response-body break-words whitespace-normal leading-[1.7]\">La primavera invita a abrir las ventanas, salir al aire libre y celebrar el regreso de la luz. Es el momento ideal para dejarse llevar por vinos blancos frescos y expresivos, que capturan la energ\u00eda de la nueva estaci\u00f3n y hacen a\u00fan m\u00e1s especiales las comidas en terraza y los encuentros largos con buenas compa\u00f1\u00edas.<\/p>\n<p class=\"font-claude-response-body break-words whitespace-normal leading-[1.7]\">\u00a1Comp\u00e1rtelos con amigos o familia, o disfr\u00fatalos en soledad, te enamorar\u00e1n!<\/p>\n<p class=\"font-claude-response-body break-words whitespace-normal leading-[1.7]\"><strong>Nadal X Col\u00b7lecci\u00f3 2019:<\/strong> 100% Xarel\u00b7lo<br \/>\n<strong>Nadal X Col\u00b7lecci\u00f3 2022:<\/strong> 100% Xarel\u00b7lo<br \/>\n<strong>Nadal X Vermell Col\u00b7lecci\u00f3 2021:<\/strong> 100% Xarel\u00b7lo Vermell<\/p>\n","protected":false},"featured_media":28248,"template":"","meta":{"_acf_changed":false},"product_brand":[],"product_cat":[88,97],"product_tag":[],"class_list":{"0":"post-24782","1":"product","2":"type-product","3":"status-publish","4":"has-post-thumbnail","6":"product_cat-selecciones","7":"product_cat-regalos","8":"product_shipping_class-gratuito","10":"first","11":"instock","12":"sale","13":"taxable","14":"shipping-taxable","15":"product-type-simple"},"group_of_quantity":0,"min_quantity":0,"max_quantity":"","exclude_order_quantity_value_rules":"yes","exclude_category_quantity_rules":"no","combine_variations":"no","acf":[],"yoast_head":"<!-- This site is optimized with the Yoast SEO plugin v26.6 - https:\/\/yoast.com\/wordpress\/plugins\/seo\/ -->\n<title>Selecci\u00f3n de primavera - Nadal - Desde 1943<\/title>\n<meta name=\"robots\" content=\"index, follow, max-snippet:-1, max-image-preview:large, max-video-preview:-1\" \/>\n<link rel=\"canonical\" href=\"https:\/\/nadal.com\/es\/els-nostres-vins\/selecciones\/seleccion-de-primavera\/\" \/>\n<meta property=\"og:locale\" content=\"es_ES\" \/>\n<meta property=\"og:type\" content=\"article\" \/>\n<meta property=\"og:title\" content=\"Selecci\u00f3n de primavera - Nadal - Desde 1943\" \/>\n<meta property=\"og:description\" content=\"Descubre nuestra selecci\u00f3n para esta primavera: \u00a1nuestros Blancos de Xarel\u00b7lo! La primavera invita a abrir las ventanas, salir al aire libre y celebrar el regreso de la luz. Es el momento ideal para dejarse llevar por vinos blancos frescos y expresivos, que capturan la energ\u00eda de la nueva estaci\u00f3n y hacen a\u00fan m\u00e1s especiales las comidas en terraza y los encuentros largos con buenas compa\u00f1\u00edas. \u00a1Comp\u00e1rtelos con amigos o familia, o disfr\u00fatalos en soledad, te enamorar\u00e1n! Nadal X Col\u00b7lecci\u00f3 2019: 100% Xarel\u00b7lo Nadal X Col\u00b7lecci\u00f3 2022: 100% Xarel\u00b7lo Nadal X Vermell Col\u00b7lecci\u00f3 2021: 100% Xarel\u00b7lo Vermell\" \/>\n<meta property=\"og:url\" content=\"https:\/\/nadal.com\/es\/els-nostres-vins\/selecciones\/seleccion-de-primavera\/\" \/>\n<meta property=\"og:site_name\" content=\"Nadal\" \/>\n<meta property=\"article:modified_time\" content=\"2026-03-18T15:41:14+00:00\" \/>\n<meta property=\"og:image\" content=\"https:\/\/nadal.com\/wp-content\/uploads\/2024\/03\/Subtitulo-2.png\" \/>\n\t<meta property=\"og:image:width\" content=\"2000\" \/>\n\t<meta property=\"og:image:height\" content=\"2000\" \/>\n\t<meta property=\"og:image:type\" content=\"image\/png\" \/>\n<meta name=\"twitter:card\" content=\"summary_large_image\" \/>\n<meta name=\"twitter:label1\" content=\"Tiempo de lectura\" \/>\n\t<meta name=\"twitter:data1\" content=\"1 minuto\" \/>\n<script type=\"application\/ld+json\" class=\"yoast-schema-graph\">{\"@context\":\"https:\/\/schema.org\",\"@graph\":[{\"@type\":\"WebPage\",\"@id\":\"https:\/\/nadal.com\/es\/els-nostres-vins\/selecciones\/seleccion-de-primavera\/\",\"url\":\"https:\/\/nadal.com\/es\/els-nostres-vins\/selecciones\/seleccion-de-primavera\/\",\"name\":\"Selecci\u00f3n de primavera - Nadal - Desde 1943\",\"isPartOf\":{\"@id\":\"https:\/\/nadal.com\/es\/#website\"},\"primaryImageOfPage\":{\"@id\":\"https:\/\/nadal.com\/es\/els-nostres-vins\/selecciones\/seleccion-de-primavera\/#primaryimage\"},\"image\":{\"@id\":\"https:\/\/nadal.com\/es\/els-nostres-vins\/selecciones\/seleccion-de-primavera\/#primaryimage\"},\"thumbnailUrl\":\"https:\/\/nadal.com\/wp-content\/uploads\/2024\/03\/Subtitulo-2.png\",\"datePublished\":\"2024-03-19T16:30:56+00:00\",\"dateModified\":\"2026-03-18T15:41:14+00:00\",\"breadcrumb\":{\"@id\":\"https:\/\/nadal.com\/es\/els-nostres-vins\/selecciones\/seleccion-de-primavera\/#breadcrumb\"},\"inLanguage\":\"es\",\"potentialAction\":[{\"@type\":\"ReadAction\",\"target\":[\"https:\/\/nadal.com\/es\/els-nostres-vins\/selecciones\/seleccion-de-primavera\/\"]}]},{\"@type\":\"ImageObject\",\"inLanguage\":\"es\",\"@id\":\"https:\/\/nadal.com\/es\/els-nostres-vins\/selecciones\/seleccion-de-primavera\/#primaryimage\",\"url\":\"https:\/\/nadal.com\/wp-content\/uploads\/2024\/03\/Subtitulo-2.png\",\"contentUrl\":\"https:\/\/nadal.com\/wp-content\/uploads\/2024\/03\/Subtitulo-2.png\",\"width\":2000,\"height\":2000},{\"@type\":\"BreadcrumbList\",\"@id\":\"https:\/\/nadal.com\/es\/els-nostres-vins\/selecciones\/seleccion-de-primavera\/#breadcrumb\",\"itemListElement\":[{\"@type\":\"ListItem\",\"position\":1,\"name\":\"Inici\",\"item\":\"https:\/\/nadal.com\/es\/\"},{\"@type\":\"ListItem\",\"position\":2,\"name\":\"Nuestros vinos\",\"item\":\"https:\/\/nadal.com\/es\/nuestros-vinos\/\"},{\"@type\":\"ListItem\",\"position\":3,\"name\":\"Selecci\u00f3n de primavera\"}]},{\"@type\":\"WebSite\",\"@id\":\"https:\/\/nadal.com\/es\/#website\",\"url\":\"https:\/\/nadal.com\/es\/\",\"name\":\"Nadal\",\"description\":\"Desde 1943\",\"potentialAction\":[{\"@type\":\"SearchAction\",\"target\":{\"@type\":\"EntryPoint\",\"urlTemplate\":\"https:\/\/nadal.com\/es\/?s={search_term_string}\"},\"query-input\":{\"@type\":\"PropertyValueSpecification\",\"valueRequired\":true,\"valueName\":\"search_term_string\"}}],\"inLanguage\":\"es\"}]}<\/script>\n<!-- \/ Yoast SEO plugin. -->","yoast_head_json":{"title":"Selecci\u00f3n de primavera - Nadal - Desde 1943","robots":{"index":"index","follow":"follow","max-snippet":"max-snippet:-1","max-image-preview":"max-image-preview:large","max-video-preview":"max-video-preview:-1"},"canonical":"https:\/\/nadal.com\/es\/els-nostres-vins\/selecciones\/seleccion-de-primavera\/","og_locale":"es_ES","og_type":"article","og_title":"Selecci\u00f3n de primavera - Nadal - Desde 1943","og_description":"Descubre nuestra selecci\u00f3n para esta primavera: \u00a1nuestros Blancos de Xarel\u00b7lo! La primavera invita a abrir las ventanas, salir al aire libre y celebrar el regreso de la luz. Es el momento ideal para dejarse llevar por vinos blancos frescos y expresivos, que capturan la energ\u00eda de la nueva estaci\u00f3n y hacen a\u00fan m\u00e1s especiales las comidas en terraza y los encuentros largos con buenas compa\u00f1\u00edas. \u00a1Comp\u00e1rtelos con amigos o familia, o disfr\u00fatalos en soledad, te enamorar\u00e1n! Nadal X Col\u00b7lecci\u00f3 2019: 100% Xarel\u00b7lo Nadal X Col\u00b7lecci\u00f3 2022: 100% Xarel\u00b7lo Nadal X Vermell Col\u00b7lecci\u00f3 2021: 100% Xarel\u00b7lo Vermell","og_url":"https:\/\/nadal.com\/es\/els-nostres-vins\/selecciones\/seleccion-de-primavera\/","og_site_name":"Nadal","article_modified_time":"2026-03-18T15:41:14+00:00","og_image":[{"width":2000,"height":2000,"url":"https:\/\/nadal.com\/wp-content\/uploads\/2024\/03\/Subtitulo-2.png","type":"image\/png"}],"twitter_card":"summary_large_image","twitter_misc":{"Tiempo de lectura":"1 minuto"},"schema":{"@context":"https:\/\/schema.org","@graph":[{"@type":"WebPage","@id":"https:\/\/nadal.com\/es\/els-nostres-vins\/selecciones\/seleccion-de-primavera\/","url":"https:\/\/nadal.com\/es\/els-nostres-vins\/selecciones\/seleccion-de-primavera\/","name":"Selecci\u00f3n de primavera - Nadal - Desde 1943","isPartOf":{"@id":"https:\/\/nadal.com\/es\/#website"},"primaryImageOfPage":{"@id":"https:\/\/nadal.com\/es\/els-nostres-vins\/selecciones\/seleccion-de-primavera\/#primaryimage"},"image":{"@id":"https:\/\/nadal.com\/es\/els-nostres-vins\/selecciones\/seleccion-de-primavera\/#primaryimage"},"thumbnailUrl":"https:\/\/nadal.com\/wp-content\/uploads\/2024\/03\/Subtitulo-2.png","datePublished":"2024-03-19T16:30:56+00:00","dateModified":"2026-03-18T15:41:14+00:00","breadcrumb":{"@id":"https:\/\/nadal.com\/es\/els-nostres-vins\/selecciones\/seleccion-de-primavera\/#breadcrumb"},"inLanguage":"es","potentialAction":[{"@type":"ReadAction","target":["https:\/\/nadal.com\/es\/els-nostres-vins\/selecciones\/seleccion-de-primavera\/"]}]},{"@type":"ImageObject","inLanguage":"es","@id":"https:\/\/nadal.com\/es\/els-nostres-vins\/selecciones\/seleccion-de-primavera\/#primaryimage","url":"https:\/\/nadal.com\/wp-content\/uploads\/2024\/03\/Subtitulo-2.png","contentUrl":"https:\/\/nadal.com\/wp-content\/uploads\/2024\/03\/Subtitulo-2.png","width":2000,"height":2000},{"@type":"BreadcrumbList","@id":"https:\/\/nadal.com\/es\/els-nostres-vins\/selecciones\/seleccion-de-primavera\/#breadcrumb","itemListElement":[{"@type":"ListItem","position":1,"name":"Inici","item":"https:\/\/nadal.com\/es\/"},{"@type":"ListItem","position":2,"name":"Nuestros vinos","item":"https:\/\/nadal.com\/es\/nuestros-vinos\/"},{"@type":"ListItem","position":3,"name":"Selecci\u00f3n de primavera"}]},{"@type":"WebSite","@id":"https:\/\/nadal.com\/es\/#website","url":"https:\/\/nadal.com\/es\/","name":"Nadal","description":"Desde 1943","potentialAction":[{"@type":"SearchAction","target":{"@type":"EntryPoint","urlTemplate":"https:\/\/nadal.com\/es\/?s={search_term_string}"},"query-input":{"@type":"PropertyValueSpecification","valueRequired":true,"valueName":"search_term_string"}}],"inLanguage":"es"}]}},"_links":{"self":[{"href":"https:\/\/nadal.com\/es\/wp-json\/wp\/v2\/product\/24782","targetHints":{"allow":["GET"]}}],"collection":[{"href":"https:\/\/nadal.com\/es\/wp-json\/wp\/v2\/product"}],"about":[{"href":"https:\/\/nadal.com\/es\/wp-json\/wp\/v2\/types\/product"}],"wp:featuredmedia":[{"embeddable":true,"href":"https:\/\/nadal.com\/es\/wp-json\/wp\/v2\/media\/28248"}],"wp:attachment":[{"href":"https:\/\/nadal.com\/es\/wp-json\/wp\/v2\/media?parent=24782"}],"wp:term":[{"taxonomy":"product_brand","embeddable":true,"href":"https:\/\/nadal.com\/es\/wp-json\/wp\/v2\/product_brand?post=24782"},{"taxonomy":"product_cat","embeddable":true,"href":"https:\/\/nadal.com\/es\/wp-json\/wp\/v2\/product_cat?post=24782"},{"taxonomy":"product_tag","embeddable":true,"href":"https:\/\/nadal.com\/es\/wp-json\/wp\/v2\/product_tag?post=24782"}],"curies":[{"name":"wp","href":"https:\/\/api.w.org\/{rel}","templated":true}]}}