{"id":2461,"date":"2018-09-16T19:50:22","date_gmt":"2018-09-16T17:50:22","guid":{"rendered":"http:\/\/mjsffbz.cluster028.hosting.ovh.net\/producte\/nadal-brut-nature-2012\/"},"modified":"2025-06-30T10:26:08","modified_gmt":"2025-06-30T08:26:08","slug":"nadal-brut-nature-2017","status":"publish","type":"product","link":"https:\/\/nadal.com\/es\/els-nostres-vins\/espumosos-corpinnat\/nadal-es\/nadal-brut-nature-2017\/","title":{"rendered":"Nadal Brut Nature 2017"},"content":{"rendered":"<p>[vc_row][vc_column][vc_column_text]<\/p>\n<h3 class=\"frase-ttl\" style=\"text-align: center;\">\u00abLa excepcional suavidad y delicadeza de un brut nature elaborado con las mejores cosechas de parellada\u00bb<\/h3>\n<p class=\"frase-desc\" style=\"text-align: center;\">Una excelente copa para tomar a cualquier hora. Grandes vinos y un largo afinamiento en la cava son los dos ingredientes para obtener un Brut Nature aut\u00e9ntico, que exprese la cara m\u00e1s amable y pura del\u00a0<em>terroir<\/em>.<\/p>\n<p>[\/vc_column_text][vc_separator][\/vc_column][\/vc_row][vc_row][vc_column width=\u00bb1\/2&#8243;][vc_single_image image=\u00bb1939&#8243; img_size=\u00bbfull\u00bb][\/vc_column][vc_column width=\u00bb1\/2&#8243;][vc_column_text]<\/p>\n<h4>Cata<\/h4>\n<p>Color amarillo p\u00e1lido. Aroma fresco con notas de fruta blanca y frutos secos. Excelente estructura y muy suave al paladar. Sutil y equilibrado con elegantes notas de crianza.[\/vc_column_text][vc_column_text]<\/p>\n<h4>Temperatura de servicio<\/h4>\n<p>6-9\u00ba C.[\/vc_column_text][vc_column_text]<\/p>\n<h4>Momento \u00f3ptimo de consumo<\/h4>\n<p>Durante los 3 a\u00f1os despu\u00e9s de su deg\u00fcelle.[\/vc_column_text][vc_column_text]<\/p>\n<h4>Condiciones de almacenaje<\/h4>\n<p>Se recomienda conservar el vino espumoso en el interior de la caja en posici\u00f3n vertical, resguardando de la luz, la humedad y los cambios s\u00fabitos de temperatura.<\/p>\n<p>Temperatura ideal de conservaci\u00f3n: Inferior a 20\u00baC.[\/vc_column_text][vc_column_text el_class=\u00bbfitxa-message\u00bb]<\/p>\n<h5><i class=\"fa fa-file-text-o\" aria-hidden=\"true\"><\/i> <a href=\"https:\/\/nadal.com\/wp-content\/uploads\/2025\/06\/Nadal-Brut-Nature-2017-1.pdf\" target=\"_blank\" rel=\"noopener noreferrer\">Ficha t\u00e9cnica<\/a><\/h5>\n<p>[\/vc_column_text][\/vc_column][\/vc_row]<\/p>\n","protected":false},"excerpt":{"rendered":"<p>Naci\u00f3 como Nadal Brut Especial en la d\u00e9cada de los cincuenta. Con el paso del tiempo ha ido disminuyendo el\u00a0<em>dosage<\/em> para convertirse, a partir del a\u00f1o 2005, en Nadal Brut Nature.<\/p>\n<p><strong>Vino espumoso corpinnat<\/strong><br \/>\n<strong>Variedades de uvas:<\/strong> 52% Parellada |28% Macabeu | 20% Xarel\u00b7lo de cosecha propia<br \/>\n<strong>Vendimia:<\/strong> 2017<br \/>\n<strong>N\u00ba botellas:<\/strong> 38.602<\/p>\n","protected":false},"featured_media":27505,"template":"","meta":{"_acf_changed":false},"product_brand":[],"product_cat":[54,55],"product_tag":[],"class_list":{"0":"post-2461","1":"product","2":"type-product","3":"status-publish","4":"has-post-thumbnail","6":"product_cat-espumosos-corpinnat","7":"product_cat-nadal-es","9":"first","10":"instock","11":"taxable","12":"shipping-taxable","13":"product-type-simple"},"group_of_quantity":0,"min_quantity":0,"max_quantity":"","exclude_order_quantity_value_rules":"no","exclude_category_quantity_rules":"no","combine_variations":"no","acf":[],"yoast_head":"<!-- This site is optimized with the Yoast SEO plugin v26.6 - https:\/\/yoast.com\/wordpress\/plugins\/seo\/ -->\n<title>Nadal Brut Nature 2017 - Caves Nadal - Desde 1943<\/title>\n<meta name=\"description\" content=\"Disfruta de la excepcional suavidad y delicadeza de un Brut Nature elaborado con las mejores cosechas de parellada. Un Bruto que naci\u00f3 en la...\" \/>\n<meta name=\"robots\" content=\"index, follow, max-snippet:-1, max-image-preview:large, max-video-preview:-1\" \/>\n<link rel=\"canonical\" href=\"https:\/\/nadal.com\/es\/els-nostres-vins\/espumosos-corpinnat\/nadal-es\/nadal-brut-nature-2017\/\" \/>\n<meta property=\"og:locale\" content=\"es_ES\" \/>\n<meta property=\"og:type\" content=\"article\" \/>\n<meta property=\"og:title\" content=\"Nadal Brut Nature 2017 - Caves Nadal - Desde 1943\" \/>\n<meta property=\"og:description\" content=\"Disfruta de la excepcional suavidad y delicadeza de un Brut Nature elaborado con las mejores cosechas de parellada. Un Bruto que naci\u00f3 en la...\" \/>\n<meta property=\"og:url\" content=\"https:\/\/nadal.com\/es\/els-nostres-vins\/espumosos-corpinnat\/nadal-es\/nadal-brut-nature-2017\/\" \/>\n<meta property=\"og:site_name\" content=\"Nadal\" \/>\n<meta property=\"article:modified_time\" content=\"2025-06-30T08:26:08+00:00\" \/>\n<meta property=\"og:image\" content=\"https:\/\/nadal.com\/wp-content\/uploads\/2018\/09\/corpinnat_Nadal_brut_nature_2017_nov2025.jpg\" \/>\n\t<meta property=\"og:image:width\" content=\"1400\" \/>\n\t<meta property=\"og:image:height\" content=\"1400\" \/>\n\t<meta property=\"og:image:type\" content=\"image\/jpeg\" \/>\n<meta name=\"twitter:card\" content=\"summary_large_image\" \/>\n<meta name=\"twitter:label1\" content=\"Tiempo de lectura\" \/>\n\t<meta name=\"twitter:data1\" content=\"1 minuto\" \/>\n<script type=\"application\/ld+json\" class=\"yoast-schema-graph\">{\"@context\":\"https:\/\/schema.org\",\"@graph\":[{\"@type\":\"WebPage\",\"@id\":\"https:\/\/nadal.com\/es\/els-nostres-vins\/espumosos-corpinnat\/nadal-es\/nadal-brut-nature-2017\/\",\"url\":\"https:\/\/nadal.com\/es\/els-nostres-vins\/espumosos-corpinnat\/nadal-es\/nadal-brut-nature-2017\/\",\"name\":\"Nadal Brut Nature 2017 - Caves Nadal - Desde 1943\",\"isPartOf\":{\"@id\":\"https:\/\/nadal.com\/es\/#website\"},\"primaryImageOfPage\":{\"@id\":\"https:\/\/nadal.com\/es\/els-nostres-vins\/espumosos-corpinnat\/nadal-es\/nadal-brut-nature-2017\/#primaryimage\"},\"image\":{\"@id\":\"https:\/\/nadal.com\/es\/els-nostres-vins\/espumosos-corpinnat\/nadal-es\/nadal-brut-nature-2017\/#primaryimage\"},\"thumbnailUrl\":\"https:\/\/nadal.com\/wp-content\/uploads\/2018\/09\/corpinnat_Nadal_brut_nature_2017_nov2025.jpg\",\"datePublished\":\"2018-09-16T17:50:22+00:00\",\"dateModified\":\"2025-06-30T08:26:08+00:00\",\"description\":\"Disfruta de la excepcional suavidad y delicadeza de un Brut Nature elaborado con las mejores cosechas de parellada. Un Bruto que naci\u00f3 en la...\",\"breadcrumb\":{\"@id\":\"https:\/\/nadal.com\/es\/els-nostres-vins\/espumosos-corpinnat\/nadal-es\/nadal-brut-nature-2017\/#breadcrumb\"},\"inLanguage\":\"es\",\"potentialAction\":[{\"@type\":\"ReadAction\",\"target\":[\"https:\/\/nadal.com\/es\/els-nostres-vins\/espumosos-corpinnat\/nadal-es\/nadal-brut-nature-2017\/\"]}]},{\"@type\":\"ImageObject\",\"inLanguage\":\"es\",\"@id\":\"https:\/\/nadal.com\/es\/els-nostres-vins\/espumosos-corpinnat\/nadal-es\/nadal-brut-nature-2017\/#primaryimage\",\"url\":\"https:\/\/nadal.com\/wp-content\/uploads\/2018\/09\/corpinnat_Nadal_brut_nature_2017_nov2025.jpg\",\"contentUrl\":\"https:\/\/nadal.com\/wp-content\/uploads\/2018\/09\/corpinnat_Nadal_brut_nature_2017_nov2025.jpg\",\"width\":1400,\"height\":1400},{\"@type\":\"BreadcrumbList\",\"@id\":\"https:\/\/nadal.com\/es\/els-nostres-vins\/espumosos-corpinnat\/nadal-es\/nadal-brut-nature-2017\/#breadcrumb\",\"itemListElement\":[{\"@type\":\"ListItem\",\"position\":1,\"name\":\"Inici\",\"item\":\"https:\/\/nadal.com\/es\/\"},{\"@type\":\"ListItem\",\"position\":2,\"name\":\"Nuestros vinos\",\"item\":\"https:\/\/nadal.com\/es\/nuestros-vinos\/\"},{\"@type\":\"ListItem\",\"position\":3,\"name\":\"Nadal Brut Nature 2017\"}]},{\"@type\":\"WebSite\",\"@id\":\"https:\/\/nadal.com\/es\/#website\",\"url\":\"https:\/\/nadal.com\/es\/\",\"name\":\"Nadal\",\"description\":\"Desde 1943\",\"potentialAction\":[{\"@type\":\"SearchAction\",\"target\":{\"@type\":\"EntryPoint\",\"urlTemplate\":\"https:\/\/nadal.com\/es\/?s={search_term_string}\"},\"query-input\":{\"@type\":\"PropertyValueSpecification\",\"valueRequired\":true,\"valueName\":\"search_term_string\"}}],\"inLanguage\":\"es\"}]}<\/script>\n<!-- \/ Yoast SEO plugin. -->","yoast_head_json":{"title":"Nadal Brut Nature 2017 - Caves Nadal - Desde 1943","description":"Disfruta de la excepcional suavidad y delicadeza de un Brut Nature elaborado con las mejores cosechas de parellada. Un Bruto que naci\u00f3 en la...","robots":{"index":"index","follow":"follow","max-snippet":"max-snippet:-1","max-image-preview":"max-image-preview:large","max-video-preview":"max-video-preview:-1"},"canonical":"https:\/\/nadal.com\/es\/els-nostres-vins\/espumosos-corpinnat\/nadal-es\/nadal-brut-nature-2017\/","og_locale":"es_ES","og_type":"article","og_title":"Nadal Brut Nature 2017 - Caves Nadal - Desde 1943","og_description":"Disfruta de la excepcional suavidad y delicadeza de un Brut Nature elaborado con las mejores cosechas de parellada. Un Bruto que naci\u00f3 en la...","og_url":"https:\/\/nadal.com\/es\/els-nostres-vins\/espumosos-corpinnat\/nadal-es\/nadal-brut-nature-2017\/","og_site_name":"Nadal","article_modified_time":"2025-06-30T08:26:08+00:00","og_image":[{"width":1400,"height":1400,"url":"https:\/\/nadal.com\/wp-content\/uploads\/2018\/09\/corpinnat_Nadal_brut_nature_2017_nov2025.jpg","type":"image\/jpeg"}],"twitter_card":"summary_large_image","twitter_misc":{"Tiempo de lectura":"1 minuto"},"schema":{"@context":"https:\/\/schema.org","@graph":[{"@type":"WebPage","@id":"https:\/\/nadal.com\/es\/els-nostres-vins\/espumosos-corpinnat\/nadal-es\/nadal-brut-nature-2017\/","url":"https:\/\/nadal.com\/es\/els-nostres-vins\/espumosos-corpinnat\/nadal-es\/nadal-brut-nature-2017\/","name":"Nadal Brut Nature 2017 - Caves Nadal - Desde 1943","isPartOf":{"@id":"https:\/\/nadal.com\/es\/#website"},"primaryImageOfPage":{"@id":"https:\/\/nadal.com\/es\/els-nostres-vins\/espumosos-corpinnat\/nadal-es\/nadal-brut-nature-2017\/#primaryimage"},"image":{"@id":"https:\/\/nadal.com\/es\/els-nostres-vins\/espumosos-corpinnat\/nadal-es\/nadal-brut-nature-2017\/#primaryimage"},"thumbnailUrl":"https:\/\/nadal.com\/wp-content\/uploads\/2018\/09\/corpinnat_Nadal_brut_nature_2017_nov2025.jpg","datePublished":"2018-09-16T17:50:22+00:00","dateModified":"2025-06-30T08:26:08+00:00","description":"Disfruta de la excepcional suavidad y delicadeza de un Brut Nature elaborado con las mejores cosechas de parellada. Un Bruto que naci\u00f3 en la...","breadcrumb":{"@id":"https:\/\/nadal.com\/es\/els-nostres-vins\/espumosos-corpinnat\/nadal-es\/nadal-brut-nature-2017\/#breadcrumb"},"inLanguage":"es","potentialAction":[{"@type":"ReadAction","target":["https:\/\/nadal.com\/es\/els-nostres-vins\/espumosos-corpinnat\/nadal-es\/nadal-brut-nature-2017\/"]}]},{"@type":"ImageObject","inLanguage":"es","@id":"https:\/\/nadal.com\/es\/els-nostres-vins\/espumosos-corpinnat\/nadal-es\/nadal-brut-nature-2017\/#primaryimage","url":"https:\/\/nadal.com\/wp-content\/uploads\/2018\/09\/corpinnat_Nadal_brut_nature_2017_nov2025.jpg","contentUrl":"https:\/\/nadal.com\/wp-content\/uploads\/2018\/09\/corpinnat_Nadal_brut_nature_2017_nov2025.jpg","width":1400,"height":1400},{"@type":"BreadcrumbList","@id":"https:\/\/nadal.com\/es\/els-nostres-vins\/espumosos-corpinnat\/nadal-es\/nadal-brut-nature-2017\/#breadcrumb","itemListElement":[{"@type":"ListItem","position":1,"name":"Inici","item":"https:\/\/nadal.com\/es\/"},{"@type":"ListItem","position":2,"name":"Nuestros vinos","item":"https:\/\/nadal.com\/es\/nuestros-vinos\/"},{"@type":"ListItem","position":3,"name":"Nadal Brut Nature 2017"}]},{"@type":"WebSite","@id":"https:\/\/nadal.com\/es\/#website","url":"https:\/\/nadal.com\/es\/","name":"Nadal","description":"Desde 1943","potentialAction":[{"@type":"SearchAction","target":{"@type":"EntryPoint","urlTemplate":"https:\/\/nadal.com\/es\/?s={search_term_string}"},"query-input":{"@type":"PropertyValueSpecification","valueRequired":true,"valueName":"search_term_string"}}],"inLanguage":"es"}]}},"_links":{"self":[{"href":"https:\/\/nadal.com\/es\/wp-json\/wp\/v2\/product\/2461","targetHints":{"allow":["GET"]}}],"collection":[{"href":"https:\/\/nadal.com\/es\/wp-json\/wp\/v2\/product"}],"about":[{"href":"https:\/\/nadal.com\/es\/wp-json\/wp\/v2\/types\/product"}],"wp:featuredmedia":[{"embeddable":true,"href":"https:\/\/nadal.com\/es\/wp-json\/wp\/v2\/media\/27505"}],"wp:attachment":[{"href":"https:\/\/nadal.com\/es\/wp-json\/wp\/v2\/media?parent=2461"}],"wp:term":[{"taxonomy":"product_brand","embeddable":true,"href":"https:\/\/nadal.com\/es\/wp-json\/wp\/v2\/product_brand?post=2461"},{"taxonomy":"product_cat","embeddable":true,"href":"https:\/\/nadal.com\/es\/wp-json\/wp\/v2\/product_cat?post=2461"},{"taxonomy":"product_tag","embeddable":true,"href":"https:\/\/nadal.com\/es\/wp-json\/wp\/v2\/product_tag?post=2461"}],"curies":[{"name":"wp","href":"https:\/\/api.w.org\/{rel}","templated":true}]}}