{"id":2439,"date":"2018-09-16T18:41:26","date_gmt":"2018-09-16T16:41:26","guid":{"rendered":"http:\/\/mjsffbz.cluster028.hosting.ovh.net\/producte\/gran-salvatge-rose-brut-2014\/"},"modified":"2025-07-08T14:14:13","modified_gmt":"2025-07-08T12:14:13","slug":"gran-salvatge-brut-rose-2014","status":"publish","type":"product","link":"https:\/\/nadal.com\/es\/els-nostres-vins\/espumosos-corpinnat\/salvatge-es\/gran-salvatge-brut-rose-2014\/","title":{"rendered":"Gran Salvatge Brut Ros\u00e9 2014"},"content":{"rendered":"<p>[vc_row][vc_column][vc_column_text]<\/p>\n<h3 class=\"frase-ttl\" style=\"text-align: center;\">\u00abGran Salvatge Ros\u00e9, un espumoso sabroso, cremoso y fresco que seduce\u00bb<\/h3>\n<p class=\"frase-desc\" style=\"text-align: center;\">El preludio de una gran comida. La primera copa, por supuesto. Si puede ser m\u00e1gnum, \u00a1mucho mejor!<\/p>\n<p>[\/vc_column_text][vc_separator][\/vc_column][\/vc_row][vc_row][vc_column width=\u00bb1\/2&#8243;][vc_single_image image=\u00bb27099&#8243; img_size=\u00bbfull\u00bb][\/vc_column][vc_column width=\u00bb1\/2&#8243;][vc_column_text]<\/p>\n<h4>Cata<\/h4>\n<p>Color teja p\u00e1lido. Burbuja muy fina y abundante. Aroma muy fresco con notas de grosella y fruta roja confitada. Cremoso y fresco con elegantes notas de fruta roja.[\/vc_column_text][vc_column_text]<\/p>\n<h4>Temperatura de servicio<\/h4>\n<p>7-9\u00ba C.[\/vc_column_text][vc_column_text]<\/p>\n<h4>Momento \u00f3ptimo de consumo<\/h4>\n<p>Durante los 5 a\u00f1os despu\u00e9s de su deg\u00fcelle.[\/vc_column_text][vc_column_text]<\/p>\n<h4>Condiciones de almacenaje<\/h4>\n<p>Se recomienda conservar el vino espumoso en el interior de la caja en posici\u00f3n vertical, resguardando de la luz, la humedad y los cambios s\u00fabitos de temperatura.<\/p>\n<p>Temperatura ideal de conservaci\u00f3n: Inferior a 20\u00baC.[\/vc_column_text][vc_column_text el_class=\u00bbfitxa-message\u00bb]<\/p>\n<h5><i class=\"fa fa-file-text-o\" aria-hidden=\"true\"><\/i> <a href=\"https:\/\/nadal.com\/wp-content\/uploads\/2025\/06\/Gran-Salvatge-Brut-Rose-2014-1.pdf\" target=\"_blank\" rel=\"noopener noreferrer\">Ficha t\u00e9cnica<\/a><\/h5>\n<p>[\/vc_column_text][\/vc_column][\/vc_row]<\/p>\n","protected":false},"excerpt":{"rendered":"<p>M\u00e1gnum y ros\u00e9, un espumoso en el que el afinamiento en botella nunca para, manteniendo las notas frescas de fruta roja y cremosidad en boca. Para ocasiones especiales.<\/p>\n<p><strong>Vino espumoso corpinnat<\/strong><br \/>\n<strong>Variedades de uvas:<\/strong> 100% Pinot Noir de cosecha propia<br \/>\n<strong>Vendimia:<\/strong> 2014<br \/>\n<strong>N\u00ba botellas:<\/strong> 1.990<\/p>\n","protected":false},"featured_media":27523,"template":"","meta":{"_acf_changed":false},"product_brand":[],"product_cat":[54,57],"product_tag":[],"class_list":{"0":"post-2439","1":"product","2":"type-product","3":"status-publish","4":"has-post-thumbnail","6":"product_cat-espumosos-corpinnat","7":"product_cat-salvatge-es","9":"first","10":"instock","11":"taxable","12":"shipping-taxable","13":"product-type-simple"},"group_of_quantity":0,"min_quantity":0,"max_quantity":"","exclude_order_quantity_value_rules":"no","exclude_category_quantity_rules":"no","combine_variations":"no","acf":[],"yoast_head":"<!-- This site is optimized with the Yoast SEO plugin v26.6 - https:\/\/yoast.com\/wordpress\/plugins\/seo\/ -->\n<title>Gran Salvatge Brut Ros\u00e9 2014 - Caves Nadal - Desde 1943<\/title>\n<meta name=\"description\" content=\"Prep\u00e1rate para probar el Gran Salvatge Ros\u00e9, un espumoso sabroso, cremoso y fresco que seduce. Ideal para ocasiones especiales.\" \/>\n<meta name=\"robots\" content=\"index, follow, max-snippet:-1, max-image-preview:large, max-video-preview:-1\" \/>\n<link rel=\"canonical\" href=\"https:\/\/nadal.com\/es\/els-nostres-vins\/espumosos-corpinnat\/salvatge-es\/gran-salvatge-brut-rose-2014\/\" \/>\n<meta property=\"og:locale\" content=\"es_ES\" \/>\n<meta property=\"og:type\" content=\"article\" \/>\n<meta property=\"og:title\" content=\"Gran Salvatge Brut Ros\u00e9 2014 - Caves Nadal - Desde 1943\" \/>\n<meta property=\"og:description\" content=\"Prep\u00e1rate para probar el Gran Salvatge Ros\u00e9, un espumoso sabroso, cremoso y fresco que seduce. Ideal para ocasiones especiales.\" \/>\n<meta property=\"og:url\" content=\"https:\/\/nadal.com\/es\/els-nostres-vins\/espumosos-corpinnat\/salvatge-es\/gran-salvatge-brut-rose-2014\/\" \/>\n<meta property=\"og:site_name\" content=\"Nadal\" \/>\n<meta property=\"article:modified_time\" content=\"2025-07-08T12:14:13+00:00\" \/>\n<meta property=\"og:image\" content=\"https:\/\/nadal.com\/wp-content\/uploads\/2018\/09\/salvatge_brut_rosat_2014_magnum_nov2025.jpg\" \/>\n\t<meta property=\"og:image:width\" content=\"1400\" \/>\n\t<meta property=\"og:image:height\" content=\"1400\" \/>\n\t<meta property=\"og:image:type\" content=\"image\/jpeg\" \/>\n<meta name=\"twitter:card\" content=\"summary_large_image\" \/>\n<meta name=\"twitter:label1\" content=\"Tiempo de lectura\" \/>\n\t<meta name=\"twitter:data1\" content=\"2 minutos\" \/>\n<script type=\"application\/ld+json\" class=\"yoast-schema-graph\">{\"@context\":\"https:\/\/schema.org\",\"@graph\":[{\"@type\":\"WebPage\",\"@id\":\"https:\/\/nadal.com\/es\/els-nostres-vins\/espumosos-corpinnat\/salvatge-es\/gran-salvatge-brut-rose-2014\/\",\"url\":\"https:\/\/nadal.com\/es\/els-nostres-vins\/espumosos-corpinnat\/salvatge-es\/gran-salvatge-brut-rose-2014\/\",\"name\":\"Gran Salvatge Brut Ros\u00e9 2014 - Caves Nadal - Desde 1943\",\"isPartOf\":{\"@id\":\"https:\/\/nadal.com\/es\/#website\"},\"primaryImageOfPage\":{\"@id\":\"https:\/\/nadal.com\/es\/els-nostres-vins\/espumosos-corpinnat\/salvatge-es\/gran-salvatge-brut-rose-2014\/#primaryimage\"},\"image\":{\"@id\":\"https:\/\/nadal.com\/es\/els-nostres-vins\/espumosos-corpinnat\/salvatge-es\/gran-salvatge-brut-rose-2014\/#primaryimage\"},\"thumbnailUrl\":\"https:\/\/nadal.com\/wp-content\/uploads\/2018\/09\/salvatge_brut_rosat_2014_magnum_nov2025.jpg\",\"datePublished\":\"2018-09-16T16:41:26+00:00\",\"dateModified\":\"2025-07-08T12:14:13+00:00\",\"description\":\"Prep\u00e1rate para probar el Gran Salvatge Ros\u00e9, un espumoso sabroso, cremoso y fresco que seduce. Ideal para ocasiones especiales.\",\"breadcrumb\":{\"@id\":\"https:\/\/nadal.com\/es\/els-nostres-vins\/espumosos-corpinnat\/salvatge-es\/gran-salvatge-brut-rose-2014\/#breadcrumb\"},\"inLanguage\":\"es\",\"potentialAction\":[{\"@type\":\"ReadAction\",\"target\":[\"https:\/\/nadal.com\/es\/els-nostres-vins\/espumosos-corpinnat\/salvatge-es\/gran-salvatge-brut-rose-2014\/\"]}]},{\"@type\":\"ImageObject\",\"inLanguage\":\"es\",\"@id\":\"https:\/\/nadal.com\/es\/els-nostres-vins\/espumosos-corpinnat\/salvatge-es\/gran-salvatge-brut-rose-2014\/#primaryimage\",\"url\":\"https:\/\/nadal.com\/wp-content\/uploads\/2018\/09\/salvatge_brut_rosat_2014_magnum_nov2025.jpg\",\"contentUrl\":\"https:\/\/nadal.com\/wp-content\/uploads\/2018\/09\/salvatge_brut_rosat_2014_magnum_nov2025.jpg\",\"width\":1400,\"height\":1400},{\"@type\":\"BreadcrumbList\",\"@id\":\"https:\/\/nadal.com\/es\/els-nostres-vins\/espumosos-corpinnat\/salvatge-es\/gran-salvatge-brut-rose-2014\/#breadcrumb\",\"itemListElement\":[{\"@type\":\"ListItem\",\"position\":1,\"name\":\"Inici\",\"item\":\"https:\/\/nadal.com\/es\/\"},{\"@type\":\"ListItem\",\"position\":2,\"name\":\"Nuestros vinos\",\"item\":\"https:\/\/nadal.com\/es\/nuestros-vinos\/\"},{\"@type\":\"ListItem\",\"position\":3,\"name\":\"Gran Salvatge Brut Ros\u00e9 2014\"}]},{\"@type\":\"WebSite\",\"@id\":\"https:\/\/nadal.com\/es\/#website\",\"url\":\"https:\/\/nadal.com\/es\/\",\"name\":\"Nadal\",\"description\":\"Desde 1943\",\"potentialAction\":[{\"@type\":\"SearchAction\",\"target\":{\"@type\":\"EntryPoint\",\"urlTemplate\":\"https:\/\/nadal.com\/es\/?s={search_term_string}\"},\"query-input\":{\"@type\":\"PropertyValueSpecification\",\"valueRequired\":true,\"valueName\":\"search_term_string\"}}],\"inLanguage\":\"es\"}]}<\/script>\n<!-- \/ Yoast SEO plugin. -->","yoast_head_json":{"title":"Gran Salvatge Brut Ros\u00e9 2014 - Caves Nadal - Desde 1943","description":"Prep\u00e1rate para probar el Gran Salvatge Ros\u00e9, un espumoso sabroso, cremoso y fresco que seduce. Ideal para ocasiones especiales.","robots":{"index":"index","follow":"follow","max-snippet":"max-snippet:-1","max-image-preview":"max-image-preview:large","max-video-preview":"max-video-preview:-1"},"canonical":"https:\/\/nadal.com\/es\/els-nostres-vins\/espumosos-corpinnat\/salvatge-es\/gran-salvatge-brut-rose-2014\/","og_locale":"es_ES","og_type":"article","og_title":"Gran Salvatge Brut Ros\u00e9 2014 - Caves Nadal - Desde 1943","og_description":"Prep\u00e1rate para probar el Gran Salvatge Ros\u00e9, un espumoso sabroso, cremoso y fresco que seduce. Ideal para ocasiones especiales.","og_url":"https:\/\/nadal.com\/es\/els-nostres-vins\/espumosos-corpinnat\/salvatge-es\/gran-salvatge-brut-rose-2014\/","og_site_name":"Nadal","article_modified_time":"2025-07-08T12:14:13+00:00","og_image":[{"width":1400,"height":1400,"url":"https:\/\/nadal.com\/wp-content\/uploads\/2018\/09\/salvatge_brut_rosat_2014_magnum_nov2025.jpg","type":"image\/jpeg"}],"twitter_card":"summary_large_image","twitter_misc":{"Tiempo de lectura":"2 minutos"},"schema":{"@context":"https:\/\/schema.org","@graph":[{"@type":"WebPage","@id":"https:\/\/nadal.com\/es\/els-nostres-vins\/espumosos-corpinnat\/salvatge-es\/gran-salvatge-brut-rose-2014\/","url":"https:\/\/nadal.com\/es\/els-nostres-vins\/espumosos-corpinnat\/salvatge-es\/gran-salvatge-brut-rose-2014\/","name":"Gran Salvatge Brut Ros\u00e9 2014 - Caves Nadal - Desde 1943","isPartOf":{"@id":"https:\/\/nadal.com\/es\/#website"},"primaryImageOfPage":{"@id":"https:\/\/nadal.com\/es\/els-nostres-vins\/espumosos-corpinnat\/salvatge-es\/gran-salvatge-brut-rose-2014\/#primaryimage"},"image":{"@id":"https:\/\/nadal.com\/es\/els-nostres-vins\/espumosos-corpinnat\/salvatge-es\/gran-salvatge-brut-rose-2014\/#primaryimage"},"thumbnailUrl":"https:\/\/nadal.com\/wp-content\/uploads\/2018\/09\/salvatge_brut_rosat_2014_magnum_nov2025.jpg","datePublished":"2018-09-16T16:41:26+00:00","dateModified":"2025-07-08T12:14:13+00:00","description":"Prep\u00e1rate para probar el Gran Salvatge Ros\u00e9, un espumoso sabroso, cremoso y fresco que seduce. Ideal para ocasiones especiales.","breadcrumb":{"@id":"https:\/\/nadal.com\/es\/els-nostres-vins\/espumosos-corpinnat\/salvatge-es\/gran-salvatge-brut-rose-2014\/#breadcrumb"},"inLanguage":"es","potentialAction":[{"@type":"ReadAction","target":["https:\/\/nadal.com\/es\/els-nostres-vins\/espumosos-corpinnat\/salvatge-es\/gran-salvatge-brut-rose-2014\/"]}]},{"@type":"ImageObject","inLanguage":"es","@id":"https:\/\/nadal.com\/es\/els-nostres-vins\/espumosos-corpinnat\/salvatge-es\/gran-salvatge-brut-rose-2014\/#primaryimage","url":"https:\/\/nadal.com\/wp-content\/uploads\/2018\/09\/salvatge_brut_rosat_2014_magnum_nov2025.jpg","contentUrl":"https:\/\/nadal.com\/wp-content\/uploads\/2018\/09\/salvatge_brut_rosat_2014_magnum_nov2025.jpg","width":1400,"height":1400},{"@type":"BreadcrumbList","@id":"https:\/\/nadal.com\/es\/els-nostres-vins\/espumosos-corpinnat\/salvatge-es\/gran-salvatge-brut-rose-2014\/#breadcrumb","itemListElement":[{"@type":"ListItem","position":1,"name":"Inici","item":"https:\/\/nadal.com\/es\/"},{"@type":"ListItem","position":2,"name":"Nuestros vinos","item":"https:\/\/nadal.com\/es\/nuestros-vinos\/"},{"@type":"ListItem","position":3,"name":"Gran Salvatge Brut Ros\u00e9 2014"}]},{"@type":"WebSite","@id":"https:\/\/nadal.com\/es\/#website","url":"https:\/\/nadal.com\/es\/","name":"Nadal","description":"Desde 1943","potentialAction":[{"@type":"SearchAction","target":{"@type":"EntryPoint","urlTemplate":"https:\/\/nadal.com\/es\/?s={search_term_string}"},"query-input":{"@type":"PropertyValueSpecification","valueRequired":true,"valueName":"search_term_string"}}],"inLanguage":"es"}]}},"_links":{"self":[{"href":"https:\/\/nadal.com\/es\/wp-json\/wp\/v2\/product\/2439","targetHints":{"allow":["GET"]}}],"collection":[{"href":"https:\/\/nadal.com\/es\/wp-json\/wp\/v2\/product"}],"about":[{"href":"https:\/\/nadal.com\/es\/wp-json\/wp\/v2\/types\/product"}],"wp:featuredmedia":[{"embeddable":true,"href":"https:\/\/nadal.com\/es\/wp-json\/wp\/v2\/media\/27523"}],"wp:attachment":[{"href":"https:\/\/nadal.com\/es\/wp-json\/wp\/v2\/media?parent=2439"}],"wp:term":[{"taxonomy":"product_brand","embeddable":true,"href":"https:\/\/nadal.com\/es\/wp-json\/wp\/v2\/product_brand?post=2439"},{"taxonomy":"product_cat","embeddable":true,"href":"https:\/\/nadal.com\/es\/wp-json\/wp\/v2\/product_cat?post=2439"},{"taxonomy":"product_tag","embeddable":true,"href":"https:\/\/nadal.com\/es\/wp-json\/wp\/v2\/product_tag?post=2439"}],"curies":[{"name":"wp","href":"https:\/\/api.w.org\/{rel}","templated":true}]}}