{"id":2425,"date":"2020-04-01T09:29:58","date_gmt":"2020-04-01T07:29:58","guid":{"rendered":"http:\/\/mjsffbz.cluster028.hosting.ovh.net\/producte\/salvatge-brut-nature\/"},"modified":"2025-07-08T13:55:40","modified_gmt":"2025-07-08T11:55:40","slug":"salvatge-brut-nature-2015","status":"publish","type":"product","link":"https:\/\/nadal.com\/es\/els-nostres-vins\/espumosos-corpinnat\/salvatge-es\/salvatge-brut-nature-2015\/","title":{"rendered":"Salvatge Brut Nature 2015"},"content":{"rendered":"<p>[vc_row][vc_column][vc_column_text]<\/p>\n<h3 class=\"frase-ttl\" style=\"text-align: center;\">\u00abLa armon\u00eda y suavidad de un Brut Nature con car\u00e1cter.\u00bb<\/h3>\n<p class=\"frase-desc\" style=\"text-align: center;\">\u00bfLo has probado para acompa\u00f1ar un jam\u00f3n ib\u00e9rico? \u00a1Hazlo, disfrutar\u00e1s mucho m\u00e1s de ambos productos!<\/p>\n<p>[\/vc_column_text][vc_separator][\/vc_column][\/vc_row][vc_row][vc_column width=\u00bb1\/2&#8243;][vc_single_image image=\u00bb27069&#8243; img_size=\u00bbfull\u00bb][\/vc_column][vc_column width=\u00bb1\/2&#8243;][vc_column_text]<\/p>\n<h4>Cata:<\/h4>\n<p>Color amarillo p\u00e1lido. Burbuja muy fina. Aroma fresco con intensas notas de frutos y boller\u00eda. Muy Salvaje i equilibrado. Fresco con persistentes notas de crianza.<\/p>\n<p>[\/vc_column_text][vc_column_text]<\/p>\n<h4>Temperatura de servicio<\/h4>\n<p>6-9\u00ba C.<\/p>\n<p>[\/vc_column_text][vc_column_text]<\/p>\n<h4>Momento \u00f3ptimo de consumo<\/h4>\n<p>Durante los 3 a\u00f1os despu\u00e9s de su deg\u00fcelle.<\/p>\n<p>[\/vc_column_text][vc_column_text]<\/p>\n<h4>Condiciones de almacenaje<\/h4>\n<p>Se recomienda conservar el vino espumoso en el interior de la caja en posici\u00f3n vertical, resguardando de la luz, la humedad y los cambios s\u00fabitos de temperatura.<\/p>\n<p>Temperatura ideal de conservaci\u00f3n: Inferior a 20\u00baC.[\/vc_column_text][vc_column_text el_class=\u00bbfitxa-message\u00bb]<\/p>\n<h5><i class=\"fa fa-file-text-o\" aria-hidden=\"true\"><\/i> <a href=\"https:\/\/nadal.com\/wp-content\/uploads\/2025\/06\/Salvatge-Brut-Nature-2015-1.pdf\" target=\"_blank\" rel=\"noopener noreferrer\">Ficha t\u00e9cnica<\/a><\/h5>\n<p>[\/vc_column_text][\/vc_column][\/vc_row]<\/p>\n","protected":false},"excerpt":{"rendered":"<p>De estas cosechas de macabeu \u00absalvajes\u00bb, solo las m\u00e1s excepcionales se ganan el derecho a convertirse en Brut Nature. Un espumoso extraordinario que, con un largo envejecimiento, adquiere una suavidad y nobleza sorprendentes.<\/p>\n<p><strong>Vino espumoso corpinnat<\/strong><br \/>\n<strong>Variedades de uvas:<\/strong> 55% Macabeu | 38% Parellada | 7% Xarel\u00b7lo de cosecha propia<br \/>\n<strong>Vendimia:<\/strong> 2015<br \/>\n<strong>N\u00ba botellas:<\/strong> 12.489<\/p>\n","protected":false},"featured_media":27520,"template":"","meta":{"_acf_changed":false},"product_brand":[],"product_cat":[54,57],"product_tag":[],"class_list":{"0":"post-2425","1":"product","2":"type-product","3":"status-publish","4":"has-post-thumbnail","6":"product_cat-espumosos-corpinnat","7":"product_cat-salvatge-es","9":"first","10":"instock","11":"featured","12":"taxable","13":"shipping-taxable","14":"product-type-simple"},"group_of_quantity":0,"min_quantity":0,"max_quantity":"","exclude_order_quantity_value_rules":"yes","exclude_category_quantity_rules":"no","combine_variations":"no","acf":[],"yoast_head":"<!-- This site is optimized with the Yoast SEO plugin v26.6 - https:\/\/yoast.com\/wordpress\/plugins\/seo\/ -->\n<title>Salvatge Brut Nature 2015 - Caves Nadal - Desde 1943<\/title>\n<meta name=\"description\" content=\"La armon\u00eda y la suavidad de un Brut Nature con car\u00e1cter. Color amarillo p\u00e1lido. Burbuja muy fina. Aroma fresco. Descubre Salvaje, un espumoso...\" \/>\n<meta name=\"robots\" content=\"index, follow, max-snippet:-1, max-image-preview:large, max-video-preview:-1\" \/>\n<link rel=\"canonical\" href=\"https:\/\/nadal.com\/es\/els-nostres-vins\/espumosos-corpinnat\/salvatge-es\/salvatge-brut-nature-2015\/\" \/>\n<meta property=\"og:locale\" content=\"es_ES\" \/>\n<meta property=\"og:type\" content=\"article\" \/>\n<meta property=\"og:title\" content=\"Salvatge Brut Nature 2015 - Caves Nadal - Desde 1943\" \/>\n<meta property=\"og:description\" content=\"La armon\u00eda y la suavidad de un Brut Nature con car\u00e1cter. Color amarillo p\u00e1lido. Burbuja muy fina. Aroma fresco. Descubre Salvaje, un espumoso...\" \/>\n<meta property=\"og:url\" content=\"https:\/\/nadal.com\/es\/els-nostres-vins\/espumosos-corpinnat\/salvatge-es\/salvatge-brut-nature-2015\/\" \/>\n<meta property=\"og:site_name\" content=\"Nadal\" \/>\n<meta property=\"article:modified_time\" content=\"2025-07-08T11:55:40+00:00\" \/>\n<meta property=\"og:image\" content=\"https:\/\/nadal.com\/wp-content\/uploads\/2018\/09\/salvatge_brut_nature_2015_nov2025.jpg\" \/>\n\t<meta property=\"og:image:width\" content=\"1400\" \/>\n\t<meta property=\"og:image:height\" content=\"1400\" \/>\n\t<meta property=\"og:image:type\" content=\"image\/jpeg\" \/>\n<meta name=\"twitter:card\" content=\"summary_large_image\" \/>\n<meta name=\"twitter:label1\" content=\"Tiempo de lectura\" \/>\n\t<meta name=\"twitter:data1\" content=\"1 minuto\" \/>\n<script type=\"application\/ld+json\" class=\"yoast-schema-graph\">{\"@context\":\"https:\/\/schema.org\",\"@graph\":[{\"@type\":\"WebPage\",\"@id\":\"https:\/\/nadal.com\/es\/els-nostres-vins\/espumosos-corpinnat\/salvatge-es\/salvatge-brut-nature-2015\/\",\"url\":\"https:\/\/nadal.com\/es\/els-nostres-vins\/espumosos-corpinnat\/salvatge-es\/salvatge-brut-nature-2015\/\",\"name\":\"Salvatge Brut Nature 2015 - Caves Nadal - Desde 1943\",\"isPartOf\":{\"@id\":\"https:\/\/nadal.com\/es\/#website\"},\"primaryImageOfPage\":{\"@id\":\"https:\/\/nadal.com\/es\/els-nostres-vins\/espumosos-corpinnat\/salvatge-es\/salvatge-brut-nature-2015\/#primaryimage\"},\"image\":{\"@id\":\"https:\/\/nadal.com\/es\/els-nostres-vins\/espumosos-corpinnat\/salvatge-es\/salvatge-brut-nature-2015\/#primaryimage\"},\"thumbnailUrl\":\"https:\/\/nadal.com\/wp-content\/uploads\/2018\/09\/salvatge_brut_nature_2015_nov2025.jpg\",\"datePublished\":\"2020-04-01T07:29:58+00:00\",\"dateModified\":\"2025-07-08T11:55:40+00:00\",\"description\":\"La armon\u00eda y la suavidad de un Brut Nature con car\u00e1cter. Color amarillo p\u00e1lido. Burbuja muy fina. Aroma fresco. Descubre Salvaje, un espumoso...\",\"breadcrumb\":{\"@id\":\"https:\/\/nadal.com\/es\/els-nostres-vins\/espumosos-corpinnat\/salvatge-es\/salvatge-brut-nature-2015\/#breadcrumb\"},\"inLanguage\":\"es\",\"potentialAction\":[{\"@type\":\"ReadAction\",\"target\":[\"https:\/\/nadal.com\/es\/els-nostres-vins\/espumosos-corpinnat\/salvatge-es\/salvatge-brut-nature-2015\/\"]}]},{\"@type\":\"ImageObject\",\"inLanguage\":\"es\",\"@id\":\"https:\/\/nadal.com\/es\/els-nostres-vins\/espumosos-corpinnat\/salvatge-es\/salvatge-brut-nature-2015\/#primaryimage\",\"url\":\"https:\/\/nadal.com\/wp-content\/uploads\/2018\/09\/salvatge_brut_nature_2015_nov2025.jpg\",\"contentUrl\":\"https:\/\/nadal.com\/wp-content\/uploads\/2018\/09\/salvatge_brut_nature_2015_nov2025.jpg\",\"width\":1400,\"height\":1400},{\"@type\":\"BreadcrumbList\",\"@id\":\"https:\/\/nadal.com\/es\/els-nostres-vins\/espumosos-corpinnat\/salvatge-es\/salvatge-brut-nature-2015\/#breadcrumb\",\"itemListElement\":[{\"@type\":\"ListItem\",\"position\":1,\"name\":\"Inici\",\"item\":\"https:\/\/nadal.com\/es\/\"},{\"@type\":\"ListItem\",\"position\":2,\"name\":\"Nuestros vinos\",\"item\":\"https:\/\/nadal.com\/es\/nuestros-vinos\/\"},{\"@type\":\"ListItem\",\"position\":3,\"name\":\"Salvatge Brut Nature 2015\"}]},{\"@type\":\"WebSite\",\"@id\":\"https:\/\/nadal.com\/es\/#website\",\"url\":\"https:\/\/nadal.com\/es\/\",\"name\":\"Nadal\",\"description\":\"Desde 1943\",\"potentialAction\":[{\"@type\":\"SearchAction\",\"target\":{\"@type\":\"EntryPoint\",\"urlTemplate\":\"https:\/\/nadal.com\/es\/?s={search_term_string}\"},\"query-input\":{\"@type\":\"PropertyValueSpecification\",\"valueRequired\":true,\"valueName\":\"search_term_string\"}}],\"inLanguage\":\"es\"}]}<\/script>\n<!-- \/ Yoast SEO plugin. -->","yoast_head_json":{"title":"Salvatge Brut Nature 2015 - Caves Nadal - Desde 1943","description":"La armon\u00eda y la suavidad de un Brut Nature con car\u00e1cter. Color amarillo p\u00e1lido. Burbuja muy fina. Aroma fresco. Descubre Salvaje, un espumoso...","robots":{"index":"index","follow":"follow","max-snippet":"max-snippet:-1","max-image-preview":"max-image-preview:large","max-video-preview":"max-video-preview:-1"},"canonical":"https:\/\/nadal.com\/es\/els-nostres-vins\/espumosos-corpinnat\/salvatge-es\/salvatge-brut-nature-2015\/","og_locale":"es_ES","og_type":"article","og_title":"Salvatge Brut Nature 2015 - Caves Nadal - Desde 1943","og_description":"La armon\u00eda y la suavidad de un Brut Nature con car\u00e1cter. Color amarillo p\u00e1lido. Burbuja muy fina. Aroma fresco. Descubre Salvaje, un espumoso...","og_url":"https:\/\/nadal.com\/es\/els-nostres-vins\/espumosos-corpinnat\/salvatge-es\/salvatge-brut-nature-2015\/","og_site_name":"Nadal","article_modified_time":"2025-07-08T11:55:40+00:00","og_image":[{"width":1400,"height":1400,"url":"https:\/\/nadal.com\/wp-content\/uploads\/2018\/09\/salvatge_brut_nature_2015_nov2025.jpg","type":"image\/jpeg"}],"twitter_card":"summary_large_image","twitter_misc":{"Tiempo de lectura":"1 minuto"},"schema":{"@context":"https:\/\/schema.org","@graph":[{"@type":"WebPage","@id":"https:\/\/nadal.com\/es\/els-nostres-vins\/espumosos-corpinnat\/salvatge-es\/salvatge-brut-nature-2015\/","url":"https:\/\/nadal.com\/es\/els-nostres-vins\/espumosos-corpinnat\/salvatge-es\/salvatge-brut-nature-2015\/","name":"Salvatge Brut Nature 2015 - Caves Nadal - Desde 1943","isPartOf":{"@id":"https:\/\/nadal.com\/es\/#website"},"primaryImageOfPage":{"@id":"https:\/\/nadal.com\/es\/els-nostres-vins\/espumosos-corpinnat\/salvatge-es\/salvatge-brut-nature-2015\/#primaryimage"},"image":{"@id":"https:\/\/nadal.com\/es\/els-nostres-vins\/espumosos-corpinnat\/salvatge-es\/salvatge-brut-nature-2015\/#primaryimage"},"thumbnailUrl":"https:\/\/nadal.com\/wp-content\/uploads\/2018\/09\/salvatge_brut_nature_2015_nov2025.jpg","datePublished":"2020-04-01T07:29:58+00:00","dateModified":"2025-07-08T11:55:40+00:00","description":"La armon\u00eda y la suavidad de un Brut Nature con car\u00e1cter. Color amarillo p\u00e1lido. Burbuja muy fina. Aroma fresco. Descubre Salvaje, un espumoso...","breadcrumb":{"@id":"https:\/\/nadal.com\/es\/els-nostres-vins\/espumosos-corpinnat\/salvatge-es\/salvatge-brut-nature-2015\/#breadcrumb"},"inLanguage":"es","potentialAction":[{"@type":"ReadAction","target":["https:\/\/nadal.com\/es\/els-nostres-vins\/espumosos-corpinnat\/salvatge-es\/salvatge-brut-nature-2015\/"]}]},{"@type":"ImageObject","inLanguage":"es","@id":"https:\/\/nadal.com\/es\/els-nostres-vins\/espumosos-corpinnat\/salvatge-es\/salvatge-brut-nature-2015\/#primaryimage","url":"https:\/\/nadal.com\/wp-content\/uploads\/2018\/09\/salvatge_brut_nature_2015_nov2025.jpg","contentUrl":"https:\/\/nadal.com\/wp-content\/uploads\/2018\/09\/salvatge_brut_nature_2015_nov2025.jpg","width":1400,"height":1400},{"@type":"BreadcrumbList","@id":"https:\/\/nadal.com\/es\/els-nostres-vins\/espumosos-corpinnat\/salvatge-es\/salvatge-brut-nature-2015\/#breadcrumb","itemListElement":[{"@type":"ListItem","position":1,"name":"Inici","item":"https:\/\/nadal.com\/es\/"},{"@type":"ListItem","position":2,"name":"Nuestros vinos","item":"https:\/\/nadal.com\/es\/nuestros-vinos\/"},{"@type":"ListItem","position":3,"name":"Salvatge Brut Nature 2015"}]},{"@type":"WebSite","@id":"https:\/\/nadal.com\/es\/#website","url":"https:\/\/nadal.com\/es\/","name":"Nadal","description":"Desde 1943","potentialAction":[{"@type":"SearchAction","target":{"@type":"EntryPoint","urlTemplate":"https:\/\/nadal.com\/es\/?s={search_term_string}"},"query-input":{"@type":"PropertyValueSpecification","valueRequired":true,"valueName":"search_term_string"}}],"inLanguage":"es"}]}},"_links":{"self":[{"href":"https:\/\/nadal.com\/es\/wp-json\/wp\/v2\/product\/2425","targetHints":{"allow":["GET"]}}],"collection":[{"href":"https:\/\/nadal.com\/es\/wp-json\/wp\/v2\/product"}],"about":[{"href":"https:\/\/nadal.com\/es\/wp-json\/wp\/v2\/types\/product"}],"wp:featuredmedia":[{"embeddable":true,"href":"https:\/\/nadal.com\/es\/wp-json\/wp\/v2\/media\/27520"}],"wp:attachment":[{"href":"https:\/\/nadal.com\/es\/wp-json\/wp\/v2\/media?parent=2425"}],"wp:term":[{"taxonomy":"product_brand","embeddable":true,"href":"https:\/\/nadal.com\/es\/wp-json\/wp\/v2\/product_brand?post=2425"},{"taxonomy":"product_cat","embeddable":true,"href":"https:\/\/nadal.com\/es\/wp-json\/wp\/v2\/product_cat?post=2425"},{"taxonomy":"product_tag","embeddable":true,"href":"https:\/\/nadal.com\/es\/wp-json\/wp\/v2\/product_tag?post=2425"}],"curies":[{"name":"wp","href":"https:\/\/api.w.org\/{rel}","templated":true}]}}