{"id":2414,"date":"2018-09-16T18:24:48","date_gmt":"2018-09-16T16:24:48","guid":{"rendered":"http:\/\/mjsffbz.cluster028.hosting.ovh.net\/producte\/rng20-brut-nature-1997\/"},"modified":"2025-07-08T15:23:59","modified_gmt":"2025-07-08T13:23:59","slug":"rng20-brut-nature-1997","status":"publish","type":"product","link":"https:\/\/nadal.com\/es\/els-nostres-vins\/espumosos-corpinnat\/rng-es\/rng20-brut-nature-1997\/","title":{"rendered":"RNG20 Brut Nature 1997"},"content":{"rendered":"<p>[vc_row][vc_column][vc_column_text]<\/p>\n<h3 class=\"frase-ttl\" style=\"text-align: center;\">\u00abCuando la crianza \u00abinfinta\u00bb se transforma en virtud\u00bb<\/h3>\n<p class=\"frase-desc\" style=\"text-align: center;\">\u00a1Para comidas muy especiales, para acompa\u00f1ar platos \u00fanicos que solo t\u00fa les puedes ofrecer!<\/p>\n<p>[\/vc_column_text][vc_separator][\/vc_column][\/vc_row][vc_row][vc_column width=\u00bb1\/2&#8243;][vc_single_image image=\u00bb27109&#8243; img_size=\u00bbfull\u00bb][\/vc_column][vc_column width=\u00bb1\/2&#8243;][vc_column_text]<\/p>\n<h4>Cata<\/h4>\n<p>Color amarillo intenso con ligeros reflejos dorados. Burbuja muy fina y delicada. Aromas complejos de larga crianza con fondo de fruta de hueso muy madura, frutos secos y con toques de miel. Elegante, sorprendentemente muy fresco, con una integraci\u00f3n impecable de la burbuja. En boca destaca el extraordinario car\u00e1cter y armon\u00eda propios de cosechas \u00fanicas.<\/p>\n<p>[\/vc_column_text][vc_column_text]<\/p>\n<h4>Temperatura de servicio<\/h4>\n<p>8-10\u00baC. Descorche la botella fr\u00eda y d\u00e9jela reposar durante diez minutos en la cubitera. S\u00edrvase delicadamente, con la copa ligeramente inclinada, para conservar las burbujas que atesoran las sensaciones arom\u00e1ticas y gustativas de este espumoso \u00fanico.<\/p>\n<p>[\/vc_column_text][vc_column_text]<\/p>\n<h4>Momento \u00f3ptimo de consumo<\/h4>\n<p>Durante los 5 a\u00f1os despu\u00e9s de su deg\u00fcelle.[\/vc_column_text][vc_column_text]<\/p>\n<h4>Condiciones de almacenaje<\/h4>\n<p>Se recomienda conservar el vino espumoso en el interior de la caja en posici\u00f3n vertical, resguardando de la luz, la humedad y los cambios s\u00fabitos de temperatura.<\/p>\n<p>Temperatura ideal de conservaci\u00f3n: Inferior a 20\u00baC.[\/vc_column_text][vc_column_text el_class=\u00bbfitxa-message\u00bb]<\/p>\n<h5><i class=\"fa fa-file-text-o\" aria-hidden=\"true\"><\/i> <a href=\"https:\/\/nadal.com\/wp-content\/uploads\/2025\/06\/RNG-20-Brut-Nature-1997-1.pdf\" target=\"_blank\" rel=\"noopener noreferrer\">Ficha t\u00e9cnica<\/a><\/h5>\n<p>[\/vc_column_text][\/vc_column][\/vc_row]<\/p>\n","protected":false},"excerpt":{"rendered":"<p>El espumoso de los espumosos. Un corpinnat fruto de una cosecha \u00fanica y con m\u00e1s de 25 a\u00f1os de envejecimiento, recogiendo la esencia de la historia de Nadal. Un tesoro muy bien guardado durante d\u00e9cadas en la cava fundacional.<\/p>\n<p><strong>Vino espumoso corpinnat<\/strong><br \/>\n<strong>Variedades de uvas:<\/strong> 56% Xarel\u00b7lo | 30% Parellada | 14% Macabeo de cosecha propia<br \/>\n<strong>Vendimia:<\/strong> 1997<br \/>\n<strong>N\u00ba botellas:<\/strong> 1.049<\/p>\n","protected":false},"featured_media":27542,"template":"","meta":{"_acf_changed":false},"product_brand":[],"product_cat":[54,56,97],"product_tag":[],"class_list":{"0":"post-2414","1":"product","2":"type-product","3":"status-publish","4":"has-post-thumbnail","6":"product_cat-espumosos-corpinnat","7":"product_cat-rng-es","8":"product_cat-regalos","10":"first","11":"instock","12":"taxable","13":"shipping-taxable","14":"product-type-simple"},"group_of_quantity":0,"min_quantity":0,"max_quantity":"","exclude_order_quantity_value_rules":"no","exclude_category_quantity_rules":"no","combine_variations":"no","acf":[],"yoast_head":"<!-- This site is optimized with the Yoast SEO plugin v26.6 - https:\/\/yoast.com\/wordpress\/plugins\/seo\/ -->\n<title>RNG20 Brut Nature 1997 - Caves Nadal - Desde 1943<\/title>\n<meta name=\"description\" content=\"Descubre RNG20 Brut Nature 1997, un vino espumoso Corpinnat de cosecha \u00fanica con m\u00e1s de 25 a\u00f1os de envejecimiento, destacando por su...\" \/>\n<meta name=\"robots\" content=\"index, follow, max-snippet:-1, max-image-preview:large, max-video-preview:-1\" \/>\n<link rel=\"canonical\" href=\"https:\/\/nadal.com\/es\/els-nostres-vins\/espumosos-corpinnat\/rng-es\/rng20-brut-nature-1997\/\" \/>\n<meta property=\"og:locale\" content=\"es_ES\" \/>\n<meta property=\"og:type\" content=\"article\" \/>\n<meta property=\"og:title\" content=\"RNG20 Brut Nature 1997 - Caves Nadal - Desde 1943\" \/>\n<meta property=\"og:description\" content=\"Descubre RNG20 Brut Nature 1997, un vino espumoso Corpinnat de cosecha \u00fanica con m\u00e1s de 25 a\u00f1os de envejecimiento, destacando por su...\" \/>\n<meta property=\"og:url\" content=\"https:\/\/nadal.com\/es\/els-nostres-vins\/espumosos-corpinnat\/rng-es\/rng20-brut-nature-1997\/\" \/>\n<meta property=\"og:site_name\" content=\"Nadal\" \/>\n<meta property=\"article:modified_time\" content=\"2025-07-08T13:23:59+00:00\" \/>\n<meta property=\"og:image\" content=\"https:\/\/nadal.com\/wp-content\/uploads\/2023\/03\/Estoig_rng_20_magnum_fustaampolla_nov2025.jpg\" \/>\n\t<meta property=\"og:image:width\" content=\"1400\" \/>\n\t<meta property=\"og:image:height\" content=\"1400\" \/>\n\t<meta property=\"og:image:type\" content=\"image\/jpeg\" \/>\n<meta name=\"twitter:card\" content=\"summary_large_image\" \/>\n<meta name=\"twitter:label1\" content=\"Tiempo de lectura\" \/>\n\t<meta name=\"twitter:data1\" content=\"2 minutos\" \/>\n<script type=\"application\/ld+json\" class=\"yoast-schema-graph\">{\"@context\":\"https:\/\/schema.org\",\"@graph\":[{\"@type\":\"WebPage\",\"@id\":\"https:\/\/nadal.com\/es\/els-nostres-vins\/espumosos-corpinnat\/rng-es\/rng20-brut-nature-1997\/\",\"url\":\"https:\/\/nadal.com\/es\/els-nostres-vins\/espumosos-corpinnat\/rng-es\/rng20-brut-nature-1997\/\",\"name\":\"RNG20 Brut Nature 1997 - Caves Nadal - Desde 1943\",\"isPartOf\":{\"@id\":\"https:\/\/nadal.com\/es\/#website\"},\"primaryImageOfPage\":{\"@id\":\"https:\/\/nadal.com\/es\/els-nostres-vins\/espumosos-corpinnat\/rng-es\/rng20-brut-nature-1997\/#primaryimage\"},\"image\":{\"@id\":\"https:\/\/nadal.com\/es\/els-nostres-vins\/espumosos-corpinnat\/rng-es\/rng20-brut-nature-1997\/#primaryimage\"},\"thumbnailUrl\":\"https:\/\/nadal.com\/wp-content\/uploads\/2023\/03\/Estoig_rng_20_magnum_fustaampolla_nov2025.jpg\",\"datePublished\":\"2018-09-16T16:24:48+00:00\",\"dateModified\":\"2025-07-08T13:23:59+00:00\",\"description\":\"Descubre RNG20 Brut Nature 1997, un vino espumoso Corpinnat de cosecha \u00fanica con m\u00e1s de 25 a\u00f1os de envejecimiento, destacando por su...\",\"breadcrumb\":{\"@id\":\"https:\/\/nadal.com\/es\/els-nostres-vins\/espumosos-corpinnat\/rng-es\/rng20-brut-nature-1997\/#breadcrumb\"},\"inLanguage\":\"es\",\"potentialAction\":[{\"@type\":\"ReadAction\",\"target\":[\"https:\/\/nadal.com\/es\/els-nostres-vins\/espumosos-corpinnat\/rng-es\/rng20-brut-nature-1997\/\"]}]},{\"@type\":\"ImageObject\",\"inLanguage\":\"es\",\"@id\":\"https:\/\/nadal.com\/es\/els-nostres-vins\/espumosos-corpinnat\/rng-es\/rng20-brut-nature-1997\/#primaryimage\",\"url\":\"https:\/\/nadal.com\/wp-content\/uploads\/2023\/03\/Estoig_rng_20_magnum_fustaampolla_nov2025.jpg\",\"contentUrl\":\"https:\/\/nadal.com\/wp-content\/uploads\/2023\/03\/Estoig_rng_20_magnum_fustaampolla_nov2025.jpg\",\"width\":1400,\"height\":1400},{\"@type\":\"BreadcrumbList\",\"@id\":\"https:\/\/nadal.com\/es\/els-nostres-vins\/espumosos-corpinnat\/rng-es\/rng20-brut-nature-1997\/#breadcrumb\",\"itemListElement\":[{\"@type\":\"ListItem\",\"position\":1,\"name\":\"Inici\",\"item\":\"https:\/\/nadal.com\/es\/\"},{\"@type\":\"ListItem\",\"position\":2,\"name\":\"Nuestros vinos\",\"item\":\"https:\/\/nadal.com\/es\/nuestros-vinos\/\"},{\"@type\":\"ListItem\",\"position\":3,\"name\":\"RNG20 Brut Nature 1997\"}]},{\"@type\":\"WebSite\",\"@id\":\"https:\/\/nadal.com\/es\/#website\",\"url\":\"https:\/\/nadal.com\/es\/\",\"name\":\"Nadal\",\"description\":\"Desde 1943\",\"potentialAction\":[{\"@type\":\"SearchAction\",\"target\":{\"@type\":\"EntryPoint\",\"urlTemplate\":\"https:\/\/nadal.com\/es\/?s={search_term_string}\"},\"query-input\":{\"@type\":\"PropertyValueSpecification\",\"valueRequired\":true,\"valueName\":\"search_term_string\"}}],\"inLanguage\":\"es\"}]}<\/script>\n<!-- \/ Yoast SEO plugin. -->","yoast_head_json":{"title":"RNG20 Brut Nature 1997 - Caves Nadal - Desde 1943","description":"Descubre RNG20 Brut Nature 1997, un vino espumoso Corpinnat de cosecha \u00fanica con m\u00e1s de 25 a\u00f1os de envejecimiento, destacando por su...","robots":{"index":"index","follow":"follow","max-snippet":"max-snippet:-1","max-image-preview":"max-image-preview:large","max-video-preview":"max-video-preview:-1"},"canonical":"https:\/\/nadal.com\/es\/els-nostres-vins\/espumosos-corpinnat\/rng-es\/rng20-brut-nature-1997\/","og_locale":"es_ES","og_type":"article","og_title":"RNG20 Brut Nature 1997 - Caves Nadal - Desde 1943","og_description":"Descubre RNG20 Brut Nature 1997, un vino espumoso Corpinnat de cosecha \u00fanica con m\u00e1s de 25 a\u00f1os de envejecimiento, destacando por su...","og_url":"https:\/\/nadal.com\/es\/els-nostres-vins\/espumosos-corpinnat\/rng-es\/rng20-brut-nature-1997\/","og_site_name":"Nadal","article_modified_time":"2025-07-08T13:23:59+00:00","og_image":[{"width":1400,"height":1400,"url":"https:\/\/nadal.com\/wp-content\/uploads\/2023\/03\/Estoig_rng_20_magnum_fustaampolla_nov2025.jpg","type":"image\/jpeg"}],"twitter_card":"summary_large_image","twitter_misc":{"Tiempo de lectura":"2 minutos"},"schema":{"@context":"https:\/\/schema.org","@graph":[{"@type":"WebPage","@id":"https:\/\/nadal.com\/es\/els-nostres-vins\/espumosos-corpinnat\/rng-es\/rng20-brut-nature-1997\/","url":"https:\/\/nadal.com\/es\/els-nostres-vins\/espumosos-corpinnat\/rng-es\/rng20-brut-nature-1997\/","name":"RNG20 Brut Nature 1997 - Caves Nadal - Desde 1943","isPartOf":{"@id":"https:\/\/nadal.com\/es\/#website"},"primaryImageOfPage":{"@id":"https:\/\/nadal.com\/es\/els-nostres-vins\/espumosos-corpinnat\/rng-es\/rng20-brut-nature-1997\/#primaryimage"},"image":{"@id":"https:\/\/nadal.com\/es\/els-nostres-vins\/espumosos-corpinnat\/rng-es\/rng20-brut-nature-1997\/#primaryimage"},"thumbnailUrl":"https:\/\/nadal.com\/wp-content\/uploads\/2023\/03\/Estoig_rng_20_magnum_fustaampolla_nov2025.jpg","datePublished":"2018-09-16T16:24:48+00:00","dateModified":"2025-07-08T13:23:59+00:00","description":"Descubre RNG20 Brut Nature 1997, un vino espumoso Corpinnat de cosecha \u00fanica con m\u00e1s de 25 a\u00f1os de envejecimiento, destacando por su...","breadcrumb":{"@id":"https:\/\/nadal.com\/es\/els-nostres-vins\/espumosos-corpinnat\/rng-es\/rng20-brut-nature-1997\/#breadcrumb"},"inLanguage":"es","potentialAction":[{"@type":"ReadAction","target":["https:\/\/nadal.com\/es\/els-nostres-vins\/espumosos-corpinnat\/rng-es\/rng20-brut-nature-1997\/"]}]},{"@type":"ImageObject","inLanguage":"es","@id":"https:\/\/nadal.com\/es\/els-nostres-vins\/espumosos-corpinnat\/rng-es\/rng20-brut-nature-1997\/#primaryimage","url":"https:\/\/nadal.com\/wp-content\/uploads\/2023\/03\/Estoig_rng_20_magnum_fustaampolla_nov2025.jpg","contentUrl":"https:\/\/nadal.com\/wp-content\/uploads\/2023\/03\/Estoig_rng_20_magnum_fustaampolla_nov2025.jpg","width":1400,"height":1400},{"@type":"BreadcrumbList","@id":"https:\/\/nadal.com\/es\/els-nostres-vins\/espumosos-corpinnat\/rng-es\/rng20-brut-nature-1997\/#breadcrumb","itemListElement":[{"@type":"ListItem","position":1,"name":"Inici","item":"https:\/\/nadal.com\/es\/"},{"@type":"ListItem","position":2,"name":"Nuestros vinos","item":"https:\/\/nadal.com\/es\/nuestros-vinos\/"},{"@type":"ListItem","position":3,"name":"RNG20 Brut Nature 1997"}]},{"@type":"WebSite","@id":"https:\/\/nadal.com\/es\/#website","url":"https:\/\/nadal.com\/es\/","name":"Nadal","description":"Desde 1943","potentialAction":[{"@type":"SearchAction","target":{"@type":"EntryPoint","urlTemplate":"https:\/\/nadal.com\/es\/?s={search_term_string}"},"query-input":{"@type":"PropertyValueSpecification","valueRequired":true,"valueName":"search_term_string"}}],"inLanguage":"es"}]}},"_links":{"self":[{"href":"https:\/\/nadal.com\/es\/wp-json\/wp\/v2\/product\/2414","targetHints":{"allow":["GET"]}}],"collection":[{"href":"https:\/\/nadal.com\/es\/wp-json\/wp\/v2\/product"}],"about":[{"href":"https:\/\/nadal.com\/es\/wp-json\/wp\/v2\/types\/product"}],"wp:featuredmedia":[{"embeddable":true,"href":"https:\/\/nadal.com\/es\/wp-json\/wp\/v2\/media\/27542"}],"wp:attachment":[{"href":"https:\/\/nadal.com\/es\/wp-json\/wp\/v2\/media?parent=2414"}],"wp:term":[{"taxonomy":"product_brand","embeddable":true,"href":"https:\/\/nadal.com\/es\/wp-json\/wp\/v2\/product_brand?post=2414"},{"taxonomy":"product_cat","embeddable":true,"href":"https:\/\/nadal.com\/es\/wp-json\/wp\/v2\/product_cat?post=2414"},{"taxonomy":"product_tag","embeddable":true,"href":"https:\/\/nadal.com\/es\/wp-json\/wp\/v2\/product_tag?post=2414"}],"curies":[{"name":"wp","href":"https:\/\/api.w.org\/{rel}","templated":true}]}}