{"id":2410,"date":"2018-09-16T18:19:30","date_gmt":"2018-09-16T16:19:30","guid":{"rendered":"http:\/\/mjsffbz.cluster028.hosting.ovh.net\/producte\/rng10-brut-nature-2004\/"},"modified":"2025-07-08T15:34:54","modified_gmt":"2025-07-08T13:34:54","slug":"rng10-brut-nature-2004","status":"publish","type":"product","link":"https:\/\/nadal.com\/es\/els-nostres-vins\/espumosos-corpinnat\/rng-es\/rng10-brut-nature-2004\/","title":{"rendered":"RNG10 Brut Nature 2004"},"content":{"rendered":"<p>[vc_row][vc_column][vc_column_text]<\/p>\n<h3 class=\"frase-ttl\" style=\"text-align: center;\">\u00abCosechas m\u00edticas de xarel\u00b7lo con m\u00e1s de diez a\u00f1os de crianza en botella en la cava fundacional.\u00bb<\/h3>\n<p class=\"frase-desc\" style=\"text-align: center;\">En aquel plato donde pondr\u00edas un gran vino tinto, pon RNG10. \u00a1Te sorprender\u00e1!<\/p>\n<p>[\/vc_column_text][vc_separator][\/vc_column][\/vc_row][vc_row][vc_column width=\u00bb1\/2&#8243;][vc_single_image image=\u00bb27116&#8243; img_size=\u00bbfull\u00bb][\/vc_column][vc_column width=\u00bb1\/2&#8243;][vc_column_text]<\/p>\n<h4>Cata<\/h4>\n<p>Color amarillo intenso con reflejos dorados. Burbuja muy fina y abundante. Aromas de fruta madura confitada con toques ligeramente florales. Fondo de briox con finas notas anisadas. Untuoso, elegante, muy fresco y cremoso, con una integraci\u00f3n impecable de la burbuja. Gran vinosidad y complejidad arom\u00e1tica.<\/p>\n<p>[\/vc_column_text][vc_column_text]<\/p>\n<h4>Temperatura de servicio<\/h4>\n<p>8-10\u00baC. Para disfrutar de la m\u00e1xima expresi\u00f3n de este espumoso descorche la botella fr\u00eda y d\u00e9jela reposar diez minutos en la cubitera. S\u00edrvase delicadamente, con la copa ligeramente inclinada, para conservar las burbujas que atesoran las sensaciones arom\u00e1ticas y gustativas de este espumoso \u00fanico.<\/p>\n<p>[\/vc_column_text][vc_column_text]<\/p>\n<h4>Momento \u00f3ptimo de consumo<\/h4>\n<p>Durante los 3 a\u00f1os despu\u00e9s de su deg\u00fcelle.<\/p>\n<p>[\/vc_column_text][vc_column_text]<\/p>\n<h4>Condiciones de almacenaje<\/h4>\n<p>Se recomienda conservar el vino espumoso en el interior de la caja en posici\u00f3n vertical, resguardando de la luz, la humedad y los cambios s\u00fabitos de temperatura.<\/p>\n<p>Temperatura ideal de conservaci\u00f3n: Inferior a 20\u00baC.[\/vc_column_text][vc_column_text el_class=\u00bbfitxa-message\u00bb]<\/p>\n<h5><i class=\"fa fa-file-text-o\" aria-hidden=\"true\"><\/i> <a href=\"https:\/\/nadal.com\/wp-content\/uploads\/2025\/06\/RNG-10-Brut-Nature-2004-1.pdf\" target=\"_blank\" rel=\"noopener noreferrer\">Ficha t\u00e9cnica<\/a><\/h5>\n<p>[\/vc_column_text][\/vc_column][\/vc_row]<\/p>\n","protected":false},"excerpt":{"rendered":"<p>La esencia de las mejores cosechas de xarel\u00b7lo de la Finca Nadal. Cosechas que cuando iniciamos la comercializaci\u00f3n del vino espumoso y descubrimos alg\u00fan rasgo organol\u00e9ptico excepcional hacemos una reserva de botellas y alargamos su crianza hasta conseguir la armon\u00eda ideal para comercializarlo como Brut Nature. Un vino espumoso que debe su identidad a un ensamblaje de m\u00e1s del 50% de xarel\u00b7lo con una muy ligera sobre maduraci\u00f3n que lo combinamos con 1\/3 de parellada -y ocasionalmente algo de macabeo-.<\/p>\n<p>De la cosecha 2004 se reservaron 5.287 botellas que despu\u00e9s de una crianza m\u00ednima de 10 a\u00f1os nos da aromas de fruta madura confitada y toques ligeramente florales. Un vino de burbuja muy fina, untuoso, elegante, muy fresco y cremoso.<\/p>\n<p><strong>Vino espumoso corpinnat<\/strong><br \/>\n<strong>Variedades de uvas:<\/strong> 52% Xarel\u00b7lo | 32% Parellada | 16% Macabeo de cosecha propia<br \/>\n<strong>Vendimia:<\/strong> 2004<br \/>\n<strong>N\u00ba botellas:<\/strong> 5.287<\/p>\n","protected":false},"featured_media":27539,"template":"","meta":{"_acf_changed":false},"product_brand":[],"product_cat":[54,56,97],"product_tag":[],"class_list":{"0":"post-2410","1":"product","2":"type-product","3":"status-publish","4":"has-post-thumbnail","6":"product_cat-espumosos-corpinnat","7":"product_cat-rng-es","8":"product_cat-regalos","10":"first","11":"instock","12":"taxable","13":"shipping-taxable","14":"product-type-simple"},"group_of_quantity":0,"min_quantity":0,"max_quantity":"","exclude_order_quantity_value_rules":"no","exclude_category_quantity_rules":"no","combine_variations":"no","acf":[],"yoast_head":"<!-- This site is optimized with the Yoast SEO plugin v26.6 - https:\/\/yoast.com\/wordpress\/plugins\/seo\/ -->\n<title>RNG10 Brut Nature 2004 - Caves Nadal - Desde 1943<\/title>\n<meta name=\"description\" content=\"Experimenta el RNG10 Brut Nature 2004, un vino espumoso Corpinnat de alta calidad con m\u00e1s de 10 a\u00f1os de envejecimiento. Disfruta de sus...\" \/>\n<meta name=\"robots\" content=\"index, follow, max-snippet:-1, max-image-preview:large, max-video-preview:-1\" \/>\n<link rel=\"canonical\" href=\"https:\/\/nadal.com\/es\/els-nostres-vins\/espumosos-corpinnat\/rng-es\/rng10-brut-nature-2004\/\" \/>\n<meta property=\"og:locale\" content=\"es_ES\" \/>\n<meta property=\"og:type\" content=\"article\" \/>\n<meta property=\"og:title\" content=\"RNG10 Brut Nature 2004 - Caves Nadal - Desde 1943\" \/>\n<meta property=\"og:description\" content=\"Experimenta el RNG10 Brut Nature 2004, un vino espumoso Corpinnat de alta calidad con m\u00e1s de 10 a\u00f1os de envejecimiento. Disfruta de sus...\" \/>\n<meta property=\"og:url\" content=\"https:\/\/nadal.com\/es\/els-nostres-vins\/espumosos-corpinnat\/rng-es\/rng10-brut-nature-2004\/\" \/>\n<meta property=\"og:site_name\" content=\"Nadal\" \/>\n<meta property=\"article:modified_time\" content=\"2025-07-08T13:34:54+00:00\" \/>\n<meta property=\"og:image\" content=\"https:\/\/nadal.com\/wp-content\/uploads\/2023\/03\/Estoig_rng_10_blancampolla_nov2025.jpg\" \/>\n\t<meta property=\"og:image:width\" content=\"1400\" \/>\n\t<meta property=\"og:image:height\" content=\"1400\" \/>\n\t<meta property=\"og:image:type\" content=\"image\/jpeg\" \/>\n<meta name=\"twitter:card\" content=\"summary_large_image\" \/>\n<meta name=\"twitter:label1\" content=\"Tiempo de lectura\" \/>\n\t<meta name=\"twitter:data1\" content=\"2 minutos\" \/>\n<script type=\"application\/ld+json\" class=\"yoast-schema-graph\">{\"@context\":\"https:\/\/schema.org\",\"@graph\":[{\"@type\":\"WebPage\",\"@id\":\"https:\/\/nadal.com\/es\/els-nostres-vins\/espumosos-corpinnat\/rng-es\/rng10-brut-nature-2004\/\",\"url\":\"https:\/\/nadal.com\/es\/els-nostres-vins\/espumosos-corpinnat\/rng-es\/rng10-brut-nature-2004\/\",\"name\":\"RNG10 Brut Nature 2004 - Caves Nadal - Desde 1943\",\"isPartOf\":{\"@id\":\"https:\/\/nadal.com\/es\/#website\"},\"primaryImageOfPage\":{\"@id\":\"https:\/\/nadal.com\/es\/els-nostres-vins\/espumosos-corpinnat\/rng-es\/rng10-brut-nature-2004\/#primaryimage\"},\"image\":{\"@id\":\"https:\/\/nadal.com\/es\/els-nostres-vins\/espumosos-corpinnat\/rng-es\/rng10-brut-nature-2004\/#primaryimage\"},\"thumbnailUrl\":\"https:\/\/nadal.com\/wp-content\/uploads\/2023\/03\/Estoig_rng_10_blancampolla_nov2025.jpg\",\"datePublished\":\"2018-09-16T16:19:30+00:00\",\"dateModified\":\"2025-07-08T13:34:54+00:00\",\"description\":\"Experimenta el RNG10 Brut Nature 2004, un vino espumoso Corpinnat de alta calidad con m\u00e1s de 10 a\u00f1os de envejecimiento. Disfruta de sus...\",\"breadcrumb\":{\"@id\":\"https:\/\/nadal.com\/es\/els-nostres-vins\/espumosos-corpinnat\/rng-es\/rng10-brut-nature-2004\/#breadcrumb\"},\"inLanguage\":\"es\",\"potentialAction\":[{\"@type\":\"ReadAction\",\"target\":[\"https:\/\/nadal.com\/es\/els-nostres-vins\/espumosos-corpinnat\/rng-es\/rng10-brut-nature-2004\/\"]}]},{\"@type\":\"ImageObject\",\"inLanguage\":\"es\",\"@id\":\"https:\/\/nadal.com\/es\/els-nostres-vins\/espumosos-corpinnat\/rng-es\/rng10-brut-nature-2004\/#primaryimage\",\"url\":\"https:\/\/nadal.com\/wp-content\/uploads\/2023\/03\/Estoig_rng_10_blancampolla_nov2025.jpg\",\"contentUrl\":\"https:\/\/nadal.com\/wp-content\/uploads\/2023\/03\/Estoig_rng_10_blancampolla_nov2025.jpg\",\"width\":1400,\"height\":1400},{\"@type\":\"BreadcrumbList\",\"@id\":\"https:\/\/nadal.com\/es\/els-nostres-vins\/espumosos-corpinnat\/rng-es\/rng10-brut-nature-2004\/#breadcrumb\",\"itemListElement\":[{\"@type\":\"ListItem\",\"position\":1,\"name\":\"Inici\",\"item\":\"https:\/\/nadal.com\/es\/\"},{\"@type\":\"ListItem\",\"position\":2,\"name\":\"Nuestros vinos\",\"item\":\"https:\/\/nadal.com\/es\/nuestros-vinos\/\"},{\"@type\":\"ListItem\",\"position\":3,\"name\":\"RNG10 Brut Nature 2004\"}]},{\"@type\":\"WebSite\",\"@id\":\"https:\/\/nadal.com\/es\/#website\",\"url\":\"https:\/\/nadal.com\/es\/\",\"name\":\"Nadal\",\"description\":\"Desde 1943\",\"potentialAction\":[{\"@type\":\"SearchAction\",\"target\":{\"@type\":\"EntryPoint\",\"urlTemplate\":\"https:\/\/nadal.com\/es\/?s={search_term_string}\"},\"query-input\":{\"@type\":\"PropertyValueSpecification\",\"valueRequired\":true,\"valueName\":\"search_term_string\"}}],\"inLanguage\":\"es\"}]}<\/script>\n<!-- \/ Yoast SEO plugin. -->","yoast_head_json":{"title":"RNG10 Brut Nature 2004 - Caves Nadal - Desde 1943","description":"Experimenta el RNG10 Brut Nature 2004, un vino espumoso Corpinnat de alta calidad con m\u00e1s de 10 a\u00f1os de envejecimiento. Disfruta de sus...","robots":{"index":"index","follow":"follow","max-snippet":"max-snippet:-1","max-image-preview":"max-image-preview:large","max-video-preview":"max-video-preview:-1"},"canonical":"https:\/\/nadal.com\/es\/els-nostres-vins\/espumosos-corpinnat\/rng-es\/rng10-brut-nature-2004\/","og_locale":"es_ES","og_type":"article","og_title":"RNG10 Brut Nature 2004 - Caves Nadal - Desde 1943","og_description":"Experimenta el RNG10 Brut Nature 2004, un vino espumoso Corpinnat de alta calidad con m\u00e1s de 10 a\u00f1os de envejecimiento. Disfruta de sus...","og_url":"https:\/\/nadal.com\/es\/els-nostres-vins\/espumosos-corpinnat\/rng-es\/rng10-brut-nature-2004\/","og_site_name":"Nadal","article_modified_time":"2025-07-08T13:34:54+00:00","og_image":[{"width":1400,"height":1400,"url":"https:\/\/nadal.com\/wp-content\/uploads\/2023\/03\/Estoig_rng_10_blancampolla_nov2025.jpg","type":"image\/jpeg"}],"twitter_card":"summary_large_image","twitter_misc":{"Tiempo de lectura":"2 minutos"},"schema":{"@context":"https:\/\/schema.org","@graph":[{"@type":"WebPage","@id":"https:\/\/nadal.com\/es\/els-nostres-vins\/espumosos-corpinnat\/rng-es\/rng10-brut-nature-2004\/","url":"https:\/\/nadal.com\/es\/els-nostres-vins\/espumosos-corpinnat\/rng-es\/rng10-brut-nature-2004\/","name":"RNG10 Brut Nature 2004 - Caves Nadal - Desde 1943","isPartOf":{"@id":"https:\/\/nadal.com\/es\/#website"},"primaryImageOfPage":{"@id":"https:\/\/nadal.com\/es\/els-nostres-vins\/espumosos-corpinnat\/rng-es\/rng10-brut-nature-2004\/#primaryimage"},"image":{"@id":"https:\/\/nadal.com\/es\/els-nostres-vins\/espumosos-corpinnat\/rng-es\/rng10-brut-nature-2004\/#primaryimage"},"thumbnailUrl":"https:\/\/nadal.com\/wp-content\/uploads\/2023\/03\/Estoig_rng_10_blancampolla_nov2025.jpg","datePublished":"2018-09-16T16:19:30+00:00","dateModified":"2025-07-08T13:34:54+00:00","description":"Experimenta el RNG10 Brut Nature 2004, un vino espumoso Corpinnat de alta calidad con m\u00e1s de 10 a\u00f1os de envejecimiento. Disfruta de sus...","breadcrumb":{"@id":"https:\/\/nadal.com\/es\/els-nostres-vins\/espumosos-corpinnat\/rng-es\/rng10-brut-nature-2004\/#breadcrumb"},"inLanguage":"es","potentialAction":[{"@type":"ReadAction","target":["https:\/\/nadal.com\/es\/els-nostres-vins\/espumosos-corpinnat\/rng-es\/rng10-brut-nature-2004\/"]}]},{"@type":"ImageObject","inLanguage":"es","@id":"https:\/\/nadal.com\/es\/els-nostres-vins\/espumosos-corpinnat\/rng-es\/rng10-brut-nature-2004\/#primaryimage","url":"https:\/\/nadal.com\/wp-content\/uploads\/2023\/03\/Estoig_rng_10_blancampolla_nov2025.jpg","contentUrl":"https:\/\/nadal.com\/wp-content\/uploads\/2023\/03\/Estoig_rng_10_blancampolla_nov2025.jpg","width":1400,"height":1400},{"@type":"BreadcrumbList","@id":"https:\/\/nadal.com\/es\/els-nostres-vins\/espumosos-corpinnat\/rng-es\/rng10-brut-nature-2004\/#breadcrumb","itemListElement":[{"@type":"ListItem","position":1,"name":"Inici","item":"https:\/\/nadal.com\/es\/"},{"@type":"ListItem","position":2,"name":"Nuestros vinos","item":"https:\/\/nadal.com\/es\/nuestros-vinos\/"},{"@type":"ListItem","position":3,"name":"RNG10 Brut Nature 2004"}]},{"@type":"WebSite","@id":"https:\/\/nadal.com\/es\/#website","url":"https:\/\/nadal.com\/es\/","name":"Nadal","description":"Desde 1943","potentialAction":[{"@type":"SearchAction","target":{"@type":"EntryPoint","urlTemplate":"https:\/\/nadal.com\/es\/?s={search_term_string}"},"query-input":{"@type":"PropertyValueSpecification","valueRequired":true,"valueName":"search_term_string"}}],"inLanguage":"es"}]}},"_links":{"self":[{"href":"https:\/\/nadal.com\/es\/wp-json\/wp\/v2\/product\/2410","targetHints":{"allow":["GET"]}}],"collection":[{"href":"https:\/\/nadal.com\/es\/wp-json\/wp\/v2\/product"}],"about":[{"href":"https:\/\/nadal.com\/es\/wp-json\/wp\/v2\/types\/product"}],"wp:featuredmedia":[{"embeddable":true,"href":"https:\/\/nadal.com\/es\/wp-json\/wp\/v2\/media\/27539"}],"wp:attachment":[{"href":"https:\/\/nadal.com\/es\/wp-json\/wp\/v2\/media?parent=2410"}],"wp:term":[{"taxonomy":"product_brand","embeddable":true,"href":"https:\/\/nadal.com\/es\/wp-json\/wp\/v2\/product_brand?post=2410"},{"taxonomy":"product_cat","embeddable":true,"href":"https:\/\/nadal.com\/es\/wp-json\/wp\/v2\/product_cat?post=2410"},{"taxonomy":"product_tag","embeddable":true,"href":"https:\/\/nadal.com\/es\/wp-json\/wp\/v2\/product_tag?post=2410"}],"curies":[{"name":"wp","href":"https:\/\/api.w.org\/{rel}","templated":true}]}}