{"id":23323,"date":"2023-10-09T15:48:33","date_gmt":"2023-10-09T13:48:33","guid":{"rendered":"https:\/\/nadal.com\/?post_type=product&#038;p=23323"},"modified":"2026-01-19T17:10:33","modified_gmt":"2026-01-19T16:10:33","slug":"visita-con-cata-de-vinos-y-croquetas","status":"publish","type":"product","link":"https:\/\/nadal.com\/es\/els-nostres-vins\/experiencias\/visita-con-cata-de-vinos-y-croquetas\/","title":{"rendered":"Visita con cata de vinos y croquetas"},"content":{"rendered":"<p>[vc_row][vc_column][vc_separator][vc_tta_tabs active_section=\u00bb1&#8243;][vc_tta_section title=\u00bbDescripci\u00f3n\u00bb tab_id=\u00bbdescripcio\u00bb][vc_column_text]<\/p>\n<h4 class=\"p1\" style=\"margin: 0cm; margin-bottom: .0001pt;\"><strong>La visita<\/strong><\/h4>\n<p>Un recorrido por la historia de la finca Nadal de la Boadella y de sus vinos. Nos adentraremos en las principales etapas de elaboraci\u00f3n de nuestros espumosos corpinnats y de los vinos blancos nobles. Realizaremos una visita a los vi\u00f1edos, la bodega y la cava fundacional, a casi 20 metros de profundidad. Y, c\u00f3mo no, lo acabaremos con una cata en un entorno privilegiado.<\/p>\n<h4><strong>La cata<\/strong><\/h4>\n<p>En el jard\u00edn de la casa solariega, un peque\u00f1o oasis verde rodeado de vi\u00f1as, disfrutaremos de una cata muy especial:<\/p>\n<ul>\n<li><strong>Ramon Nadal Giro 2018<\/strong>\u00a0&amp; Croqueta de carn rostida de canelons<\/li>\n<li><strong>Salvatge Brut 2021<\/strong>\u00a0&amp; Croqueta de sobrassada<\/li>\n<li><strong>Nadal Brut Nature<\/strong> <strong>2017\u00a0<\/strong> &amp; Croqueta de ceps<\/li>\n<li><strong>Nadal X Vermell Col\u00b7lecci\u00f3 2021 <\/strong>&amp; Bunyol de bacall\u00e0<\/li>\n<li><strong>Nadal 1510 Botrytis Noble 2003<\/strong> &amp; Croqueta de formatge<\/li>\n<\/ul>\n<p>[\/vc_column_text][\/vc_tta_section][vc_tta_section title=\u00bbC\u00f3mo llegar\u00bb tab_id=\u00bbcom-arribar\u00bb][vc_widget_sidebar sidebar_id=\u00bbcom-arribar\u00bb][\/vc_tta_section][vc_tta_section title=\u00bb\u00c1rea Autocaravanas\u00bb tab_id=\u00bbarea-autocaravanes\u00bb][vc_row_inner][vc_column_inner width=\u00bb1\/2&#8243;][vc_widget_sidebar sidebar_id=\u00bbautocaravanes-text\u00bb][\/vc_column_inner][vc_column_inner width=\u00bb1\/2&#8243;][vc_widget_sidebar sidebar_id=\u00bbautocaravanes-imatge\u00bb][\/vc_column_inner][\/vc_row_inner][\/vc_tta_section][\/vc_tta_tabs][\/vc_column][\/vc_row]<\/p>\n","protected":false},"excerpt":{"rendered":"<p>Son un cl\u00e1sico de los aperitivos y una de las tapas m\u00e1s populares: las croquetas no pueden faltar en nuestra tierra. Cal Miquel\u00f3 es una charcuter\u00eda familiar que trabaja con la elaboraci\u00f3n artesanal de estos productos desde 1896. Te proponemos una cata de croquetas con nuestros corpinnats y vinos blancos nobles; un maridaje que, seguro, no te dejar\u00e1 indiferente.<\/p>\n<p><strong>Duraci\u00f3n:<\/strong> 2h.<br \/>\n<strong>Inclou:<\/strong> Recorrido por los vi\u00f1edos, visita a la bodega, cava fundacional y <strong>cata con maridaje:<\/strong><\/p>\n<ul>\n<li><strong>Ramon Nadal Giro 2018<\/strong>\u00a0&amp; Croqueta de carn rostida de canelons<\/li>\n<li><strong>Salvatge Brut 2021<\/strong>\u00a0&amp; Croqueta de sobrassada<\/li>\n<li><strong>Nadal Brut Nature<\/strong> <strong>2017\u00a0<\/strong> &amp; Croqueta de ceps<\/li>\n<li><strong>Nadal X Vermell Col\u00b7lecci\u00f3 2021 <\/strong>&amp; Bunyol de bacall\u00e0<\/li>\n<li><strong>Nadal 1510 Botrytis Noble 2003<\/strong> &amp; Croqueta de formatge<\/li>\n<\/ul>\n<p><strong>Grupos:<\/strong> M\u00ednimo 2 pax \u2013 m\u00e0ximo 20 pax<br \/>\n<strong>Lugar:<\/strong> [acf field=\"lloc\"]<\/p>\n","protected":false},"featured_media":27354,"template":"","meta":{"_acf_changed":false},"product_brand":[],"product_cat":[69],"product_tag":[],"class_list":{"0":"post-23323","1":"product","2":"type-product","3":"status-publish","4":"has-post-thumbnail","6":"product_cat-experiencias","7":"product_shipping_class-gratuito","9":"first","10":"instock","11":"taxable","12":"shipping-taxable","13":"purchasable","14":"product-type-simple"},"group_of_quantity":0,"min_quantity":2,"max_quantity":30,"exclude_order_quantity_value_rules":"yes","exclude_category_quantity_rules":"no","combine_variations":"no","acf":[],"yoast_head":"<!-- This site is optimized with the Yoast SEO plugin v26.6 - https:\/\/yoast.com\/wordpress\/plugins\/seo\/ -->\n<title>Visita con cata de vinos y croquetas - Nadal - Desde 1943<\/title>\n<meta name=\"description\" content=\"Disfruta de la experiencia Burbujas y Croquetas en las Cavas Navidad. Marida cava premium con deliciosas croquetas artesanas en un entorno \u00fanico y acogedor.\" \/>\n<meta name=\"robots\" content=\"index, follow, max-snippet:-1, max-image-preview:large, max-video-preview:-1\" \/>\n<link rel=\"canonical\" href=\"https:\/\/nadal.com\/es\/els-nostres-vins\/experiencias\/visita-con-cata-de-vinos-y-croquetas\/\" \/>\n<meta property=\"og:locale\" content=\"es_ES\" \/>\n<meta property=\"og:type\" content=\"article\" \/>\n<meta property=\"og:title\" content=\"Visita con cata de vinos y croquetas - Nadal - Desde 1943\" \/>\n<meta property=\"og:description\" content=\"Disfruta de la experiencia Burbujas y Croquetas en las Cavas Navidad. Marida cava premium con deliciosas croquetas artesanas en un entorno \u00fanico y acogedor.\" \/>\n<meta property=\"og:url\" content=\"https:\/\/nadal.com\/es\/els-nostres-vins\/experiencias\/visita-con-cata-de-vinos-y-croquetas\/\" \/>\n<meta property=\"og:site_name\" content=\"Nadal\" \/>\n<meta property=\"article:modified_time\" content=\"2026-01-19T16:10:33+00:00\" \/>\n<meta property=\"og:image\" content=\"https:\/\/nadal.com\/wp-content\/uploads\/2023\/10\/20220430_103954.jpg\" \/>\n\t<meta property=\"og:image:width\" content=\"2180\" \/>\n\t<meta property=\"og:image:height\" content=\"2180\" \/>\n\t<meta property=\"og:image:type\" content=\"image\/jpeg\" \/>\n<meta name=\"twitter:card\" content=\"summary_large_image\" \/>\n<meta name=\"twitter:label1\" content=\"Tiempo de lectura\" \/>\n\t<meta name=\"twitter:data1\" content=\"1 minuto\" \/>\n<script type=\"application\/ld+json\" class=\"yoast-schema-graph\">{\"@context\":\"https:\/\/schema.org\",\"@graph\":[{\"@type\":\"WebPage\",\"@id\":\"https:\/\/nadal.com\/es\/els-nostres-vins\/experiencias\/visita-con-cata-de-vinos-y-croquetas\/\",\"url\":\"https:\/\/nadal.com\/es\/els-nostres-vins\/experiencias\/visita-con-cata-de-vinos-y-croquetas\/\",\"name\":\"Visita con cata de vinos y croquetas - Nadal - Desde 1943\",\"isPartOf\":{\"@id\":\"https:\/\/nadal.com\/es\/#website\"},\"primaryImageOfPage\":{\"@id\":\"https:\/\/nadal.com\/es\/els-nostres-vins\/experiencias\/visita-con-cata-de-vinos-y-croquetas\/#primaryimage\"},\"image\":{\"@id\":\"https:\/\/nadal.com\/es\/els-nostres-vins\/experiencias\/visita-con-cata-de-vinos-y-croquetas\/#primaryimage\"},\"thumbnailUrl\":\"https:\/\/nadal.com\/wp-content\/uploads\/2023\/10\/20220430_103954.jpg\",\"datePublished\":\"2023-10-09T13:48:33+00:00\",\"dateModified\":\"2026-01-19T16:10:33+00:00\",\"description\":\"Disfruta de la experiencia Burbujas y Croquetas en las Cavas Navidad. Marida cava premium con deliciosas croquetas artesanas en un entorno \u00fanico y acogedor.\",\"breadcrumb\":{\"@id\":\"https:\/\/nadal.com\/es\/els-nostres-vins\/experiencias\/visita-con-cata-de-vinos-y-croquetas\/#breadcrumb\"},\"inLanguage\":\"es\",\"potentialAction\":[{\"@type\":\"ReadAction\",\"target\":[\"https:\/\/nadal.com\/es\/els-nostres-vins\/experiencias\/visita-con-cata-de-vinos-y-croquetas\/\"]}]},{\"@type\":\"ImageObject\",\"inLanguage\":\"es\",\"@id\":\"https:\/\/nadal.com\/es\/els-nostres-vins\/experiencias\/visita-con-cata-de-vinos-y-croquetas\/#primaryimage\",\"url\":\"https:\/\/nadal.com\/wp-content\/uploads\/2023\/10\/20220430_103954.jpg\",\"contentUrl\":\"https:\/\/nadal.com\/wp-content\/uploads\/2023\/10\/20220430_103954.jpg\",\"width\":2180,\"height\":2180},{\"@type\":\"BreadcrumbList\",\"@id\":\"https:\/\/nadal.com\/es\/els-nostres-vins\/experiencias\/visita-con-cata-de-vinos-y-croquetas\/#breadcrumb\",\"itemListElement\":[{\"@type\":\"ListItem\",\"position\":1,\"name\":\"Inici\",\"item\":\"https:\/\/nadal.com\/es\/\"},{\"@type\":\"ListItem\",\"position\":2,\"name\":\"Nuestros vinos\",\"item\":\"https:\/\/nadal.com\/es\/nuestros-vinos\/\"},{\"@type\":\"ListItem\",\"position\":3,\"name\":\"Visita con cata de vinos y croquetas\"}]},{\"@type\":\"WebSite\",\"@id\":\"https:\/\/nadal.com\/es\/#website\",\"url\":\"https:\/\/nadal.com\/es\/\",\"name\":\"Nadal\",\"description\":\"Desde 1943\",\"potentialAction\":[{\"@type\":\"SearchAction\",\"target\":{\"@type\":\"EntryPoint\",\"urlTemplate\":\"https:\/\/nadal.com\/es\/?s={search_term_string}\"},\"query-input\":{\"@type\":\"PropertyValueSpecification\",\"valueRequired\":true,\"valueName\":\"search_term_string\"}}],\"inLanguage\":\"es\"}]}<\/script>\n<!-- \/ Yoast SEO plugin. -->","yoast_head_json":{"title":"Visita con cata de vinos y croquetas - Nadal - Desde 1943","description":"Disfruta de la experiencia Burbujas y Croquetas en las Cavas Navidad. Marida cava premium con deliciosas croquetas artesanas en un entorno \u00fanico y acogedor.","robots":{"index":"index","follow":"follow","max-snippet":"max-snippet:-1","max-image-preview":"max-image-preview:large","max-video-preview":"max-video-preview:-1"},"canonical":"https:\/\/nadal.com\/es\/els-nostres-vins\/experiencias\/visita-con-cata-de-vinos-y-croquetas\/","og_locale":"es_ES","og_type":"article","og_title":"Visita con cata de vinos y croquetas - Nadal - Desde 1943","og_description":"Disfruta de la experiencia Burbujas y Croquetas en las Cavas Navidad. Marida cava premium con deliciosas croquetas artesanas en un entorno \u00fanico y acogedor.","og_url":"https:\/\/nadal.com\/es\/els-nostres-vins\/experiencias\/visita-con-cata-de-vinos-y-croquetas\/","og_site_name":"Nadal","article_modified_time":"2026-01-19T16:10:33+00:00","og_image":[{"width":2180,"height":2180,"url":"https:\/\/nadal.com\/wp-content\/uploads\/2023\/10\/20220430_103954.jpg","type":"image\/jpeg"}],"twitter_card":"summary_large_image","twitter_misc":{"Tiempo de lectura":"1 minuto"},"schema":{"@context":"https:\/\/schema.org","@graph":[{"@type":"WebPage","@id":"https:\/\/nadal.com\/es\/els-nostres-vins\/experiencias\/visita-con-cata-de-vinos-y-croquetas\/","url":"https:\/\/nadal.com\/es\/els-nostres-vins\/experiencias\/visita-con-cata-de-vinos-y-croquetas\/","name":"Visita con cata de vinos y croquetas - Nadal - Desde 1943","isPartOf":{"@id":"https:\/\/nadal.com\/es\/#website"},"primaryImageOfPage":{"@id":"https:\/\/nadal.com\/es\/els-nostres-vins\/experiencias\/visita-con-cata-de-vinos-y-croquetas\/#primaryimage"},"image":{"@id":"https:\/\/nadal.com\/es\/els-nostres-vins\/experiencias\/visita-con-cata-de-vinos-y-croquetas\/#primaryimage"},"thumbnailUrl":"https:\/\/nadal.com\/wp-content\/uploads\/2023\/10\/20220430_103954.jpg","datePublished":"2023-10-09T13:48:33+00:00","dateModified":"2026-01-19T16:10:33+00:00","description":"Disfruta de la experiencia Burbujas y Croquetas en las Cavas Navidad. Marida cava premium con deliciosas croquetas artesanas en un entorno \u00fanico y acogedor.","breadcrumb":{"@id":"https:\/\/nadal.com\/es\/els-nostres-vins\/experiencias\/visita-con-cata-de-vinos-y-croquetas\/#breadcrumb"},"inLanguage":"es","potentialAction":[{"@type":"ReadAction","target":["https:\/\/nadal.com\/es\/els-nostres-vins\/experiencias\/visita-con-cata-de-vinos-y-croquetas\/"]}]},{"@type":"ImageObject","inLanguage":"es","@id":"https:\/\/nadal.com\/es\/els-nostres-vins\/experiencias\/visita-con-cata-de-vinos-y-croquetas\/#primaryimage","url":"https:\/\/nadal.com\/wp-content\/uploads\/2023\/10\/20220430_103954.jpg","contentUrl":"https:\/\/nadal.com\/wp-content\/uploads\/2023\/10\/20220430_103954.jpg","width":2180,"height":2180},{"@type":"BreadcrumbList","@id":"https:\/\/nadal.com\/es\/els-nostres-vins\/experiencias\/visita-con-cata-de-vinos-y-croquetas\/#breadcrumb","itemListElement":[{"@type":"ListItem","position":1,"name":"Inici","item":"https:\/\/nadal.com\/es\/"},{"@type":"ListItem","position":2,"name":"Nuestros vinos","item":"https:\/\/nadal.com\/es\/nuestros-vinos\/"},{"@type":"ListItem","position":3,"name":"Visita con cata de vinos y croquetas"}]},{"@type":"WebSite","@id":"https:\/\/nadal.com\/es\/#website","url":"https:\/\/nadal.com\/es\/","name":"Nadal","description":"Desde 1943","potentialAction":[{"@type":"SearchAction","target":{"@type":"EntryPoint","urlTemplate":"https:\/\/nadal.com\/es\/?s={search_term_string}"},"query-input":{"@type":"PropertyValueSpecification","valueRequired":true,"valueName":"search_term_string"}}],"inLanguage":"es"}]}},"_links":{"self":[{"href":"https:\/\/nadal.com\/es\/wp-json\/wp\/v2\/product\/23323","targetHints":{"allow":["GET"]}}],"collection":[{"href":"https:\/\/nadal.com\/es\/wp-json\/wp\/v2\/product"}],"about":[{"href":"https:\/\/nadal.com\/es\/wp-json\/wp\/v2\/types\/product"}],"wp:featuredmedia":[{"embeddable":true,"href":"https:\/\/nadal.com\/es\/wp-json\/wp\/v2\/media\/27354"}],"wp:attachment":[{"href":"https:\/\/nadal.com\/es\/wp-json\/wp\/v2\/media?parent=23323"}],"wp:term":[{"taxonomy":"product_brand","embeddable":true,"href":"https:\/\/nadal.com\/es\/wp-json\/wp\/v2\/product_brand?post=23323"},{"taxonomy":"product_cat","embeddable":true,"href":"https:\/\/nadal.com\/es\/wp-json\/wp\/v2\/product_cat?post=23323"},{"taxonomy":"product_tag","embeddable":true,"href":"https:\/\/nadal.com\/es\/wp-json\/wp\/v2\/product_tag?post=23323"}],"curies":[{"name":"wp","href":"https:\/\/api.w.org\/{rel}","templated":true}]}}