{"id":23272,"date":"2026-01-24T11:42:41","date_gmt":"2026-01-24T10:42:41","guid":{"rendered":"https:\/\/nadal.com\/?post_type=product&#038;p=23272"},"modified":"2026-03-02T15:40:33","modified_gmt":"2026-03-02T14:40:33","slug":"tardeo-salvatge","status":"publish","type":"product","link":"https:\/\/nadal.com\/es\/els-nostres-vins\/eventos\/tardeo-salvatge\/","title":{"rendered":"Tardeo Salvatge"},"content":{"rendered":"<p>[vc_row][vc_column][vc_separator][vc_tta_tabs active_section=\u00bb1&#8243;][vc_tta_section title=\u00bbDescripci\u00f3\u00bb tab_id=\u00bbdescripcio\u00bb][vc_column_text]La Festa Salvatge vuelve a Caves Nadal para celebrar, un a\u00f1o m\u00e1s, el espumoso m\u00e1s rebelde de la casa: Salvatge. Una cita imprescindible para los amantes del Corpinnat, la m\u00fasica y las fiestas en un entorno \u00fanico, en el coraz\u00f3n del Pened\u00e8s.<\/p>\n<p>Una experiencia con car\u00e1cter, autenticidad y esp\u00edritu indomable, donde el tiempo se detiene para brindar, bailar y dejarse llevar por la esencia m\u00e1s salvaje de Nadal.<\/p>\n<p>Brindaremos juntos con el Corpinnat Salvatge, protagonista absoluto de la noche, en una fiesta que ya se ha convertido en una tradici\u00f3n en el jard\u00edn de la casa solariega de Caves Nadal. [\/vc_column_text][\/vc_tta_section][vc_tta_section title=\u00bbCom arribar\u00bb tab_id=\u00bbcom-arribar\u00bb][vc_widget_sidebar sidebar_id=\u00bbcom-arribar\u00bb][\/vc_tta_section][vc_tta_section title=\u00bb\u00c0rea Autocaravanes\u00bb tab_id=\u00bbarea-autocaravanes\u00bb][vc_row_inner][vc_column_inner width=\u00bb1\/2&#8243;][vc_widget_sidebar sidebar_id=\u00bbautocaravanes-text\u00bb][\/vc_column_inner][vc_column_inner width=\u00bb1\/2&#8243;][vc_widget_sidebar sidebar_id=\u00bbautocaravanes-imatge\u00bb][\/vc_column_inner][\/vc_row_inner][\/vc_tta_section][\/vc_tta_tabs][\/vc_column][\/vc_row]<\/p>\n","protected":false},"excerpt":{"rendered":"<p data-start=\"39\" data-end=\"275\">El tardeo Salvatge vuelve a Caves Nadal para celebrar el espumoso m\u00e1s rebel de la casa: el Salvatge. Una cita imprescindible en el coraz\u00f3n del Pened\u00e8s para brindar, bailar y dejarse llevar por el esp\u00edritu m\u00e1s indomable de nuestro Corpinnat.<\/p>\n<p><strong>D\u00eda: <\/strong>S\u00e1bado 30 de mayo<br \/>\n<strong>Horario: <\/strong>18.30 &#8211; 22.00<br \/>\n<b>Incluye:<\/b> 2 copas de Salvatge Brut 2021 o Salvatge Brut Ros\u00e9 2021, 2 Frankfurts Casa Vall\u00e8s (del emblem\u00e1tico Frankfurt Pedralbes)<br \/>\n<strong>Lugar:<\/strong> [acf field=\"lloc\"]<\/p>\n<div class=\"flex flex-col text-sm pb-25\">\n<article class=\"text-token-text-primary w-full focus:outline-none [--shadow-height:45px] has-data-writing-block:pointer-events-none has-data-writing-block:-mt-(--shadow-height) has-data-writing-block:pt-(--shadow-height) [&amp;:has([data-writing-block])&gt;*]:pointer-events-auto scroll-mt-[calc(var(--header-height)+min(200px,max(70px,20svh)))]\" dir=\"auto\" tabindex=\"-1\" data-turn-id=\"request-WEB:e730ecbe-f4e3-4f48-926a-085dfc21512b-2\" data-testid=\"conversation-turn-6\" data-scroll-anchor=\"true\" data-turn=\"assistant\">\n<div class=\"text-base my-auto mx-auto pb-10 [--thread-content-margin:--spacing(4)] @w-sm\/main:[--thread-content-margin:--spacing(6)] @w-lg\/main:[--thread-content-margin:--spacing(16)] px-(--thread-content-margin)\">\n<div class=\"[--thread-content-max-width:40rem] @w-lg\/main:[--thread-content-max-width:48rem] mx-auto max-w-(--thread-content-max-width) flex-1 group\/turn-messages focus-visible:outline-hidden relative flex w-full min-w-0 flex-col agent-turn\" tabindex=\"-1\">\n<div class=\"flex max-w-full flex-col grow\">\n<div class=\"min-h-8 text-message relative flex w-full flex-col items-end gap-2 text-start break-words whitespace-normal [.text-message+&amp;]:mt-1\" dir=\"auto\" data-message-author-role=\"assistant\" data-message-id=\"e5d15a1c-63a1-469e-95a0-2fef31c214ba\" data-message-model-slug=\"gpt-5-2\">\n<div class=\"flex w-full flex-col gap-1 empty:hidden first:pt-[1px]\">\n<div class=\"markdown prose dark:prose-invert w-full wrap-break-word light markdown-new-styling\">\n<p data-start=\"0\" data-end=\"51\" data-is-last-node=\"\" data-is-only-node=\"\"><strong>Compra tu entrada anticipada antes del 26 de abril.<\/strong><\/p>\n<\/div>\n<\/div>\n<\/div>\n<\/div>\n<\/div>\n<\/div>\n<\/article>\n<\/div>\n","protected":false},"featured_media":28023,"template":"","meta":{"_acf_changed":false},"product_brand":[],"product_cat":[59],"product_tag":[],"class_list":{"0":"post-23272","1":"product","2":"type-product","3":"status-publish","4":"has-post-thumbnail","6":"product_cat-eventos","7":"product_shipping_class-gratuito","9":"first","10":"instock","11":"sale","12":"featured","13":"taxable","14":"shipping-taxable","15":"purchasable","16":"product-type-simple"},"group_of_quantity":0,"min_quantity":1,"max_quantity":200,"exclude_order_quantity_value_rules":"yes","exclude_category_quantity_rules":"no","combine_variations":"no","acf":[],"yoast_head":"<!-- This site is optimized with the Yoast SEO plugin v26.6 - https:\/\/yoast.com\/wordpress\/plugins\/seo\/ -->\n<title>Tardeo Salvatge - Nadal - Desde 1943<\/title>\n<meta name=\"robots\" content=\"noindex, nofollow\" \/>\n<meta property=\"og:locale\" content=\"es_ES\" \/>\n<meta property=\"og:type\" content=\"article\" \/>\n<meta property=\"og:title\" content=\"Tardeo Salvatge - Nadal - Desde 1943\" \/>\n<meta property=\"og:description\" content=\"El tardeo Salvatge vuelve a Caves Nadal para celebrar el espumoso m\u00e1s rebel de la casa: el Salvatge. Una cita imprescindible en el coraz\u00f3n del Pened\u00e8s para brindar, bailar y dejarse llevar por el esp\u00edritu m\u00e1s indomable de nuestro Corpinnat. D\u00eda: S\u00e1bado 30 de mayo Horario: 18.30 - 22.00 Incluye: 2 copas de Salvatge Brut 2021 o Salvatge Brut Ros\u00e9 2021, 2 Frankfurts Casa Vall\u00e8s (del emblem\u00e1tico Frankfurt Pedralbes) Lugar:         Compra tu entrada anticipada antes del 26 de abril.\" \/>\n<meta property=\"og:url\" content=\"https:\/\/nadal.com\/es\/els-nostres-vins\/eventos\/tardeo-salvatge\/\" \/>\n<meta property=\"og:site_name\" content=\"Nadal\" \/>\n<meta property=\"article:modified_time\" content=\"2026-03-02T14:40:33+00:00\" \/>\n<meta property=\"og:image\" content=\"https:\/\/nadal.com\/wp-content\/uploads\/2024\/10\/CavesNadal24052025-08-scaled-e1769439222156.jpg\" \/>\n\t<meta property=\"og:image:width\" content=\"1710\" \/>\n\t<meta property=\"og:image:height\" content=\"2560\" \/>\n\t<meta property=\"og:image:type\" content=\"image\/jpeg\" \/>\n<meta name=\"twitter:card\" content=\"summary_large_image\" \/>\n<meta name=\"twitter:label1\" content=\"Tiempo de lectura\" \/>\n\t<meta name=\"twitter:data1\" content=\"1 minuto\" \/>\n<script type=\"application\/ld+json\" class=\"yoast-schema-graph\">{\"@context\":\"https:\/\/schema.org\",\"@graph\":[{\"@type\":\"WebPage\",\"@id\":\"https:\/\/nadal.com\/es\/els-nostres-vins\/eventos\/tardeo-salvatge\/\",\"url\":\"https:\/\/nadal.com\/es\/els-nostres-vins\/eventos\/tardeo-salvatge\/\",\"name\":\"Tardeo Salvatge - Nadal - Desde 1943\",\"isPartOf\":{\"@id\":\"https:\/\/nadal.com\/es\/#website\"},\"primaryImageOfPage\":{\"@id\":\"https:\/\/nadal.com\/es\/els-nostres-vins\/eventos\/tardeo-salvatge\/#primaryimage\"},\"image\":{\"@id\":\"https:\/\/nadal.com\/es\/els-nostres-vins\/eventos\/tardeo-salvatge\/#primaryimage\"},\"thumbnailUrl\":\"https:\/\/nadal.com\/wp-content\/uploads\/2024\/10\/CavesNadal24052025-08-scaled-e1769439222156.jpg\",\"datePublished\":\"2026-01-24T10:42:41+00:00\",\"dateModified\":\"2026-03-02T14:40:33+00:00\",\"breadcrumb\":{\"@id\":\"https:\/\/nadal.com\/es\/els-nostres-vins\/eventos\/tardeo-salvatge\/#breadcrumb\"},\"inLanguage\":\"es\",\"potentialAction\":[{\"@type\":\"ReadAction\",\"target\":[\"https:\/\/nadal.com\/es\/els-nostres-vins\/eventos\/tardeo-salvatge\/\"]}]},{\"@type\":\"ImageObject\",\"inLanguage\":\"es\",\"@id\":\"https:\/\/nadal.com\/es\/els-nostres-vins\/eventos\/tardeo-salvatge\/#primaryimage\",\"url\":\"https:\/\/nadal.com\/wp-content\/uploads\/2024\/10\/CavesNadal24052025-08-scaled-e1769439222156.jpg\",\"contentUrl\":\"https:\/\/nadal.com\/wp-content\/uploads\/2024\/10\/CavesNadal24052025-08-scaled-e1769439222156.jpg\",\"width\":1710,\"height\":2560},{\"@type\":\"BreadcrumbList\",\"@id\":\"https:\/\/nadal.com\/es\/els-nostres-vins\/eventos\/tardeo-salvatge\/#breadcrumb\",\"itemListElement\":[{\"@type\":\"ListItem\",\"position\":1,\"name\":\"Inici\",\"item\":\"https:\/\/nadal.com\/es\/\"},{\"@type\":\"ListItem\",\"position\":2,\"name\":\"Nuestros vinos\",\"item\":\"https:\/\/nadal.com\/es\/nuestros-vinos\/\"},{\"@type\":\"ListItem\",\"position\":3,\"name\":\"Tardeo Salvatge\"}]},{\"@type\":\"WebSite\",\"@id\":\"https:\/\/nadal.com\/es\/#website\",\"url\":\"https:\/\/nadal.com\/es\/\",\"name\":\"Nadal\",\"description\":\"Desde 1943\",\"potentialAction\":[{\"@type\":\"SearchAction\",\"target\":{\"@type\":\"EntryPoint\",\"urlTemplate\":\"https:\/\/nadal.com\/es\/?s={search_term_string}\"},\"query-input\":{\"@type\":\"PropertyValueSpecification\",\"valueRequired\":true,\"valueName\":\"search_term_string\"}}],\"inLanguage\":\"es\"}]}<\/script>\n<!-- \/ Yoast SEO plugin. -->","yoast_head_json":{"title":"Tardeo Salvatge - Nadal - Desde 1943","robots":{"index":"noindex","follow":"nofollow"},"og_locale":"es_ES","og_type":"article","og_title":"Tardeo Salvatge - Nadal - Desde 1943","og_description":"El tardeo Salvatge vuelve a Caves Nadal para celebrar el espumoso m\u00e1s rebel de la casa: el Salvatge. Una cita imprescindible en el coraz\u00f3n del Pened\u00e8s para brindar, bailar y dejarse llevar por el esp\u00edritu m\u00e1s indomable de nuestro Corpinnat. D\u00eda: S\u00e1bado 30 de mayo Horario: 18.30 - 22.00 Incluye: 2 copas de Salvatge Brut 2021 o Salvatge Brut Ros\u00e9 2021, 2 Frankfurts Casa Vall\u00e8s (del emblem\u00e1tico Frankfurt Pedralbes) Lugar:         Compra tu entrada anticipada antes del 26 de abril.","og_url":"https:\/\/nadal.com\/es\/els-nostres-vins\/eventos\/tardeo-salvatge\/","og_site_name":"Nadal","article_modified_time":"2026-03-02T14:40:33+00:00","og_image":[{"width":1710,"height":2560,"url":"https:\/\/nadal.com\/wp-content\/uploads\/2024\/10\/CavesNadal24052025-08-scaled-e1769439222156.jpg","type":"image\/jpeg"}],"twitter_card":"summary_large_image","twitter_misc":{"Tiempo de lectura":"1 minuto"},"schema":{"@context":"https:\/\/schema.org","@graph":[{"@type":"WebPage","@id":"https:\/\/nadal.com\/es\/els-nostres-vins\/eventos\/tardeo-salvatge\/","url":"https:\/\/nadal.com\/es\/els-nostres-vins\/eventos\/tardeo-salvatge\/","name":"Tardeo Salvatge - Nadal - Desde 1943","isPartOf":{"@id":"https:\/\/nadal.com\/es\/#website"},"primaryImageOfPage":{"@id":"https:\/\/nadal.com\/es\/els-nostres-vins\/eventos\/tardeo-salvatge\/#primaryimage"},"image":{"@id":"https:\/\/nadal.com\/es\/els-nostres-vins\/eventos\/tardeo-salvatge\/#primaryimage"},"thumbnailUrl":"https:\/\/nadal.com\/wp-content\/uploads\/2024\/10\/CavesNadal24052025-08-scaled-e1769439222156.jpg","datePublished":"2026-01-24T10:42:41+00:00","dateModified":"2026-03-02T14:40:33+00:00","breadcrumb":{"@id":"https:\/\/nadal.com\/es\/els-nostres-vins\/eventos\/tardeo-salvatge\/#breadcrumb"},"inLanguage":"es","potentialAction":[{"@type":"ReadAction","target":["https:\/\/nadal.com\/es\/els-nostres-vins\/eventos\/tardeo-salvatge\/"]}]},{"@type":"ImageObject","inLanguage":"es","@id":"https:\/\/nadal.com\/es\/els-nostres-vins\/eventos\/tardeo-salvatge\/#primaryimage","url":"https:\/\/nadal.com\/wp-content\/uploads\/2024\/10\/CavesNadal24052025-08-scaled-e1769439222156.jpg","contentUrl":"https:\/\/nadal.com\/wp-content\/uploads\/2024\/10\/CavesNadal24052025-08-scaled-e1769439222156.jpg","width":1710,"height":2560},{"@type":"BreadcrumbList","@id":"https:\/\/nadal.com\/es\/els-nostres-vins\/eventos\/tardeo-salvatge\/#breadcrumb","itemListElement":[{"@type":"ListItem","position":1,"name":"Inici","item":"https:\/\/nadal.com\/es\/"},{"@type":"ListItem","position":2,"name":"Nuestros vinos","item":"https:\/\/nadal.com\/es\/nuestros-vinos\/"},{"@type":"ListItem","position":3,"name":"Tardeo Salvatge"}]},{"@type":"WebSite","@id":"https:\/\/nadal.com\/es\/#website","url":"https:\/\/nadal.com\/es\/","name":"Nadal","description":"Desde 1943","potentialAction":[{"@type":"SearchAction","target":{"@type":"EntryPoint","urlTemplate":"https:\/\/nadal.com\/es\/?s={search_term_string}"},"query-input":{"@type":"PropertyValueSpecification","valueRequired":true,"valueName":"search_term_string"}}],"inLanguage":"es"}]}},"_links":{"self":[{"href":"https:\/\/nadal.com\/es\/wp-json\/wp\/v2\/product\/23272","targetHints":{"allow":["GET"]}}],"collection":[{"href":"https:\/\/nadal.com\/es\/wp-json\/wp\/v2\/product"}],"about":[{"href":"https:\/\/nadal.com\/es\/wp-json\/wp\/v2\/types\/product"}],"wp:featuredmedia":[{"embeddable":true,"href":"https:\/\/nadal.com\/es\/wp-json\/wp\/v2\/media\/28023"}],"wp:attachment":[{"href":"https:\/\/nadal.com\/es\/wp-json\/wp\/v2\/media?parent=23272"}],"wp:term":[{"taxonomy":"product_brand","embeddable":true,"href":"https:\/\/nadal.com\/es\/wp-json\/wp\/v2\/product_brand?post=23272"},{"taxonomy":"product_cat","embeddable":true,"href":"https:\/\/nadal.com\/es\/wp-json\/wp\/v2\/product_cat?post=23272"},{"taxonomy":"product_tag","embeddable":true,"href":"https:\/\/nadal.com\/es\/wp-json\/wp\/v2\/product_tag?post=23272"}],"curies":[{"name":"wp","href":"https:\/\/api.w.org\/{rel}","templated":true}]}}