{"id":23200,"date":"2023-07-17T16:32:14","date_gmt":"2023-07-17T14:32:14","guid":{"rendered":"https:\/\/nadal.com\/?post_type=product&#038;p=23200"},"modified":"2026-01-19T17:58:02","modified_gmt":"2026-01-19T16:58:02","slug":"una-cena-de-pelicula-entre-vinedos","status":"publish","type":"product","link":"https:\/\/nadal.com\/es\/els-nostres-vins\/experiencias\/actividades-enoturismo\/una-cena-de-pelicula-entre-vinedos\/","title":{"rendered":"Una cena de pel\u00edcula entre vi\u00f1edos"},"content":{"rendered":"<p>[vc_row][vc_column][vc_separator][vc_tta_tabs active_section=\u00bb1&#8243;][vc_tta_section title=\u00bbDescripci\u00f3n\u00bb tab_id=\u00bbdescripcio\u00bb][vc_column_text]Ser\u00e1 una noche de ensue\u00f1o. Primeramente, si lo deseas, visitaremos la bodega y la cava fundacional, situada veinte metros bajo tierra para garantizar las condiciones \u00f3ptimas de crianza de nuestros espumosos CORPINNAT. All\u00ed conoceremos los rituales artesanales del m\u00e9todo\u00a0champenoise\u00a0(m\u00e9todo tradicional) y veremos descansar las botellas que realizan las crianzas m\u00e1s largas. Posteriormente, disfrutaremos de una cata muy especial en el jard\u00edn de la casa solariega.<\/p>\n<p>Y cuando empiece a ponerse el sol, nos trasladaremos al Espai Xarel\u00b7lo, donde ya estar\u00e1 la mesa preparada en un entorno privilegiado, dispuesto de la forma m\u00e1s bonita y cuidando todos los detalles. Podr\u00e1s disfrutar de un c\u00e1tering con platos de calidad y productos de proximidad, maridado con los mejores vinos y espumosos de la casa. Te preparamos todo a tu medida: tal y como lo so\u00f1abas, as\u00ed lo encontrar\u00e1s.<\/p>\n<p>Aconsejamos traer calzado c\u00f3modo para visitar los vi\u00f1edos y una chaqueta por si refresca.<\/p>\n<p style=\"text-align: center;\"><strong>Men\u00fa gastr\u00f3nomico<\/strong><\/p>\n<p style=\"text-align: center;\"><strong>Primer plato<\/strong><br \/>\nEl tomate del xat\u00f3<br \/>\no<br \/>\nCarpaccio de calabac\u00edn con crujiente de jam\u00f3n ib\u00e9rico, membrillo, parmesano y vinagreta de c\u00edtricos<br \/>\no<br \/>\nCanelones de pato con crema de setas trufada<br \/>\n*<br \/>\n<strong>Segundo plato<\/strong><br \/>\nLata de ternera con guisantes, setas y chocolate<br \/>\no<br \/>\nLaminado de ib\u00e9rico con trinchado de la Cerda\u00f1a con salsa de rataf\u00eda<br \/>\no<br \/>\nJuguito de merluza con patatitas y mejillones<br \/>\no<br \/>\nBacalao con espinacas y seta a la crema de calabaza<br \/>\n*<br \/>\nSurtido de panecillos<br \/>\n*<br \/>\n<strong>Postre<\/strong><br \/>\nMousse a elegir<br \/>\n*<br \/>\nCaf\u00e9 &#8211; Infusiones<br \/>\n*<br \/>\nAgua Mineral<br \/>\nSalvatje Brut Nature 2015<\/p>\n<p><strong>Disponibilidad:<\/strong><\/p>\n<p>De lunes a domingo bajo demanda<\/p>\n<p><strong>Excepto:<\/strong> \u00a0Del 1 al 11 de enero, el 24 de junio, del 27 de julio al 9 de agosto y el 25 y 26 de diciembre.[\/vc_column_text][\/vc_tta_section][vc_tta_section title=\u00bbC\u00f3mo llegar\u00bb tab_id=\u00bbcom-arribar\u00bb][vc_widget_sidebar sidebar_id=\u00bbcom-arribar\u00bb][\/vc_tta_section][vc_tta_section title=\u00bb\u00c1rea Autocaravanas\u00bb tab_id=\u00bbarea-autocaravanes\u00bb][vc_row_inner][vc_column_inner width=\u00bb1\/2&#8243;][vc_widget_sidebar sidebar_id=\u00bbautocaravanes-text\u00bb][\/vc_column_inner][vc_column_inner width=\u00bb1\/2&#8243;][vc_widget_sidebar sidebar_id=\u00bbautocaravanes-imatge\u00bb][\/vc_column_inner][\/vc_row_inner][\/vc_tta_section][\/vc_tta_tabs][\/vc_column][\/vc_row]<\/p>\n","protected":false},"excerpt":{"rendered":"<p>Imag\u00ednate una cena de pel\u00edcula. Un horizonte de vi\u00f1edos verdes infinito. Un rinc\u00f3n di\u00e1fano protegido entre cepas. El cielo estrellado con la luna saliendo por detr\u00e1s de las monta\u00f1as. Mesas bien dispuestas debajo de una hilera de luces colgando. Y sobre del mantel, unos deliciosos platos y los mejores vinos.<\/p>\n<p>Este sitio existe y est\u00e1 en el espacio Xarel\u00b7lo de la finca Nadal. Hagamos realidad esa idea que pensabas que s\u00f3lo pasaba en las pel\u00edculas para que vivas una cena como siempre la hab\u00edas so\u00f1ado. Disfruta de una noche de gastronom\u00eda y vinos \u00fanica, en un paraje natural lejos del ruido y en la intimidad de las personas con las que quieras compartir la belleza y los placeres de la vida.<\/p>\n<p><strong>Incluye:<\/strong> Cena gastron\u00f3mica, selecci\u00f3n de vinos tranquilos y espumosos Nadal. Opci\u00f3n de visitar la bodega y la cava fundacional y realizar una cata de corpinnats y vinos blancos.<br \/>\n<strong>Precio:<\/strong> Presupuesto a medida. Cont\u00e1ctanos.<br \/>\n<strong>Personas:<\/strong> M\u00ednimo 10 personas<br \/>\n<strong>Lugar:<\/strong> [acf field=\"lloc\"]<\/p>\n","protected":false},"featured_media":23238,"template":"","meta":{"_acf_changed":false},"product_brand":[],"product_cat":[129],"product_tag":[],"class_list":{"0":"post-23200","1":"product","2":"type-product","3":"status-publish","4":"has-post-thumbnail","6":"product_cat-actividades-enoturismo","7":"product_shipping_class-gratuito","9":"first","10":"instock","11":"featured","12":"taxable","13":"shipping-taxable","14":"purchasable","15":"product-type-simple"},"group_of_quantity":0,"min_quantity":2,"max_quantity":30,"exclude_order_quantity_value_rules":"yes","exclude_category_quantity_rules":"no","combine_variations":"no","acf":[],"yoast_head":"<!-- This site is optimized with the Yoast SEO plugin v26.6 - https:\/\/yoast.com\/wordpress\/plugins\/seo\/ -->\n<title>Una cena de pel\u00edcula entre vi\u00f1edos - Nadal - Desde 1943<\/title>\n<meta name=\"description\" content=\"Vive una noche inolvidable con las Cavas Nadal. Disfruta de una cena tem\u00e1tica con maridaje de vinos y cava en un escenario m\u00e1gico.\" \/>\n<meta name=\"robots\" content=\"index, follow, max-snippet:-1, max-image-preview:large, max-video-preview:-1\" \/>\n<link rel=\"canonical\" href=\"https:\/\/nadal.com\/es\/els-nostres-vins\/experiencias\/actividades-enoturismo\/una-cena-de-pelicula-entre-vinedos\/\" \/>\n<meta property=\"og:locale\" content=\"es_ES\" \/>\n<meta property=\"og:type\" content=\"article\" \/>\n<meta property=\"og:title\" content=\"Una cena de pel\u00edcula entre vi\u00f1edos - Nadal - Desde 1943\" \/>\n<meta property=\"og:description\" content=\"Vive una noche inolvidable con las Cavas Nadal. Disfruta de una cena tem\u00e1tica con maridaje de vinos y cava en un escenario m\u00e1gico.\" \/>\n<meta property=\"og:url\" content=\"https:\/\/nadal.com\/es\/els-nostres-vins\/experiencias\/actividades-enoturismo\/una-cena-de-pelicula-entre-vinedos\/\" \/>\n<meta property=\"og:site_name\" content=\"Nadal\" \/>\n<meta property=\"article:modified_time\" content=\"2026-01-19T16:58:02+00:00\" \/>\n<meta property=\"og:image\" content=\"https:\/\/nadal.com\/wp-content\/uploads\/2023\/07\/LEC_8266-1001x1001-2.jpg\" \/>\n\t<meta property=\"og:image:width\" content=\"1001\" \/>\n\t<meta property=\"og:image:height\" content=\"1001\" \/>\n\t<meta property=\"og:image:type\" content=\"image\/jpeg\" \/>\n<meta name=\"twitter:card\" content=\"summary_large_image\" \/>\n<meta name=\"twitter:label1\" content=\"Tiempo de lectura\" \/>\n\t<meta name=\"twitter:data1\" content=\"2 minutos\" \/>\n<script type=\"application\/ld+json\" class=\"yoast-schema-graph\">{\"@context\":\"https:\/\/schema.org\",\"@graph\":[{\"@type\":\"WebPage\",\"@id\":\"https:\/\/nadal.com\/es\/els-nostres-vins\/experiencias\/actividades-enoturismo\/una-cena-de-pelicula-entre-vinedos\/\",\"url\":\"https:\/\/nadal.com\/es\/els-nostres-vins\/experiencias\/actividades-enoturismo\/una-cena-de-pelicula-entre-vinedos\/\",\"name\":\"Una cena de pel\u00edcula entre vi\u00f1edos - Nadal - Desde 1943\",\"isPartOf\":{\"@id\":\"https:\/\/nadal.com\/es\/#website\"},\"primaryImageOfPage\":{\"@id\":\"https:\/\/nadal.com\/es\/els-nostres-vins\/experiencias\/actividades-enoturismo\/una-cena-de-pelicula-entre-vinedos\/#primaryimage\"},\"image\":{\"@id\":\"https:\/\/nadal.com\/es\/els-nostres-vins\/experiencias\/actividades-enoturismo\/una-cena-de-pelicula-entre-vinedos\/#primaryimage\"},\"thumbnailUrl\":\"https:\/\/nadal.com\/wp-content\/uploads\/2023\/07\/LEC_8266-1001x1001-2.jpg\",\"datePublished\":\"2023-07-17T14:32:14+00:00\",\"dateModified\":\"2026-01-19T16:58:02+00:00\",\"description\":\"Vive una noche inolvidable con las Cavas Nadal. Disfruta de una cena tem\u00e1tica con maridaje de vinos y cava en un escenario m\u00e1gico.\",\"breadcrumb\":{\"@id\":\"https:\/\/nadal.com\/es\/els-nostres-vins\/experiencias\/actividades-enoturismo\/una-cena-de-pelicula-entre-vinedos\/#breadcrumb\"},\"inLanguage\":\"es\",\"potentialAction\":[{\"@type\":\"ReadAction\",\"target\":[\"https:\/\/nadal.com\/es\/els-nostres-vins\/experiencias\/actividades-enoturismo\/una-cena-de-pelicula-entre-vinedos\/\"]}]},{\"@type\":\"ImageObject\",\"inLanguage\":\"es\",\"@id\":\"https:\/\/nadal.com\/es\/els-nostres-vins\/experiencias\/actividades-enoturismo\/una-cena-de-pelicula-entre-vinedos\/#primaryimage\",\"url\":\"https:\/\/nadal.com\/wp-content\/uploads\/2023\/07\/LEC_8266-1001x1001-2.jpg\",\"contentUrl\":\"https:\/\/nadal.com\/wp-content\/uploads\/2023\/07\/LEC_8266-1001x1001-2.jpg\",\"width\":1001,\"height\":1001,\"caption\":\"Cena tem\u00e1tica entre vi\u00f1edos\"},{\"@type\":\"BreadcrumbList\",\"@id\":\"https:\/\/nadal.com\/es\/els-nostres-vins\/experiencias\/actividades-enoturismo\/una-cena-de-pelicula-entre-vinedos\/#breadcrumb\",\"itemListElement\":[{\"@type\":\"ListItem\",\"position\":1,\"name\":\"Inici\",\"item\":\"https:\/\/nadal.com\/es\/\"},{\"@type\":\"ListItem\",\"position\":2,\"name\":\"Nuestros vinos\",\"item\":\"https:\/\/nadal.com\/es\/nuestros-vinos\/\"},{\"@type\":\"ListItem\",\"position\":3,\"name\":\"Una cena de pel\u00edcula entre vi\u00f1edos\"}]},{\"@type\":\"WebSite\",\"@id\":\"https:\/\/nadal.com\/es\/#website\",\"url\":\"https:\/\/nadal.com\/es\/\",\"name\":\"Nadal\",\"description\":\"Desde 1943\",\"potentialAction\":[{\"@type\":\"SearchAction\",\"target\":{\"@type\":\"EntryPoint\",\"urlTemplate\":\"https:\/\/nadal.com\/es\/?s={search_term_string}\"},\"query-input\":{\"@type\":\"PropertyValueSpecification\",\"valueRequired\":true,\"valueName\":\"search_term_string\"}}],\"inLanguage\":\"es\"}]}<\/script>\n<!-- \/ Yoast SEO plugin. -->","yoast_head_json":{"title":"Una cena de pel\u00edcula entre vi\u00f1edos - Nadal - Desde 1943","description":"Vive una noche inolvidable con las Cavas Nadal. Disfruta de una cena tem\u00e1tica con maridaje de vinos y cava en un escenario m\u00e1gico.","robots":{"index":"index","follow":"follow","max-snippet":"max-snippet:-1","max-image-preview":"max-image-preview:large","max-video-preview":"max-video-preview:-1"},"canonical":"https:\/\/nadal.com\/es\/els-nostres-vins\/experiencias\/actividades-enoturismo\/una-cena-de-pelicula-entre-vinedos\/","og_locale":"es_ES","og_type":"article","og_title":"Una cena de pel\u00edcula entre vi\u00f1edos - Nadal - Desde 1943","og_description":"Vive una noche inolvidable con las Cavas Nadal. Disfruta de una cena tem\u00e1tica con maridaje de vinos y cava en un escenario m\u00e1gico.","og_url":"https:\/\/nadal.com\/es\/els-nostres-vins\/experiencias\/actividades-enoturismo\/una-cena-de-pelicula-entre-vinedos\/","og_site_name":"Nadal","article_modified_time":"2026-01-19T16:58:02+00:00","og_image":[{"width":1001,"height":1001,"url":"https:\/\/nadal.com\/wp-content\/uploads\/2023\/07\/LEC_8266-1001x1001-2.jpg","type":"image\/jpeg"}],"twitter_card":"summary_large_image","twitter_misc":{"Tiempo de lectura":"2 minutos"},"schema":{"@context":"https:\/\/schema.org","@graph":[{"@type":"WebPage","@id":"https:\/\/nadal.com\/es\/els-nostres-vins\/experiencias\/actividades-enoturismo\/una-cena-de-pelicula-entre-vinedos\/","url":"https:\/\/nadal.com\/es\/els-nostres-vins\/experiencias\/actividades-enoturismo\/una-cena-de-pelicula-entre-vinedos\/","name":"Una cena de pel\u00edcula entre vi\u00f1edos - Nadal - Desde 1943","isPartOf":{"@id":"https:\/\/nadal.com\/es\/#website"},"primaryImageOfPage":{"@id":"https:\/\/nadal.com\/es\/els-nostres-vins\/experiencias\/actividades-enoturismo\/una-cena-de-pelicula-entre-vinedos\/#primaryimage"},"image":{"@id":"https:\/\/nadal.com\/es\/els-nostres-vins\/experiencias\/actividades-enoturismo\/una-cena-de-pelicula-entre-vinedos\/#primaryimage"},"thumbnailUrl":"https:\/\/nadal.com\/wp-content\/uploads\/2023\/07\/LEC_8266-1001x1001-2.jpg","datePublished":"2023-07-17T14:32:14+00:00","dateModified":"2026-01-19T16:58:02+00:00","description":"Vive una noche inolvidable con las Cavas Nadal. Disfruta de una cena tem\u00e1tica con maridaje de vinos y cava en un escenario m\u00e1gico.","breadcrumb":{"@id":"https:\/\/nadal.com\/es\/els-nostres-vins\/experiencias\/actividades-enoturismo\/una-cena-de-pelicula-entre-vinedos\/#breadcrumb"},"inLanguage":"es","potentialAction":[{"@type":"ReadAction","target":["https:\/\/nadal.com\/es\/els-nostres-vins\/experiencias\/actividades-enoturismo\/una-cena-de-pelicula-entre-vinedos\/"]}]},{"@type":"ImageObject","inLanguage":"es","@id":"https:\/\/nadal.com\/es\/els-nostres-vins\/experiencias\/actividades-enoturismo\/una-cena-de-pelicula-entre-vinedos\/#primaryimage","url":"https:\/\/nadal.com\/wp-content\/uploads\/2023\/07\/LEC_8266-1001x1001-2.jpg","contentUrl":"https:\/\/nadal.com\/wp-content\/uploads\/2023\/07\/LEC_8266-1001x1001-2.jpg","width":1001,"height":1001,"caption":"Cena tem\u00e1tica entre vi\u00f1edos"},{"@type":"BreadcrumbList","@id":"https:\/\/nadal.com\/es\/els-nostres-vins\/experiencias\/actividades-enoturismo\/una-cena-de-pelicula-entre-vinedos\/#breadcrumb","itemListElement":[{"@type":"ListItem","position":1,"name":"Inici","item":"https:\/\/nadal.com\/es\/"},{"@type":"ListItem","position":2,"name":"Nuestros vinos","item":"https:\/\/nadal.com\/es\/nuestros-vinos\/"},{"@type":"ListItem","position":3,"name":"Una cena de pel\u00edcula entre vi\u00f1edos"}]},{"@type":"WebSite","@id":"https:\/\/nadal.com\/es\/#website","url":"https:\/\/nadal.com\/es\/","name":"Nadal","description":"Desde 1943","potentialAction":[{"@type":"SearchAction","target":{"@type":"EntryPoint","urlTemplate":"https:\/\/nadal.com\/es\/?s={search_term_string}"},"query-input":{"@type":"PropertyValueSpecification","valueRequired":true,"valueName":"search_term_string"}}],"inLanguage":"es"}]}},"_links":{"self":[{"href":"https:\/\/nadal.com\/es\/wp-json\/wp\/v2\/product\/23200","targetHints":{"allow":["GET"]}}],"collection":[{"href":"https:\/\/nadal.com\/es\/wp-json\/wp\/v2\/product"}],"about":[{"href":"https:\/\/nadal.com\/es\/wp-json\/wp\/v2\/types\/product"}],"wp:featuredmedia":[{"embeddable":true,"href":"https:\/\/nadal.com\/es\/wp-json\/wp\/v2\/media\/23238"}],"wp:attachment":[{"href":"https:\/\/nadal.com\/es\/wp-json\/wp\/v2\/media?parent=23200"}],"wp:term":[{"taxonomy":"product_brand","embeddable":true,"href":"https:\/\/nadal.com\/es\/wp-json\/wp\/v2\/product_brand?post=23200"},{"taxonomy":"product_cat","embeddable":true,"href":"https:\/\/nadal.com\/es\/wp-json\/wp\/v2\/product_cat?post=23200"},{"taxonomy":"product_tag","embeddable":true,"href":"https:\/\/nadal.com\/es\/wp-json\/wp\/v2\/product_tag?post=23200"}],"curies":[{"name":"wp","href":"https:\/\/api.w.org\/{rel}","templated":true}]}}