{"id":23106,"date":"2025-05-11T23:59:05","date_gmt":"2023-06-12T15:11:06","guid":{"rendered":"https:\/\/nadal.com\/?post_type=product&#038;p=23106"},"modified":"2025-07-15T09:01:40","modified_gmt":"2025-07-15T07:01:40","slug":"restaurante-plats-javier-llanos-carazo","status":"publish","type":"product","link":"https:\/\/nadal.com\/es\/els-nostres-vins\/festival-gastronomico\/restaurante-plats-javier-llanos-carazo\/","title":{"rendered":"Restaurante Plats \/ Javier Llanos Carazo"},"content":{"rendered":"<p>[vc_row][vc_column][vc_separator][vc_tta_tabs active_section=\u00bb1&#8243;][vc_tta_section title=\u00bb<\/p>\n<p>Descripci\u00f3n<\/p>\n<p>\u00bb tab_id=\u00bbdescripcio\u00bb][vc_column_text]<\/p>\n<h2>Men\u00fa<\/h2>\n<p class=\"\" data-start=\"65\" data-end=\"78\"><strong data-start=\"65\" data-end=\"78\">Aperitivo<\/strong><\/p>\n<p class=\"\" data-start=\"80\" data-end=\"143\">Pan, aceite y recuerdos<\/p>\n<p class=\"\" data-start=\"80\" data-end=\"143\">Aguacate, ma\u00edz y gamba roja<\/p>\n<p class=\"\" data-start=\"80\" data-end=\"143\">\u00abGilda\u00bb<\/p>\n<p class=\"\" data-start=\"145\" data-end=\"165\"><strong data-start=\"145\" data-end=\"165\">Men\u00fa degustaci\u00f3n<\/strong><\/p>\n<p class=\"\" data-start=\"167\" data-end=\"334\">Tomate, burrata y anguila ahumada<\/p>\n<p class=\"\" data-start=\"167\" data-end=\"334\">Arroz, pulpo, calamares y ajo negro<\/p>\n<p class=\"\" data-start=\"167\" data-end=\"334\">At\u00fan rojo, berenjena blanca, pi\u00f1ones y albahaca<\/p>\n<p class=\"\" data-start=\"167\" data-end=\"334\">Costilla de angus, maitake y queso manchego<\/p>\n<p class=\"\" data-start=\"336\" data-end=\"351\"><strong data-start=\"336\" data-end=\"351\">Los postres<\/strong><\/p>\n<p class=\"\" data-start=\"353\" data-end=\"411\">Mango, maracuy\u00e1 y r\u00facula<\/p>\n<p class=\"\" data-start=\"353\" data-end=\"411\">Chocolate, pl\u00e1tano y haba tonka<\/p>\n<p class=\"\" data-start=\"413\" data-end=\"426\"><strong data-start=\"413\" data-end=\"426\">La bodega<\/strong><\/p>\n<p>Gran Salvatge Brut Ros\u00e9 2014<\/p>\n<p>Salvatge Brut Ed. 40 aniversari<\/p>\n<p>Nadal Brut Nature 2017<\/p>\n<p>Nadal X Vermell Col\u00b7lecci\u00f3 2021<\/p>\n<p>RNG10 Brut Nature 2004<\/p>\n<p>Nadal 1510 Botrytis Noble 2003<\/p>\n<p>[\/vc_column_text][\/vc_tta_section][vc_tta_section title=\u00bb<\/p>\n<p>C\u00f3mo llegar<\/p>\n<p>\u00bb tab_id=\u00bb1620916335620-d4481599-e7e1&#8243;][vc_widget_sidebar sidebar_id=\u00bbcom-arribar\u00bb][\/vc_tta_section][vc_tta_section title=\u00bb<\/p>\n<p>\u00c1rea Autocaravanas<\/p>\n<p>\u00bb tab_id=\u00bbarea-autocaravanes\u00bb][vc_row_inner][vc_column_inner width=\u00bb1\/2&#8243;][vc_widget_sidebar sidebar_id=\u00bbautocaravanes-text\u00bb][\/vc_column_inner][vc_column_inner width=\u00bb1\/2&#8243;][vc_widget_sidebar sidebar_id=\u00bbautocaravanes-imatge\u00bb][\/vc_column_inner][\/vc_row_inner][\/vc_tta_section][\/vc_tta_tabs][\/vc_column][\/vc_row]<\/p>\n","protected":false},"excerpt":{"rendered":"<p><strong>COMPLETO<\/strong><\/p>\n<p><strong>D\u00eda:<\/strong> Jueves 17 de julio<br \/>\n<strong>Horario:<\/strong> A las [acf_date field=\"data_esdeveniment\" date_format='H:i']<br \/>\n<strong>Precio:<\/strong> 93,5\u20ac<br \/>\n<strong>Aforo:<\/strong> 40 personas.<br \/>\n<strong>Lugar:<\/strong> [acf field=\"lloc\"]<\/p>\n<p><strong>\u00a1\u00a1Toma nota!!<\/strong> Las cenas ser\u00e1n en el jard\u00edn de la mas\u00eda y empezar\u00e1n a las 20.30h, pero si quieres aprovechar para realizar una visita gratuita a la bodega y conocer m\u00e1s a fondo Corpinnat, puedes hacerlo a partir de las 20h. \u00a1Te esperamos!<\/p>\n","protected":false},"featured_media":26591,"template":"","meta":{"_acf_changed":false},"product_brand":[],"product_cat":[100],"product_tag":[],"class_list":{"0":"post-23106","1":"product","2":"type-product","3":"status-publish","4":"has-post-thumbnail","6":"product_cat-festival-gastronomico","8":"first","9":"instock","10":"taxable","11":"shipping-taxable","12":"product-type-simple"},"group_of_quantity":0,"min_quantity":2,"max_quantity":30,"exclude_order_quantity_value_rules":"yes","exclude_category_quantity_rules":"no","combine_variations":"no","acf":[],"yoast_head":"<!-- This site is optimized with the Yoast SEO plugin v26.6 - https:\/\/yoast.com\/wordpress\/plugins\/seo\/ -->\n<title>Restaurante Plats \/ Javier Llanos Carazo - Nadal - Desde 1943<\/title>\n<meta name=\"robots\" content=\"index, follow, max-snippet:-1, max-image-preview:large, max-video-preview:-1\" \/>\n<link rel=\"canonical\" href=\"https:\/\/nadal.com\/es\/els-nostres-vins\/festival-gastronomico\/restaurante-plats-javier-llanos-carazo\/\" \/>\n<meta property=\"og:locale\" content=\"es_ES\" \/>\n<meta property=\"og:type\" content=\"article\" \/>\n<meta property=\"og:title\" content=\"Restaurante Plats \/ Javier Llanos Carazo - Nadal - Desde 1943\" \/>\n<meta property=\"og:description\" content=\"COMPLETO  D\u00eda: Jueves 17 de julio Horario: A las  Precio: 93,5\u20ac Aforo: 40 personas. Lugar:   \u00a1\u00a1Toma nota!! Las cenas ser\u00e1n en el jard\u00edn de la mas\u00eda y empezar\u00e1n a las 20.30h, pero si quieres aprovechar para realizar una visita gratuita a la bodega y conocer m\u00e1s a fondo Corpinnat, puedes hacerlo a partir de las 20h. \u00a1Te esperamos!\" \/>\n<meta property=\"og:url\" content=\"https:\/\/nadal.com\/es\/els-nostres-vins\/festival-gastronomico\/restaurante-plats-javier-llanos-carazo\/\" \/>\n<meta property=\"og:site_name\" content=\"Nadal\" \/>\n<meta property=\"article:modified_time\" content=\"2025-07-15T07:01:40+00:00\" \/>\n<meta property=\"og:image\" content=\"https:\/\/nadal.com\/wp-content\/uploads\/2025\/05\/Javi.jpg\" \/>\n\t<meta property=\"og:image:width\" content=\"567\" \/>\n\t<meta property=\"og:image:height\" content=\"756\" \/>\n\t<meta property=\"og:image:type\" content=\"image\/jpeg\" \/>\n<meta name=\"twitter:card\" content=\"summary_large_image\" \/>\n<meta name=\"twitter:label1\" content=\"Tiempo de lectura\" \/>\n\t<meta name=\"twitter:data1\" content=\"1 minuto\" \/>\n<script type=\"application\/ld+json\" class=\"yoast-schema-graph\">{\"@context\":\"https:\/\/schema.org\",\"@graph\":[{\"@type\":\"WebPage\",\"@id\":\"https:\/\/nadal.com\/es\/els-nostres-vins\/festival-gastronomico\/restaurante-plats-javier-llanos-carazo\/\",\"url\":\"https:\/\/nadal.com\/es\/els-nostres-vins\/festival-gastronomico\/restaurante-plats-javier-llanos-carazo\/\",\"name\":\"Restaurante Plats \/ Javier Llanos Carazo - Nadal - Desde 1943\",\"isPartOf\":{\"@id\":\"https:\/\/nadal.com\/es\/#website\"},\"primaryImageOfPage\":{\"@id\":\"https:\/\/nadal.com\/es\/els-nostres-vins\/festival-gastronomico\/restaurante-plats-javier-llanos-carazo\/#primaryimage\"},\"image\":{\"@id\":\"https:\/\/nadal.com\/es\/els-nostres-vins\/festival-gastronomico\/restaurante-plats-javier-llanos-carazo\/#primaryimage\"},\"thumbnailUrl\":\"https:\/\/nadal.com\/wp-content\/uploads\/2025\/05\/Javi.jpg\",\"datePublished\":\"2023-06-12T15:11:06+00:00\",\"dateModified\":\"2025-07-15T07:01:40+00:00\",\"breadcrumb\":{\"@id\":\"https:\/\/nadal.com\/es\/els-nostres-vins\/festival-gastronomico\/restaurante-plats-javier-llanos-carazo\/#breadcrumb\"},\"inLanguage\":\"es\",\"potentialAction\":[{\"@type\":\"ReadAction\",\"target\":[\"https:\/\/nadal.com\/es\/els-nostres-vins\/festival-gastronomico\/restaurante-plats-javier-llanos-carazo\/\"]}]},{\"@type\":\"ImageObject\",\"inLanguage\":\"es\",\"@id\":\"https:\/\/nadal.com\/es\/els-nostres-vins\/festival-gastronomico\/restaurante-plats-javier-llanos-carazo\/#primaryimage\",\"url\":\"https:\/\/nadal.com\/wp-content\/uploads\/2025\/05\/Javi.jpg\",\"contentUrl\":\"https:\/\/nadal.com\/wp-content\/uploads\/2025\/05\/Javi.jpg\",\"width\":567,\"height\":756},{\"@type\":\"BreadcrumbList\",\"@id\":\"https:\/\/nadal.com\/es\/els-nostres-vins\/festival-gastronomico\/restaurante-plats-javier-llanos-carazo\/#breadcrumb\",\"itemListElement\":[{\"@type\":\"ListItem\",\"position\":1,\"name\":\"Inici\",\"item\":\"https:\/\/nadal.com\/es\/\"},{\"@type\":\"ListItem\",\"position\":2,\"name\":\"Nuestros vinos\",\"item\":\"https:\/\/nadal.com\/es\/nuestros-vinos\/\"},{\"@type\":\"ListItem\",\"position\":3,\"name\":\"Restaurante Plats \/ Javier Llanos Carazo\"}]},{\"@type\":\"WebSite\",\"@id\":\"https:\/\/nadal.com\/es\/#website\",\"url\":\"https:\/\/nadal.com\/es\/\",\"name\":\"Nadal\",\"description\":\"Desde 1943\",\"potentialAction\":[{\"@type\":\"SearchAction\",\"target\":{\"@type\":\"EntryPoint\",\"urlTemplate\":\"https:\/\/nadal.com\/es\/?s={search_term_string}\"},\"query-input\":{\"@type\":\"PropertyValueSpecification\",\"valueRequired\":true,\"valueName\":\"search_term_string\"}}],\"inLanguage\":\"es\"}]}<\/script>\n<!-- \/ Yoast SEO plugin. -->","yoast_head_json":{"title":"Restaurante Plats \/ Javier Llanos Carazo - Nadal - Desde 1943","robots":{"index":"index","follow":"follow","max-snippet":"max-snippet:-1","max-image-preview":"max-image-preview:large","max-video-preview":"max-video-preview:-1"},"canonical":"https:\/\/nadal.com\/es\/els-nostres-vins\/festival-gastronomico\/restaurante-plats-javier-llanos-carazo\/","og_locale":"es_ES","og_type":"article","og_title":"Restaurante Plats \/ Javier Llanos Carazo - Nadal - Desde 1943","og_description":"COMPLETO  D\u00eda: Jueves 17 de julio Horario: A las  Precio: 93,5\u20ac Aforo: 40 personas. Lugar:   \u00a1\u00a1Toma nota!! Las cenas ser\u00e1n en el jard\u00edn de la mas\u00eda y empezar\u00e1n a las 20.30h, pero si quieres aprovechar para realizar una visita gratuita a la bodega y conocer m\u00e1s a fondo Corpinnat, puedes hacerlo a partir de las 20h. \u00a1Te esperamos!","og_url":"https:\/\/nadal.com\/es\/els-nostres-vins\/festival-gastronomico\/restaurante-plats-javier-llanos-carazo\/","og_site_name":"Nadal","article_modified_time":"2025-07-15T07:01:40+00:00","og_image":[{"width":567,"height":756,"url":"https:\/\/nadal.com\/wp-content\/uploads\/2025\/05\/Javi.jpg","type":"image\/jpeg"}],"twitter_card":"summary_large_image","twitter_misc":{"Tiempo de lectura":"1 minuto"},"schema":{"@context":"https:\/\/schema.org","@graph":[{"@type":"WebPage","@id":"https:\/\/nadal.com\/es\/els-nostres-vins\/festival-gastronomico\/restaurante-plats-javier-llanos-carazo\/","url":"https:\/\/nadal.com\/es\/els-nostres-vins\/festival-gastronomico\/restaurante-plats-javier-llanos-carazo\/","name":"Restaurante Plats \/ Javier Llanos Carazo - Nadal - Desde 1943","isPartOf":{"@id":"https:\/\/nadal.com\/es\/#website"},"primaryImageOfPage":{"@id":"https:\/\/nadal.com\/es\/els-nostres-vins\/festival-gastronomico\/restaurante-plats-javier-llanos-carazo\/#primaryimage"},"image":{"@id":"https:\/\/nadal.com\/es\/els-nostres-vins\/festival-gastronomico\/restaurante-plats-javier-llanos-carazo\/#primaryimage"},"thumbnailUrl":"https:\/\/nadal.com\/wp-content\/uploads\/2025\/05\/Javi.jpg","datePublished":"2023-06-12T15:11:06+00:00","dateModified":"2025-07-15T07:01:40+00:00","breadcrumb":{"@id":"https:\/\/nadal.com\/es\/els-nostres-vins\/festival-gastronomico\/restaurante-plats-javier-llanos-carazo\/#breadcrumb"},"inLanguage":"es","potentialAction":[{"@type":"ReadAction","target":["https:\/\/nadal.com\/es\/els-nostres-vins\/festival-gastronomico\/restaurante-plats-javier-llanos-carazo\/"]}]},{"@type":"ImageObject","inLanguage":"es","@id":"https:\/\/nadal.com\/es\/els-nostres-vins\/festival-gastronomico\/restaurante-plats-javier-llanos-carazo\/#primaryimage","url":"https:\/\/nadal.com\/wp-content\/uploads\/2025\/05\/Javi.jpg","contentUrl":"https:\/\/nadal.com\/wp-content\/uploads\/2025\/05\/Javi.jpg","width":567,"height":756},{"@type":"BreadcrumbList","@id":"https:\/\/nadal.com\/es\/els-nostres-vins\/festival-gastronomico\/restaurante-plats-javier-llanos-carazo\/#breadcrumb","itemListElement":[{"@type":"ListItem","position":1,"name":"Inici","item":"https:\/\/nadal.com\/es\/"},{"@type":"ListItem","position":2,"name":"Nuestros vinos","item":"https:\/\/nadal.com\/es\/nuestros-vinos\/"},{"@type":"ListItem","position":3,"name":"Restaurante Plats \/ Javier Llanos Carazo"}]},{"@type":"WebSite","@id":"https:\/\/nadal.com\/es\/#website","url":"https:\/\/nadal.com\/es\/","name":"Nadal","description":"Desde 1943","potentialAction":[{"@type":"SearchAction","target":{"@type":"EntryPoint","urlTemplate":"https:\/\/nadal.com\/es\/?s={search_term_string}"},"query-input":{"@type":"PropertyValueSpecification","valueRequired":true,"valueName":"search_term_string"}}],"inLanguage":"es"}]}},"_links":{"self":[{"href":"https:\/\/nadal.com\/es\/wp-json\/wp\/v2\/product\/23106","targetHints":{"allow":["GET"]}}],"collection":[{"href":"https:\/\/nadal.com\/es\/wp-json\/wp\/v2\/product"}],"about":[{"href":"https:\/\/nadal.com\/es\/wp-json\/wp\/v2\/types\/product"}],"wp:featuredmedia":[{"embeddable":true,"href":"https:\/\/nadal.com\/es\/wp-json\/wp\/v2\/media\/26591"}],"wp:attachment":[{"href":"https:\/\/nadal.com\/es\/wp-json\/wp\/v2\/media?parent=23106"}],"wp:term":[{"taxonomy":"product_brand","embeddable":true,"href":"https:\/\/nadal.com\/es\/wp-json\/wp\/v2\/product_brand?post=23106"},{"taxonomy":"product_cat","embeddable":true,"href":"https:\/\/nadal.com\/es\/wp-json\/wp\/v2\/product_cat?post=23106"},{"taxonomy":"product_tag","embeddable":true,"href":"https:\/\/nadal.com\/es\/wp-json\/wp\/v2\/product_tag?post=23106"}],"curies":[{"name":"wp","href":"https:\/\/api.w.org\/{rel}","templated":true}]}}