{"id":23031,"date":"2025-05-11T23:59:15","date_gmt":"2025-05-11T21:59:15","guid":{"rendered":"https:\/\/nadal.com\/?post_type=product&#038;p=23031"},"modified":"2025-06-11T17:01:19","modified_gmt":"2025-06-11T15:01:19","slug":"xarcuteria-ferran-alexis-ferran","status":"publish","type":"product","link":"https:\/\/nadal.com\/es\/els-nostres-vins\/festival-gastronomico\/xarcuteria-ferran-alexis-ferran\/","title":{"rendered":"Xarcuteria Ferran \/ Alexis Ferran"},"content":{"rendered":"<p>[vc_row][vc_column][vc_separator][vc_tta_tabs active_section=\u00bb1&#8243;][vc_tta_section title=\u00bb<\/p>\n<p>Descripci\u00f3n<\/p>\n<p>\u00bb tab_id=\u00bbdescripcio\u00bb][vc_column_text]<\/p>\n<p><strong>Men\u00fa<\/strong><\/p>\n<p class=\"\" data-start=\"114\" data-end=\"216\">Gilda de vieira, piparra, aceituna gordal con el vinagre de vendimia tard\u00eda 15 a\u00f1os de solera de Nadal<\/p>\n<p class=\"\" data-start=\"218\" data-end=\"250\">Cata de quesos afinados de autor<\/p>\n<p class=\"\" data-start=\"252\" data-end=\"279\">Terrina de pato del Empord\u00e0<\/p>\n<p class=\"\" data-start=\"281\" data-end=\"320\">Croqueta de carrillera ib\u00e9rica estofada<\/p>\n<p class=\"\" data-start=\"322\" data-end=\"348\">Croqueta de stilton y pera<\/p>\n<p class=\"\" data-start=\"350\" data-end=\"386\">Croqueta de jam\u00f3n ib\u00e9rico de bellota<\/p>\n<p class=\"\" data-start=\"388\" data-end=\"504\">\u201cAjo blanco\u201d con semi mojama de bonito del Cant\u00e1brico, aceite de alga nori y gelatina de uva y Nadal Plot Twist Brut<\/p>\n<p class=\"\" data-start=\"506\" data-end=\"608\">Tiradito de corvallo de costa con leche de tigre de maracuy\u00e1 y suave toque de aj\u00ed amarillo emulsionado<\/p>\n<p class=\"\" data-start=\"610\" data-end=\"649\">Manitas y morro con garbanzos y piparra<\/p>\n<p class=\"\" data-start=\"651\" data-end=\"775\">Dado de panceta de cerdo confitada y glaseada con teriyaki de jam\u00f3n ib\u00e9rico, fideos vermicelli crujientes y espuma de patata<\/p>\n<p class=\"\" data-start=\"777\" data-end=\"821\">Meloso de ternera con parmentier de apionabo<\/p>\n<p class=\"\" data-start=\"823\" data-end=\"881\">Bab\u00e1 de rataf\u00eda \u2018Els Bessons\u2019 y helado de turr\u00f3n de Jijona<\/p>\n<p class=\"\" data-start=\"883\" data-end=\"892\"><strong>La bodega<\/strong><\/p>\n<p class=\"\" data-start=\"894\" data-end=\"922\">Gran Salvatge Brut Ros\u00e9 2014<\/p>\n<p class=\"\" data-start=\"924\" data-end=\"946\">Nadal Brut Nature 2017<\/p>\n<p class=\"\" data-start=\"948\" data-end=\"980\">Salvatge Brut Ed. 40 aniversario<\/p>\n<p class=\"\" data-start=\"982\" data-end=\"1004\">Nadal X Colecci\u00f3n 2019<\/p>\n<p class=\"\" data-start=\"1006\" data-end=\"1019\">RNG Brut 2016<\/p>\n<p class=\"\" data-start=\"1021\" data-end=\"1041\">Plot Twist Brut Ros\u00e9<\/p>\n<p>[\/vc_column_text][\/vc_tta_section][vc_tta_section title=\u00bb<\/p>\n<p>C\u00f3mo llegar<\/p>\n<p>\u00bb tab_id=\u00bb1620916335620-d4481599-e7e1&#8243;][vc_widget_sidebar sidebar_id=\u00bbcom-arribar\u00bb][\/vc_tta_section][vc_tta_section title=\u00bb<\/p>\n<p>\u00c1rea Autocaravanas<\/p>\n<p>\u00bb tab_id=\u00bbarea-autocaravanes\u00bb][vc_row_inner][vc_column_inner width=\u00bb1\/2&#8243;][vc_widget_sidebar sidebar_id=\u00bbautocaravanes-text\u00bb][\/vc_column_inner][vc_column_inner width=\u00bb1\/2&#8243;][vc_widget_sidebar sidebar_id=\u00bbautocaravanes-imatge\u00bb][\/vc_column_inner][\/vc_row_inner][\/vc_tta_section][\/vc_tta_tabs][\/vc_column][\/vc_row]<\/p>\n","protected":false},"excerpt":{"rendered":"<p><strong>D\u00eda:<\/strong> [acf_date field=\"data_esdeveniment\" date_format='d\/m\/Y']<br \/>\n<strong>Horario:<\/strong> A las [acf_date field=\"data_esdeveniment\" date_format='H:i']<br \/>\n<strong>Precio: <\/strong>95\u20ac<br \/>\n<strong>Aforo:<\/strong> 40 personas.<br \/>\n<strong>Lugar:<\/strong> [acf field=\"lloc\"]<\/p>\n<p><strong>\u00a1\u00a1Toma nota!!<\/strong> Las cenas ser\u00e1n en el jard\u00edn de la mas\u00eda y empezar\u00e1n a las 20.30h, pero si quieres aprovechar para realizar una visita gratuita a la bodega y conocer m\u00e1s a fondo Corpinnat, puedes hacerlo a partir de las 20h. \u00a1Te esperamos!<\/p>\n","protected":false},"featured_media":0,"template":"","meta":{"_acf_changed":false},"product_brand":[],"product_cat":[100],"product_tag":[],"class_list":{"0":"post-23031","1":"product","2":"type-product","3":"status-publish","5":"product_cat-festival-gastronomico","7":"first","8":"instock","9":"taxable","10":"shipping-taxable","11":"purchasable","12":"product-type-simple"},"group_of_quantity":0,"min_quantity":2,"max_quantity":30,"exclude_order_quantity_value_rules":"yes","exclude_category_quantity_rules":"no","combine_variations":"no","acf":[],"yoast_head":"<!-- This site is optimized with the Yoast SEO plugin v26.6 - https:\/\/yoast.com\/wordpress\/plugins\/seo\/ -->\n<title>Xarcuteria Ferran \/ Alexis Ferran - Nadal - Desde 1943<\/title>\n<meta name=\"robots\" content=\"index, follow, max-snippet:-1, max-image-preview:large, max-video-preview:-1\" \/>\n<link rel=\"canonical\" href=\"https:\/\/nadal.com\/es\/els-nostres-vins\/festival-gastronomico\/xarcuteria-ferran-alexis-ferran\/\" \/>\n<meta property=\"og:locale\" content=\"es_ES\" \/>\n<meta property=\"og:type\" content=\"article\" \/>\n<meta property=\"og:title\" content=\"Xarcuteria Ferran \/ Alexis Ferran - Nadal - Desde 1943\" \/>\n<meta property=\"og:description\" content=\"D\u00eda:  Horario: A las  Precio: 95\u20ac Aforo: 40 personas. Lugar:   \u00a1\u00a1Toma nota!! Las cenas ser\u00e1n en el jard\u00edn de la mas\u00eda y empezar\u00e1n a las 20.30h, pero si quieres aprovechar para realizar una visita gratuita a la bodega y conocer m\u00e1s a fondo Corpinnat, puedes hacerlo a partir de las 20h. \u00a1Te esperamos!\" \/>\n<meta property=\"og:url\" content=\"https:\/\/nadal.com\/es\/els-nostres-vins\/festival-gastronomico\/xarcuteria-ferran-alexis-ferran\/\" \/>\n<meta property=\"og:site_name\" content=\"Nadal\" \/>\n<meta property=\"article:modified_time\" content=\"2025-06-11T15:01:19+00:00\" \/>\n<meta name=\"twitter:card\" content=\"summary_large_image\" \/>\n<meta name=\"twitter:label1\" content=\"Tiempo de lectura\" \/>\n\t<meta name=\"twitter:data1\" content=\"2 minutos\" \/>\n<script type=\"application\/ld+json\" class=\"yoast-schema-graph\">{\"@context\":\"https:\/\/schema.org\",\"@graph\":[{\"@type\":\"WebPage\",\"@id\":\"https:\/\/nadal.com\/es\/els-nostres-vins\/festival-gastronomico\/xarcuteria-ferran-alexis-ferran\/\",\"url\":\"https:\/\/nadal.com\/es\/els-nostres-vins\/festival-gastronomico\/xarcuteria-ferran-alexis-ferran\/\",\"name\":\"Xarcuteria Ferran \/ Alexis Ferran - Nadal - Desde 1943\",\"isPartOf\":{\"@id\":\"https:\/\/nadal.com\/es\/#website\"},\"datePublished\":\"2025-05-11T21:59:15+00:00\",\"dateModified\":\"2025-06-11T15:01:19+00:00\",\"breadcrumb\":{\"@id\":\"https:\/\/nadal.com\/es\/els-nostres-vins\/festival-gastronomico\/xarcuteria-ferran-alexis-ferran\/#breadcrumb\"},\"inLanguage\":\"es\",\"potentialAction\":[{\"@type\":\"ReadAction\",\"target\":[\"https:\/\/nadal.com\/es\/els-nostres-vins\/festival-gastronomico\/xarcuteria-ferran-alexis-ferran\/\"]}]},{\"@type\":\"BreadcrumbList\",\"@id\":\"https:\/\/nadal.com\/es\/els-nostres-vins\/festival-gastronomico\/xarcuteria-ferran-alexis-ferran\/#breadcrumb\",\"itemListElement\":[{\"@type\":\"ListItem\",\"position\":1,\"name\":\"Inici\",\"item\":\"https:\/\/nadal.com\/es\/\"},{\"@type\":\"ListItem\",\"position\":2,\"name\":\"Nuestros vinos\",\"item\":\"https:\/\/nadal.com\/es\/nuestros-vinos\/\"},{\"@type\":\"ListItem\",\"position\":3,\"name\":\"Xarcuteria Ferran \/ Alexis Ferran\"}]},{\"@type\":\"WebSite\",\"@id\":\"https:\/\/nadal.com\/es\/#website\",\"url\":\"https:\/\/nadal.com\/es\/\",\"name\":\"Nadal\",\"description\":\"Desde 1943\",\"potentialAction\":[{\"@type\":\"SearchAction\",\"target\":{\"@type\":\"EntryPoint\",\"urlTemplate\":\"https:\/\/nadal.com\/es\/?s={search_term_string}\"},\"query-input\":{\"@type\":\"PropertyValueSpecification\",\"valueRequired\":true,\"valueName\":\"search_term_string\"}}],\"inLanguage\":\"es\"}]}<\/script>\n<!-- \/ Yoast SEO plugin. -->","yoast_head_json":{"title":"Xarcuteria Ferran \/ Alexis Ferran - Nadal - Desde 1943","robots":{"index":"index","follow":"follow","max-snippet":"max-snippet:-1","max-image-preview":"max-image-preview:large","max-video-preview":"max-video-preview:-1"},"canonical":"https:\/\/nadal.com\/es\/els-nostres-vins\/festival-gastronomico\/xarcuteria-ferran-alexis-ferran\/","og_locale":"es_ES","og_type":"article","og_title":"Xarcuteria Ferran \/ Alexis Ferran - Nadal - Desde 1943","og_description":"D\u00eda:  Horario: A las  Precio: 95\u20ac Aforo: 40 personas. Lugar:   \u00a1\u00a1Toma nota!! Las cenas ser\u00e1n en el jard\u00edn de la mas\u00eda y empezar\u00e1n a las 20.30h, pero si quieres aprovechar para realizar una visita gratuita a la bodega y conocer m\u00e1s a fondo Corpinnat, puedes hacerlo a partir de las 20h. \u00a1Te esperamos!","og_url":"https:\/\/nadal.com\/es\/els-nostres-vins\/festival-gastronomico\/xarcuteria-ferran-alexis-ferran\/","og_site_name":"Nadal","article_modified_time":"2025-06-11T15:01:19+00:00","twitter_card":"summary_large_image","twitter_misc":{"Tiempo de lectura":"2 minutos"},"schema":{"@context":"https:\/\/schema.org","@graph":[{"@type":"WebPage","@id":"https:\/\/nadal.com\/es\/els-nostres-vins\/festival-gastronomico\/xarcuteria-ferran-alexis-ferran\/","url":"https:\/\/nadal.com\/es\/els-nostres-vins\/festival-gastronomico\/xarcuteria-ferran-alexis-ferran\/","name":"Xarcuteria Ferran \/ Alexis Ferran - Nadal - Desde 1943","isPartOf":{"@id":"https:\/\/nadal.com\/es\/#website"},"datePublished":"2025-05-11T21:59:15+00:00","dateModified":"2025-06-11T15:01:19+00:00","breadcrumb":{"@id":"https:\/\/nadal.com\/es\/els-nostres-vins\/festival-gastronomico\/xarcuteria-ferran-alexis-ferran\/#breadcrumb"},"inLanguage":"es","potentialAction":[{"@type":"ReadAction","target":["https:\/\/nadal.com\/es\/els-nostres-vins\/festival-gastronomico\/xarcuteria-ferran-alexis-ferran\/"]}]},{"@type":"BreadcrumbList","@id":"https:\/\/nadal.com\/es\/els-nostres-vins\/festival-gastronomico\/xarcuteria-ferran-alexis-ferran\/#breadcrumb","itemListElement":[{"@type":"ListItem","position":1,"name":"Inici","item":"https:\/\/nadal.com\/es\/"},{"@type":"ListItem","position":2,"name":"Nuestros vinos","item":"https:\/\/nadal.com\/es\/nuestros-vinos\/"},{"@type":"ListItem","position":3,"name":"Xarcuteria Ferran \/ Alexis Ferran"}]},{"@type":"WebSite","@id":"https:\/\/nadal.com\/es\/#website","url":"https:\/\/nadal.com\/es\/","name":"Nadal","description":"Desde 1943","potentialAction":[{"@type":"SearchAction","target":{"@type":"EntryPoint","urlTemplate":"https:\/\/nadal.com\/es\/?s={search_term_string}"},"query-input":{"@type":"PropertyValueSpecification","valueRequired":true,"valueName":"search_term_string"}}],"inLanguage":"es"}]}},"_links":{"self":[{"href":"https:\/\/nadal.com\/es\/wp-json\/wp\/v2\/product\/23031","targetHints":{"allow":["GET"]}}],"collection":[{"href":"https:\/\/nadal.com\/es\/wp-json\/wp\/v2\/product"}],"about":[{"href":"https:\/\/nadal.com\/es\/wp-json\/wp\/v2\/types\/product"}],"wp:attachment":[{"href":"https:\/\/nadal.com\/es\/wp-json\/wp\/v2\/media?parent=23031"}],"wp:term":[{"taxonomy":"product_brand","embeddable":true,"href":"https:\/\/nadal.com\/es\/wp-json\/wp\/v2\/product_brand?post=23031"},{"taxonomy":"product_cat","embeddable":true,"href":"https:\/\/nadal.com\/es\/wp-json\/wp\/v2\/product_cat?post=23031"},{"taxonomy":"product_tag","embeddable":true,"href":"https:\/\/nadal.com\/es\/wp-json\/wp\/v2\/product_tag?post=23031"}],"curies":[{"name":"wp","href":"https:\/\/api.w.org\/{rel}","templated":true}]}}