{"id":22790,"date":"2023-03-14T10:38:36","date_gmt":"2023-03-14T09:38:36","guid":{"rendered":"https:\/\/nadal.com\/?post_type=product&#038;p=22790"},"modified":"2025-06-18T18:07:47","modified_gmt":"2025-06-18T16:07:47","slug":"plot-twist-brut-rose","status":"publish","type":"product","link":"https:\/\/nadal.com\/es\/els-nostres-vins\/espumosos-corpinnat\/plot-twist-corpinnat\/plot-twist-brut-rose\/","title":{"rendered":"Plot Twist Brut Ros\u00e9"},"content":{"rendered":"<p>[vc_row][vc_column][vc_column_text]<\/p>\n<h3 class=\"frase-ttl\" style=\"text-align: center;\">\u00abUna explosi\u00f3n de sabores y sensaciones que te enamoraran\u00bb<\/h3>\n<p style=\"text-align: center;\">Arranca un encuentro chulo con una copa de este corpinnat. La magia se apoderar\u00e1 del espacio y la diversi\u00f3n, sin duda, har\u00e1 acto de presencia.<\/p>\n<p>[\/vc_column_text][vc_separator][\/vc_column][\/vc_row][vc_row][vc_column width=\u00bb1\/2&#8243;][vc_video link=\u00bbhttps:\/\/youtu.be\/peKUzKXZpwo\u00bb][\/vc_column][vc_column width=\u00bb1\/2&#8243;][vc_column_text]<\/p>\n<h4>Cata<\/h4>\n<p>Color amarillo p\u00e1lido. Burbuja fina. Recuerdo de frutos rojos y fruta de hueso confitada (melocot\u00f3n, albaricoque). Entrada crujiente. Recorrido y final sueve y sedoso.[\/vc_column_text][vc_column_text]<\/p>\n<h4>Temperatura de servicio<\/h4>\n<p>6-9\u00ba C.[\/vc_column_text][vc_column_text]<\/p>\n<h4>Momento \u00f3ptimo de consumo<\/h4>\n<p>Durante los 3 a\u00f1os despu\u00e9s de su deg\u00fcelle.[\/vc_column_text][vc_column_text]<\/p>\n<h4>Condiciones de almacenaje<\/h4>\n<p>Se recomienda conservar el vino espumoso en el interior de la caja en posici\u00f3n vertical, resguardando de la luz, la humedad y los cambios s\u00fabitos de temperatura.<\/p>\n<p>Temperatura ideal de conservaci\u00f3n: Inferior a 20\u00baC.[\/vc_column_text][vc_column_text el_class=\u00bbfitxa-message\u00bb]<\/p>\n<h5><i class=\"fa fa-file-text-o\" aria-hidden=\"true\"><\/i> <a href=\"https:\/\/nadal.com\/wp-content\/uploads\/2025\/06\/Plot-Twist-Brut-Rose-1.pdf\" target=\"_blank\" rel=\"noopener noreferrer\">Ficha t\u00e9cnica<\/a><\/h5>\n<p>[\/vc_column_text][\/vc_column][\/vc_row]<\/p>\n","protected":false},"excerpt":{"rendered":"<p>El frescor del primer Macabeu que cosechamos en la finca y los toques de fruta roja madura que le aporta el Pinot Noir bien maduro se funden con la fragancia de la Malvasia de Sitges. Para disfrutarlo, no necesitas m\u00e1s que una buena copa y buena compa\u00f1\u00eda.<\/p>\n<p><strong>Vino espumoso corpinnat<\/strong><br \/>\n<strong>Variedades de uvas:<\/strong> 52% Pinot Noir | 45% Macabeo | 3% Malvasia de sitges &#8211; Cosecha propia<br \/>\n<strong>Vendimia:<\/strong> 2018<\/p>\n","protected":false},"featured_media":27551,"template":"","meta":{"_acf_changed":false},"product_brand":[],"product_cat":[112,54],"product_tag":[],"class_list":{"0":"post-22790","1":"product","2":"type-product","3":"status-publish","4":"has-post-thumbnail","6":"product_cat-plot-twist-corpinnat","7":"product_cat-espumosos-corpinnat","9":"first","10":"instock","11":"featured","12":"taxable","13":"shipping-taxable","14":"product-type-simple"},"group_of_quantity":0,"min_quantity":0,"max_quantity":"","exclude_order_quantity_value_rules":"no","exclude_category_quantity_rules":"no","combine_variations":"no","acf":[],"yoast_head":"<!-- This site is optimized with the Yoast SEO plugin v26.6 - https:\/\/yoast.com\/wordpress\/plugins\/seo\/ -->\n<title>Plot Twist Brut Ros\u00e9 - Caves Nadal - Desde 1943<\/title>\n<meta name=\"description\" content=\"Una explosi\u00f3n de sabores y sensaciones. La frescura del primer Macabeo que cosechamos en la finca y los toques de fruta roja madura que...\" \/>\n<meta name=\"robots\" content=\"index, follow, max-snippet:-1, max-image-preview:large, max-video-preview:-1\" \/>\n<link rel=\"canonical\" href=\"https:\/\/nadal.com\/es\/els-nostres-vins\/espumosos-corpinnat\/plot-twist-corpinnat\/plot-twist-brut-rose\/\" \/>\n<meta property=\"og:locale\" content=\"es_ES\" \/>\n<meta property=\"og:type\" content=\"article\" \/>\n<meta property=\"og:title\" content=\"Plot Twist Brut Ros\u00e9 - Caves Nadal - Desde 1943\" \/>\n<meta property=\"og:description\" content=\"Una explosi\u00f3n de sabores y sensaciones. La frescura del primer Macabeo que cosechamos en la finca y los toques de fruta roja madura que...\" \/>\n<meta property=\"og:url\" content=\"https:\/\/nadal.com\/es\/els-nostres-vins\/espumosos-corpinnat\/plot-twist-corpinnat\/plot-twist-brut-rose\/\" \/>\n<meta property=\"og:site_name\" content=\"Nadal\" \/>\n<meta property=\"article:modified_time\" content=\"2025-06-18T16:07:47+00:00\" \/>\n<meta property=\"og:image\" content=\"https:\/\/nadal.com\/wp-content\/uploads\/2023\/03\/plot_twist_rosat_nov2025.jpg\" \/>\n\t<meta property=\"og:image:width\" content=\"1400\" \/>\n\t<meta property=\"og:image:height\" content=\"1400\" \/>\n\t<meta property=\"og:image:type\" content=\"image\/jpeg\" \/>\n<meta name=\"twitter:card\" content=\"summary_large_image\" \/>\n<meta name=\"twitter:label1\" content=\"Tiempo de lectura\" \/>\n\t<meta name=\"twitter:data1\" content=\"1 minuto\" \/>\n<script type=\"application\/ld+json\" class=\"yoast-schema-graph\">{\"@context\":\"https:\/\/schema.org\",\"@graph\":[{\"@type\":\"WebPage\",\"@id\":\"https:\/\/nadal.com\/es\/els-nostres-vins\/espumosos-corpinnat\/plot-twist-corpinnat\/plot-twist-brut-rose\/\",\"url\":\"https:\/\/nadal.com\/es\/els-nostres-vins\/espumosos-corpinnat\/plot-twist-corpinnat\/plot-twist-brut-rose\/\",\"name\":\"Plot Twist Brut Ros\u00e9 - Caves Nadal - Desde 1943\",\"isPartOf\":{\"@id\":\"https:\/\/nadal.com\/es\/#website\"},\"primaryImageOfPage\":{\"@id\":\"https:\/\/nadal.com\/es\/els-nostres-vins\/espumosos-corpinnat\/plot-twist-corpinnat\/plot-twist-brut-rose\/#primaryimage\"},\"image\":{\"@id\":\"https:\/\/nadal.com\/es\/els-nostres-vins\/espumosos-corpinnat\/plot-twist-corpinnat\/plot-twist-brut-rose\/#primaryimage\"},\"thumbnailUrl\":\"https:\/\/nadal.com\/wp-content\/uploads\/2023\/03\/plot_twist_rosat_nov2025.jpg\",\"datePublished\":\"2023-03-14T09:38:36+00:00\",\"dateModified\":\"2025-06-18T16:07:47+00:00\",\"description\":\"Una explosi\u00f3n de sabores y sensaciones. La frescura del primer Macabeo que cosechamos en la finca y los toques de fruta roja madura que...\",\"breadcrumb\":{\"@id\":\"https:\/\/nadal.com\/es\/els-nostres-vins\/espumosos-corpinnat\/plot-twist-corpinnat\/plot-twist-brut-rose\/#breadcrumb\"},\"inLanguage\":\"es\",\"potentialAction\":[{\"@type\":\"ReadAction\",\"target\":[\"https:\/\/nadal.com\/es\/els-nostres-vins\/espumosos-corpinnat\/plot-twist-corpinnat\/plot-twist-brut-rose\/\"]}]},{\"@type\":\"ImageObject\",\"inLanguage\":\"es\",\"@id\":\"https:\/\/nadal.com\/es\/els-nostres-vins\/espumosos-corpinnat\/plot-twist-corpinnat\/plot-twist-brut-rose\/#primaryimage\",\"url\":\"https:\/\/nadal.com\/wp-content\/uploads\/2023\/03\/plot_twist_rosat_nov2025.jpg\",\"contentUrl\":\"https:\/\/nadal.com\/wp-content\/uploads\/2023\/03\/plot_twist_rosat_nov2025.jpg\",\"width\":1400,\"height\":1400},{\"@type\":\"BreadcrumbList\",\"@id\":\"https:\/\/nadal.com\/es\/els-nostres-vins\/espumosos-corpinnat\/plot-twist-corpinnat\/plot-twist-brut-rose\/#breadcrumb\",\"itemListElement\":[{\"@type\":\"ListItem\",\"position\":1,\"name\":\"Inici\",\"item\":\"https:\/\/nadal.com\/es\/\"},{\"@type\":\"ListItem\",\"position\":2,\"name\":\"Nuestros vinos\",\"item\":\"https:\/\/nadal.com\/es\/nuestros-vinos\/\"},{\"@type\":\"ListItem\",\"position\":3,\"name\":\"Plot Twist Brut Ros\u00e9\"}]},{\"@type\":\"WebSite\",\"@id\":\"https:\/\/nadal.com\/es\/#website\",\"url\":\"https:\/\/nadal.com\/es\/\",\"name\":\"Nadal\",\"description\":\"Desde 1943\",\"potentialAction\":[{\"@type\":\"SearchAction\",\"target\":{\"@type\":\"EntryPoint\",\"urlTemplate\":\"https:\/\/nadal.com\/es\/?s={search_term_string}\"},\"query-input\":{\"@type\":\"PropertyValueSpecification\",\"valueRequired\":true,\"valueName\":\"search_term_string\"}}],\"inLanguage\":\"es\"}]}<\/script>\n<!-- \/ Yoast SEO plugin. -->","yoast_head_json":{"title":"Plot Twist Brut Ros\u00e9 - Caves Nadal - Desde 1943","description":"Una explosi\u00f3n de sabores y sensaciones. La frescura del primer Macabeo que cosechamos en la finca y los toques de fruta roja madura que...","robots":{"index":"index","follow":"follow","max-snippet":"max-snippet:-1","max-image-preview":"max-image-preview:large","max-video-preview":"max-video-preview:-1"},"canonical":"https:\/\/nadal.com\/es\/els-nostres-vins\/espumosos-corpinnat\/plot-twist-corpinnat\/plot-twist-brut-rose\/","og_locale":"es_ES","og_type":"article","og_title":"Plot Twist Brut Ros\u00e9 - Caves Nadal - Desde 1943","og_description":"Una explosi\u00f3n de sabores y sensaciones. La frescura del primer Macabeo que cosechamos en la finca y los toques de fruta roja madura que...","og_url":"https:\/\/nadal.com\/es\/els-nostres-vins\/espumosos-corpinnat\/plot-twist-corpinnat\/plot-twist-brut-rose\/","og_site_name":"Nadal","article_modified_time":"2025-06-18T16:07:47+00:00","og_image":[{"width":1400,"height":1400,"url":"https:\/\/nadal.com\/wp-content\/uploads\/2023\/03\/plot_twist_rosat_nov2025.jpg","type":"image\/jpeg"}],"twitter_card":"summary_large_image","twitter_misc":{"Tiempo de lectura":"1 minuto"},"schema":{"@context":"https:\/\/schema.org","@graph":[{"@type":"WebPage","@id":"https:\/\/nadal.com\/es\/els-nostres-vins\/espumosos-corpinnat\/plot-twist-corpinnat\/plot-twist-brut-rose\/","url":"https:\/\/nadal.com\/es\/els-nostres-vins\/espumosos-corpinnat\/plot-twist-corpinnat\/plot-twist-brut-rose\/","name":"Plot Twist Brut Ros\u00e9 - Caves Nadal - Desde 1943","isPartOf":{"@id":"https:\/\/nadal.com\/es\/#website"},"primaryImageOfPage":{"@id":"https:\/\/nadal.com\/es\/els-nostres-vins\/espumosos-corpinnat\/plot-twist-corpinnat\/plot-twist-brut-rose\/#primaryimage"},"image":{"@id":"https:\/\/nadal.com\/es\/els-nostres-vins\/espumosos-corpinnat\/plot-twist-corpinnat\/plot-twist-brut-rose\/#primaryimage"},"thumbnailUrl":"https:\/\/nadal.com\/wp-content\/uploads\/2023\/03\/plot_twist_rosat_nov2025.jpg","datePublished":"2023-03-14T09:38:36+00:00","dateModified":"2025-06-18T16:07:47+00:00","description":"Una explosi\u00f3n de sabores y sensaciones. La frescura del primer Macabeo que cosechamos en la finca y los toques de fruta roja madura que...","breadcrumb":{"@id":"https:\/\/nadal.com\/es\/els-nostres-vins\/espumosos-corpinnat\/plot-twist-corpinnat\/plot-twist-brut-rose\/#breadcrumb"},"inLanguage":"es","potentialAction":[{"@type":"ReadAction","target":["https:\/\/nadal.com\/es\/els-nostres-vins\/espumosos-corpinnat\/plot-twist-corpinnat\/plot-twist-brut-rose\/"]}]},{"@type":"ImageObject","inLanguage":"es","@id":"https:\/\/nadal.com\/es\/els-nostres-vins\/espumosos-corpinnat\/plot-twist-corpinnat\/plot-twist-brut-rose\/#primaryimage","url":"https:\/\/nadal.com\/wp-content\/uploads\/2023\/03\/plot_twist_rosat_nov2025.jpg","contentUrl":"https:\/\/nadal.com\/wp-content\/uploads\/2023\/03\/plot_twist_rosat_nov2025.jpg","width":1400,"height":1400},{"@type":"BreadcrumbList","@id":"https:\/\/nadal.com\/es\/els-nostres-vins\/espumosos-corpinnat\/plot-twist-corpinnat\/plot-twist-brut-rose\/#breadcrumb","itemListElement":[{"@type":"ListItem","position":1,"name":"Inici","item":"https:\/\/nadal.com\/es\/"},{"@type":"ListItem","position":2,"name":"Nuestros vinos","item":"https:\/\/nadal.com\/es\/nuestros-vinos\/"},{"@type":"ListItem","position":3,"name":"Plot Twist Brut Ros\u00e9"}]},{"@type":"WebSite","@id":"https:\/\/nadal.com\/es\/#website","url":"https:\/\/nadal.com\/es\/","name":"Nadal","description":"Desde 1943","potentialAction":[{"@type":"SearchAction","target":{"@type":"EntryPoint","urlTemplate":"https:\/\/nadal.com\/es\/?s={search_term_string}"},"query-input":{"@type":"PropertyValueSpecification","valueRequired":true,"valueName":"search_term_string"}}],"inLanguage":"es"}]}},"_links":{"self":[{"href":"https:\/\/nadal.com\/es\/wp-json\/wp\/v2\/product\/22790","targetHints":{"allow":["GET"]}}],"collection":[{"href":"https:\/\/nadal.com\/es\/wp-json\/wp\/v2\/product"}],"about":[{"href":"https:\/\/nadal.com\/es\/wp-json\/wp\/v2\/types\/product"}],"wp:featuredmedia":[{"embeddable":true,"href":"https:\/\/nadal.com\/es\/wp-json\/wp\/v2\/media\/27551"}],"wp:attachment":[{"href":"https:\/\/nadal.com\/es\/wp-json\/wp\/v2\/media?parent=22790"}],"wp:term":[{"taxonomy":"product_brand","embeddable":true,"href":"https:\/\/nadal.com\/es\/wp-json\/wp\/v2\/product_brand?post=22790"},{"taxonomy":"product_cat","embeddable":true,"href":"https:\/\/nadal.com\/es\/wp-json\/wp\/v2\/product_cat?post=22790"},{"taxonomy":"product_tag","embeddable":true,"href":"https:\/\/nadal.com\/es\/wp-json\/wp\/v2\/product_tag?post=22790"}],"curies":[{"name":"wp","href":"https:\/\/api.w.org\/{rel}","templated":true}]}}