{"id":22491,"date":"2022-10-27T13:14:25","date_gmt":"2022-10-27T11:14:25","guid":{"rendered":"https:\/\/nadal.com\/?post_type=product&#038;p=22491"},"modified":"2026-01-19T17:32:53","modified_gmt":"2026-01-19T16:32:53","slug":"visita-con-cata-de-vinos-y-mini-canelones","status":"publish","type":"product","link":"https:\/\/nadal.com\/es\/els-nostres-vins\/experiencias\/visita-con-cata-de-vinos-y-mini-canelones\/","title":{"rendered":"Visita con cata de vinos y mini canelones"},"content":{"rendered":"<p>[vc_row][vc_column][vc_separator][vc_tta_tabs active_section=\u00bb1&#8243;][vc_tta_section title=\u00bbDescripci\u00f3n\u00bb tab_id=\u00bbdescripcio\u00bb][vc_column_text]<\/p>\n<h4><strong>La visita<\/strong><\/h4>\n<p>Un recorrido por la historia de la finca Nadal de la Boadella y de sus vinos. Nos adentraremos en las principales etapas de elaboraci\u00f3n de nuestros espumosos corpinnats y de los vinos blancos nobles. Realizaremos una visita a los vi\u00f1edos, la bodega y la cava\u00a0fundacional, a casi 20 metros de profundidad. Y, c\u00f3mo no, lo acabaremos con una cata en un entorno privilegiado.<\/p>\n<h4><strong>El maridaje<\/strong><\/h4>\n<p>En el jard\u00edn de la casa solariega, un peque\u00f1o oasis verde rodeado de vi\u00f1as, disfrutaremos de una cata muy especial:<\/p>\n<ul>\n<li data-start=\"79\" data-end=\"156\"><strong>Plot Twist Brut<\/strong> &amp; Canel\u00f3n de carne asada con bechamel de bolet de temporada<\/li>\n<li data-start=\"79\" data-end=\"156\"><strong>Salvatge Brut Nature 2015<\/strong> &amp; Canel\u00f3n de pato con foie con bechamel de foie micuit<\/li>\n<li data-start=\"79\" data-end=\"156\"><strong>RNG Brut 2018<\/strong> &amp; Canel\u00f3n de carrillada de ternera con bechamel de asado y reducci\u00f3n de vino rancio<\/li>\n<li data-start=\"79\" data-end=\"156\"><strong>Nadal X Vermell Colecci\u00f3n 2021<\/strong> &amp; Canel\u00f3n de bacalao con bechamel de brandada<\/li>\n<li data-start=\"79\" data-end=\"156\"><strong>Nadal X Colecci\u00f3n 2022<\/strong> &amp; Canel\u00f3n de verduras con pasta fresca de espinacas con bechamel de ceps<\/li>\n<\/ul>\n<p>[\/vc_column_text][\/vc_tta_section][vc_tta_section title=\u00bbC\u00f3mo llegar\u00bb tab_id=\u00bbcom-arribar\u00bb][vc_widget_sidebar sidebar_id=\u00bbcom-arribar\u00bb][\/vc_tta_section][vc_tta_section title=\u00bb\u00c1rea Autocaravanas\u00bb tab_id=\u00bbarea-autocaravanes\u00bb][vc_row_inner][vc_column_inner width=\u00bb1\/2&#8243;][vc_widget_sidebar sidebar_id=\u00bbautocaravanes-text\u00bb][\/vc_column_inner][vc_column_inner width=\u00bb1\/2&#8243;][vc_widget_sidebar sidebar_id=\u00bbautocaravanes-imatge\u00bb][\/vc_column_inner][\/vc_row_inner][\/vc_tta_section][\/vc_tta_tabs][\/vc_column][\/vc_row]<\/p>\n","protected":false},"excerpt":{"rendered":"<p>En nuestro pa\u00eds, los canelones siempre son sin\u00f3nimo de fiesta y grandes ocasiones. Pero en Nadal pensamos que siempre es un buen d\u00eda para celebrar la vida, as\u00ed que le proponemos este maridaje con mini canelones caseros de Can Canel\u00f3 y nuestros corpinnats y vinos blancos nobles.<\/p>\n<p><strong>Duraci\u00f3n: <\/strong>2h 30mins.<br \/>\n<strong>Incluye:<\/strong> Recorrido por los vi\u00f1edos, visita a la bodega, cava fundacional y <strong>cata con maridaje:<\/strong><\/p>\n<ul>\n<li data-start=\"79\" data-end=\"156\"><strong>Plot Twist Brut<\/strong> &amp; Canel\u00f3n de carne asada con bechamel de bolet de temporada<\/li>\n<li data-start=\"79\" data-end=\"156\"><strong>Salvatge Brut Nature 2015<\/strong> &amp; Canel\u00f3n de pato con foie con bechamel de foie micuit<\/li>\n<li data-start=\"79\" data-end=\"156\"><strong>RNG Brut 2018<\/strong> &amp; Canel\u00f3n de carrillada de ternera con bechamel de asado y reducci\u00f3n de vino rancio<\/li>\n<li data-start=\"79\" data-end=\"156\"><strong>Nadal X Vermell Colecci\u00f3n 2021<\/strong> &amp; Canel\u00f3n de bacalao con bechamel de brandada<\/li>\n<li data-start=\"79\" data-end=\"156\"><strong>Nadal X Colecci\u00f3n 2022<\/strong> &amp; Canel\u00f3n de verduras con pasta fresca de espinacas con bechamel de ceps<\/li>\n<\/ul>\n<p><strong>Grupos:<\/strong>; M\u00ednimo 2 pax \u2013 m\u00e0ximo 20 pax<br \/>\n<strong>Lugar:<\/strong> [acf field=\"lloc\"]<\/p>\n","protected":false},"featured_media":27360,"template":"","meta":{"_acf_changed":false},"product_brand":[],"product_cat":[69],"product_tag":[],"class_list":{"0":"post-22491","1":"product","2":"type-product","3":"status-publish","4":"has-post-thumbnail","6":"product_cat-experiencias","7":"product_shipping_class-gratuito","9":"first","10":"instock","11":"featured","12":"taxable","13":"shipping-taxable","14":"purchasable","15":"product-type-simple"},"group_of_quantity":0,"min_quantity":2,"max_quantity":30,"exclude_order_quantity_value_rules":"yes","exclude_category_quantity_rules":"no","combine_variations":"no","acf":[],"yoast_head":"<!-- This site is optimized with the Yoast SEO plugin v26.6 - https:\/\/yoast.com\/wordpress\/plugins\/seo\/ -->\n<title>Visita con cata de vinos y mini canelones - Nadal - Desde 1943<\/title>\n<meta name=\"robots\" content=\"index, follow, max-snippet:-1, max-image-preview:large, max-video-preview:-1\" \/>\n<link rel=\"canonical\" href=\"https:\/\/nadal.com\/es\/els-nostres-vins\/experiencias\/visita-con-cata-de-vinos-y-mini-canelones\/\" \/>\n<meta property=\"og:locale\" content=\"es_ES\" \/>\n<meta property=\"og:type\" content=\"article\" \/>\n<meta property=\"og:title\" content=\"Visita con cata de vinos y mini canelones - Nadal - Desde 1943\" \/>\n<meta property=\"og:description\" content=\"En nuestro pa\u00eds, los canelones siempre son sin\u00f3nimo de fiesta y grandes ocasiones. Pero en Nadal pensamos que siempre es un buen d\u00eda para celebrar la vida, as\u00ed que le proponemos este maridaje con mini canelones caseros de Can Canel\u00f3 y nuestros corpinnats y vinos blancos nobles.  Duraci\u00f3n: 2h 30mins. Incluye: Recorrido por los vi\u00f1edos, visita a la bodega, cava fundacional y cata con maridaje:   Plot Twist Brut &amp; Canel\u00f3n de carne asada con bechamel de bolet de temporada  Salvatge Brut Nature 2015 &amp; Canel\u00f3n de pato con foie con bechamel de foie micuit  RNG Brut 2018 &amp; Canel\u00f3n de carrillada de ternera con bechamel de asado y reducci\u00f3n de vino rancio  Nadal X Vermell Colecci\u00f3n 2021 &amp; Canel\u00f3n de bacalao con bechamel de brandada  Nadal X Colecci\u00f3n 2022 &amp; Canel\u00f3n de verduras con pasta fresca de espinacas con bechamel de ceps  Grupos:; M\u00ednimo 2 pax \u2013 m\u00e0ximo 20 pax Lugar:\" \/>\n<meta property=\"og:url\" content=\"https:\/\/nadal.com\/es\/els-nostres-vins\/experiencias\/visita-con-cata-de-vinos-y-mini-canelones\/\" \/>\n<meta property=\"og:site_name\" content=\"Nadal\" \/>\n<meta property=\"article:modified_time\" content=\"2026-01-19T16:32:53+00:00\" \/>\n<meta property=\"og:image\" content=\"https:\/\/nadal.com\/wp-content\/uploads\/2022\/10\/LEC_0756-scaled.jpg\" \/>\n\t<meta property=\"og:image:width\" content=\"2560\" \/>\n\t<meta property=\"og:image:height\" content=\"2560\" \/>\n\t<meta property=\"og:image:type\" content=\"image\/jpeg\" \/>\n<meta name=\"twitter:card\" content=\"summary_large_image\" \/>\n<meta name=\"twitter:label1\" content=\"Tiempo de lectura\" \/>\n\t<meta name=\"twitter:data1\" content=\"2 minutos\" \/>\n<script type=\"application\/ld+json\" class=\"yoast-schema-graph\">{\"@context\":\"https:\/\/schema.org\",\"@graph\":[{\"@type\":\"WebPage\",\"@id\":\"https:\/\/nadal.com\/es\/els-nostres-vins\/experiencias\/visita-con-cata-de-vinos-y-mini-canelones\/\",\"url\":\"https:\/\/nadal.com\/es\/els-nostres-vins\/experiencias\/visita-con-cata-de-vinos-y-mini-canelones\/\",\"name\":\"Visita con cata de vinos y mini canelones - Nadal - Desde 1943\",\"isPartOf\":{\"@id\":\"https:\/\/nadal.com\/es\/#website\"},\"primaryImageOfPage\":{\"@id\":\"https:\/\/nadal.com\/es\/els-nostres-vins\/experiencias\/visita-con-cata-de-vinos-y-mini-canelones\/#primaryimage\"},\"image\":{\"@id\":\"https:\/\/nadal.com\/es\/els-nostres-vins\/experiencias\/visita-con-cata-de-vinos-y-mini-canelones\/#primaryimage\"},\"thumbnailUrl\":\"https:\/\/nadal.com\/wp-content\/uploads\/2022\/10\/LEC_0756-scaled.jpg\",\"datePublished\":\"2022-10-27T11:14:25+00:00\",\"dateModified\":\"2026-01-19T16:32:53+00:00\",\"breadcrumb\":{\"@id\":\"https:\/\/nadal.com\/es\/els-nostres-vins\/experiencias\/visita-con-cata-de-vinos-y-mini-canelones\/#breadcrumb\"},\"inLanguage\":\"es\",\"potentialAction\":[{\"@type\":\"ReadAction\",\"target\":[\"https:\/\/nadal.com\/es\/els-nostres-vins\/experiencias\/visita-con-cata-de-vinos-y-mini-canelones\/\"]}]},{\"@type\":\"ImageObject\",\"inLanguage\":\"es\",\"@id\":\"https:\/\/nadal.com\/es\/els-nostres-vins\/experiencias\/visita-con-cata-de-vinos-y-mini-canelones\/#primaryimage\",\"url\":\"https:\/\/nadal.com\/wp-content\/uploads\/2022\/10\/LEC_0756-scaled.jpg\",\"contentUrl\":\"https:\/\/nadal.com\/wp-content\/uploads\/2022\/10\/LEC_0756-scaled.jpg\",\"width\":2560,\"height\":2560},{\"@type\":\"BreadcrumbList\",\"@id\":\"https:\/\/nadal.com\/es\/els-nostres-vins\/experiencias\/visita-con-cata-de-vinos-y-mini-canelones\/#breadcrumb\",\"itemListElement\":[{\"@type\":\"ListItem\",\"position\":1,\"name\":\"Inici\",\"item\":\"https:\/\/nadal.com\/es\/\"},{\"@type\":\"ListItem\",\"position\":2,\"name\":\"Nuestros vinos\",\"item\":\"https:\/\/nadal.com\/es\/nuestros-vinos\/\"},{\"@type\":\"ListItem\",\"position\":3,\"name\":\"Visita con cata de vinos y mini canelones\"}]},{\"@type\":\"WebSite\",\"@id\":\"https:\/\/nadal.com\/es\/#website\",\"url\":\"https:\/\/nadal.com\/es\/\",\"name\":\"Nadal\",\"description\":\"Desde 1943\",\"potentialAction\":[{\"@type\":\"SearchAction\",\"target\":{\"@type\":\"EntryPoint\",\"urlTemplate\":\"https:\/\/nadal.com\/es\/?s={search_term_string}\"},\"query-input\":{\"@type\":\"PropertyValueSpecification\",\"valueRequired\":true,\"valueName\":\"search_term_string\"}}],\"inLanguage\":\"es\"}]}<\/script>\n<!-- \/ Yoast SEO plugin. -->","yoast_head_json":{"title":"Visita con cata de vinos y mini canelones - Nadal - Desde 1943","robots":{"index":"index","follow":"follow","max-snippet":"max-snippet:-1","max-image-preview":"max-image-preview:large","max-video-preview":"max-video-preview:-1"},"canonical":"https:\/\/nadal.com\/es\/els-nostres-vins\/experiencias\/visita-con-cata-de-vinos-y-mini-canelones\/","og_locale":"es_ES","og_type":"article","og_title":"Visita con cata de vinos y mini canelones - Nadal - Desde 1943","og_description":"En nuestro pa\u00eds, los canelones siempre son sin\u00f3nimo de fiesta y grandes ocasiones. Pero en Nadal pensamos que siempre es un buen d\u00eda para celebrar la vida, as\u00ed que le proponemos este maridaje con mini canelones caseros de Can Canel\u00f3 y nuestros corpinnats y vinos blancos nobles.  Duraci\u00f3n: 2h 30mins. Incluye: Recorrido por los vi\u00f1edos, visita a la bodega, cava fundacional y cata con maridaje:   Plot Twist Brut &amp; Canel\u00f3n de carne asada con bechamel de bolet de temporada  Salvatge Brut Nature 2015 &amp; Canel\u00f3n de pato con foie con bechamel de foie micuit  RNG Brut 2018 &amp; Canel\u00f3n de carrillada de ternera con bechamel de asado y reducci\u00f3n de vino rancio  Nadal X Vermell Colecci\u00f3n 2021 &amp; Canel\u00f3n de bacalao con bechamel de brandada  Nadal X Colecci\u00f3n 2022 &amp; Canel\u00f3n de verduras con pasta fresca de espinacas con bechamel de ceps  Grupos:; M\u00ednimo 2 pax \u2013 m\u00e0ximo 20 pax Lugar:","og_url":"https:\/\/nadal.com\/es\/els-nostres-vins\/experiencias\/visita-con-cata-de-vinos-y-mini-canelones\/","og_site_name":"Nadal","article_modified_time":"2026-01-19T16:32:53+00:00","og_image":[{"width":2560,"height":2560,"url":"https:\/\/nadal.com\/wp-content\/uploads\/2022\/10\/LEC_0756-scaled.jpg","type":"image\/jpeg"}],"twitter_card":"summary_large_image","twitter_misc":{"Tiempo de lectura":"2 minutos"},"schema":{"@context":"https:\/\/schema.org","@graph":[{"@type":"WebPage","@id":"https:\/\/nadal.com\/es\/els-nostres-vins\/experiencias\/visita-con-cata-de-vinos-y-mini-canelones\/","url":"https:\/\/nadal.com\/es\/els-nostres-vins\/experiencias\/visita-con-cata-de-vinos-y-mini-canelones\/","name":"Visita con cata de vinos y mini canelones - Nadal - Desde 1943","isPartOf":{"@id":"https:\/\/nadal.com\/es\/#website"},"primaryImageOfPage":{"@id":"https:\/\/nadal.com\/es\/els-nostres-vins\/experiencias\/visita-con-cata-de-vinos-y-mini-canelones\/#primaryimage"},"image":{"@id":"https:\/\/nadal.com\/es\/els-nostres-vins\/experiencias\/visita-con-cata-de-vinos-y-mini-canelones\/#primaryimage"},"thumbnailUrl":"https:\/\/nadal.com\/wp-content\/uploads\/2022\/10\/LEC_0756-scaled.jpg","datePublished":"2022-10-27T11:14:25+00:00","dateModified":"2026-01-19T16:32:53+00:00","breadcrumb":{"@id":"https:\/\/nadal.com\/es\/els-nostres-vins\/experiencias\/visita-con-cata-de-vinos-y-mini-canelones\/#breadcrumb"},"inLanguage":"es","potentialAction":[{"@type":"ReadAction","target":["https:\/\/nadal.com\/es\/els-nostres-vins\/experiencias\/visita-con-cata-de-vinos-y-mini-canelones\/"]}]},{"@type":"ImageObject","inLanguage":"es","@id":"https:\/\/nadal.com\/es\/els-nostres-vins\/experiencias\/visita-con-cata-de-vinos-y-mini-canelones\/#primaryimage","url":"https:\/\/nadal.com\/wp-content\/uploads\/2022\/10\/LEC_0756-scaled.jpg","contentUrl":"https:\/\/nadal.com\/wp-content\/uploads\/2022\/10\/LEC_0756-scaled.jpg","width":2560,"height":2560},{"@type":"BreadcrumbList","@id":"https:\/\/nadal.com\/es\/els-nostres-vins\/experiencias\/visita-con-cata-de-vinos-y-mini-canelones\/#breadcrumb","itemListElement":[{"@type":"ListItem","position":1,"name":"Inici","item":"https:\/\/nadal.com\/es\/"},{"@type":"ListItem","position":2,"name":"Nuestros vinos","item":"https:\/\/nadal.com\/es\/nuestros-vinos\/"},{"@type":"ListItem","position":3,"name":"Visita con cata de vinos y mini canelones"}]},{"@type":"WebSite","@id":"https:\/\/nadal.com\/es\/#website","url":"https:\/\/nadal.com\/es\/","name":"Nadal","description":"Desde 1943","potentialAction":[{"@type":"SearchAction","target":{"@type":"EntryPoint","urlTemplate":"https:\/\/nadal.com\/es\/?s={search_term_string}"},"query-input":{"@type":"PropertyValueSpecification","valueRequired":true,"valueName":"search_term_string"}}],"inLanguage":"es"}]}},"_links":{"self":[{"href":"https:\/\/nadal.com\/es\/wp-json\/wp\/v2\/product\/22491","targetHints":{"allow":["GET"]}}],"collection":[{"href":"https:\/\/nadal.com\/es\/wp-json\/wp\/v2\/product"}],"about":[{"href":"https:\/\/nadal.com\/es\/wp-json\/wp\/v2\/types\/product"}],"wp:featuredmedia":[{"embeddable":true,"href":"https:\/\/nadal.com\/es\/wp-json\/wp\/v2\/media\/27360"}],"wp:attachment":[{"href":"https:\/\/nadal.com\/es\/wp-json\/wp\/v2\/media?parent=22491"}],"wp:term":[{"taxonomy":"product_brand","embeddable":true,"href":"https:\/\/nadal.com\/es\/wp-json\/wp\/v2\/product_brand?post=22491"},{"taxonomy":"product_cat","embeddable":true,"href":"https:\/\/nadal.com\/es\/wp-json\/wp\/v2\/product_cat?post=22491"},{"taxonomy":"product_tag","embeddable":true,"href":"https:\/\/nadal.com\/es\/wp-json\/wp\/v2\/product_tag?post=22491"}],"curies":[{"name":"wp","href":"https:\/\/api.w.org\/{rel}","templated":true}]}}