{"id":19934,"date":"2020-11-10T12:07:50","date_gmt":"2020-11-10T10:07:50","guid":{"rendered":"https:\/\/nadal.com\/?post_type=product&#038;p=19934"},"modified":"2025-02-02T11:32:26","modified_gmt":"2025-02-02T10:32:26","slug":"nadal-1510-botrytis-noble-2003-catanias-cudie","status":"publish","type":"product","link":"https:\/\/nadal.com\/es\/els-nostres-vins\/regalos\/nadal-1510-botrytis-noble-2003-catanias-cudie\/","title":{"rendered":"Nadal 1510 Botrytis Noble 2003 &amp; Catanias Cudi\u00e9"},"content":{"rendered":"","protected":false},"excerpt":{"rendered":"<h4>Endulza tu vida con un maridaje de proximidad<\/h4>\n<p><em>Nadal 1510\u00a0 Botrytis Noble 2003<\/em><\/p>\n<p>S\u00f3lo los oto\u00f1os secos y soleados ofrecen la deshidrataci\u00f3n del grano de uva que nos permiten elaborar ediciones limitadas de este vino dulce natural.<\/p>\n<p><em>Cat\u00e0nies Duet &#8211; Original y Himalayan Salt<\/em><\/p>\n<p>Descubre la nueva colecci\u00f3n DUET de Cudi\u00e9. La combinaci\u00f3n perfecta de Catanias originales y las Catanias de Sal del Himalaya. Un contrapunto de dulce y salado muy sugerente para el paladar. \u00a1La explosi\u00f3n de sabores que no te dejar\u00e1 indiferente!<\/p>\n","protected":false},"featured_media":19923,"template":"","meta":{"_acf_changed":false},"product_brand":[],"product_cat":[97],"product_tag":[],"class_list":{"0":"post-19934","1":"product","2":"type-product","3":"status-publish","4":"has-post-thumbnail","6":"product_cat-regalos","8":"first","9":"instock","10":"taxable","11":"shipping-taxable","12":"product-type-simple"},"group_of_quantity":0,"min_quantity":0,"max_quantity":"","exclude_order_quantity_value_rules":"no","exclude_category_quantity_rules":"no","combine_variations":"no","acf":[],"yoast_head":"<!-- This site is optimized with the Yoast SEO plugin v26.6 - https:\/\/yoast.com\/wordpress\/plugins\/seo\/ -->\n<title>Nadal 1510 Botrytis Noble 2003 &amp; Catanias Cudi\u00e9 - Nadal - Desde 1943<\/title>\n<meta name=\"description\" content=\"Disfruta de un maridaje de proximidad. Descubre la nueva colecci\u00f3n DUET de Cudi\u00e9 y Navidad 1510 Botrytis Noble 2003.\" \/>\n<meta name=\"robots\" content=\"index, follow, max-snippet:-1, max-image-preview:large, max-video-preview:-1\" \/>\n<link rel=\"canonical\" href=\"https:\/\/nadal.com\/es\/els-nostres-vins\/regalos\/nadal-1510-botrytis-noble-2003-catanias-cudie\/\" \/>\n<meta property=\"og:locale\" content=\"es_ES\" \/>\n<meta property=\"og:type\" content=\"article\" \/>\n<meta property=\"og:title\" content=\"Nadal 1510 Botrytis Noble 2003 &amp; Catanias Cudi\u00e9 - Nadal - Desde 1943\" \/>\n<meta property=\"og:description\" content=\"Disfruta de un maridaje de proximidad. Descubre la nueva colecci\u00f3n DUET de Cudi\u00e9 y Navidad 1510 Botrytis Noble 2003.\" \/>\n<meta property=\"og:url\" content=\"https:\/\/nadal.com\/es\/els-nostres-vins\/regalos\/nadal-1510-botrytis-noble-2003-catanias-cudie\/\" \/>\n<meta property=\"og:site_name\" content=\"Nadal\" \/>\n<meta property=\"article:modified_time\" content=\"2025-02-02T10:32:26+00:00\" \/>\n<meta property=\"og:image\" content=\"https:\/\/nadal.com\/wp-content\/uploads\/2020\/11\/1510-cudie-WEB-fons-transparent.png\" \/>\n\t<meta property=\"og:image:width\" content=\"935\" \/>\n\t<meta property=\"og:image:height\" content=\"1400\" \/>\n\t<meta property=\"og:image:type\" content=\"image\/png\" \/>\n<meta name=\"twitter:card\" content=\"summary_large_image\" \/>\n<meta name=\"twitter:label1\" content=\"Tiempo de lectura\" \/>\n\t<meta name=\"twitter:data1\" content=\"1 minuto\" \/>\n<script type=\"application\/ld+json\" class=\"yoast-schema-graph\">{\"@context\":\"https:\/\/schema.org\",\"@graph\":[{\"@type\":\"WebPage\",\"@id\":\"https:\/\/nadal.com\/es\/els-nostres-vins\/regalos\/nadal-1510-botrytis-noble-2003-catanias-cudie\/\",\"url\":\"https:\/\/nadal.com\/es\/els-nostres-vins\/regalos\/nadal-1510-botrytis-noble-2003-catanias-cudie\/\",\"name\":\"Nadal 1510 Botrytis Noble 2003 &amp; Catanias Cudi\u00e9 - Nadal - Desde 1943\",\"isPartOf\":{\"@id\":\"https:\/\/nadal.com\/es\/#website\"},\"primaryImageOfPage\":{\"@id\":\"https:\/\/nadal.com\/es\/els-nostres-vins\/regalos\/nadal-1510-botrytis-noble-2003-catanias-cudie\/#primaryimage\"},\"image\":{\"@id\":\"https:\/\/nadal.com\/es\/els-nostres-vins\/regalos\/nadal-1510-botrytis-noble-2003-catanias-cudie\/#primaryimage\"},\"thumbnailUrl\":\"https:\/\/nadal.com\/wp-content\/uploads\/2020\/11\/1510-cudie-WEB-fons-transparent.png\",\"datePublished\":\"2020-11-10T10:07:50+00:00\",\"dateModified\":\"2025-02-02T10:32:26+00:00\",\"description\":\"Disfruta de un maridaje de proximidad. Descubre la nueva colecci\u00f3n DUET de Cudi\u00e9 y Navidad 1510 Botrytis Noble 2003.\",\"breadcrumb\":{\"@id\":\"https:\/\/nadal.com\/es\/els-nostres-vins\/regalos\/nadal-1510-botrytis-noble-2003-catanias-cudie\/#breadcrumb\"},\"inLanguage\":\"es\",\"potentialAction\":[{\"@type\":\"ReadAction\",\"target\":[\"https:\/\/nadal.com\/es\/els-nostres-vins\/regalos\/nadal-1510-botrytis-noble-2003-catanias-cudie\/\"]}]},{\"@type\":\"ImageObject\",\"inLanguage\":\"es\",\"@id\":\"https:\/\/nadal.com\/es\/els-nostres-vins\/regalos\/nadal-1510-botrytis-noble-2003-catanias-cudie\/#primaryimage\",\"url\":\"https:\/\/nadal.com\/wp-content\/uploads\/2020\/11\/1510-cudie-WEB-fons-transparent.png\",\"contentUrl\":\"https:\/\/nadal.com\/wp-content\/uploads\/2020\/11\/1510-cudie-WEB-fons-transparent.png\",\"width\":935,\"height\":1400,\"caption\":\"Nadal Vi Dol\u00e7 Botritys\"},{\"@type\":\"BreadcrumbList\",\"@id\":\"https:\/\/nadal.com\/es\/els-nostres-vins\/regalos\/nadal-1510-botrytis-noble-2003-catanias-cudie\/#breadcrumb\",\"itemListElement\":[{\"@type\":\"ListItem\",\"position\":1,\"name\":\"Inici\",\"item\":\"https:\/\/nadal.com\/es\/\"},{\"@type\":\"ListItem\",\"position\":2,\"name\":\"Nuestros vinos\",\"item\":\"https:\/\/nadal.com\/es\/nuestros-vinos\/\"},{\"@type\":\"ListItem\",\"position\":3,\"name\":\"Nadal 1510 Botrytis Noble 2003 &amp; Catanias Cudi\u00e9\"}]},{\"@type\":\"WebSite\",\"@id\":\"https:\/\/nadal.com\/es\/#website\",\"url\":\"https:\/\/nadal.com\/es\/\",\"name\":\"Nadal\",\"description\":\"Desde 1943\",\"potentialAction\":[{\"@type\":\"SearchAction\",\"target\":{\"@type\":\"EntryPoint\",\"urlTemplate\":\"https:\/\/nadal.com\/es\/?s={search_term_string}\"},\"query-input\":{\"@type\":\"PropertyValueSpecification\",\"valueRequired\":true,\"valueName\":\"search_term_string\"}}],\"inLanguage\":\"es\"}]}<\/script>\n<!-- \/ Yoast SEO plugin. -->","yoast_head_json":{"title":"Nadal 1510 Botrytis Noble 2003 &amp; Catanias Cudi\u00e9 - Nadal - Desde 1943","description":"Disfruta de un maridaje de proximidad. Descubre la nueva colecci\u00f3n DUET de Cudi\u00e9 y Navidad 1510 Botrytis Noble 2003.","robots":{"index":"index","follow":"follow","max-snippet":"max-snippet:-1","max-image-preview":"max-image-preview:large","max-video-preview":"max-video-preview:-1"},"canonical":"https:\/\/nadal.com\/es\/els-nostres-vins\/regalos\/nadal-1510-botrytis-noble-2003-catanias-cudie\/","og_locale":"es_ES","og_type":"article","og_title":"Nadal 1510 Botrytis Noble 2003 &amp; Catanias Cudi\u00e9 - Nadal - Desde 1943","og_description":"Disfruta de un maridaje de proximidad. Descubre la nueva colecci\u00f3n DUET de Cudi\u00e9 y Navidad 1510 Botrytis Noble 2003.","og_url":"https:\/\/nadal.com\/es\/els-nostres-vins\/regalos\/nadal-1510-botrytis-noble-2003-catanias-cudie\/","og_site_name":"Nadal","article_modified_time":"2025-02-02T10:32:26+00:00","og_image":[{"width":935,"height":1400,"url":"https:\/\/nadal.com\/wp-content\/uploads\/2020\/11\/1510-cudie-WEB-fons-transparent.png","type":"image\/png"}],"twitter_card":"summary_large_image","twitter_misc":{"Tiempo de lectura":"1 minuto"},"schema":{"@context":"https:\/\/schema.org","@graph":[{"@type":"WebPage","@id":"https:\/\/nadal.com\/es\/els-nostres-vins\/regalos\/nadal-1510-botrytis-noble-2003-catanias-cudie\/","url":"https:\/\/nadal.com\/es\/els-nostres-vins\/regalos\/nadal-1510-botrytis-noble-2003-catanias-cudie\/","name":"Nadal 1510 Botrytis Noble 2003 &amp; Catanias Cudi\u00e9 - Nadal - Desde 1943","isPartOf":{"@id":"https:\/\/nadal.com\/es\/#website"},"primaryImageOfPage":{"@id":"https:\/\/nadal.com\/es\/els-nostres-vins\/regalos\/nadal-1510-botrytis-noble-2003-catanias-cudie\/#primaryimage"},"image":{"@id":"https:\/\/nadal.com\/es\/els-nostres-vins\/regalos\/nadal-1510-botrytis-noble-2003-catanias-cudie\/#primaryimage"},"thumbnailUrl":"https:\/\/nadal.com\/wp-content\/uploads\/2020\/11\/1510-cudie-WEB-fons-transparent.png","datePublished":"2020-11-10T10:07:50+00:00","dateModified":"2025-02-02T10:32:26+00:00","description":"Disfruta de un maridaje de proximidad. Descubre la nueva colecci\u00f3n DUET de Cudi\u00e9 y Navidad 1510 Botrytis Noble 2003.","breadcrumb":{"@id":"https:\/\/nadal.com\/es\/els-nostres-vins\/regalos\/nadal-1510-botrytis-noble-2003-catanias-cudie\/#breadcrumb"},"inLanguage":"es","potentialAction":[{"@type":"ReadAction","target":["https:\/\/nadal.com\/es\/els-nostres-vins\/regalos\/nadal-1510-botrytis-noble-2003-catanias-cudie\/"]}]},{"@type":"ImageObject","inLanguage":"es","@id":"https:\/\/nadal.com\/es\/els-nostres-vins\/regalos\/nadal-1510-botrytis-noble-2003-catanias-cudie\/#primaryimage","url":"https:\/\/nadal.com\/wp-content\/uploads\/2020\/11\/1510-cudie-WEB-fons-transparent.png","contentUrl":"https:\/\/nadal.com\/wp-content\/uploads\/2020\/11\/1510-cudie-WEB-fons-transparent.png","width":935,"height":1400,"caption":"Nadal Vi Dol\u00e7 Botritys"},{"@type":"BreadcrumbList","@id":"https:\/\/nadal.com\/es\/els-nostres-vins\/regalos\/nadal-1510-botrytis-noble-2003-catanias-cudie\/#breadcrumb","itemListElement":[{"@type":"ListItem","position":1,"name":"Inici","item":"https:\/\/nadal.com\/es\/"},{"@type":"ListItem","position":2,"name":"Nuestros vinos","item":"https:\/\/nadal.com\/es\/nuestros-vinos\/"},{"@type":"ListItem","position":3,"name":"Nadal 1510 Botrytis Noble 2003 &amp; Catanias Cudi\u00e9"}]},{"@type":"WebSite","@id":"https:\/\/nadal.com\/es\/#website","url":"https:\/\/nadal.com\/es\/","name":"Nadal","description":"Desde 1943","potentialAction":[{"@type":"SearchAction","target":{"@type":"EntryPoint","urlTemplate":"https:\/\/nadal.com\/es\/?s={search_term_string}"},"query-input":{"@type":"PropertyValueSpecification","valueRequired":true,"valueName":"search_term_string"}}],"inLanguage":"es"}]}},"_links":{"self":[{"href":"https:\/\/nadal.com\/es\/wp-json\/wp\/v2\/product\/19934","targetHints":{"allow":["GET"]}}],"collection":[{"href":"https:\/\/nadal.com\/es\/wp-json\/wp\/v2\/product"}],"about":[{"href":"https:\/\/nadal.com\/es\/wp-json\/wp\/v2\/types\/product"}],"wp:featuredmedia":[{"embeddable":true,"href":"https:\/\/nadal.com\/es\/wp-json\/wp\/v2\/media\/19923"}],"wp:attachment":[{"href":"https:\/\/nadal.com\/es\/wp-json\/wp\/v2\/media?parent=19934"}],"wp:term":[{"taxonomy":"product_brand","embeddable":true,"href":"https:\/\/nadal.com\/es\/wp-json\/wp\/v2\/product_brand?post=19934"},{"taxonomy":"product_cat","embeddable":true,"href":"https:\/\/nadal.com\/es\/wp-json\/wp\/v2\/product_cat?post=19934"},{"taxonomy":"product_tag","embeddable":true,"href":"https:\/\/nadal.com\/es\/wp-json\/wp\/v2\/product_tag?post=19934"}],"curies":[{"name":"wp","href":"https:\/\/api.w.org\/{rel}","templated":true}]}}