{"id":18661,"date":"2020-10-02T19:12:36","date_gmt":"2020-10-02T17:12:36","guid":{"rendered":"https:\/\/nadal.com\/?post_type=product&#038;p=18661"},"modified":"2026-01-19T16:57:44","modified_gmt":"2026-01-19T15:57:44","slug":"visita-con-cata-de-vinos-y-quesos","status":"publish","type":"product","link":"https:\/\/nadal.com\/es\/els-nostres-vins\/experiencias\/visita-con-cata-de-vinos-y-quesos\/","title":{"rendered":"Visita con cata de vinos y quesos"},"content":{"rendered":"<p>[vc_row][vc_column][vc_separator][vc_tta_tabs active_section=\u00bb1&#8243;][vc_tta_section title=\u00bbDescripci\u00f3n\u00bb tab_id=\u00bbdescripcio\u00bb][vc_column_text]<\/p>\n<h4><strong>La visita<\/strong><\/h4>\n<p>Un recorrido por la historia de la finca Nadal de la Boadella y de sus vinos. Nos adentraremos en las principales etapas de elaboraci\u00f3n de nuestros espumosos corpinnats y de los vinos blancos nobles. Realizaremos una visita a los vi\u00f1edos, la bodega y la cava fundacional, a casi 20 metros de profundidad. Y, c\u00f3mo no, lo acabaremos con una cata en un entorno privilegiado.<\/p>\n<h4><strong>El maridaje<\/strong><\/h4>\n<p>En el jard\u00edn de la casa solariega, un peque\u00f1o oasis verde rodeado de vi\u00f1as, disfrutaremos de una cata muy especial:<\/p>\n<ul>\n<li><strong>Salvatge Brut Ros\u00e9 2021<\/strong>\u00a0&amp; Blanc de Sora<\/li>\n<li><strong>Nadal Brut Nature 2017<\/strong>\u00a0&amp; Puigpedr\u00f3s<\/li>\n<li><strong>Ramon Nadal Giro Brut 2018<\/strong>\u00a0&amp; Lligat de Cabra<\/li>\n<li><strong>Nadal X Vermell Col\u00b7lecci\u00f3 2021<\/strong> &amp; Serrat<\/li>\n<li><strong>Nadal 1510 Botrytis Noble 2003<\/strong> &amp; Blau Ceret\u00e0<\/li>\n<\/ul>\n<p>[\/vc_column_text][\/vc_tta_section][vc_tta_section title=\u00bbC\u00f3mo llegar\u00bb tab_id=\u00bbcom-arribar\u00bb][vc_widget_sidebar sidebar_id=\u00bbcom-arribar\u00bb][\/vc_tta_section][vc_tta_section title=\u00bb\u00c1rea Autocaravanas\u00bb tab_id=\u00bbarea-autocaravanes\u00bb][vc_row_inner][vc_column_inner width=\u00bb1\/2&#8243;][vc_widget_sidebar sidebar_id=\u00bbautocaravanes-text\u00bb][\/vc_column_inner][vc_column_inner width=\u00bb1\/2&#8243;][vc_widget_sidebar sidebar_id=\u00bbautocaravanes-imatge\u00bb][\/vc_column_inner][\/vc_row_inner][\/vc_tta_section][\/vc_tta_tabs][\/vc_column][\/vc_row]<\/p>\n","protected":false},"excerpt":{"rendered":"<p>El queso es un producto con una gran variedad de texturas y olores. Con los vinos espumosos, nos aportan una perfecta armonizaci\u00f3n, ya sea por contraste o por complementariedad. De la mano de Xerigots, le proponemos un maridaje de quesos artesanos con nuestros corpinnats y vinos blancos nobles.<\/p>\n<p><strong>Duraci\u00f3n:<\/strong> 2h.<br \/>\n<strong>Incluye:<\/strong> Recorrido por los vi\u00f1edos, visita a la bodega, cava fundacional y\u00a0<strong>cata con maridaje:<\/strong><\/p>\n<ul>\n<li><strong>Salvatge Brut Ros\u00e9 2021<\/strong>\u00a0&amp; Blanc de Sora<\/li>\n<li><strong>Nadal Brut Nature 2017<\/strong>\u00a0&amp; Puigpedr\u00f3s<\/li>\n<li><strong>Ramon Nadal Giro Brut 2018<\/strong>\u00a0&amp; Lligat de Cabra<\/li>\n<li><strong>Nadal X Vermell Col\u00b7lecci\u00f3 2021<\/strong> &amp; Serrat<\/li>\n<li><strong>Nadal 1510 Botrytis Noble 2003<\/strong> &amp; Blau Ceret\u00e0<\/li>\n<\/ul>\n<p><strong>Grupos:<\/strong> M\u00ednimo 2 pax \u2013 m\u00e0ximo 20 pax<br \/>\n<strong>Lugar:<\/strong> [acf field=\"lloc\"]<\/p>\n","protected":false},"featured_media":27297,"template":"","meta":{"_acf_changed":false},"product_brand":[],"product_cat":[69],"product_tag":[],"class_list":{"0":"post-18661","1":"product","2":"type-product","3":"status-publish","4":"has-post-thumbnail","6":"product_cat-experiencias","7":"product_shipping_class-gratuito","9":"first","10":"instock","11":"taxable","12":"shipping-taxable","13":"purchasable","14":"product-type-simple"},"group_of_quantity":0,"min_quantity":2,"max_quantity":30,"exclude_order_quantity_value_rules":"yes","exclude_category_quantity_rules":"no","combine_variations":"no","acf":[],"yoast_head":"<!-- This site is optimized with the Yoast SEO plugin v26.6 - https:\/\/yoast.com\/wordpress\/plugins\/seo\/ -->\n<title>Visita con cata de vinos y quesos - Nadal - Desde 1943<\/title>\n<meta name=\"description\" content=\"Disfruta de la experiencia Burbujas y Quesos en las Cavas Navidad. Descubre el maridaje perfecto con espumosos y quesos en un entorno \u00fanico.\" \/>\n<meta name=\"robots\" content=\"index, follow, max-snippet:-1, max-image-preview:large, max-video-preview:-1\" \/>\n<link rel=\"canonical\" href=\"https:\/\/nadal.com\/es\/els-nostres-vins\/experiencias\/visita-con-cata-de-vinos-y-quesos\/\" \/>\n<meta property=\"og:locale\" content=\"es_ES\" \/>\n<meta property=\"og:type\" content=\"article\" \/>\n<meta property=\"og:title\" content=\"Visita con cata de vinos y quesos - Nadal - Desde 1943\" \/>\n<meta property=\"og:description\" content=\"Disfruta de la experiencia Burbujas y Quesos en las Cavas Navidad. Descubre el maridaje perfecto con espumosos y quesos en un entorno \u00fanico.\" \/>\n<meta property=\"og:url\" content=\"https:\/\/nadal.com\/es\/els-nostres-vins\/experiencias\/visita-con-cata-de-vinos-y-quesos\/\" \/>\n<meta property=\"og:site_name\" content=\"Nadal\" \/>\n<meta property=\"article:modified_time\" content=\"2026-01-19T15:57:44+00:00\" \/>\n<meta property=\"og:image\" content=\"https:\/\/nadal.com\/wp-content\/uploads\/2019\/09\/A6A130AC-CCC4-433F-AFCE-A27A71434044.jpeg\" \/>\n\t<meta property=\"og:image:width\" content=\"1536\" \/>\n\t<meta property=\"og:image:height\" content=\"1536\" \/>\n\t<meta property=\"og:image:type\" content=\"image\/jpeg\" \/>\n<meta name=\"twitter:card\" content=\"summary_large_image\" \/>\n<meta name=\"twitter:label1\" content=\"Tiempo de lectura\" \/>\n\t<meta name=\"twitter:data1\" content=\"1 minuto\" \/>\n<script type=\"application\/ld+json\" class=\"yoast-schema-graph\">{\"@context\":\"https:\/\/schema.org\",\"@graph\":[{\"@type\":\"WebPage\",\"@id\":\"https:\/\/nadal.com\/es\/els-nostres-vins\/experiencias\/visita-con-cata-de-vinos-y-quesos\/\",\"url\":\"https:\/\/nadal.com\/es\/els-nostres-vins\/experiencias\/visita-con-cata-de-vinos-y-quesos\/\",\"name\":\"Visita con cata de vinos y quesos - Nadal - Desde 1943\",\"isPartOf\":{\"@id\":\"https:\/\/nadal.com\/es\/#website\"},\"primaryImageOfPage\":{\"@id\":\"https:\/\/nadal.com\/es\/els-nostres-vins\/experiencias\/visita-con-cata-de-vinos-y-quesos\/#primaryimage\"},\"image\":{\"@id\":\"https:\/\/nadal.com\/es\/els-nostres-vins\/experiencias\/visita-con-cata-de-vinos-y-quesos\/#primaryimage\"},\"thumbnailUrl\":\"https:\/\/nadal.com\/wp-content\/uploads\/2019\/09\/A6A130AC-CCC4-433F-AFCE-A27A71434044.jpeg\",\"datePublished\":\"2020-10-02T17:12:36+00:00\",\"dateModified\":\"2026-01-19T15:57:44+00:00\",\"description\":\"Disfruta de la experiencia Burbujas y Quesos en las Cavas Navidad. Descubre el maridaje perfecto con espumosos y quesos en un entorno \u00fanico.\",\"breadcrumb\":{\"@id\":\"https:\/\/nadal.com\/es\/els-nostres-vins\/experiencias\/visita-con-cata-de-vinos-y-quesos\/#breadcrumb\"},\"inLanguage\":\"es\",\"potentialAction\":[{\"@type\":\"ReadAction\",\"target\":[\"https:\/\/nadal.com\/es\/els-nostres-vins\/experiencias\/visita-con-cata-de-vinos-y-quesos\/\"]}]},{\"@type\":\"ImageObject\",\"inLanguage\":\"es\",\"@id\":\"https:\/\/nadal.com\/es\/els-nostres-vins\/experiencias\/visita-con-cata-de-vinos-y-quesos\/#primaryimage\",\"url\":\"https:\/\/nadal.com\/wp-content\/uploads\/2019\/09\/A6A130AC-CCC4-433F-AFCE-A27A71434044.jpeg\",\"contentUrl\":\"https:\/\/nadal.com\/wp-content\/uploads\/2019\/09\/A6A130AC-CCC4-433F-AFCE-A27A71434044.jpeg\",\"width\":1536,\"height\":1536},{\"@type\":\"BreadcrumbList\",\"@id\":\"https:\/\/nadal.com\/es\/els-nostres-vins\/experiencias\/visita-con-cata-de-vinos-y-quesos\/#breadcrumb\",\"itemListElement\":[{\"@type\":\"ListItem\",\"position\":1,\"name\":\"Inici\",\"item\":\"https:\/\/nadal.com\/es\/\"},{\"@type\":\"ListItem\",\"position\":2,\"name\":\"Nuestros vinos\",\"item\":\"https:\/\/nadal.com\/es\/nuestros-vinos\/\"},{\"@type\":\"ListItem\",\"position\":3,\"name\":\"Visita con cata de vinos y quesos\"}]},{\"@type\":\"WebSite\",\"@id\":\"https:\/\/nadal.com\/es\/#website\",\"url\":\"https:\/\/nadal.com\/es\/\",\"name\":\"Nadal\",\"description\":\"Desde 1943\",\"potentialAction\":[{\"@type\":\"SearchAction\",\"target\":{\"@type\":\"EntryPoint\",\"urlTemplate\":\"https:\/\/nadal.com\/es\/?s={search_term_string}\"},\"query-input\":{\"@type\":\"PropertyValueSpecification\",\"valueRequired\":true,\"valueName\":\"search_term_string\"}}],\"inLanguage\":\"es\"}]}<\/script>\n<!-- \/ Yoast SEO plugin. -->","yoast_head_json":{"title":"Visita con cata de vinos y quesos - Nadal - Desde 1943","description":"Disfruta de la experiencia Burbujas y Quesos en las Cavas Navidad. Descubre el maridaje perfecto con espumosos y quesos en un entorno \u00fanico.","robots":{"index":"index","follow":"follow","max-snippet":"max-snippet:-1","max-image-preview":"max-image-preview:large","max-video-preview":"max-video-preview:-1"},"canonical":"https:\/\/nadal.com\/es\/els-nostres-vins\/experiencias\/visita-con-cata-de-vinos-y-quesos\/","og_locale":"es_ES","og_type":"article","og_title":"Visita con cata de vinos y quesos - Nadal - Desde 1943","og_description":"Disfruta de la experiencia Burbujas y Quesos en las Cavas Navidad. Descubre el maridaje perfecto con espumosos y quesos en un entorno \u00fanico.","og_url":"https:\/\/nadal.com\/es\/els-nostres-vins\/experiencias\/visita-con-cata-de-vinos-y-quesos\/","og_site_name":"Nadal","article_modified_time":"2026-01-19T15:57:44+00:00","og_image":[{"width":1536,"height":1536,"url":"https:\/\/nadal.com\/wp-content\/uploads\/2019\/09\/A6A130AC-CCC4-433F-AFCE-A27A71434044.jpeg","type":"image\/jpeg"}],"twitter_card":"summary_large_image","twitter_misc":{"Tiempo de lectura":"1 minuto"},"schema":{"@context":"https:\/\/schema.org","@graph":[{"@type":"WebPage","@id":"https:\/\/nadal.com\/es\/els-nostres-vins\/experiencias\/visita-con-cata-de-vinos-y-quesos\/","url":"https:\/\/nadal.com\/es\/els-nostres-vins\/experiencias\/visita-con-cata-de-vinos-y-quesos\/","name":"Visita con cata de vinos y quesos - Nadal - Desde 1943","isPartOf":{"@id":"https:\/\/nadal.com\/es\/#website"},"primaryImageOfPage":{"@id":"https:\/\/nadal.com\/es\/els-nostres-vins\/experiencias\/visita-con-cata-de-vinos-y-quesos\/#primaryimage"},"image":{"@id":"https:\/\/nadal.com\/es\/els-nostres-vins\/experiencias\/visita-con-cata-de-vinos-y-quesos\/#primaryimage"},"thumbnailUrl":"https:\/\/nadal.com\/wp-content\/uploads\/2019\/09\/A6A130AC-CCC4-433F-AFCE-A27A71434044.jpeg","datePublished":"2020-10-02T17:12:36+00:00","dateModified":"2026-01-19T15:57:44+00:00","description":"Disfruta de la experiencia Burbujas y Quesos en las Cavas Navidad. Descubre el maridaje perfecto con espumosos y quesos en un entorno \u00fanico.","breadcrumb":{"@id":"https:\/\/nadal.com\/es\/els-nostres-vins\/experiencias\/visita-con-cata-de-vinos-y-quesos\/#breadcrumb"},"inLanguage":"es","potentialAction":[{"@type":"ReadAction","target":["https:\/\/nadal.com\/es\/els-nostres-vins\/experiencias\/visita-con-cata-de-vinos-y-quesos\/"]}]},{"@type":"ImageObject","inLanguage":"es","@id":"https:\/\/nadal.com\/es\/els-nostres-vins\/experiencias\/visita-con-cata-de-vinos-y-quesos\/#primaryimage","url":"https:\/\/nadal.com\/wp-content\/uploads\/2019\/09\/A6A130AC-CCC4-433F-AFCE-A27A71434044.jpeg","contentUrl":"https:\/\/nadal.com\/wp-content\/uploads\/2019\/09\/A6A130AC-CCC4-433F-AFCE-A27A71434044.jpeg","width":1536,"height":1536},{"@type":"BreadcrumbList","@id":"https:\/\/nadal.com\/es\/els-nostres-vins\/experiencias\/visita-con-cata-de-vinos-y-quesos\/#breadcrumb","itemListElement":[{"@type":"ListItem","position":1,"name":"Inici","item":"https:\/\/nadal.com\/es\/"},{"@type":"ListItem","position":2,"name":"Nuestros vinos","item":"https:\/\/nadal.com\/es\/nuestros-vinos\/"},{"@type":"ListItem","position":3,"name":"Visita con cata de vinos y quesos"}]},{"@type":"WebSite","@id":"https:\/\/nadal.com\/es\/#website","url":"https:\/\/nadal.com\/es\/","name":"Nadal","description":"Desde 1943","potentialAction":[{"@type":"SearchAction","target":{"@type":"EntryPoint","urlTemplate":"https:\/\/nadal.com\/es\/?s={search_term_string}"},"query-input":{"@type":"PropertyValueSpecification","valueRequired":true,"valueName":"search_term_string"}}],"inLanguage":"es"}]}},"_links":{"self":[{"href":"https:\/\/nadal.com\/es\/wp-json\/wp\/v2\/product\/18661","targetHints":{"allow":["GET"]}}],"collection":[{"href":"https:\/\/nadal.com\/es\/wp-json\/wp\/v2\/product"}],"about":[{"href":"https:\/\/nadal.com\/es\/wp-json\/wp\/v2\/types\/product"}],"wp:featuredmedia":[{"embeddable":true,"href":"https:\/\/nadal.com\/es\/wp-json\/wp\/v2\/media\/27297"}],"wp:attachment":[{"href":"https:\/\/nadal.com\/es\/wp-json\/wp\/v2\/media?parent=18661"}],"wp:term":[{"taxonomy":"product_brand","embeddable":true,"href":"https:\/\/nadal.com\/es\/wp-json\/wp\/v2\/product_brand?post=18661"},{"taxonomy":"product_cat","embeddable":true,"href":"https:\/\/nadal.com\/es\/wp-json\/wp\/v2\/product_cat?post=18661"},{"taxonomy":"product_tag","embeddable":true,"href":"https:\/\/nadal.com\/es\/wp-json\/wp\/v2\/product_tag?post=18661"}],"curies":[{"name":"wp","href":"https:\/\/api.w.org\/{rel}","templated":true}]}}