{"id":12863,"date":"2020-01-01T15:35:38","date_gmt":"2020-01-01T13:35:38","guid":{"rendered":"https:\/\/nadal.com\/producte\/area-de-autocaravanas\/"},"modified":"2024-08-26T12:13:49","modified_gmt":"2024-08-26T10:13:49","slug":"area-de-autocaravanas","status":"publish","type":"product","link":"https:\/\/nadal.com\/es\/els-nostres-vins\/autocaravanas\/area-de-autocaravanas\/","title":{"rendered":"\u00c1rea de autocaravanas"},"content":{"rendered":"<p>[vc_row][vc_column][vc_separator][vc_tta_tabs active_section=\u00bb1&#8243;][vc_tta_section title=\u00bbDescripci\u00f3n\u00bb tab_id=\u00bbdescripcio\u00bb][vc_column_text]<strong>Nuestra zona de aparcamiento de autocaravanas se define como:<\/strong><\/p>\n<ul>\n<li>Nuestra zona de aparcamiento de autocaravanas es un espacio de aparcamiento donde s\u00f3lo se puede pernoctar una noche.<\/li>\n<li>No es una zona de c\u00e1mping ni de p\u00edcnic.<\/li>\n<li>El veh\u00edculo debe estacionar respetando las delimitaciones marcadas en el suelo.<\/li>\n<li>Los usuarios de la zona de autocaravanas la mantendr\u00e1n en perfecto estado de limpieza.<\/li>\n<li>En todo momento, se debe respetar la tranquilidad y el descanso de los vecinos.<\/li>\n<li>Los usuarios podr\u00e1n disponer de este espacio de forma gratuita.<\/li>\n<li>Imprescindible reserva previa, tel 938988011. Horarios para confirmar reserva:<\/li>\n<\/ul>\n<p>De Lunes a Jueves de\u00a0<strong>9.00h<\/strong>\u00a0a\u00a0<strong>18.00h<\/strong><br \/>\nDe Viernes a Domingo de\u00a0<strong>10.00h<\/strong>\u00a0a\u00a0<strong>14.00h<\/strong>[\/vc_column_text][\/vc_tta_section][vc_tta_section title=\u00bbC\u00f3mo llegar\u00bb tab_id=\u00bbcom-arribar\u00bb][vc_widget_sidebar sidebar_id=\u00bbcom-arribar\u00bb][\/vc_tta_section][\/vc_tta_tabs][\/vc_column][\/vc_row]<\/p>\n","protected":false},"excerpt":{"rendered":"<p>\u00a1Disfruten del paisaje que tienen delante suyo y no desaprovechen la ocasi\u00f3n para degustar los deliciosos frutos que nos da!<\/p>\n<p><strong>Disponible todo el a\u00f1o<\/strong><br \/>\n<strong>Estancia m\u00e1xima:<\/strong> 24h<br \/>\n<strong>Espacio:<\/strong> M\u00e1ximo 5 autocaravanas<br \/>\n<strong>Lugar:<\/strong> [acf field=\"lloc\"]<\/p>\n<p><strong>GRATUITO<\/strong><\/p>\n<p><strong>Reservas:<\/strong> <a href=\"mailto:visita@nadal.com\">visita@nadal.com<\/a><\/p>\n","protected":false},"featured_media":23920,"template":"","meta":{"_acf_changed":false},"product_brand":[],"product_cat":[92],"product_tag":[],"class_list":{"0":"post-12863","1":"product","2":"type-product","3":"status-publish","4":"has-post-thumbnail","6":"product_cat-autocaravanas","7":"product_shipping_class-gratuito","9":"first","10":"instock","11":"taxable","12":"shipping-taxable","13":"purchasable","14":"product-type-simple"},"group_of_quantity":0,"min_quantity":0,"max_quantity":5,"exclude_order_quantity_value_rules":"yes","exclude_category_quantity_rules":"no","combine_variations":"no","acf":[],"yoast_head":"<!-- This site is optimized with the Yoast SEO plugin v26.6 - https:\/\/yoast.com\/wordpress\/plugins\/seo\/ -->\n<title>\u00c1rea de autocaravanas - Nadal - Desde 1943<\/title>\n<meta name=\"description\" content=\"Descubre el \u00e1rea por autocaravanas en las Cavas Nadal. Disfruta de una estancia \u00fanica entre vi\u00f1edos con servicios exclusivos y experiencias enotur\u00edsticas...\" \/>\n<meta name=\"robots\" content=\"index, follow, max-snippet:-1, max-image-preview:large, max-video-preview:-1\" \/>\n<link rel=\"canonical\" href=\"https:\/\/nadal.com\/es\/els-nostres-vins\/autocaravanas\/area-de-autocaravanas\/\" \/>\n<meta property=\"og:locale\" content=\"es_ES\" \/>\n<meta property=\"og:type\" content=\"article\" \/>\n<meta property=\"og:title\" content=\"\u00c1rea de autocaravanas - Nadal - Desde 1943\" \/>\n<meta property=\"og:description\" content=\"Descubre el \u00e1rea por autocaravanas en las Cavas Nadal. Disfruta de una estancia \u00fanica entre vi\u00f1edos con servicios exclusivos y experiencias enotur\u00edsticas...\" \/>\n<meta property=\"og:url\" content=\"https:\/\/nadal.com\/es\/els-nostres-vins\/autocaravanas\/area-de-autocaravanas\/\" \/>\n<meta property=\"og:site_name\" content=\"Nadal\" \/>\n<meta property=\"article:modified_time\" content=\"2024-08-26T10:13:49+00:00\" \/>\n<meta property=\"og:image\" content=\"https:\/\/nadal.com\/wp-content\/uploads\/2020\/10\/IMG_3638-2.jpg\" \/>\n\t<meta property=\"og:image:width\" content=\"1001\" \/>\n\t<meta property=\"og:image:height\" content=\"1001\" \/>\n\t<meta property=\"og:image:type\" content=\"image\/jpeg\" \/>\n<meta name=\"twitter:card\" content=\"summary_large_image\" \/>\n<meta name=\"twitter:label1\" content=\"Tiempo de lectura\" \/>\n\t<meta name=\"twitter:data1\" content=\"1 minuto\" \/>\n<script type=\"application\/ld+json\" class=\"yoast-schema-graph\">{\"@context\":\"https:\/\/schema.org\",\"@graph\":[{\"@type\":\"WebPage\",\"@id\":\"https:\/\/nadal.com\/es\/els-nostres-vins\/autocaravanas\/area-de-autocaravanas\/\",\"url\":\"https:\/\/nadal.com\/es\/els-nostres-vins\/autocaravanas\/area-de-autocaravanas\/\",\"name\":\"\u00c1rea de autocaravanas - Nadal - Desde 1943\",\"isPartOf\":{\"@id\":\"https:\/\/nadal.com\/es\/#website\"},\"primaryImageOfPage\":{\"@id\":\"https:\/\/nadal.com\/es\/els-nostres-vins\/autocaravanas\/area-de-autocaravanas\/#primaryimage\"},\"image\":{\"@id\":\"https:\/\/nadal.com\/es\/els-nostres-vins\/autocaravanas\/area-de-autocaravanas\/#primaryimage\"},\"thumbnailUrl\":\"https:\/\/nadal.com\/wp-content\/uploads\/2020\/10\/IMG_3638-2.jpg\",\"datePublished\":\"2020-01-01T13:35:38+00:00\",\"dateModified\":\"2024-08-26T10:13:49+00:00\",\"description\":\"Descubre el \u00e1rea por autocaravanas en las Cavas Nadal. Disfruta de una estancia \u00fanica entre vi\u00f1edos con servicios exclusivos y experiencias enotur\u00edsticas...\",\"breadcrumb\":{\"@id\":\"https:\/\/nadal.com\/es\/els-nostres-vins\/autocaravanas\/area-de-autocaravanas\/#breadcrumb\"},\"inLanguage\":\"es\",\"potentialAction\":[{\"@type\":\"ReadAction\",\"target\":[\"https:\/\/nadal.com\/es\/els-nostres-vins\/autocaravanas\/area-de-autocaravanas\/\"]}]},{\"@type\":\"ImageObject\",\"inLanguage\":\"es\",\"@id\":\"https:\/\/nadal.com\/es\/els-nostres-vins\/autocaravanas\/area-de-autocaravanas\/#primaryimage\",\"url\":\"https:\/\/nadal.com\/wp-content\/uploads\/2020\/10\/IMG_3638-2.jpg\",\"contentUrl\":\"https:\/\/nadal.com\/wp-content\/uploads\/2020\/10\/IMG_3638-2.jpg\",\"width\":1001,\"height\":1001,\"caption\":\"Ven con caravana a Caves Nadal\"},{\"@type\":\"BreadcrumbList\",\"@id\":\"https:\/\/nadal.com\/es\/els-nostres-vins\/autocaravanas\/area-de-autocaravanas\/#breadcrumb\",\"itemListElement\":[{\"@type\":\"ListItem\",\"position\":1,\"name\":\"Inici\",\"item\":\"https:\/\/nadal.com\/es\/\"},{\"@type\":\"ListItem\",\"position\":2,\"name\":\"Nuestros vinos\",\"item\":\"https:\/\/nadal.com\/es\/nuestros-vinos\/\"},{\"@type\":\"ListItem\",\"position\":3,\"name\":\"\u00c1rea de autocaravanas\"}]},{\"@type\":\"WebSite\",\"@id\":\"https:\/\/nadal.com\/es\/#website\",\"url\":\"https:\/\/nadal.com\/es\/\",\"name\":\"Nadal\",\"description\":\"Desde 1943\",\"potentialAction\":[{\"@type\":\"SearchAction\",\"target\":{\"@type\":\"EntryPoint\",\"urlTemplate\":\"https:\/\/nadal.com\/es\/?s={search_term_string}\"},\"query-input\":{\"@type\":\"PropertyValueSpecification\",\"valueRequired\":true,\"valueName\":\"search_term_string\"}}],\"inLanguage\":\"es\"}]}<\/script>\n<!-- \/ Yoast SEO plugin. -->","yoast_head_json":{"title":"\u00c1rea de autocaravanas - Nadal - Desde 1943","description":"Descubre el \u00e1rea por autocaravanas en las Cavas Nadal. Disfruta de una estancia \u00fanica entre vi\u00f1edos con servicios exclusivos y experiencias enotur\u00edsticas...","robots":{"index":"index","follow":"follow","max-snippet":"max-snippet:-1","max-image-preview":"max-image-preview:large","max-video-preview":"max-video-preview:-1"},"canonical":"https:\/\/nadal.com\/es\/els-nostres-vins\/autocaravanas\/area-de-autocaravanas\/","og_locale":"es_ES","og_type":"article","og_title":"\u00c1rea de autocaravanas - Nadal - Desde 1943","og_description":"Descubre el \u00e1rea por autocaravanas en las Cavas Nadal. Disfruta de una estancia \u00fanica entre vi\u00f1edos con servicios exclusivos y experiencias enotur\u00edsticas...","og_url":"https:\/\/nadal.com\/es\/els-nostres-vins\/autocaravanas\/area-de-autocaravanas\/","og_site_name":"Nadal","article_modified_time":"2024-08-26T10:13:49+00:00","og_image":[{"width":1001,"height":1001,"url":"https:\/\/nadal.com\/wp-content\/uploads\/2020\/10\/IMG_3638-2.jpg","type":"image\/jpeg"}],"twitter_card":"summary_large_image","twitter_misc":{"Tiempo de lectura":"1 minuto"},"schema":{"@context":"https:\/\/schema.org","@graph":[{"@type":"WebPage","@id":"https:\/\/nadal.com\/es\/els-nostres-vins\/autocaravanas\/area-de-autocaravanas\/","url":"https:\/\/nadal.com\/es\/els-nostres-vins\/autocaravanas\/area-de-autocaravanas\/","name":"\u00c1rea de autocaravanas - Nadal - Desde 1943","isPartOf":{"@id":"https:\/\/nadal.com\/es\/#website"},"primaryImageOfPage":{"@id":"https:\/\/nadal.com\/es\/els-nostres-vins\/autocaravanas\/area-de-autocaravanas\/#primaryimage"},"image":{"@id":"https:\/\/nadal.com\/es\/els-nostres-vins\/autocaravanas\/area-de-autocaravanas\/#primaryimage"},"thumbnailUrl":"https:\/\/nadal.com\/wp-content\/uploads\/2020\/10\/IMG_3638-2.jpg","datePublished":"2020-01-01T13:35:38+00:00","dateModified":"2024-08-26T10:13:49+00:00","description":"Descubre el \u00e1rea por autocaravanas en las Cavas Nadal. Disfruta de una estancia \u00fanica entre vi\u00f1edos con servicios exclusivos y experiencias enotur\u00edsticas...","breadcrumb":{"@id":"https:\/\/nadal.com\/es\/els-nostres-vins\/autocaravanas\/area-de-autocaravanas\/#breadcrumb"},"inLanguage":"es","potentialAction":[{"@type":"ReadAction","target":["https:\/\/nadal.com\/es\/els-nostres-vins\/autocaravanas\/area-de-autocaravanas\/"]}]},{"@type":"ImageObject","inLanguage":"es","@id":"https:\/\/nadal.com\/es\/els-nostres-vins\/autocaravanas\/area-de-autocaravanas\/#primaryimage","url":"https:\/\/nadal.com\/wp-content\/uploads\/2020\/10\/IMG_3638-2.jpg","contentUrl":"https:\/\/nadal.com\/wp-content\/uploads\/2020\/10\/IMG_3638-2.jpg","width":1001,"height":1001,"caption":"Ven con caravana a Caves Nadal"},{"@type":"BreadcrumbList","@id":"https:\/\/nadal.com\/es\/els-nostres-vins\/autocaravanas\/area-de-autocaravanas\/#breadcrumb","itemListElement":[{"@type":"ListItem","position":1,"name":"Inici","item":"https:\/\/nadal.com\/es\/"},{"@type":"ListItem","position":2,"name":"Nuestros vinos","item":"https:\/\/nadal.com\/es\/nuestros-vinos\/"},{"@type":"ListItem","position":3,"name":"\u00c1rea de autocaravanas"}]},{"@type":"WebSite","@id":"https:\/\/nadal.com\/es\/#website","url":"https:\/\/nadal.com\/es\/","name":"Nadal","description":"Desde 1943","potentialAction":[{"@type":"SearchAction","target":{"@type":"EntryPoint","urlTemplate":"https:\/\/nadal.com\/es\/?s={search_term_string}"},"query-input":{"@type":"PropertyValueSpecification","valueRequired":true,"valueName":"search_term_string"}}],"inLanguage":"es"}]}},"_links":{"self":[{"href":"https:\/\/nadal.com\/es\/wp-json\/wp\/v2\/product\/12863","targetHints":{"allow":["GET"]}}],"collection":[{"href":"https:\/\/nadal.com\/es\/wp-json\/wp\/v2\/product"}],"about":[{"href":"https:\/\/nadal.com\/es\/wp-json\/wp\/v2\/types\/product"}],"wp:featuredmedia":[{"embeddable":true,"href":"https:\/\/nadal.com\/es\/wp-json\/wp\/v2\/media\/23920"}],"wp:attachment":[{"href":"https:\/\/nadal.com\/es\/wp-json\/wp\/v2\/media?parent=12863"}],"wp:term":[{"taxonomy":"product_brand","embeddable":true,"href":"https:\/\/nadal.com\/es\/wp-json\/wp\/v2\/product_brand?post=12863"},{"taxonomy":"product_cat","embeddable":true,"href":"https:\/\/nadal.com\/es\/wp-json\/wp\/v2\/product_cat?post=12863"},{"taxonomy":"product_tag","embeddable":true,"href":"https:\/\/nadal.com\/es\/wp-json\/wp\/v2\/product_tag?post=12863"}],"curies":[{"name":"wp","href":"https:\/\/api.w.org\/{rel}","templated":true}]}}