{"id":12394,"date":"2020-04-08T10:43:15","date_gmt":"2020-04-08T08:43:15","guid":{"rendered":"https:\/\/nadal.com\/producte\/seleccion-parker\/"},"modified":"2025-06-26T16:05:45","modified_gmt":"2025-06-26T14:05:45","slug":"seleccion-brut","status":"publish","type":"product","link":"https:\/\/nadal.com\/es\/els-nostres-vins\/selecciones\/seleccion-brut\/","title":{"rendered":"Selecci\u00f3n Corpinnat Brut"},"content":{"rendered":"<p>[vc_row][vc_column][vc_column_text]<\/p>\n<h3 class=\"frase-ttl\" style=\"text-align: center;\">\u201cEl equilibrio entre las sensaciones dulces y \u00e1cidas, la clave de un gran vino espumoso brut\u201d<\/h3>\n<p>[\/vc_column_text][vc_separator][\/vc_column][\/vc_row][vc_row][vc_column width=\u00bb1\/2&#8243;][vc_single_image image=\u00bb2153&#8243; img_size=\u00bbfull\u00bb][\/vc_column][vc_column width=\u00bb1\/2&#8243;][vc_column_text]<\/p>\n<h4>Temperatura de servicio<\/h4>\n<p>6-9\u00ba C.<\/p>\n<p>[\/vc_column_text][vc_column_text]<\/p>\n<h4>Momento \u00f3ptimo de consumo<\/h4>\n<p>Durante los 3 a\u00f1os despu\u00e9s de su deg\u00fcelle.<\/p>\n<p>[\/vc_column_text][vc_column_text]<\/p>\n<h4>Condiciones de almacenaje<\/h4>\n<p>Se recomienda conservar el vino espumoso en el interior de la caja en posici\u00f3n vertical a una temperatura de 10-20\u00baC, evitando la luz y los cambios s\u00fabitos de temperatura.<\/p>\n<p>Temperatura ideal de conservaci\u00f3n: Inferior a 20\u00baC[\/vc_column_text][\/vc_column][\/vc_row]<\/p>\n","protected":false},"excerpt":{"rendered":"<p>No te pierdas esta selecci\u00f3n Brut de tres espumosos muy diferentes: Nadal Brut Reserva Original, producido a partir de un equilibrio de las 3 variedades tradicionales de uva; Salvatge Brut 2016, elaborado con un predominio de Macabeu; y RNG Brut 2016, donde la personalidad se la aporta la variedad Xarel\u00b7lo.<\/p>\n<p><strong>Estuche con:<\/strong><br \/>\n<strong>Nadal Brut Reserva Original:<\/strong> 55% Macabeu | 38% Parellada | 7% Xarel\u00b7lo<br \/>\n<strong>Salvatge Brut 2016: <\/strong>55% Macabeu | 38% Parellada | 7% Xarel\u00b7lo<br \/>\n<strong>RNG Brut 2016:<\/strong> 67% Xarel\u00b7lo | 33% Parellada<\/p>\n","protected":false},"featured_media":26721,"template":"","meta":{"_acf_changed":false},"product_brand":[],"product_cat":[88,97],"product_tag":[],"class_list":{"0":"post-12394","1":"product","2":"type-product","3":"status-publish","4":"has-post-thumbnail","6":"product_cat-selecciones","7":"product_cat-regalos","9":"first","10":"instock","11":"taxable","12":"shipping-taxable","13":"product-type-simple"},"group_of_quantity":0,"min_quantity":0,"max_quantity":"","exclude_order_quantity_value_rules":"yes","exclude_category_quantity_rules":"no","combine_variations":"no","acf":[],"yoast_head":"<!-- This site is optimized with the Yoast SEO plugin v26.6 - https:\/\/yoast.com\/wordpress\/plugins\/seo\/ -->\n<title>Selecci\u00f3n Corpinnat Brut - Caves Nadal - Desde 1943<\/title>\n<meta name=\"description\" content=\"No te pierdas esta selecci\u00f3n Brut de tres espumosos muy distintos. El equilibrio entre las sensaciones dulces y \u00e1cidas, la clave de un gran vino...\" \/>\n<meta name=\"robots\" content=\"index, follow, max-snippet:-1, max-image-preview:large, max-video-preview:-1\" \/>\n<link rel=\"canonical\" href=\"https:\/\/nadal.com\/es\/els-nostres-vins\/selecciones\/seleccion-brut\/\" \/>\n<meta property=\"og:locale\" content=\"es_ES\" \/>\n<meta property=\"og:type\" content=\"article\" \/>\n<meta property=\"og:title\" content=\"Selecci\u00f3n Corpinnat Brut - Caves Nadal - Desde 1943\" \/>\n<meta property=\"og:description\" content=\"No te pierdas esta selecci\u00f3n Brut de tres espumosos muy distintos. El equilibrio entre las sensaciones dulces y \u00e1cidas, la clave de un gran vino...\" \/>\n<meta property=\"og:url\" content=\"https:\/\/nadal.com\/es\/els-nostres-vins\/selecciones\/seleccion-brut\/\" \/>\n<meta property=\"og:site_name\" content=\"Nadal\" \/>\n<meta property=\"article:modified_time\" content=\"2025-06-26T14:05:45+00:00\" \/>\n<meta property=\"og:image\" content=\"https:\/\/nadal.com\/wp-content\/uploads\/2020\/04\/seleccio-brut.png\" \/>\n\t<meta property=\"og:image:width\" content=\"2000\" \/>\n\t<meta property=\"og:image:height\" content=\"2000\" \/>\n\t<meta property=\"og:image:type\" content=\"image\/png\" \/>\n<meta name=\"twitter:card\" content=\"summary_large_image\" \/>\n<meta name=\"twitter:label1\" content=\"Tiempo de lectura\" \/>\n\t<meta name=\"twitter:data1\" content=\"1 minuto\" \/>\n<script type=\"application\/ld+json\" class=\"yoast-schema-graph\">{\"@context\":\"https:\/\/schema.org\",\"@graph\":[{\"@type\":\"WebPage\",\"@id\":\"https:\/\/nadal.com\/es\/els-nostres-vins\/selecciones\/seleccion-brut\/\",\"url\":\"https:\/\/nadal.com\/es\/els-nostres-vins\/selecciones\/seleccion-brut\/\",\"name\":\"Selecci\u00f3n Corpinnat Brut - Caves Nadal - Desde 1943\",\"isPartOf\":{\"@id\":\"https:\/\/nadal.com\/es\/#website\"},\"primaryImageOfPage\":{\"@id\":\"https:\/\/nadal.com\/es\/els-nostres-vins\/selecciones\/seleccion-brut\/#primaryimage\"},\"image\":{\"@id\":\"https:\/\/nadal.com\/es\/els-nostres-vins\/selecciones\/seleccion-brut\/#primaryimage\"},\"thumbnailUrl\":\"https:\/\/nadal.com\/wp-content\/uploads\/2020\/04\/seleccio-brut.png\",\"datePublished\":\"2020-04-08T08:43:15+00:00\",\"dateModified\":\"2025-06-26T14:05:45+00:00\",\"description\":\"No te pierdas esta selecci\u00f3n Brut de tres espumosos muy distintos. El equilibrio entre las sensaciones dulces y \u00e1cidas, la clave de un gran vino...\",\"breadcrumb\":{\"@id\":\"https:\/\/nadal.com\/es\/els-nostres-vins\/selecciones\/seleccion-brut\/#breadcrumb\"},\"inLanguage\":\"es\",\"potentialAction\":[{\"@type\":\"ReadAction\",\"target\":[\"https:\/\/nadal.com\/es\/els-nostres-vins\/selecciones\/seleccion-brut\/\"]}]},{\"@type\":\"ImageObject\",\"inLanguage\":\"es\",\"@id\":\"https:\/\/nadal.com\/es\/els-nostres-vins\/selecciones\/seleccion-brut\/#primaryimage\",\"url\":\"https:\/\/nadal.com\/wp-content\/uploads\/2020\/04\/seleccio-brut.png\",\"contentUrl\":\"https:\/\/nadal.com\/wp-content\/uploads\/2020\/04\/seleccio-brut.png\",\"width\":2000,\"height\":2000,\"caption\":\"selecci\u00f3 brut Corpinnat\"},{\"@type\":\"BreadcrumbList\",\"@id\":\"https:\/\/nadal.com\/es\/els-nostres-vins\/selecciones\/seleccion-brut\/#breadcrumb\",\"itemListElement\":[{\"@type\":\"ListItem\",\"position\":1,\"name\":\"Inici\",\"item\":\"https:\/\/nadal.com\/es\/\"},{\"@type\":\"ListItem\",\"position\":2,\"name\":\"Nuestros vinos\",\"item\":\"https:\/\/nadal.com\/es\/nuestros-vinos\/\"},{\"@type\":\"ListItem\",\"position\":3,\"name\":\"Selecci\u00f3n Corpinnat Brut\"}]},{\"@type\":\"WebSite\",\"@id\":\"https:\/\/nadal.com\/es\/#website\",\"url\":\"https:\/\/nadal.com\/es\/\",\"name\":\"Nadal\",\"description\":\"Desde 1943\",\"potentialAction\":[{\"@type\":\"SearchAction\",\"target\":{\"@type\":\"EntryPoint\",\"urlTemplate\":\"https:\/\/nadal.com\/es\/?s={search_term_string}\"},\"query-input\":{\"@type\":\"PropertyValueSpecification\",\"valueRequired\":true,\"valueName\":\"search_term_string\"}}],\"inLanguage\":\"es\"}]}<\/script>\n<!-- \/ Yoast SEO plugin. -->","yoast_head_json":{"title":"Selecci\u00f3n Corpinnat Brut - Caves Nadal - Desde 1943","description":"No te pierdas esta selecci\u00f3n Brut de tres espumosos muy distintos. El equilibrio entre las sensaciones dulces y \u00e1cidas, la clave de un gran vino...","robots":{"index":"index","follow":"follow","max-snippet":"max-snippet:-1","max-image-preview":"max-image-preview:large","max-video-preview":"max-video-preview:-1"},"canonical":"https:\/\/nadal.com\/es\/els-nostres-vins\/selecciones\/seleccion-brut\/","og_locale":"es_ES","og_type":"article","og_title":"Selecci\u00f3n Corpinnat Brut - Caves Nadal - Desde 1943","og_description":"No te pierdas esta selecci\u00f3n Brut de tres espumosos muy distintos. El equilibrio entre las sensaciones dulces y \u00e1cidas, la clave de un gran vino...","og_url":"https:\/\/nadal.com\/es\/els-nostres-vins\/selecciones\/seleccion-brut\/","og_site_name":"Nadal","article_modified_time":"2025-06-26T14:05:45+00:00","og_image":[{"width":2000,"height":2000,"url":"https:\/\/nadal.com\/wp-content\/uploads\/2020\/04\/seleccio-brut.png","type":"image\/png"}],"twitter_card":"summary_large_image","twitter_misc":{"Tiempo de lectura":"1 minuto"},"schema":{"@context":"https:\/\/schema.org","@graph":[{"@type":"WebPage","@id":"https:\/\/nadal.com\/es\/els-nostres-vins\/selecciones\/seleccion-brut\/","url":"https:\/\/nadal.com\/es\/els-nostres-vins\/selecciones\/seleccion-brut\/","name":"Selecci\u00f3n Corpinnat Brut - Caves Nadal - Desde 1943","isPartOf":{"@id":"https:\/\/nadal.com\/es\/#website"},"primaryImageOfPage":{"@id":"https:\/\/nadal.com\/es\/els-nostres-vins\/selecciones\/seleccion-brut\/#primaryimage"},"image":{"@id":"https:\/\/nadal.com\/es\/els-nostres-vins\/selecciones\/seleccion-brut\/#primaryimage"},"thumbnailUrl":"https:\/\/nadal.com\/wp-content\/uploads\/2020\/04\/seleccio-brut.png","datePublished":"2020-04-08T08:43:15+00:00","dateModified":"2025-06-26T14:05:45+00:00","description":"No te pierdas esta selecci\u00f3n Brut de tres espumosos muy distintos. El equilibrio entre las sensaciones dulces y \u00e1cidas, la clave de un gran vino...","breadcrumb":{"@id":"https:\/\/nadal.com\/es\/els-nostres-vins\/selecciones\/seleccion-brut\/#breadcrumb"},"inLanguage":"es","potentialAction":[{"@type":"ReadAction","target":["https:\/\/nadal.com\/es\/els-nostres-vins\/selecciones\/seleccion-brut\/"]}]},{"@type":"ImageObject","inLanguage":"es","@id":"https:\/\/nadal.com\/es\/els-nostres-vins\/selecciones\/seleccion-brut\/#primaryimage","url":"https:\/\/nadal.com\/wp-content\/uploads\/2020\/04\/seleccio-brut.png","contentUrl":"https:\/\/nadal.com\/wp-content\/uploads\/2020\/04\/seleccio-brut.png","width":2000,"height":2000,"caption":"selecci\u00f3 brut Corpinnat"},{"@type":"BreadcrumbList","@id":"https:\/\/nadal.com\/es\/els-nostres-vins\/selecciones\/seleccion-brut\/#breadcrumb","itemListElement":[{"@type":"ListItem","position":1,"name":"Inici","item":"https:\/\/nadal.com\/es\/"},{"@type":"ListItem","position":2,"name":"Nuestros vinos","item":"https:\/\/nadal.com\/es\/nuestros-vinos\/"},{"@type":"ListItem","position":3,"name":"Selecci\u00f3n Corpinnat Brut"}]},{"@type":"WebSite","@id":"https:\/\/nadal.com\/es\/#website","url":"https:\/\/nadal.com\/es\/","name":"Nadal","description":"Desde 1943","potentialAction":[{"@type":"SearchAction","target":{"@type":"EntryPoint","urlTemplate":"https:\/\/nadal.com\/es\/?s={search_term_string}"},"query-input":{"@type":"PropertyValueSpecification","valueRequired":true,"valueName":"search_term_string"}}],"inLanguage":"es"}]}},"_links":{"self":[{"href":"https:\/\/nadal.com\/es\/wp-json\/wp\/v2\/product\/12394","targetHints":{"allow":["GET"]}}],"collection":[{"href":"https:\/\/nadal.com\/es\/wp-json\/wp\/v2\/product"}],"about":[{"href":"https:\/\/nadal.com\/es\/wp-json\/wp\/v2\/types\/product"}],"wp:featuredmedia":[{"embeddable":true,"href":"https:\/\/nadal.com\/es\/wp-json\/wp\/v2\/media\/26721"}],"wp:attachment":[{"href":"https:\/\/nadal.com\/es\/wp-json\/wp\/v2\/media?parent=12394"}],"wp:term":[{"taxonomy":"product_brand","embeddable":true,"href":"https:\/\/nadal.com\/es\/wp-json\/wp\/v2\/product_brand?post=12394"},{"taxonomy":"product_cat","embeddable":true,"href":"https:\/\/nadal.com\/es\/wp-json\/wp\/v2\/product_cat?post=12394"},{"taxonomy":"product_tag","embeddable":true,"href":"https:\/\/nadal.com\/es\/wp-json\/wp\/v2\/product_tag?post=12394"}],"curies":[{"name":"wp","href":"https:\/\/api.w.org\/{rel}","templated":true}]}}