{"id":27698,"date":"2026-01-26T11:10:58","date_gmt":"2026-01-26T10:10:58","guid":{"rendered":"https:\/\/nadal.com\/?page_id=27698"},"modified":"2026-01-30T11:29:17","modified_gmt":"2026-01-30T10:29:17","slug":"actividades-empresa","status":"publish","type":"page","link":"https:\/\/nadal.com\/es\/actividades-empresa\/","title":{"rendered":"Actividades para empresas"},"content":{"rendered":"<p>[vc_row full_width=\u00bbstretch_row\u00bb parallax=\u00bbcontent-moving\u00bb css=\u00bb.vc_custom_1768927068613{padding-top: 0px !important;padding-right: 0px !important;padding-bottom: 0px !important;padding-left: 0px !important;background: #ffffff url(https:\/\/nadal.com\/wp-content\/uploads\/2026\/01\/BubaShoot_CavesNadal28-scaled.jpg?id=27867);background-position: center;background-repeat: no-repeat !important;background-size: cover !important;}\u00bb el_class=\u00bbbg-overlay\u00bb][vc_column][vc_row_inner css=\u00bb.vc_custom_1739878354946{padding-top: 100px !important;padding-bottom: 100px !important;}\u00bb][vc_column_inner width=\u00bb1\/4&#8243;][\/vc_column_inner][vc_column_inner width=\u00bb1\/2&#8243;][vc_column_text]<\/p>\n<h1 class=\"entry-title\" style=\"text-align: center;\">Enoturismo para empresas en el Pened\u00e8s: teambuilding y experiencias corporativas entre vi\u00f1edos.<\/h1>\n<p>[\/vc_column_text][\/vc_column_inner][vc_column_inner width=\u00bb1\/4&#8243;][\/vc_column_inner][\/vc_row_inner][\/vc_column][\/vc_row][vc_row][vc_column][vc_empty_space height=\u00bb60px\u00bb][\/vc_column][\/vc_row][vc_row equal_height=\u00bbyes\u00bb content_placement=\u00bbmiddle\u00bb][vc_column][vc_column_text]<\/p>\n<h2 style=\"text-align: center;\"><strong>Experiencias de enoturismo corporativo a medida.<\/strong><\/h2>\n<p>[\/vc_column_text][vc_column_text]<\/p>\n<h3 style=\"text-align: center;\" data-start=\"107\" data-end=\"388\">Descubre una finca hist\u00f3rica en el coraz\u00f3n del Pened\u00e8s para que tu equipo pueda desconectar del ritmo diario y reconectar en un entorno natural e inspirador.<\/h3>\n<p>[\/vc_column_text][vc_column_text]<\/p>\n<p style=\"text-align: center;\" data-start=\"105\" data-end=\"251\">En cavas Nadal somos especialistas en enoturismo para empresas y experiencias corporativas personalizadas que refuerzan los v\u00ednculos e impulsan la creatividad.<\/p>\n<p style=\"text-align: center;\" data-start=\"258\" data-end=\"436\">Organizamos teambuildings entre vi\u00f1edos, catas guiadas, comidas y cenas de empresa, actividades en la naturaleza con 4&#215;4, quads o bicicletas y celebraciones corporativas con la autenticidad y la esencia del Pened\u00e8s.<\/p>\n<p style=\"text-align: center;\" data-start=\"443\" data-end=\"628\">Las experiencias se dise\u00f1an a medida, cuidando los detalles, el ritmo y la atm\u00f3sfera para que el encuentro tenga un impacto real en la cohesi\u00f3n, el bienestar y la motivaci\u00f3n del equipo.<\/p>\n<p>[\/vc_column_text][\/vc_column][\/vc_row][vc_row equal_height=\u00bbyes\u00bb content_placement=\u00bbmiddle\u00bb][vc_column width=\u00bb1\/2&#8243;][vc_single_image image=\u00bb27966&#8243; img_size=\u00bblarge\u00bb][\/vc_column][vc_column width=\u00bb1\/2&#8243;][vc_single_image image=\u00bb27953&#8243; img_size=\u00bb1024&#215;1024&#8243;][\/vc_column][\/vc_row][vc_row][vc_column][vc_empty_space height=\u00bb60px\u00bb][vc_column_text]<\/p>\n<h2 style=\"text-align: center;\"><strong>Actividades para empresas en el Pened\u00e8s: naturaleza, vino y conexi\u00f3n.<\/strong><\/h2>\n<p>[\/vc_column_text][vc_column_text]<\/p>\n<p style=\"text-align: center;\" data-start=\"88\" data-end=\"315\">Ya sea una jornada de team building al aire libre o una velada gastron\u00f3mica exclusiva entre vi\u00f1edos, en Nadal creamos momentos \u00fanicos para reforzar v\u00ednculos, celebrar los logros e inspirar nuevas miradas dentro de la empresa.<\/p>\n<p style=\"text-align: center;\" data-start=\"322\" data-end=\"431\">Combinamos gastronom\u00eda local, corpinnats y vinos blancos propios, actividades en la naturaleza y espacios \u00fanicos para grupos de distintos tama\u00f1os.<\/p>\n<p>[\/vc_column_text][\/vc_column][\/vc_row][vc_row full_width=\u00bbstretch_row\u00bb css=\u00bb.vc_custom_1764584412605{background-position: center !important;background-repeat: no-repeat !important;background-size: cover !important;}\u00bb][vc_column width=\u00bb1\/5&#8243;]<div class=\"konte-icon-box icon-type-image box-align-center  img-max-w-90 img-max-h-60 \">\n\t\t\t\t<div class=\"konte-icon-box__icon\"><img decoding=\"async\" alt=\"100 hect\u00e1reas de silencio y vi\u00f1edos para respirar, inspirarse y celebrar\" data-src=\"https:\/\/nadal.com\/wp-content\/uploads\/2025\/12\/vinya.png\" src=\"data:image\/svg+xml;base64,PHN2ZyB3aWR0aD0iMSIgaGVpZ2h0PSIxIiB4bWxucz0iaHR0cDovL3d3dy53My5vcmcvMjAwMC9zdmciPjwvc3ZnPg==\" class=\"lazyload\" style=\"--smush-placeholder-width: 512px; --smush-placeholder-aspect-ratio: 512\/512;\"><\/div>\n\t\t\t\t<h3 class=\"konte-icon-box__title\" >100 hect\u00e1reas de silencio y vi\u00f1edos para respirar, inspirarse y celebrar<\/h3>\n\t\t\t\t<div class=\"konte-icon-box__content\"><\/div>\n\t\t\t<\/div>[\/vc_column][vc_column width=\u00bb1\/5&#8243;]<div class=\"konte-icon-box icon-type-image box-align-center  img-max-w-90 img-max-h-60 \">\n\t\t\t\t<div class=\"konte-icon-box__icon\"><img decoding=\"async\" alt=\"Entorno natural \u00fanico en el Pened\u00e8s, a menos de una hora de Barcelona\" data-src=\"https:\/\/nadal.com\/wp-content\/uploads\/2026\/01\/526630aa-df9a-44d3-abf4-ab70744930e3-scaled.png\" src=\"data:image\/svg+xml;base64,PHN2ZyB3aWR0aD0iMSIgaGVpZ2h0PSIxIiB4bWxucz0iaHR0cDovL3d3dy53My5vcmcvMjAwMC9zdmciPjwvc3ZnPg==\" class=\"lazyload\" style=\"--smush-placeholder-width: 2134px; --smush-placeholder-aspect-ratio: 2134\/2560;\"><\/div>\n\t\t\t\t<h3 class=\"konte-icon-box__title\" >Entorno natural \u00fanico en el Pened\u00e8s, a menos de una hora de Barcelona<\/h3>\n\t\t\t\t<div class=\"konte-icon-box__content\"><\/div>\n\t\t\t<\/div>[\/vc_column][vc_column width=\u00bb1\/5&#8243;]<div class=\"konte-icon-box icon-type-image box-align-center  img-max-w-90 img-max-h-60 \">\n\t\t\t\t<div class=\"konte-icon-box__icon\"><img decoding=\"async\" alt=\"Maridajes, catas y comidas con productos locales y corpinnats y vinos de Nadal\" data-src=\"https:\/\/nadal.com\/wp-content\/uploads\/2026\/01\/74cb5e38-6273-4928-b015-1174ad8e0f15-scaled.png\" src=\"data:image\/svg+xml;base64,PHN2ZyB3aWR0aD0iMSIgaGVpZ2h0PSIxIiB4bWxucz0iaHR0cDovL3d3dy53My5vcmcvMjAwMC9zdmciPjwvc3ZnPg==\" class=\"lazyload\" style=\"--smush-placeholder-width: 2560px; --smush-placeholder-aspect-ratio: 2560\/2307;\"><\/div>\n\t\t\t\t<h3 class=\"konte-icon-box__title\" >Maridajes, catas y comidas con productos locales y corpinnats y vinos de Nadal<\/h3>\n\t\t\t\t<div class=\"konte-icon-box__content\"><\/div>\n\t\t\t<\/div>[\/vc_column][vc_column width=\u00bb1\/5&#8243;]<div class=\"konte-icon-box icon-type-image box-align-center  img-max-w-90 img-max-h-60 \">\n\t\t\t\t<div class=\"konte-icon-box__icon\"><img decoding=\"async\" alt=\"Espacios adaptables para reuniones, celebraciones o actividades de equipo\" data-src=\"https:\/\/nadal.com\/wp-content\/uploads\/2026\/01\/4ed656b2-c8b2-4142-bcbf-d8e5f8ea151b-scaled.png\" src=\"data:image\/svg+xml;base64,PHN2ZyB3aWR0aD0iMSIgaGVpZ2h0PSIxIiB4bWxucz0iaHR0cDovL3d3dy53My5vcmcvMjAwMC9zdmciPjwvc3ZnPg==\" class=\"lazyload\" style=\"--smush-placeholder-width: 2560px; --smush-placeholder-aspect-ratio: 2560\/1716;\"><\/div>\n\t\t\t\t<h3 class=\"konte-icon-box__title\" >Espacios adaptables para reuniones, celebraciones o actividades de equipo<\/h3>\n\t\t\t\t<div class=\"konte-icon-box__content\"><\/div>\n\t\t\t<\/div>[\/vc_column][vc_column width=\u00bb1\/5&#8243;]<div class=\"konte-icon-box icon-type-image box-align-center  img-max-w-90 img-max-h-60 \">\n\t\t\t\t<div class=\"konte-icon-box__icon\"><img decoding=\"async\" alt=\"Teambuildings y experiencias corporativas entre vi\u00f1edos\" data-src=\"https:\/\/nadal.com\/wp-content\/uploads\/2026\/01\/a414ed85-675c-4c30-ad65-57764f5eb1ff-scaled.png\" src=\"data:image\/svg+xml;base64,PHN2ZyB3aWR0aD0iMSIgaGVpZ2h0PSIxIiB4bWxucz0iaHR0cDovL3d3dy53My5vcmcvMjAwMC9zdmciPjwvc3ZnPg==\" class=\"lazyload\" style=\"--smush-placeholder-width: 2560px; --smush-placeholder-aspect-ratio: 2560\/2133;\"><\/div>\n\t\t\t\t<h3 class=\"konte-icon-box__title\" >Teambuildings y experiencias corporativas entre vi\u00f1edos<\/h3>\n\t\t\t\t<div class=\"konte-icon-box__content\"><\/div>\n\t\t\t<\/div>[\/vc_column][\/vc_row][vc_row][vc_column][vc_empty_space height=\u00bb60px\u00bb][\/vc_column][\/vc_row][vc_row full_width=\u00bbstretch_row\u00bb css=\u00bb.vc_custom_1739879488929{background-color: #e7ddd6 !important;}\u00bb][vc_column width=\u00bb1\/6&#8243;][\/vc_column][vc_column width=\u00bb2\/3&#8243;][vc_empty_space height=\u00bb60px\u00bb][vc_column_text]<\/p>\n<h3 style=\"text-align: center;\">Sorprende a tu equipo con una experiencia corporativa en el Pened\u00e8s.<\/h3>\n<p>[\/vc_column_text][vc_column_text]<\/p>\n<p style=\"text-align: center;\" data-start=\"107\" data-end=\"388\">\u00bfQuieres organizar un team building entre vi\u00f1edos o una celebraci\u00f3n de empresa diferente e inspiradora?<\/p>\n<p style=\"text-align: center;\" data-start=\"107\" data-end=\"388\">Rellena el formulario y nuestro equipo se pondr\u00e1 en contacto contigo para dise\u00f1ar una propuesta de enoturismo corporativo a medida para tu empresa.<\/p>\n<p>[\/vc_column_text][vc_column_text]<\/p>\n<p style=\"text-align: center;\">\n<div class=\"wpcf7 no-js\" id=\"wpcf7-f28070-o1\" lang=\"es-ES\" dir=\"ltr\" data-wpcf7-id=\"28070\">\n<div class=\"screen-reader-response\"><p role=\"status\" aria-live=\"polite\" aria-atomic=\"true\"><\/p> <ul><\/ul><\/div>\n<form action=\"\/es\/wp-json\/wp\/v2\/pages\/27698#wpcf7-f28070-o1\" method=\"post\" class=\"wpcf7-form init\" aria-label=\"Formulario de contacto\" novalidate=\"novalidate\" data-status=\"init\">\n<fieldset class=\"hidden-fields-container\"><input type=\"hidden\" name=\"_wpcf7\" value=\"28070\" \/><input type=\"hidden\" name=\"_wpcf7_version\" value=\"6.1.4\" \/><input type=\"hidden\" name=\"_wpcf7_locale\" value=\"es_ES\" \/><input type=\"hidden\" name=\"_wpcf7_unit_tag\" value=\"wpcf7-f28070-o1\" \/><input type=\"hidden\" name=\"_wpcf7_container_post\" value=\"0\" \/><input type=\"hidden\" name=\"_wpcf7_posted_data_hash\" value=\"\" \/><input type=\"hidden\" name=\"_wpcf7dtx_version\" value=\"5.0.3\" \/><input type=\"hidden\" name=\"_wpcf7_recaptcha_response\" value=\"\" \/>\n<\/fieldset>\n<p><label> Nombre y apellidos<br \/>\n<span class=\"wpcf7-form-control-wrap\" data-name=\"your-name\"><input size=\"40\" maxlength=\"400\" class=\"wpcf7-form-control wpcf7-text wpcf7-validates-as-required\" autocomplete=\"name\" aria-required=\"true\" aria-invalid=\"false\" value=\"\" type=\"text\" name=\"your-name\" \/><\/span> <\/label>\n<\/p>\n<p><label> Empresa<br \/>\n<span class=\"wpcf7-form-control-wrap\" data-name=\"empresa-959\"><input size=\"40\" maxlength=\"400\" class=\"wpcf7-form-control wpcf7-text wpcf7-validates-as-required\" aria-required=\"true\" aria-invalid=\"false\" value=\"\" type=\"text\" name=\"empresa-959\" \/><\/span> <\/label>\n<\/p>\n<p><label> Web de la empresa<br \/>\n<span class=\"wpcf7-form-control-wrap\" data-name=\"url-730\"><input size=\"40\" maxlength=\"400\" class=\"wpcf7-form-control wpcf7-url wpcf7-text wpcf7-validates-as-url\" aria-invalid=\"false\" value=\"\" type=\"url\" name=\"url-730\" \/><\/span> <\/label>\n<\/p>\n<p><label> Correo electr\u00f3nico<br \/>\n<span class=\"wpcf7-form-control-wrap\" data-name=\"your-email\"><input size=\"40\" maxlength=\"400\" class=\"wpcf7-form-control wpcf7-email wpcf7-validates-as-required wpcf7-text wpcf7-validates-as-email\" autocomplete=\"email\" aria-required=\"true\" aria-invalid=\"false\" value=\"\" type=\"email\" name=\"your-email\" \/><\/span> <\/label>\n<\/p>\n<p><label> Mensaje (opcional)<br \/>\n<span class=\"wpcf7-form-control-wrap\" data-name=\"your-message\"><textarea cols=\"40\" rows=\"10\" maxlength=\"2000\" class=\"wpcf7-form-control wpcf7-textarea\" aria-invalid=\"false\" name=\"your-message\"><\/textarea><\/span> <\/label>\n<\/p>\n<p><label> Fecha aproximada<br \/>\n<span class=\"wpcf7-form-control-wrap\" data-name=\"date-897\"><input class=\"wpcf7-form-control wpcf7-date wpcf7-validates-as-date\" aria-invalid=\"false\" value=\"\" type=\"date\" name=\"date-897\" \/><\/span> <\/label>\n<\/p>\n<p><input class=\"wpcf7-form-control wpcf7-submit has-spinner\" type=\"submit\" value=\"Enviar\" \/>\n<\/p><div class=\"wpcf7-response-output\" aria-hidden=\"true\"><\/div>\n<\/form>\n<\/div>\n<p>[\/vc_column_text][\/vc_column][vc_column width=\u00bb1\/6&#8243;][\/vc_column][\/vc_row][vc_row full_width=\u00bbstretch_row\u00bb css=\u00bb.vc_custom_1764583517504{margin-bottom: -60px !important;padding-top: 300px !important;padding-bottom: 300px !important;background-image: url(https:\/\/nadal.com\/wp-content\/uploads\/2025\/12\/bici_horitzontal.jpg?id=27724) !important;background-position: center !important;background-repeat: no-repeat !important;background-size: cover !important;}\u00bb][vc_column]<div class=\"konte-carousel konte-carousel--gap-40  konte-carousel--dots-center\" data-slick=\"{&quot;dots&quot;:true,&quot;arrows&quot;:false,&quot;infinite&quot;:true,&quot;slidesToShow&quot;:1,&quot;slidesToScroll&quot;:1}\" ><div class=\"konte-carousel-item \">\n\t\t\t\t\n\t\t\t\t<img decoding=\"async\" data-src=\"https:\/\/nadal.com\/wp-content\/uploads\/2026\/01\/889ccc58-08a1-45fb-a280-708c494e4fc5-1000x640.jpg\" width=\"1000\" height=\"640\" alt=\"889ccc58-08a1-45fb-a280-708c494e4fc5\" title=\"889ccc58-08a1-45fb-a280-708c494e4fc5\" src=\"data:image\/svg+xml;base64,PHN2ZyB3aWR0aD0iMSIgaGVpZ2h0PSIxIiB4bWxucz0iaHR0cDovL3d3dy53My5vcmcvMjAwMC9zdmciPjwvc3ZnPg==\" class=\"lazyload\" style=\"--smush-placeholder-width: 1000px; --smush-placeholder-aspect-ratio: 1000\/640;\" \/>\n\t\t\t\t\n\t\t\t\t\n\t\t\t\t\n\t\t\t<\/div><div class=\"konte-carousel-item \">\n\t\t\t\t\n\t\t\t\t<img decoding=\"async\" data-src=\"https:\/\/nadal.com\/wp-content\/uploads\/2026\/01\/344bdbfb-f725-4717-829a-4fa81660f9f6-scaled-1000x640.jpg\" width=\"1000\" height=\"640\" alt=\"344bdbfb-f725-4717-829a-4fa81660f9f6\" title=\"344bdbfb-f725-4717-829a-4fa81660f9f6\" src=\"data:image\/svg+xml;base64,PHN2ZyB3aWR0aD0iMSIgaGVpZ2h0PSIxIiB4bWxucz0iaHR0cDovL3d3dy53My5vcmcvMjAwMC9zdmciPjwvc3ZnPg==\" class=\"lazyload\" style=\"--smush-placeholder-width: 1000px; --smush-placeholder-aspect-ratio: 1000\/640;\" \/>\n\t\t\t\t\n\t\t\t\t\n\t\t\t\t\n\t\t\t<\/div><div class=\"konte-carousel-item \">\n\t\t\t\t\n\t\t\t\t<img decoding=\"async\" data-src=\"https:\/\/nadal.com\/wp-content\/uploads\/2026\/01\/4d3c0edd-fbb3-45ad-b3de-5edfbea1a3b7-1000x640.jpg\" width=\"1000\" height=\"640\" alt=\"4d3c0edd-fbb3-45ad-b3de-5edfbea1a3b7\" title=\"4d3c0edd-fbb3-45ad-b3de-5edfbea1a3b7\" src=\"data:image\/svg+xml;base64,PHN2ZyB3aWR0aD0iMSIgaGVpZ2h0PSIxIiB4bWxucz0iaHR0cDovL3d3dy53My5vcmcvMjAwMC9zdmciPjwvc3ZnPg==\" class=\"lazyload\" style=\"--smush-placeholder-width: 1000px; --smush-placeholder-aspect-ratio: 1000\/640;\" \/>\n\t\t\t\t\n\t\t\t\t\n\t\t\t\t\n\t\t\t<\/div><div class=\"konte-carousel-item \">\n\t\t\t\t\n\t\t\t\t<img decoding=\"async\" data-src=\"https:\/\/nadal.com\/wp-content\/uploads\/2026\/01\/90fd2580-f5df-4c77-bea3-d6272700ddff-1000x640.jpg\" width=\"1000\" height=\"640\" alt=\"90fd2580-f5df-4c77-bea3-d6272700ddff\" title=\"90fd2580-f5df-4c77-bea3-d6272700ddff\" src=\"data:image\/svg+xml;base64,PHN2ZyB3aWR0aD0iMSIgaGVpZ2h0PSIxIiB4bWxucz0iaHR0cDovL3d3dy53My5vcmcvMjAwMC9zdmciPjwvc3ZnPg==\" class=\"lazyload\" style=\"--smush-placeholder-width: 1000px; --smush-placeholder-aspect-ratio: 1000\/640;\" \/>\n\t\t\t\t\n\t\t\t\t\n\t\t\t\t\n\t\t\t<\/div><div class=\"konte-carousel-item \">\n\t\t\t\t\n\t\t\t\t<img decoding=\"async\" data-src=\"https:\/\/nadal.com\/wp-content\/uploads\/2026\/01\/WhatsApp-Image-2026-01-20-at-17.44.22-1000x640.jpeg\" width=\"1000\" height=\"640\" alt=\"WhatsApp Image 2026-01-20 at 17.44.22\" title=\"WhatsApp Image 2026-01-20 at 17.44.22\" src=\"data:image\/svg+xml;base64,PHN2ZyB3aWR0aD0iMSIgaGVpZ2h0PSIxIiB4bWxucz0iaHR0cDovL3d3dy53My5vcmcvMjAwMC9zdmciPjwvc3ZnPg==\" class=\"lazyload\" style=\"--smush-placeholder-width: 1000px; --smush-placeholder-aspect-ratio: 1000\/640;\" \/>\n\t\t\t\t\n\t\t\t\t\n\t\t\t\t\n\t\t\t<\/div><\/div>[\/vc_column][\/vc_row]<\/p>\n","protected":false},"excerpt":{"rendered":"<p>[vc_row full_width=\u00bbstretch_row\u00bb parallax=\u00bbcontent-moving\u00bb css=\u00bb.vc_custom_1768927068613{padding-top: 0px !important;padding-right: 0px !important;padding-bottom: 0px !important;padding-left: 0px !important;background: #ffffff url(https:\/\/nadal.com\/wp-content\/uploads\/2026\/01\/BubaShoot_CavesNadal28-scaled.jpg?id=27867);background-position: center;background-repeat: no-repeat !important;background-size: cover !important;}\u00bb el_class=\u00bbbg-overlay\u00bb][vc_column][vc_row_inner css=\u00bb.vc_custom_1739878354946{padding-top: 100px !important;padding-bottom: 100px !important;}\u00bb][vc_column_inner width=\u00bb1\/4&#8243;][\/vc_column_inner][vc_column_inner width=\u00bb1\/2&#8243;][vc_column_text] Enoturismo para empresas&hellip;<\/p>\n","protected":false},"author":1,"featured_media":0,"parent":0,"menu_order":0,"comment_status":"closed","ping_status":"closed","template":"","meta":{"_acf_changed":false,"footnotes":""},"class_list":["post-27698","page","type-page","status-publish","hentry"],"acf":[],"yoast_head":"<!-- This site is optimized with the Yoast SEO plugin v26.6 - https:\/\/yoast.com\/wordpress\/plugins\/seo\/ -->\n<title>Actividades para empresas - Nadal - Desde 1943<\/title>\n<meta name=\"robots\" content=\"index, follow, max-snippet:-1, max-image-preview:large, max-video-preview:-1\" \/>\n<link rel=\"canonical\" href=\"https:\/\/nadal.com\/es\/actividades-empresa\/\" \/>\n<meta property=\"og:locale\" content=\"es_ES\" \/>\n<meta property=\"og:type\" content=\"article\" \/>\n<meta property=\"og:title\" content=\"Actividades para empresas - Nadal - Desde 1943\" \/>\n<meta property=\"og:description\" content=\"[vc_row full_width=\u00bbstretch_row\u00bb parallax=\u00bbcontent-moving\u00bb css=\u00bb.vc_custom_1768927068613{padding-top: 0px !important;padding-right: 0px !important;padding-bottom: 0px !important;padding-left: 0px !important;background: #ffffff url(https:\/\/nadal.com\/wp-content\/uploads\/2026\/01\/BubaShoot_CavesNadal28-scaled.jpg?id=27867);background-position: center;background-repeat: no-repeat !important;background-size: cover !important;}\u00bb el_class=\u00bbbg-overlay\u00bb][vc_column][vc_row_inner css=\u00bb.vc_custom_1739878354946{padding-top: 100px !important;padding-bottom: 100px !important;}\u00bb][vc_column_inner width=\u00bb1\/4&#8243;][\/vc_column_inner][vc_column_inner width=\u00bb1\/2&#8243;][vc_column_text] Enoturismo para empresas&hellip;\" \/>\n<meta property=\"og:url\" content=\"https:\/\/nadal.com\/es\/actividades-empresa\/\" \/>\n<meta property=\"og:site_name\" content=\"Nadal\" \/>\n<meta property=\"article:modified_time\" content=\"2026-01-30T10:29:17+00:00\" \/>\n<meta name=\"twitter:card\" content=\"summary_large_image\" \/>\n<meta name=\"twitter:label1\" content=\"Tiempo de lectura\" \/>\n\t<meta name=\"twitter:data1\" content=\"3 minutos\" \/>\n<script type=\"application\/ld+json\" class=\"yoast-schema-graph\">{\"@context\":\"https:\/\/schema.org\",\"@graph\":[{\"@type\":\"WebPage\",\"@id\":\"https:\/\/nadal.com\/es\/actividades-empresa\/\",\"url\":\"https:\/\/nadal.com\/es\/actividades-empresa\/\",\"name\":\"Actividades para empresas - Nadal - Desde 1943\",\"isPartOf\":{\"@id\":\"https:\/\/nadal.com\/es\/#website\"},\"datePublished\":\"2026-01-26T10:10:58+00:00\",\"dateModified\":\"2026-01-30T10:29:17+00:00\",\"breadcrumb\":{\"@id\":\"https:\/\/nadal.com\/es\/actividades-empresa\/#breadcrumb\"},\"inLanguage\":\"es\",\"potentialAction\":[{\"@type\":\"ReadAction\",\"target\":[\"https:\/\/nadal.com\/es\/actividades-empresa\/\"]}]},{\"@type\":\"BreadcrumbList\",\"@id\":\"https:\/\/nadal.com\/es\/actividades-empresa\/#breadcrumb\",\"itemListElement\":[{\"@type\":\"ListItem\",\"position\":1,\"name\":\"Inici\",\"item\":\"https:\/\/nadal.com\/es\/\"},{\"@type\":\"ListItem\",\"position\":2,\"name\":\"Actividades para empresas\"}]},{\"@type\":\"WebSite\",\"@id\":\"https:\/\/nadal.com\/es\/#website\",\"url\":\"https:\/\/nadal.com\/es\/\",\"name\":\"Nadal\",\"description\":\"Desde 1943\",\"potentialAction\":[{\"@type\":\"SearchAction\",\"target\":{\"@type\":\"EntryPoint\",\"urlTemplate\":\"https:\/\/nadal.com\/es\/?s={search_term_string}\"},\"query-input\":{\"@type\":\"PropertyValueSpecification\",\"valueRequired\":true,\"valueName\":\"search_term_string\"}}],\"inLanguage\":\"es\"}]}<\/script>\n<!-- \/ Yoast SEO plugin. -->","yoast_head_json":{"title":"Actividades para empresas - Nadal - Desde 1943","robots":{"index":"index","follow":"follow","max-snippet":"max-snippet:-1","max-image-preview":"max-image-preview:large","max-video-preview":"max-video-preview:-1"},"canonical":"https:\/\/nadal.com\/es\/actividades-empresa\/","og_locale":"es_ES","og_type":"article","og_title":"Actividades para empresas - Nadal - Desde 1943","og_description":"[vc_row full_width=\u00bbstretch_row\u00bb parallax=\u00bbcontent-moving\u00bb css=\u00bb.vc_custom_1768927068613{padding-top: 0px !important;padding-right: 0px !important;padding-bottom: 0px !important;padding-left: 0px !important;background: #ffffff url(https:\/\/nadal.com\/wp-content\/uploads\/2026\/01\/BubaShoot_CavesNadal28-scaled.jpg?id=27867);background-position: center;background-repeat: no-repeat !important;background-size: cover !important;}\u00bb el_class=\u00bbbg-overlay\u00bb][vc_column][vc_row_inner css=\u00bb.vc_custom_1739878354946{padding-top: 100px !important;padding-bottom: 100px !important;}\u00bb][vc_column_inner width=\u00bb1\/4&#8243;][\/vc_column_inner][vc_column_inner width=\u00bb1\/2&#8243;][vc_column_text] Enoturismo para empresas&hellip;","og_url":"https:\/\/nadal.com\/es\/actividades-empresa\/","og_site_name":"Nadal","article_modified_time":"2026-01-30T10:29:17+00:00","twitter_card":"summary_large_image","twitter_misc":{"Tiempo de lectura":"3 minutos"},"schema":{"@context":"https:\/\/schema.org","@graph":[{"@type":"WebPage","@id":"https:\/\/nadal.com\/es\/actividades-empresa\/","url":"https:\/\/nadal.com\/es\/actividades-empresa\/","name":"Actividades para empresas - Nadal - Desde 1943","isPartOf":{"@id":"https:\/\/nadal.com\/es\/#website"},"datePublished":"2026-01-26T10:10:58+00:00","dateModified":"2026-01-30T10:29:17+00:00","breadcrumb":{"@id":"https:\/\/nadal.com\/es\/actividades-empresa\/#breadcrumb"},"inLanguage":"es","potentialAction":[{"@type":"ReadAction","target":["https:\/\/nadal.com\/es\/actividades-empresa\/"]}]},{"@type":"BreadcrumbList","@id":"https:\/\/nadal.com\/es\/actividades-empresa\/#breadcrumb","itemListElement":[{"@type":"ListItem","position":1,"name":"Inici","item":"https:\/\/nadal.com\/es\/"},{"@type":"ListItem","position":2,"name":"Actividades para empresas"}]},{"@type":"WebSite","@id":"https:\/\/nadal.com\/es\/#website","url":"https:\/\/nadal.com\/es\/","name":"Nadal","description":"Desde 1943","potentialAction":[{"@type":"SearchAction","target":{"@type":"EntryPoint","urlTemplate":"https:\/\/nadal.com\/es\/?s={search_term_string}"},"query-input":{"@type":"PropertyValueSpecification","valueRequired":true,"valueName":"search_term_string"}}],"inLanguage":"es"}]}},"_links":{"self":[{"href":"https:\/\/nadal.com\/es\/wp-json\/wp\/v2\/pages\/27698","targetHints":{"allow":["GET"]}}],"collection":[{"href":"https:\/\/nadal.com\/es\/wp-json\/wp\/v2\/pages"}],"about":[{"href":"https:\/\/nadal.com\/es\/wp-json\/wp\/v2\/types\/page"}],"author":[{"embeddable":true,"href":"https:\/\/nadal.com\/es\/wp-json\/wp\/v2\/users\/1"}],"replies":[{"embeddable":true,"href":"https:\/\/nadal.com\/es\/wp-json\/wp\/v2\/comments?post=27698"}],"version-history":[{"count":15,"href":"https:\/\/nadal.com\/es\/wp-json\/wp\/v2\/pages\/27698\/revisions"}],"predecessor-version":[{"id":28127,"href":"https:\/\/nadal.com\/es\/wp-json\/wp\/v2\/pages\/27698\/revisions\/28127"}],"wp:attachment":[{"href":"https:\/\/nadal.com\/es\/wp-json\/wp\/v2\/media?parent=27698"}],"curies":[{"name":"wp","href":"https:\/\/api.w.org\/{rel}","templated":true}]}}