{"id":27624,"date":"2026-01-14T12:18:19","date_gmt":"2026-01-14T11:18:19","guid":{"rendered":"https:\/\/nadal.com\/?page_id=27624"},"modified":"2026-02-23T16:42:42","modified_gmt":"2026-02-23T15:42:42","slug":"hazte-distribuidor","status":"publish","type":"page","link":"https:\/\/nadal.com\/es\/hazte-distribuidor\/","title":{"rendered":"Hazte distribuidor"},"content":{"rendered":"<p>[vc_row full_width=\u00bbstretch_row\u00bb parallax=\u00bbcontent-moving\u00bb css=\u00bb.vc_custom_1768291519778{padding-top: 0px !important;padding-right: 0px !important;padding-bottom: 0px !important;padding-left: 0px !important;background-image: url(https:\/\/nadal.com\/wp-content\/uploads\/2026\/01\/BubaShoot_CavesNadal28-scaled.jpg?id=27867) !important;background-position: center;background-repeat: no-repeat !important;background-size: cover !important;}\u00bb el_class=\u00bbbg-overlay\u00bb][vc_column][vc_row_inner css=\u00bb.vc_custom_1739878354946{padding-top: 100px !important;padding-bottom: 100px !important;}\u00bb][vc_column_inner width=\u00bb1\/4&#8243;][\/vc_column_inner][vc_column_inner width=\u00bb1\/2&#8243;][vc_column_text]<\/p>\n<h1 class=\"entry-title\" style=\"text-align: center;\">\u00bfQuieres formar parte de la familia Nadal?<\/h1>\n<p>[\/vc_column_text][\/vc_column_inner][vc_column_inner width=\u00bb1\/4&#8243;][\/vc_column_inner][\/vc_row_inner][\/vc_column][\/vc_row][vc_row][vc_column][vc_empty_space height=\u00bb60px\u00bb][\/vc_column][\/vc_row][vc_row equal_height=\u00bbyes\u00bb content_placement=\u00bbmiddle\u00bb][vc_column][vc_column_text]<\/p>\n<h2 style=\"text-align: center;\"><strong>Hazte distribuidor<\/strong><\/h2>\n<h3 style=\"text-align: center;\">Distribuye nuestros corpinnats y vinos blancos del Pened\u00e8s<\/h3>\n<p>[\/vc_column_text][vc_column_text]<\/p>\n<p data-start=\"736\" data-end=\"883\">Colabora con una <strong>familia de viticultores de larga trayectoria<\/strong>, comprometida con la calidad, la tradici\u00f3n y el respeto por el territorio <strong>desde 1510<\/strong>.<\/p>\n<p data-start=\"885\" data-end=\"1082\">Ofrece a tus clientes <strong>espumosos, vinos blancos y vinagres<\/strong> de una calidad excepcional del Pened\u00e8s, elaborados \u00edntegramente en la Finca Nadal con uva ecol\u00f3gica 100% de cosecha propia.<\/p>\n<p data-start=\"1084\" data-end=\"1238\">Te garantizamos un <strong>trato exclusivo y personalizado<\/strong>, con el objetivo de construir una <strong>colaboraci\u00f3n s\u00f3lida y duradera<\/strong> que impulse el crecimiento compartido.<\/p>\n<p>[\/vc_column_text][\/vc_column][vc_column][\/vc_column][\/vc_row][vc_row][vc_column][vc_empty_space height=\u00bb60px\u00bb][\/vc_column][\/vc_row][vc_row][vc_column width=\u00bb1\/2&#8243;][vc_single_image image=\u00bb27890&#8243; img_size=\u00bblarge\u00bb][\/vc_column][vc_column width=\u00bb1\/2&#8243;][vc_single_image image=\u00bb27898&#8243; img_size=\u00bblarge\u00bb][\/vc_column][\/vc_row][vc_row][vc_column][vc_empty_space height=\u00bb60px\u00bb][\/vc_column][\/vc_row][vc_row][vc_column][vc_column_text]<\/p>\n<h2 style=\"text-align: center;\">\u00bfPor qu\u00e9 hacerte distribuidor de Nadal?<\/h2>\n<p>[\/vc_column_text][vc_empty_space height=\u00bb60px\u00bb][\/vc_column][\/vc_row][vc_row][vc_column width=\u00bb1\/5&#8243;]<div class=\"konte-icon-box icon-type-image box-align-center  img-max-w-90 \">\n\t\t\t\t<div class=\"konte-icon-box__icon\"><img decoding=\"async\" alt=\"Cosecha y elaboraci\u00f3n propia, viticultura de secano y ecol\u00f3gica\" data-src=\"https:\/\/nadal.com\/wp-content\/uploads\/2025\/12\/Nadal_ICONES_Raim-1-scaled.png\" src=\"data:image\/svg+xml;base64,PHN2ZyB3aWR0aD0iMSIgaGVpZ2h0PSIxIiB4bWxucz0iaHR0cDovL3d3dy53My5vcmcvMjAwMC9zdmciPjwvc3ZnPg==\" class=\"lazyload\" style=\"--smush-placeholder-width: 2560px; --smush-placeholder-aspect-ratio: 2560\/2560;\"><\/div>\n\t\t\t\t<h3 class=\"konte-icon-box__title\" >Cosecha y elaboraci\u00f3n propia, viticultura de secano y ecol\u00f3gica<\/h3>\n\t\t\t\t<div class=\"konte-icon-box__content\"><\/div>\n\t\t\t<\/div>[\/vc_column][vc_column width=\u00bb1\/5&#8243;]<div class=\"konte-icon-box icon-type-image box-align-center  img-max-w-90 \">\n\t\t\t\t<div class=\"konte-icon-box__icon\"><img decoding=\"async\" alt=\"Amplia gama de vinos y espumosos para diferentes perfiles y mercados\" data-src=\"https:\/\/nadal.com\/wp-content\/uploads\/2025\/12\/Nadal_ICONES_Cataleg-1.png\" src=\"data:image\/svg+xml;base64,PHN2ZyB3aWR0aD0iMSIgaGVpZ2h0PSIxIiB4bWxucz0iaHR0cDovL3d3dy53My5vcmcvMjAwMC9zdmciPjwvc3ZnPg==\" class=\"lazyload\" style=\"--smush-placeholder-width: 10082px; --smush-placeholder-aspect-ratio: 10082\/10082;\"><\/div>\n\t\t\t\t<h3 class=\"konte-icon-box__title\" >Amplia gama de vinos y espumosos para diferentes perfiles y mercados<\/h3>\n\t\t\t\t<div class=\"konte-icon-box__content\"><\/div>\n\t\t\t<\/div>[\/vc_column][vc_column width=\u00bb1\/5&#8243;]<div class=\"konte-icon-box icon-type-image box-align-center  img-max-w-90 \">\n\t\t\t\t<div class=\"konte-icon-box__icon\"><img decoding=\"async\" alt=\"Experiencia internacional consolidada en m\u00e1s de 20 pa\u00edses\" data-src=\"https:\/\/nadal.com\/wp-content\/uploads\/2025\/12\/Nadal_ICONES_Valor-1.png\" src=\"data:image\/svg+xml;base64,PHN2ZyB3aWR0aD0iMSIgaGVpZ2h0PSIxIiB4bWxucz0iaHR0cDovL3d3dy53My5vcmcvMjAwMC9zdmciPjwvc3ZnPg==\" class=\"lazyload\" style=\"--smush-placeholder-width: 10314px; --smush-placeholder-aspect-ratio: 10314\/10314;\"><\/div>\n\t\t\t\t<h3 class=\"konte-icon-box__title\" >Experiencia internacional consolidada en m\u00e1s de 20 pa\u00edses<\/h3>\n\t\t\t\t<div class=\"konte-icon-box__content\"><\/div>\n\t\t\t<\/div>[\/vc_column][vc_column width=\u00bb1\/5&#8243;]<div class=\"konte-icon-box icon-type-image box-align-center  img-max-w-90 \">\n\t\t\t\t<div class=\"konte-icon-box__icon\"><img decoding=\"async\" alt=\"Trato directo sin intermediarios con comunicaci\u00f3n fluida\" data-src=\"https:\/\/nadal.com\/wp-content\/uploads\/2025\/12\/Nadal_ICONES_Negoci-1-scaled.png\" src=\"data:image\/svg+xml;base64,PHN2ZyB3aWR0aD0iMSIgaGVpZ2h0PSIxIiB4bWxucz0iaHR0cDovL3d3dy53My5vcmcvMjAwMC9zdmciPjwvc3ZnPg==\" class=\"lazyload\" style=\"--smush-placeholder-width: 2560px; --smush-placeholder-aspect-ratio: 2560\/2560;\"><\/div>\n\t\t\t\t<h3 class=\"konte-icon-box__title\" >Trato directo sin intermediarios con comunicaci\u00f3n fluida<\/h3>\n\t\t\t\t<div class=\"konte-icon-box__content\"><\/div>\n\t\t\t<\/div>[\/vc_column][vc_column width=\u00bb1\/5&#8243;]<div class=\"konte-icon-box icon-type-image box-align-center  img-max-w-90 \">\n\t\t\t\t<div class=\"konte-icon-box__icon\"><img decoding=\"async\" alt=\"Compromiso a largo plazo basado en la confianza y el crecimiento mutuo\" data-src=\"https:\/\/nadal.com\/wp-content\/uploads\/2025\/12\/Nadal_ICONES_Salut-1.png\" src=\"data:image\/svg+xml;base64,PHN2ZyB3aWR0aD0iMSIgaGVpZ2h0PSIxIiB4bWxucz0iaHR0cDovL3d3dy53My5vcmcvMjAwMC9zdmciPjwvc3ZnPg==\" class=\"lazyload\" style=\"--smush-placeholder-width: 11815px; --smush-placeholder-aspect-ratio: 11815\/11815;\"><\/div>\n\t\t\t\t<h3 class=\"konte-icon-box__title\" >Compromiso a largo plazo basado en la confianza y el crecimiento mutuo<\/h3>\n\t\t\t\t<div class=\"konte-icon-box__content\"><\/div>\n\t\t\t<\/div>[\/vc_column][\/vc_row][vc_row][vc_column][vc_empty_space height=\u00bb60px\u00bb][\/vc_column][\/vc_row][vc_row full_width=\u00bbstretch_row\u00bb css=\u00bb.vc_custom_1739879488929{background-color: #e7ddd6 !important;}\u00bb][vc_column][vc_empty_space height=\u00bb60px\u00bb][vc_column_text]<\/p>\n<p style=\"text-align: center; font-size: 30px; font-weight: 500;\">Si te identificas con <strong>nuestra visi\u00f3n<\/strong> y quieres formar parte de nuestra red de distribuidores, completa el formulario y nos pondremos en contacto contigo:<\/p>\n<p>[\/vc_column_text][vc_row_inner][vc_column_inner width=\u00bb1\/4&#8243;][\/vc_column_inner][vc_column_inner width=\u00bb1\/2&#8243;][vc_column_text]<\/p>\n<p style=\"text-align: center;\">\n<div class=\"wpcf7 no-js\" id=\"wpcf7-f27902-o1\" lang=\"es-ES\" dir=\"ltr\" data-wpcf7-id=\"27902\">\n<div class=\"screen-reader-response\"><p role=\"status\" aria-live=\"polite\" aria-atomic=\"true\"><\/p> <ul><\/ul><\/div>\n<form action=\"\/es\/wp-json\/wp\/v2\/pages\/27624#wpcf7-f27902-o1\" method=\"post\" class=\"wpcf7-form init\" aria-label=\"Formulario de contacto\" novalidate=\"novalidate\" data-status=\"init\">\n<fieldset class=\"hidden-fields-container\"><input type=\"hidden\" name=\"_wpcf7\" value=\"27902\" \/><input type=\"hidden\" name=\"_wpcf7_version\" value=\"6.1.4\" \/><input type=\"hidden\" name=\"_wpcf7_locale\" value=\"es_ES\" \/><input type=\"hidden\" name=\"_wpcf7_unit_tag\" value=\"wpcf7-f27902-o1\" \/><input type=\"hidden\" name=\"_wpcf7_container_post\" value=\"0\" \/><input type=\"hidden\" name=\"_wpcf7_posted_data_hash\" value=\"\" \/><input type=\"hidden\" name=\"_wpcf7dtx_version\" value=\"5.0.3\" \/><input type=\"hidden\" name=\"_wpcf7_recaptcha_response\" value=\"\" \/>\n<\/fieldset>\n<p><label> Nombre y apellidos<br \/>\n<span class=\"wpcf7-form-control-wrap\" data-name=\"your-name\"><input size=\"40\" maxlength=\"400\" class=\"wpcf7-form-control wpcf7-text wpcf7-validates-as-required\" autocomplete=\"name\" aria-required=\"true\" aria-invalid=\"false\" value=\"\" type=\"text\" name=\"your-name\" \/><\/span> <\/label>\n<\/p>\n<p><label> Tel\u00e9fono de contacto<br \/>\n<span class=\"wpcf7-form-control-wrap\" data-name=\"tel-702\"><input size=\"40\" maxlength=\"400\" class=\"wpcf7-form-control wpcf7-tel wpcf7-validates-as-required wpcf7-text wpcf7-validates-as-tel\" aria-required=\"true\" aria-invalid=\"false\" value=\"\" type=\"tel\" name=\"tel-702\" \/><\/span> <\/label>\n<\/p>\n<p><label> Correo electr\u00f3nico<br \/>\n<span class=\"wpcf7-form-control-wrap\" data-name=\"your-email\"><input size=\"40\" maxlength=\"400\" class=\"wpcf7-form-control wpcf7-email wpcf7-validates-as-required wpcf7-text wpcf7-validates-as-email\" autocomplete=\"email\" aria-required=\"true\" aria-invalid=\"false\" value=\"\" type=\"email\" name=\"your-email\" \/><\/span> <\/label>\n<\/p>\n<p><label> Web de la empresa<br \/>\n<span class=\"wpcf7-form-control-wrap\" data-name=\"url-271\"><input size=\"40\" maxlength=\"400\" class=\"wpcf7-form-control wpcf7-url wpcf7-validates-as-required wpcf7-text wpcf7-validates-as-url\" aria-required=\"true\" aria-invalid=\"false\" value=\"\" type=\"url\" name=\"url-271\" \/><\/span> <\/label>\n<\/p>\n<p><label> Pa\u00eds<br \/>\n<span class=\"wpcf7-form-control-wrap\" data-name=\"text-195\"><input size=\"40\" maxlength=\"400\" class=\"wpcf7-form-control wpcf7-text wpcf7-validates-as-required\" aria-required=\"true\" aria-invalid=\"false\" value=\"\" type=\"text\" name=\"text-195\" \/><\/span> <\/label>\n<\/p>\n<p><label> Mensaje (opcional)<br \/>\n<span class=\"wpcf7-form-control-wrap\" data-name=\"your-message\"><textarea cols=\"40\" rows=\"10\" maxlength=\"2000\" class=\"wpcf7-form-control wpcf7-textarea\" aria-invalid=\"false\" name=\"your-message\"><\/textarea><\/span> <\/label>\n<\/p>\n<p><input class=\"wpcf7-form-control wpcf7-submit has-spinner\" type=\"submit\" value=\"Env\u00eda\" \/>\n<\/p><div class=\"wpcf7-response-output\" aria-hidden=\"true\"><\/div>\n<\/form>\n<\/div>\n<p>[\/vc_column_text][\/vc_column_inner][vc_column_inner width=\u00bb1\/4&#8243;][\/vc_column_inner][\/vc_row_inner][vc_empty_space][\/vc_column][\/vc_row][vc_row][vc_column][vc_empty_space height=\u00bb60px\u00bb][\/vc_column][\/vc_row][vc_row][vc_column][vc_column_text]<\/p>\n<h2 style=\"text-align: center;\">Si prefieres contactarnos directamente&#8230;<\/h2>\n<p>[\/vc_column_text][\/vc_column][\/vc_row][vc_row equal_height=\u00bbyes\u00bb content_placement=\u00bbmiddle\u00bb][vc_column width=\u00bb1\/4&#8243;][vc_single_image image=\u00bb27792&#8243; img_size=\u00bbmedium\u00bb alignment=\u00bbcenter\u00bb][\/vc_column][vc_column width=\u00bb1\/4&#8243;][vc_column_text]<\/p>\n<p style=\"text-align: center; font-size: 24px; font-weight: 500;\">Raul Duran<\/p>\n<p style=\"text-align: center;\">Export Manager<br \/>\n<a href=\"mailto:export@nadal.com\">export@nadal.com<\/a><br \/>\n<a href=\"tel:+34608891388\">+34 608 89 13 88<\/a><\/p>\n<p>[\/vc_column_text][\/vc_column][vc_column width=\u00bb1\/4&#8243;][vc_single_image image=\u00bb27795&#8243; img_size=\u00bbmedium\u00bb alignment=\u00bbcenter\u00bb][\/vc_column][vc_column width=\u00bb1\/4&#8243;][vc_column_text]<\/p>\n<p style=\"text-align: center; font-size: 24px; font-weight: 500;\">Mireia Nadal<\/p>\n<p style=\"text-align: center;\">Directora comercial nacional<br \/>\n<a href=\"mailto:mireianadal@nadal.com\">mireianadal@nadal.com<\/a><br \/>\n<a href=\"tel:+34601086752\">+34 601 08 67 52<\/a><\/p>\n<p>[\/vc_column_text][\/vc_column][\/vc_row]<\/p>\n","protected":false},"excerpt":{"rendered":"<p>[vc_row full_width=\u00bbstretch_row\u00bb parallax=\u00bbcontent-moving\u00bb css=\u00bb.vc_custom_1768291519778{padding-top: 0px !important;padding-right: 0px !important;padding-bottom: 0px !important;padding-left: 0px !important;background-image: url(https:\/\/nadal.com\/wp-content\/uploads\/2026\/01\/BubaShoot_CavesNadal28-scaled.jpg?id=27867) !important;background-position: center;background-repeat: no-repeat !important;background-size: cover !important;}\u00bb el_class=\u00bbbg-overlay\u00bb][vc_column][vc_row_inner css=\u00bb.vc_custom_1739878354946{padding-top: 100px !important;padding-bottom: 100px !important;}\u00bb][vc_column_inner width=\u00bb1\/4&#8243;][\/vc_column_inner][vc_column_inner width=\u00bb1\/2&#8243;][vc_column_text] \u00bfQuieres formar parte&hellip;<\/p>\n","protected":false},"author":1,"featured_media":0,"parent":0,"menu_order":0,"comment_status":"closed","ping_status":"closed","template":"","meta":{"_acf_changed":false,"footnotes":""},"class_list":["post-27624","page","type-page","status-publish","hentry"],"acf":[],"yoast_head":"<!-- This site is optimized with the Yoast SEO plugin v26.6 - https:\/\/yoast.com\/wordpress\/plugins\/seo\/ -->\n<title>Hazte distribuidor - Nadal - Desde 1943<\/title>\n<meta name=\"robots\" content=\"index, follow, max-snippet:-1, max-image-preview:large, max-video-preview:-1\" \/>\n<link rel=\"canonical\" href=\"https:\/\/nadal.com\/es\/hazte-distribuidor\/\" \/>\n<meta property=\"og:locale\" content=\"es_ES\" \/>\n<meta property=\"og:type\" content=\"article\" \/>\n<meta property=\"og:title\" content=\"Hazte distribuidor - Nadal - Desde 1943\" \/>\n<meta property=\"og:description\" content=\"[vc_row full_width=\u00bbstretch_row\u00bb parallax=\u00bbcontent-moving\u00bb css=\u00bb.vc_custom_1768291519778{padding-top: 0px !important;padding-right: 0px !important;padding-bottom: 0px !important;padding-left: 0px !important;background-image: url(https:\/\/nadal.com\/wp-content\/uploads\/2026\/01\/BubaShoot_CavesNadal28-scaled.jpg?id=27867) !important;background-position: center;background-repeat: no-repeat !important;background-size: cover !important;}\u00bb el_class=\u00bbbg-overlay\u00bb][vc_column][vc_row_inner css=\u00bb.vc_custom_1739878354946{padding-top: 100px !important;padding-bottom: 100px !important;}\u00bb][vc_column_inner width=\u00bb1\/4&#8243;][\/vc_column_inner][vc_column_inner width=\u00bb1\/2&#8243;][vc_column_text] \u00bfQuieres formar parte&hellip;\" \/>\n<meta property=\"og:url\" content=\"https:\/\/nadal.com\/es\/hazte-distribuidor\/\" \/>\n<meta property=\"og:site_name\" content=\"Nadal\" \/>\n<meta property=\"article:modified_time\" content=\"2026-02-23T15:42:42+00:00\" \/>\n<meta name=\"twitter:card\" content=\"summary_large_image\" \/>\n<meta name=\"twitter:label1\" content=\"Tiempo de lectura\" \/>\n\t<meta name=\"twitter:data1\" content=\"4 minutos\" \/>\n<script type=\"application\/ld+json\" class=\"yoast-schema-graph\">{\"@context\":\"https:\/\/schema.org\",\"@graph\":[{\"@type\":\"WebPage\",\"@id\":\"https:\/\/nadal.com\/es\/hazte-distribuidor\/\",\"url\":\"https:\/\/nadal.com\/es\/hazte-distribuidor\/\",\"name\":\"Hazte distribuidor - Nadal - Desde 1943\",\"isPartOf\":{\"@id\":\"https:\/\/nadal.com\/es\/#website\"},\"datePublished\":\"2026-01-14T11:18:19+00:00\",\"dateModified\":\"2026-02-23T15:42:42+00:00\",\"breadcrumb\":{\"@id\":\"https:\/\/nadal.com\/es\/hazte-distribuidor\/#breadcrumb\"},\"inLanguage\":\"es\",\"potentialAction\":[{\"@type\":\"ReadAction\",\"target\":[\"https:\/\/nadal.com\/es\/hazte-distribuidor\/\"]}]},{\"@type\":\"BreadcrumbList\",\"@id\":\"https:\/\/nadal.com\/es\/hazte-distribuidor\/#breadcrumb\",\"itemListElement\":[{\"@type\":\"ListItem\",\"position\":1,\"name\":\"Inici\",\"item\":\"https:\/\/nadal.com\/es\/\"},{\"@type\":\"ListItem\",\"position\":2,\"name\":\"Hazte distribuidor\"}]},{\"@type\":\"WebSite\",\"@id\":\"https:\/\/nadal.com\/es\/#website\",\"url\":\"https:\/\/nadal.com\/es\/\",\"name\":\"Nadal\",\"description\":\"Desde 1943\",\"potentialAction\":[{\"@type\":\"SearchAction\",\"target\":{\"@type\":\"EntryPoint\",\"urlTemplate\":\"https:\/\/nadal.com\/es\/?s={search_term_string}\"},\"query-input\":{\"@type\":\"PropertyValueSpecification\",\"valueRequired\":true,\"valueName\":\"search_term_string\"}}],\"inLanguage\":\"es\"}]}<\/script>\n<!-- \/ Yoast SEO plugin. -->","yoast_head_json":{"title":"Hazte distribuidor - Nadal - Desde 1943","robots":{"index":"index","follow":"follow","max-snippet":"max-snippet:-1","max-image-preview":"max-image-preview:large","max-video-preview":"max-video-preview:-1"},"canonical":"https:\/\/nadal.com\/es\/hazte-distribuidor\/","og_locale":"es_ES","og_type":"article","og_title":"Hazte distribuidor - Nadal - Desde 1943","og_description":"[vc_row full_width=\u00bbstretch_row\u00bb parallax=\u00bbcontent-moving\u00bb css=\u00bb.vc_custom_1768291519778{padding-top: 0px !important;padding-right: 0px !important;padding-bottom: 0px !important;padding-left: 0px !important;background-image: url(https:\/\/nadal.com\/wp-content\/uploads\/2026\/01\/BubaShoot_CavesNadal28-scaled.jpg?id=27867) !important;background-position: center;background-repeat: no-repeat !important;background-size: cover !important;}\u00bb el_class=\u00bbbg-overlay\u00bb][vc_column][vc_row_inner css=\u00bb.vc_custom_1739878354946{padding-top: 100px !important;padding-bottom: 100px !important;}\u00bb][vc_column_inner width=\u00bb1\/4&#8243;][\/vc_column_inner][vc_column_inner width=\u00bb1\/2&#8243;][vc_column_text] \u00bfQuieres formar parte&hellip;","og_url":"https:\/\/nadal.com\/es\/hazte-distribuidor\/","og_site_name":"Nadal","article_modified_time":"2026-02-23T15:42:42+00:00","twitter_card":"summary_large_image","twitter_misc":{"Tiempo de lectura":"4 minutos"},"schema":{"@context":"https:\/\/schema.org","@graph":[{"@type":"WebPage","@id":"https:\/\/nadal.com\/es\/hazte-distribuidor\/","url":"https:\/\/nadal.com\/es\/hazte-distribuidor\/","name":"Hazte distribuidor - Nadal - Desde 1943","isPartOf":{"@id":"https:\/\/nadal.com\/es\/#website"},"datePublished":"2026-01-14T11:18:19+00:00","dateModified":"2026-02-23T15:42:42+00:00","breadcrumb":{"@id":"https:\/\/nadal.com\/es\/hazte-distribuidor\/#breadcrumb"},"inLanguage":"es","potentialAction":[{"@type":"ReadAction","target":["https:\/\/nadal.com\/es\/hazte-distribuidor\/"]}]},{"@type":"BreadcrumbList","@id":"https:\/\/nadal.com\/es\/hazte-distribuidor\/#breadcrumb","itemListElement":[{"@type":"ListItem","position":1,"name":"Inici","item":"https:\/\/nadal.com\/es\/"},{"@type":"ListItem","position":2,"name":"Hazte distribuidor"}]},{"@type":"WebSite","@id":"https:\/\/nadal.com\/es\/#website","url":"https:\/\/nadal.com\/es\/","name":"Nadal","description":"Desde 1943","potentialAction":[{"@type":"SearchAction","target":{"@type":"EntryPoint","urlTemplate":"https:\/\/nadal.com\/es\/?s={search_term_string}"},"query-input":{"@type":"PropertyValueSpecification","valueRequired":true,"valueName":"search_term_string"}}],"inLanguage":"es"}]}},"_links":{"self":[{"href":"https:\/\/nadal.com\/es\/wp-json\/wp\/v2\/pages\/27624","targetHints":{"allow":["GET"]}}],"collection":[{"href":"https:\/\/nadal.com\/es\/wp-json\/wp\/v2\/pages"}],"about":[{"href":"https:\/\/nadal.com\/es\/wp-json\/wp\/v2\/types\/page"}],"author":[{"embeddable":true,"href":"https:\/\/nadal.com\/es\/wp-json\/wp\/v2\/users\/1"}],"replies":[{"embeddable":true,"href":"https:\/\/nadal.com\/es\/wp-json\/wp\/v2\/comments?post=27624"}],"version-history":[{"count":11,"href":"https:\/\/nadal.com\/es\/wp-json\/wp\/v2\/pages\/27624\/revisions"}],"predecessor-version":[{"id":28220,"href":"https:\/\/nadal.com\/es\/wp-json\/wp\/v2\/pages\/27624\/revisions\/28220"}],"wp:attachment":[{"href":"https:\/\/nadal.com\/es\/wp-json\/wp\/v2\/media?parent=27624"}],"curies":[{"name":"wp","href":"https:\/\/api.w.org\/{rel}","templated":true}]}}