{"id":26432,"date":"2025-04-24T09:50:27","date_gmt":"2025-04-24T07:50:27","guid":{"rendered":"https:\/\/nadal.com\/?page_id=26432"},"modified":"2025-04-24T09:50:27","modified_gmt":"2025-04-24T07:50:27","slug":"condiciones-y-politica-de-cancelacion","status":"publish","type":"page","link":"https:\/\/nadal.com\/es\/condiciones-y-politica-de-cancelacion\/","title":{"rendered":"Condiciones y pol\u00edtica de cancelaci\u00f3n"},"content":{"rendered":"<p>[vc_row][vc_column][vc_column_text]<strong>Horarios de visita<\/strong><br \/>\nLas visitas se realizan de lunes a viernes a las 11:00 h, y los fines de semana y festivos a las 11:00 h y a las 12:00 h.<br \/>\nLas reservas solicitadas fuera de este horario conllevar\u00e1n un suplemento de 150 \u20ac.<\/p>\n<p><strong>Formalizaci\u00f3n de la reserva<\/strong><br \/>\nLa reserva quedar\u00e1 confirmada una vez recibido el prepago del importe total de la visita.<\/p>\n<p><strong>Visitas privadas<\/strong><br \/>\nPara garantizar la exclusividad de la visita, se deber\u00e1 abonar un suplemento adicional de 60 \u20ac.<\/p>\n<hr \/>\n<p><strong>Pol\u00edtica de cancelaci\u00f3n<\/strong><\/p>\n<ul>\n<li>Las cancelaciones deber\u00e1n notificarse por escrito a trav\u00e9s del correo electr\u00f3nico: <a href=\"mailto:visita@nadal.com\" target=\"_blank\" rel=\"noopener\">visita@nadal.com<\/a><\/li>\n<li>Cancelaciones realizadas con m\u00e1s de 72 horas de antelaci\u00f3n: devoluci\u00f3n del 50 % del importe abonado.<\/li>\n<li>Cancelaciones realizadas con m\u00e1s de 48 horas de antelaci\u00f3n: devoluci\u00f3n del 10 % del importe abonado.<\/li>\n<li>Cancelaciones con menos de 48 horas de antelaci\u00f3n: <strong>no se realizar\u00e1 ning\u00fan reembolso<\/strong>.<\/li>\n<li>En el caso de servicios de c\u00e1tering, se reembolsar\u00e1 el 50 % del importe si la cancelaci\u00f3n se efect\u00faa con al menos 7 d\u00edas de antelaci\u00f3n.<\/li>\n<li>En caso de no presentarse en la fecha y hora acordadas o acudir con un n\u00famero inferior de participantes al indicado en la reserva, <strong>no se efectuar\u00e1 ning\u00fan reembolso.<\/strong><\/li>\n<li>Para cualquier necesidad especial, rogamos contacten con nosotros a trav\u00e9s del correo electr\u00f3nico: <a href=\"mailto:visita@nadal.com\" target=\"_blank\" rel=\"noopener\">visita@nadal.com<\/a><\/li>\n<\/ul>\n<p>[\/vc_column_text][\/vc_column][\/vc_row]<\/p>\n","protected":false},"excerpt":{"rendered":"<p>[vc_row][vc_column][vc_column_text]Horarios de visita Las visitas se realizan de lunes a viernes a las 11:00 h, y los fines de semana y festivos a las 11:00 h y a las 12:00&hellip;<\/p>\n","protected":false},"author":1,"featured_media":0,"parent":0,"menu_order":0,"comment_status":"closed","ping_status":"closed","template":"","meta":{"_acf_changed":false,"footnotes":""},"class_list":["post-26432","page","type-page","status-publish","hentry"],"acf":[],"yoast_head":"<!-- This site is optimized with the Yoast SEO plugin v26.6 - https:\/\/yoast.com\/wordpress\/plugins\/seo\/ -->\n<title>Condiciones y pol\u00edtica de cancelaci\u00f3n - Cavas Nadal - Desde 1943<\/title>\n<meta name=\"description\" content=\"Lee nuestro aviso legal para conocer las condiciones de uso, responsabilidades, y la pol\u00edtica de privacidad de nuestro sitio web.\" \/>\n<meta name=\"robots\" content=\"index, follow, max-snippet:-1, max-image-preview:large, max-video-preview:-1\" \/>\n<link rel=\"canonical\" href=\"https:\/\/nadal.com\/es\/condiciones-y-politica-de-cancelacion\/\" \/>\n<meta property=\"og:locale\" content=\"es_ES\" \/>\n<meta property=\"og:type\" content=\"article\" \/>\n<meta property=\"og:title\" content=\"Condiciones y pol\u00edtica de cancelaci\u00f3n - Cavas Nadal - Desde 1943\" \/>\n<meta property=\"og:description\" content=\"Lee nuestro aviso legal para conocer las condiciones de uso, responsabilidades, y la pol\u00edtica de privacidad de nuestro sitio web.\" \/>\n<meta property=\"og:url\" content=\"https:\/\/nadal.com\/es\/condiciones-y-politica-de-cancelacion\/\" \/>\n<meta property=\"og:site_name\" content=\"Nadal\" \/>\n<meta name=\"twitter:card\" content=\"summary_large_image\" \/>\n<meta name=\"twitter:label1\" content=\"Tiempo de lectura\" \/>\n\t<meta name=\"twitter:data1\" content=\"6 minutos\" \/>\n<script type=\"application\/ld+json\" class=\"yoast-schema-graph\">{\"@context\":\"https:\/\/schema.org\",\"@graph\":[{\"@type\":\"WebPage\",\"@id\":\"https:\/\/nadal.com\/es\/condiciones-y-politica-de-cancelacion\/\",\"url\":\"https:\/\/nadal.com\/es\/condiciones-y-politica-de-cancelacion\/\",\"name\":\"Condiciones y pol\u00edtica de cancelaci\u00f3n - Cavas Nadal - Desde 1943\",\"isPartOf\":{\"@id\":\"https:\/\/nadal.com\/es\/#website\"},\"datePublished\":\"2025-04-24T07:50:27+00:00\",\"description\":\"Lee nuestro aviso legal para conocer las condiciones de uso, responsabilidades, y la pol\u00edtica de privacidad de nuestro sitio web.\",\"breadcrumb\":{\"@id\":\"https:\/\/nadal.com\/es\/condiciones-y-politica-de-cancelacion\/#breadcrumb\"},\"inLanguage\":\"es\",\"potentialAction\":[{\"@type\":\"ReadAction\",\"target\":[\"https:\/\/nadal.com\/es\/condiciones-y-politica-de-cancelacion\/\"]}]},{\"@type\":\"BreadcrumbList\",\"@id\":\"https:\/\/nadal.com\/es\/condiciones-y-politica-de-cancelacion\/#breadcrumb\",\"itemListElement\":[{\"@type\":\"ListItem\",\"position\":1,\"name\":\"Inici\",\"item\":\"https:\/\/nadal.com\/es\/\"},{\"@type\":\"ListItem\",\"position\":2,\"name\":\"Condiciones y pol\u00edtica de cancelaci\u00f3n\"}]},{\"@type\":\"WebSite\",\"@id\":\"https:\/\/nadal.com\/es\/#website\",\"url\":\"https:\/\/nadal.com\/es\/\",\"name\":\"Nadal\",\"description\":\"Desde 1943\",\"potentialAction\":[{\"@type\":\"SearchAction\",\"target\":{\"@type\":\"EntryPoint\",\"urlTemplate\":\"https:\/\/nadal.com\/es\/?s={search_term_string}\"},\"query-input\":{\"@type\":\"PropertyValueSpecification\",\"valueRequired\":true,\"valueName\":\"search_term_string\"}}],\"inLanguage\":\"es\"}]}<\/script>\n<!-- \/ Yoast SEO plugin. -->","yoast_head_json":{"title":"Condiciones y pol\u00edtica de cancelaci\u00f3n - Cavas Nadal - Desde 1943","description":"Lee nuestro aviso legal para conocer las condiciones de uso, responsabilidades, y la pol\u00edtica de privacidad de nuestro sitio web.","robots":{"index":"index","follow":"follow","max-snippet":"max-snippet:-1","max-image-preview":"max-image-preview:large","max-video-preview":"max-video-preview:-1"},"canonical":"https:\/\/nadal.com\/es\/condiciones-y-politica-de-cancelacion\/","og_locale":"es_ES","og_type":"article","og_title":"Condiciones y pol\u00edtica de cancelaci\u00f3n - Cavas Nadal - Desde 1943","og_description":"Lee nuestro aviso legal para conocer las condiciones de uso, responsabilidades, y la pol\u00edtica de privacidad de nuestro sitio web.","og_url":"https:\/\/nadal.com\/es\/condiciones-y-politica-de-cancelacion\/","og_site_name":"Nadal","twitter_card":"summary_large_image","twitter_misc":{"Tiempo de lectura":"6 minutos"},"schema":{"@context":"https:\/\/schema.org","@graph":[{"@type":"WebPage","@id":"https:\/\/nadal.com\/es\/condiciones-y-politica-de-cancelacion\/","url":"https:\/\/nadal.com\/es\/condiciones-y-politica-de-cancelacion\/","name":"Condiciones y pol\u00edtica de cancelaci\u00f3n - Cavas Nadal - Desde 1943","isPartOf":{"@id":"https:\/\/nadal.com\/es\/#website"},"datePublished":"2025-04-24T07:50:27+00:00","description":"Lee nuestro aviso legal para conocer las condiciones de uso, responsabilidades, y la pol\u00edtica de privacidad de nuestro sitio web.","breadcrumb":{"@id":"https:\/\/nadal.com\/es\/condiciones-y-politica-de-cancelacion\/#breadcrumb"},"inLanguage":"es","potentialAction":[{"@type":"ReadAction","target":["https:\/\/nadal.com\/es\/condiciones-y-politica-de-cancelacion\/"]}]},{"@type":"BreadcrumbList","@id":"https:\/\/nadal.com\/es\/condiciones-y-politica-de-cancelacion\/#breadcrumb","itemListElement":[{"@type":"ListItem","position":1,"name":"Inici","item":"https:\/\/nadal.com\/es\/"},{"@type":"ListItem","position":2,"name":"Condiciones y pol\u00edtica de cancelaci\u00f3n"}]},{"@type":"WebSite","@id":"https:\/\/nadal.com\/es\/#website","url":"https:\/\/nadal.com\/es\/","name":"Nadal","description":"Desde 1943","potentialAction":[{"@type":"SearchAction","target":{"@type":"EntryPoint","urlTemplate":"https:\/\/nadal.com\/es\/?s={search_term_string}"},"query-input":{"@type":"PropertyValueSpecification","valueRequired":true,"valueName":"search_term_string"}}],"inLanguage":"es"}]}},"_links":{"self":[{"href":"https:\/\/nadal.com\/es\/wp-json\/wp\/v2\/pages\/26432","targetHints":{"allow":["GET"]}}],"collection":[{"href":"https:\/\/nadal.com\/es\/wp-json\/wp\/v2\/pages"}],"about":[{"href":"https:\/\/nadal.com\/es\/wp-json\/wp\/v2\/types\/page"}],"author":[{"embeddable":true,"href":"https:\/\/nadal.com\/es\/wp-json\/wp\/v2\/users\/1"}],"replies":[{"embeddable":true,"href":"https:\/\/nadal.com\/es\/wp-json\/wp\/v2\/comments?post=26432"}],"version-history":[{"count":3,"href":"https:\/\/nadal.com\/es\/wp-json\/wp\/v2\/pages\/26432\/revisions"}],"predecessor-version":[{"id":26441,"href":"https:\/\/nadal.com\/es\/wp-json\/wp\/v2\/pages\/26432\/revisions\/26441"}],"wp:attachment":[{"href":"https:\/\/nadal.com\/es\/wp-json\/wp\/v2\/media?parent=26432"}],"curies":[{"name":"wp","href":"https:\/\/api.w.org\/{rel}","templated":true}]}}