{"id":2401,"date":"2019-10-26T13:58:06","date_gmt":"2019-10-26T11:58:06","guid":{"rendered":"http:\/\/mjsffbz.cluster028.hosting.ovh.net\/aviso-legal\/"},"modified":"2025-04-24T13:34:57","modified_gmt":"2025-04-24T11:34:57","slug":"aviso-legal","status":"publish","type":"page","link":"https:\/\/nadal.com\/es\/aviso-legal\/","title":{"rendered":"Aviso legal"},"content":{"rendered":"<p>[vc_row][vc_column][vc_column_text]<\/p>\n<div class=\"et_pb_row et_pb_row_0\">\n<div class=\"et_pb_column et_pb_column_4_4 et_pb_column_0 et_pb_css_mix_blend_mode_passthrough et-last-child\">\n<div class=\"et_pb_module et_pb_text et_pb_text_0 et_pb_bg_layout_light et_pb_text_align_left\">\n<div class=\"et_pb_text_inner\">\n<p><strong><u>Aviso e Informaci\u00f3n Legal y su aceptaci\u00f3n<\/u><\/strong><\/p>\n<p>ENRIC NADAL, S.L.U, con domicilio en Finca Nadal de la Boadella, s\/n Torrelavit Barcelona \u2013 tel\u00e9fono: 93 898 80 11. Provista de C.I.F. B-63355770 inscrita en el Registro Mercantil de Barcelona, Tomo 36158, Libro 0, Secci\u00f3n 1, folio 1, hoja 279095<span style=\"font-size: 1.125rem;\">, empresa del grupo SUCCESORS DE RAMON NADAL, S.L. y en adelante \u201cNADAL\u201d.<\/span><\/p>\n<p>El presente aviso legal regula el acceso y el uso del servicio del sitio web www.nadal.com (en adelante, el \u201cSitio Web\u201d) que NADAL pone a disposici\u00f3n de los usuarios de Internet interesados en sus servicios y contenidos relacionados con la actividad de Nadal (en adelante, los \u201cUsuarios\u201d). Este sitio Web cumple con lo establecido en la Ley 34\/2002, de 11 de julio, de Servicios de la Sociedad de la Informaci\u00f3n y de Comercio Electr\u00f3nico. La finalidad del sitio web es la de difundir la promoci\u00f3n, productos y actividades de NADAL a trav\u00e9s del Sitio Web, Internet y cualquier otro medio de difusi\u00f3n o comunicaci\u00f3n existente. NADAL podr\u00e1 alterar en cualquier momento y sin previo aviso, el dise\u00f1o, presentaci\u00f3n y \/ o configuraci\u00f3n de Sitio Web, as\u00ed como algunos o todos los servicios, y a\u00f1adir servicios nuevos. La utilizaci\u00f3n de este Sitio Web implica la plena aceptaci\u00f3n de las disposiciones incluidas en este Aviso en la versi\u00f3n publicada por NADAL en el momento en que en que el Usuario acceda al Sitio Web. Asimismo NADAL pone en conocimiento de los Usuarios de este Sitio Web que estas Condiciones Generales de Uso pueden ser modificadas sin notificaci\u00f3n previa. En consecuencia el Usuario debe leer atentamente el presente Aviso Legal en cada una de las ocasiones en que se proceda a utilizar el Sitio Web, ya que aqu\u00e9l puede sufrir modificaciones. La utilizaci\u00f3n de ciertos servicios ofrecidos a los Usuarios a trav\u00e9s del Sitio Web pueden encontrarse sometidas a condiciones particulares propias que, seg\u00fan los casos sustituyen, completan y \/ o modifican las presentes Condiciones Generales de Uso. Por lo tanto, con anterioridad a la utilizaci\u00f3n de estos servicios, el Usuario tambi\u00e9n ha de leer atentamente y aceptar asimismo las correspondientes condiciones particulares propias.<\/p>\n<p>&nbsp;<\/p>\n<p><strong><u>Condiciones de uso<\/u><\/strong><\/p>\n<p>Condiciones de acceso y utilizaci\u00f3n del Sitio Web<\/p>\n<p>El usuario se compromete a hacer un uso diligente del mismo y de los servicios accesibles de este Sitio Web, con total sujeci\u00f3n a la Ley, a las buenas costumbres y las presentes Condiciones Generales y, en su caso, condiciones particulares, as\u00ed como manteniendo el debido respeto a los otros usuarios. Queda expresamente prohibido cualquier uso diferente a la finalidad de este Sitio Web. En este sentido, el Usuario renunciar\u00e1 a utilizar cualquiera de los materiales e informaciones contenidos en este Sitio Web con fines il\u00edcitos y expresamente prohibidos en las presentes Condiciones Generales de Uso as\u00ed como a las condiciones particulares que, en su caso, se habiliten que resulten contrarias a los derechos e intereses de NADAL, sus miembros y \/ o terceros, y deber\u00e1 responder frente a los mismos en caso de contravenir o incumplir dichas obligaciones y \/ o que, de cualquier modo (incluida la introducci\u00f3n o difusi\u00f3n de \u201cvirus inform\u00e1ticos\u201d), da\u00f1e, inutilice, sobrecargue, deteriore o impida la normal utilizaci\u00f3n de los materiales e informaciones contenidos en el Sitio Web, los sistemas de informaci\u00f3n o los documentos, archivos y toda clase de contenidos almacenados en cualquier equipo inform\u00e1tico (hacking) de NADAL, de sus miembros o de cualquiera.<\/p>\n<p>Usuario del Sitio Web.<\/p>\n<p>Con car\u00e1cter general la prestaci\u00f3n de los servicios no exige la previa suscripci\u00f3n o registro de los Usuarios. Sin embargo, NADAL condiciona la utilizaci\u00f3n de algunos de los servicios al Previo cumplimentaci\u00f3n del correspondiente registro de Usuario, seleccionando el identificador (ID o login) y la contrase\u00f1a que el Usuario se compromete a conservar ya usar con la diligencia debida. NADAL asignar\u00e1 el identificador seleccionado por el usuario siempre y cuando no haya sido previamente seleccionado por otro Usuario. El uso de la contrase\u00f1a es personal e intransferible, no estando permitida la cesi\u00f3n, ni siquiera temporal, a terceros. En tal sentido, el Usuario deber\u00e1 adoptar las medidas necesarias para la custodia de la contrase\u00f1a por \u00e9l seleccionada, evitando el uso de la misma por terceros. En consecuencia, el Usuario es el \u00fanico responsable de la utilizaci\u00f3n que, de su contrase\u00f1a se realice, con completa indemnidad para NADAL. En caso de que el Usuario conozca o sospeche del uso de su contrase\u00f1a para terceros deber\u00e1 poner tal circunstancia en conocimiento de NADAL lo antes posible. El citado registro se efectuar\u00e1 en la forma expresamente indicada en el propio servicio o en las Condiciones Particulares que, en su caso, lo regulen. Toda la informaci\u00f3n que facilite el Usuario a trav\u00e9s de los servicios deber\u00e1 ser veraz. A estos efectos, el Usuario garantiza la autenticidad de todos aquellos datos que comunique como consecuencia de la cumplimentaci\u00f3n de los formularios necesarios para la suscripci\u00f3n de los Servicios. De igual, forma, ser\u00e1 responsabilidad del Usuario mantener toda la informaci\u00f3n facilitada a NADAL permanentemente actualizada de forma que responda, en cada momento a la situaci\u00f3n real del Usuario. En todo caso el Usuario ser\u00e1 el \u00fanico responsable de las manifestaciones falsas o inexactas que realice y de los perjuicios que cause a NADAL o a terceros por la informaci\u00f3n que facilite. De conformidad con la pol\u00edtica anti-spamming de NADAL el Usuario se obliga a abstenerse de utilizar y recabar datos a partir de listas de distribuci\u00f3n a las que se pueda acceder a trav\u00e9s de las informaciones y servicios contenidos en el Sitio web para la realizaci\u00f3n de actividades con fines promocionales o publicitarios as\u00ed como de remitir comunicaciones comerciales de cualquier clase ya trav\u00e9s de cualquier soporte no solicitados ni previamente consentidos por NADAL y \/ o los interesados. El Usuario que incumpla intencional o culpablemente cualquiera de las precedentes obligaciones responder\u00e1 de todos los da\u00f1os y perjuicios que cause.<\/p>\n<p>Exclusi\u00f3n de garant\u00edas y responsabilidad<br \/>\nSalvo en aquellos casos expresamente descritos en las Condiciones Generales de Uso y el resto del marco normativo, del Sitio Web, NADAL no se responsabiliza por los da\u00f1os y perjuicios de toda naturaleza que puedan deberse a la falta de exactitud, exhaustividad, actualidad, as\u00ed como a errores u omisiones de los que pudieran adolecer las informaciones y servicios contenidos de este Sitio Web u otros contenidos a los que se pueda acceder a trav\u00e9s del mismo ni asume ning\u00fan deber o compromiso de verificar ni de vigilar sus contenidos e informaciones. Asimismo, NADAL no garantiza la disponibilidad, continuidad ni la infalibilidad del funcionamiento del Sitio Web, y en consecuencia excluye, en la m\u00e1xima medida permitida por la legislaci\u00f3n vigente, cualquier responsabilidad por los da\u00f1os y perjuicios de toda naturaleza que puedan deberse a la falta de disponibilidad o de continuidad del funcionamiento del Sitio web y de los servicios habilitados en el mismo, as\u00ed como a los errores en el acceso a las distintas p\u00e1ginas web o a aquellas desde las que, en su caso, se presten estos servicios. NADAL excluye cualquier responsabilidad por los da\u00f1os y perjuicios de toda \u00edndole que pudieran deberse a los servicios prestados por terceros a trav\u00e9s de este Sitio Web as\u00ed como a los medios que \u00e9stos habilitan para gestionar las solicitudes de servicio, y concretamente, a modo enunciativo y no limitativo: por los actos de competencia desleal y publicidad il\u00edcita como consecuencia de la prestaci\u00f3n de servicios por terceros a trav\u00e9s del Sitio Web, as\u00ed como a la falta de veracidad, exactitud, exhaustividad, vicios, defectos, pertinencia y \/ o actualidad de los contenidos transmitidos, difundidos, almacenados, recibidos, obtenidos, puestos a disposici\u00f3n o accesibles mediante los servicios prestados por terceros a trav\u00e9s de este Sitio Web.<br \/>\nLegislaci\u00f3n aplicable<br \/>\nLas Condiciones Generales de Uso y el resto de condiciones legales del sitio web se rigen en todos y cada uno de sus extremos por la ley espa\u00f1ola.<\/p>\n<\/div>\n<\/div>\n<\/div>\n<\/div>\n<p>[\/vc_column_text][\/vc_column][\/vc_row]<\/p>\n","protected":false},"excerpt":{"rendered":"<p>[vc_row][vc_column][vc_column_text] Aviso e Informaci\u00f3n Legal y su aceptaci\u00f3n ENRIC NADAL, S.L.U, con domicilio en Finca Nadal de la Boadella, s\/n Torrelavit Barcelona \u2013 tel\u00e9fono: 93 898 80 11. Provista de&hellip;<\/p>\n","protected":false},"author":1,"featured_media":0,"parent":0,"menu_order":0,"comment_status":"closed","ping_status":"closed","template":"","meta":{"_acf_changed":false,"footnotes":""},"class_list":["post-2401","page","type-page","status-publish","hentry"],"acf":[],"yoast_head":"<!-- This site is optimized with the Yoast SEO plugin v26.6 - https:\/\/yoast.com\/wordpress\/plugins\/seo\/ -->\n<title>Aviso legal - Cavas Nadal - Desde 1943<\/title>\n<meta name=\"description\" content=\"Lee nuestro aviso legal para conocer las condiciones de uso, responsabilidades, y la pol\u00edtica de privacidad de nuestro sitio web.\" \/>\n<meta name=\"robots\" content=\"index, follow, max-snippet:-1, max-image-preview:large, max-video-preview:-1\" \/>\n<link rel=\"canonical\" href=\"https:\/\/nadal.com\/es\/aviso-legal\/\" \/>\n<meta property=\"og:locale\" content=\"es_ES\" \/>\n<meta property=\"og:type\" content=\"article\" \/>\n<meta property=\"og:title\" content=\"Aviso legal - Cavas Nadal - Desde 1943\" \/>\n<meta property=\"og:description\" content=\"Lee nuestro aviso legal para conocer las condiciones de uso, responsabilidades, y la pol\u00edtica de privacidad de nuestro sitio web.\" \/>\n<meta property=\"og:url\" content=\"https:\/\/nadal.com\/es\/aviso-legal\/\" \/>\n<meta property=\"og:site_name\" content=\"Nadal\" \/>\n<meta property=\"article:modified_time\" content=\"2025-04-24T11:34:57+00:00\" \/>\n<meta name=\"twitter:card\" content=\"summary_large_image\" \/>\n<meta name=\"twitter:label1\" content=\"Tiempo de lectura\" \/>\n\t<meta name=\"twitter:data1\" content=\"8 minutos\" \/>\n<script type=\"application\/ld+json\" class=\"yoast-schema-graph\">{\"@context\":\"https:\/\/schema.org\",\"@graph\":[{\"@type\":\"WebPage\",\"@id\":\"https:\/\/nadal.com\/es\/aviso-legal\/\",\"url\":\"https:\/\/nadal.com\/es\/aviso-legal\/\",\"name\":\"Aviso legal - Cavas Nadal - Desde 1943\",\"isPartOf\":{\"@id\":\"https:\/\/nadal.com\/es\/#website\"},\"datePublished\":\"2019-10-26T11:58:06+00:00\",\"dateModified\":\"2025-04-24T11:34:57+00:00\",\"description\":\"Lee nuestro aviso legal para conocer las condiciones de uso, responsabilidades, y la pol\u00edtica de privacidad de nuestro sitio web.\",\"breadcrumb\":{\"@id\":\"https:\/\/nadal.com\/es\/aviso-legal\/#breadcrumb\"},\"inLanguage\":\"es\",\"potentialAction\":[{\"@type\":\"ReadAction\",\"target\":[\"https:\/\/nadal.com\/es\/aviso-legal\/\"]}]},{\"@type\":\"BreadcrumbList\",\"@id\":\"https:\/\/nadal.com\/es\/aviso-legal\/#breadcrumb\",\"itemListElement\":[{\"@type\":\"ListItem\",\"position\":1,\"name\":\"Inici\",\"item\":\"https:\/\/nadal.com\/es\/\"},{\"@type\":\"ListItem\",\"position\":2,\"name\":\"Aviso legal\"}]},{\"@type\":\"WebSite\",\"@id\":\"https:\/\/nadal.com\/es\/#website\",\"url\":\"https:\/\/nadal.com\/es\/\",\"name\":\"Nadal\",\"description\":\"Desde 1943\",\"potentialAction\":[{\"@type\":\"SearchAction\",\"target\":{\"@type\":\"EntryPoint\",\"urlTemplate\":\"https:\/\/nadal.com\/es\/?s={search_term_string}\"},\"query-input\":{\"@type\":\"PropertyValueSpecification\",\"valueRequired\":true,\"valueName\":\"search_term_string\"}}],\"inLanguage\":\"es\"}]}<\/script>\n<!-- \/ Yoast SEO plugin. -->","yoast_head_json":{"title":"Aviso legal - Cavas Nadal - Desde 1943","description":"Lee nuestro aviso legal para conocer las condiciones de uso, responsabilidades, y la pol\u00edtica de privacidad de nuestro sitio web.","robots":{"index":"index","follow":"follow","max-snippet":"max-snippet:-1","max-image-preview":"max-image-preview:large","max-video-preview":"max-video-preview:-1"},"canonical":"https:\/\/nadal.com\/es\/aviso-legal\/","og_locale":"es_ES","og_type":"article","og_title":"Aviso legal - Cavas Nadal - Desde 1943","og_description":"Lee nuestro aviso legal para conocer las condiciones de uso, responsabilidades, y la pol\u00edtica de privacidad de nuestro sitio web.","og_url":"https:\/\/nadal.com\/es\/aviso-legal\/","og_site_name":"Nadal","article_modified_time":"2025-04-24T11:34:57+00:00","twitter_card":"summary_large_image","twitter_misc":{"Tiempo de lectura":"8 minutos"},"schema":{"@context":"https:\/\/schema.org","@graph":[{"@type":"WebPage","@id":"https:\/\/nadal.com\/es\/aviso-legal\/","url":"https:\/\/nadal.com\/es\/aviso-legal\/","name":"Aviso legal - Cavas Nadal - Desde 1943","isPartOf":{"@id":"https:\/\/nadal.com\/es\/#website"},"datePublished":"2019-10-26T11:58:06+00:00","dateModified":"2025-04-24T11:34:57+00:00","description":"Lee nuestro aviso legal para conocer las condiciones de uso, responsabilidades, y la pol\u00edtica de privacidad de nuestro sitio web.","breadcrumb":{"@id":"https:\/\/nadal.com\/es\/aviso-legal\/#breadcrumb"},"inLanguage":"es","potentialAction":[{"@type":"ReadAction","target":["https:\/\/nadal.com\/es\/aviso-legal\/"]}]},{"@type":"BreadcrumbList","@id":"https:\/\/nadal.com\/es\/aviso-legal\/#breadcrumb","itemListElement":[{"@type":"ListItem","position":1,"name":"Inici","item":"https:\/\/nadal.com\/es\/"},{"@type":"ListItem","position":2,"name":"Aviso legal"}]},{"@type":"WebSite","@id":"https:\/\/nadal.com\/es\/#website","url":"https:\/\/nadal.com\/es\/","name":"Nadal","description":"Desde 1943","potentialAction":[{"@type":"SearchAction","target":{"@type":"EntryPoint","urlTemplate":"https:\/\/nadal.com\/es\/?s={search_term_string}"},"query-input":{"@type":"PropertyValueSpecification","valueRequired":true,"valueName":"search_term_string"}}],"inLanguage":"es"}]}},"_links":{"self":[{"href":"https:\/\/nadal.com\/es\/wp-json\/wp\/v2\/pages\/2401","targetHints":{"allow":["GET"]}}],"collection":[{"href":"https:\/\/nadal.com\/es\/wp-json\/wp\/v2\/pages"}],"about":[{"href":"https:\/\/nadal.com\/es\/wp-json\/wp\/v2\/types\/page"}],"author":[{"embeddable":true,"href":"https:\/\/nadal.com\/es\/wp-json\/wp\/v2\/users\/1"}],"replies":[{"embeddable":true,"href":"https:\/\/nadal.com\/es\/wp-json\/wp\/v2\/comments?post=2401"}],"version-history":[{"count":4,"href":"https:\/\/nadal.com\/es\/wp-json\/wp\/v2\/pages\/2401\/revisions"}],"predecessor-version":[{"id":26450,"href":"https:\/\/nadal.com\/es\/wp-json\/wp\/v2\/pages\/2401\/revisions\/26450"}],"wp:attachment":[{"href":"https:\/\/nadal.com\/es\/wp-json\/wp\/v2\/media?parent=2401"}],"curies":[{"name":"wp","href":"https:\/\/api.w.org\/{rel}","templated":true}]}}