{"id":2390,"date":"2019-10-26T13:55:37","date_gmt":"2019-10-26T11:55:37","guid":{"rendered":"http:\/\/mjsffbz.cluster028.hosting.ovh.net\/politica-de-privacidad\/"},"modified":"2024-06-17T11:54:52","modified_gmt":"2024-06-17T09:54:52","slug":"politica-de-privacidad","status":"publish","type":"page","link":"https:\/\/nadal.com\/es\/politica-de-privacidad\/","title":{"rendered":"Pol\u00edtica de privacidad"},"content":{"rendered":"<p>[vc_row][vc_column][vc_column_text]<\/p>\n<div class=\"et_pb_row et_pb_row_0\">\n<div class=\"et_pb_column et_pb_column_4_4 et_pb_column_0 et_pb_css_mix_blend_mode_passthrough et-last-child\">\n<div class=\"et_pb_module et_pb_text et_pb_text_0 et_pb_bg_layout_light et_pb_text_align_left\">\n<div class=\"et_pb_text_inner\">\n<p>Identidad: NADICOM SLU<\/p>\n<p>CIF: B60309689<\/p>\n<p>Dir. postal: 08775<\/p>\n<p>Tel\u00e9fono: 938988011<\/p>\n<p>Correo electr\u00f3nico:\u00a0 dades@nadal.com<\/p>\n<p><strong><u>\u00a0<\/u><\/strong><\/p>\n<ol>\n<li><strong><u>INFORMACI\u00d3N Y CONSENTIMIENTO.\u00a0<\/u><\/strong><\/li>\n<\/ol>\n<p>&nbsp;<\/p>\n<p>Mediante la aceptaci\u00f3n de la presente Pol\u00edtica de Privacidad, el Usuario queda informado y presta su consentimiento libre, informado, espec\u00edfico e inequ\u00edvoco para que los datos personales que facilite a trav\u00e9s de la p\u00e1gina Web ubicada en la URL\u00a0<a href=\"https:\/\/www.nadal.com\">www.nadal.com<\/a>\u00a0(en adelante, el \u201cSitio Web\u201d) sean tratados por NADICOM SLU.<\/p>\n<p>&nbsp;<\/p>\n<ol start=\"2\">\n<li><strong><u>OBLIGATORIEDAD DE FACILITAR LOS DATOS.<\/u><\/strong><\/li>\n<\/ol>\n<p>&nbsp;<\/p>\n<p>Los datos solicitados en los formularios de la Web son con car\u00e1cter general, obligatorios (salvo que en el campo requerido se especifique lo contrario) para cumplir con las finalidades establecidas. Por lo tanto, si no se facilitan los mismos o no se facilitan correctamente no podr\u00e1n atenderse las mismas, sin perjuicio de que podr\u00e1 visualizar libremente el contenido del Sitio Web.<\/p>\n<ol start=\"3\">\n<li><strong><u>\u00bfCON QU\u00c9 FINALIDAD TRATAR\u00c1 NADICOM SLU LOS DATOS PERSONALES DEL USUARIO Y DURANTE CU\u00c1NTO TIEMPO?<\/u><\/strong><\/li>\n<\/ol>\n<p>&nbsp;<\/p>\n<p>Los datos personales facilitados a trav\u00e9s del Sitio Web ser\u00e1n tratados por NADICOM SLU \u00a0conforme a las siguientes finalidades:<\/p>\n<ul>\n<li>Gestionar, tramitar y dar respuesta a peticiones, solicitudes, incidencias o consultas del Usuario, cuando este facilite sus datos a trav\u00e9s del formulario \u201cContacto\u201d. Los datos del Usuario ser\u00e1n conservados con ese fin hasta que \u00e9ste se oponga o revoque su consentimiento.<\/li>\n<li>Remitir peri\u00f3dicamente a los Usuarios, incluso por medios electr\u00f3nicos, comunicaciones comerciales, relacionadas con productos, servicios, promociones, ofertas, eventos o noticias que puedan resultar de su inter\u00e9s, si el Usuario da su consentimiento marcando la casilla de verificaci\u00f3n correspondiente, o en su caso, se oponga o revoque su consentimiento.<\/li>\n<li>Mantener informado al Usuario sobre las novedades de NADICOM SLU en sus perfiles en las Redes Sociales, si el Usuario se hace seguidor de NADICOM SLU en sus perfiles. El Usuario que no desee seguir recibiendo comunicaciones comerciales sobre NADICOM SLU en las Redes Sociales debe dejar de seguir sus perfiles.<\/li>\n<\/ul>\n<ol start=\"4\">\n<li><strong><u>\u00bfQU\u00c9 DATOS DEL USUARIO TRATAR\u00c1 NADICOM SLU?<\/u><\/strong><\/li>\n<\/ol>\n<p><em>\u00a0<\/em><\/p>\n<p><em>NADICOM SLU<\/em> tratar\u00e1 las siguientes categor\u00edas de datos del Usuario:<\/p>\n<ul>\n<li>Datos identificativos: nombre y apellidos.<\/li>\n<li>Datos de contacto: direcci\u00f3n postal, direcci\u00f3n de correo electr\u00f3nico y tel\u00e9fono.<\/li>\n<\/ul>\n<p>&nbsp;<\/p>\n<ol start=\"5\">\n<li><strong><u>\u00bfCU\u00c1L ES LA LEGITIMACI\u00d3N DEL TRATAMIENTO DE LOS DATOS DEL USUARIO?<\/u><\/strong><\/li>\n<\/ol>\n<p>&nbsp;<\/p>\n<p>El tratamiento de los datos del Usuario por parte de <em>NADICOM SLU<\/em> est\u00e1 basado en el consentimiento que se le solicita y que puede retirar en cualquier momento. No obstante, en caso de retirar su consentimiento, ello no afectar\u00e1 a la licitud de los tratamientos efectuados con anterioridad.<\/p>\n<p>Los consentimientos obtenidos para las finalidades mencionadas son independientes por lo que el Usuario podr\u00e1 revocar solo uno de ellos no afectando a los dem\u00e1s.<\/p>\n<p>&nbsp;<\/p>\n<ol start=\"6\">\n<li><strong><u>\u00bfA QU\u00c9 DESTINATARIOS SE COMUNICAR\u00c1N LOS DATOS DEL USUARIO?\u00a0<\/u><\/strong><\/li>\n<\/ol>\n<p>&nbsp;<\/p>\n<p>&nbsp;<\/p>\n<p>Los datos no se ceder\u00e1n a terceros salvo en los casos en que exista una obligaci\u00f3n legal.<\/p>\n<p>&nbsp;<\/p>\n<p>Los datos del Usuario podr\u00e1n ser comunicados a otras empresas del grupo Nadal que prestan sus servicios en diferentes \u00e1reas de negocio, con la finalidad de que sean tratados por \u00e9stas para remitirte comunicaciones comerciales, incluso por medios electr\u00f3nicos, sobre productos y servicios que puedan resultar de su inter\u00e9s, si nos autoriza marcando la casilla habilitada al efecto en los formularios de la p\u00e1gina Web.<\/p>\n<p>&nbsp;<\/p>\n<p>&nbsp;<\/p>\n<ol start=\"7\">\n<li><strong><u>RESPONSABILIDAD DEL USUARIO.<\/u><\/strong><\/li>\n<\/ol>\n<p>&nbsp;<\/p>\n<p>El Usuario:<\/p>\n<ul>\n<li>Garantiza que los datos que facilita a <em>NADICOM SLU<\/em> son verdaderos, exactos, completos y actualizados. A estos efectos, el Usuario responde de la veracidad de todos los datos que comunique y mantendr\u00e1 convenientemente actualizada la informaci\u00f3n facilitada, de tal forma que responda a su situaci\u00f3n real.<\/li>\n<li>Ser\u00e1 responsable de las informaciones falsas o inexactas que proporcione a trav\u00e9s del Sitio Web y de los da\u00f1os y perjuicios, directos o indirectos, que ello cause a <em>NADICOM SLU<\/em> o a terceros.<\/li>\n<\/ul>\n<p>&nbsp;<\/p>\n<p>&nbsp;<\/p>\n<p>&nbsp;<\/p>\n<ol start=\"8\">\n<li><strong><u>COMUNICACIONES COMERCIALES Y PROMOCIONALES.<\/u><\/strong><\/li>\n<\/ol>\n<p><strong><u>\u00a0<\/u><\/strong><\/p>\n<p>Una de las finalidades para las que <em>NADICOM SLU<\/em> trata los datos personales proporcionados por parte de los Usuarios es para remitirles comunicaciones electr\u00f3nicas con informaci\u00f3n relativa a productos, servicios, promociones, ofertas, eventos o noticias relevantes para los Usuarios. Siempre que se realice alguna comunicaci\u00f3n de este tipo, \u00e9sta ser\u00e1 dirigida \u00fanica y exclusivamente a aquellos Usuarios que hubieran dado previamente su consentimiento para la recepci\u00f3n de las mismas.<\/p>\n<p>En caso de que el Usuario desee dejar de recibir comunicaciones comerciales o promocionales por parte de <em>NADICOM SLU<\/em> puede solicitar la baja del servicio enviando un email a la siguiente direcci\u00f3n de correo electr\u00f3nico:\u00a0<a href=\"mailto:dades@nadal.com\">dades@nadal.com<\/a><\/p>\n<ol start=\"9\">\n<li><strong><u>EJERCICIO DE DERECHOS.<\/u><\/strong><\/li>\n<\/ol>\n<p>&nbsp;<\/p>\n<p>El Usuario puede enviar un escrito a <em>NADICOM SLU<\/em> con la Referencia \u201cProtecci\u00f3n de Datos\u201d a la direcci\u00f3n de correo electr\u00f3nico dades@nadal.com , adjuntando fotocopia de su documento de identidad, en cualquier momento y de manera gratuita, para:<\/p>\n<ul>\n<li>Revocar los consentimientos otorgados.<\/li>\n<li>Obtener confirmaci\u00f3n acerca de si en <em>NADICOM SLU<\/em> se est\u00e1n tratando datos personales que conciernen al Usuario o no.<\/li>\n<li>Acceder a sus datos personales.<\/li>\n<li>Rectificar los datos inexactos o incompletos.<\/li>\n<li>Solicitar la supresi\u00f3n de sus datos cuando, entre otros motivos, los datos ya no sean necesarios para los fines que fueron recogidos.<\/li>\n<li>Obtener de <em>NADICOM SLU<\/em> la limitaci\u00f3n del tratamiento de los datos cuando se cumpla alguna de las condiciones previstas en la normativa de protecci\u00f3n de datos.<\/li>\n<li>Solicitar la portabilidad de sus datos.<\/li>\n<li>Reclamar ante la Agencia Espa\u00f1ola de Protecci\u00f3n de Datos (http:\/\/www.agpd.es), a trav\u00e9s de la siguiente direcci\u00f3n: Agencia Espa\u00f1ola de Protecci\u00f3n de Datos, C\/ Jorge Juan, 6, 28001-Madrid, cuando el interesado considere que <em>NADICOM SLU<\/em> ha vulnerado los derechos que le son reconocidos por la normativa aplicable en protecci\u00f3n de datos.<\/li>\n<\/ul>\n<p>&nbsp;<\/p>\n<p>&nbsp;<\/p>\n<ol start=\"10\">\n<li><strong><u>MEDIDAS DE SEGURIDAD.<\/u><\/strong><\/li>\n<\/ol>\n<p><em>\u00a0<\/em><\/p>\n<p><em>NADICOM SLU<\/em> tratar\u00e1 los datos del Usuario en todo momento de forma absolutamente confidencial y guardando el preceptivo deber de secreto respecto de los mismos, de conformidad con lo previsto en la normativa de aplicaci\u00f3n, adoptando al efecto las medidas de \u00edndole t\u00e9cnica y organizativas necesarias que garanticen la seguridad de sus datos y eviten su alteraci\u00f3n, p\u00e9rdida, tratamiento o acceso no autorizado, habida cuenta del estado de la tecnolog\u00eda, la naturaleza de los datos almacenados y los riesgos a que est\u00e1n expuestos.<\/p>\n<\/div>\n<\/div>\n<\/div>\n<\/div>\n<p>[\/vc_column_text][\/vc_column][\/vc_row]<\/p>\n","protected":false},"excerpt":{"rendered":"<p>[vc_row][vc_column][vc_column_text] Identidad: NADICOM SLU CIF: B60309689 Dir. postal: 08775 Tel\u00e9fono: 938988011 Correo electr\u00f3nico:\u00a0 dades@nadal.com \u00a0 INFORMACI\u00d3N Y CONSENTIMIENTO.\u00a0 &nbsp; Mediante la aceptaci\u00f3n de la presente Pol\u00edtica de Privacidad, el Usuario&hellip;<\/p>\n","protected":false},"author":1,"featured_media":0,"parent":0,"menu_order":0,"comment_status":"closed","ping_status":"closed","template":"","meta":{"_acf_changed":false,"footnotes":""},"class_list":["post-2390","page","type-page","status-publish","hentry"],"acf":[],"yoast_head":"<!-- This site is optimized with the Yoast SEO plugin v26.6 - https:\/\/yoast.com\/wordpress\/plugins\/seo\/ -->\n<title>Pol\u00edtica de privacidad - Nadal - Desde 1943<\/title>\n<meta name=\"description\" content=\"Consulta nuestra pol\u00edtica de privacidad para saber c\u00f3mo protegemos y gestionamos tus datos personales con seguridad y transparencia en nuestra tienda online.\" \/>\n<meta name=\"robots\" content=\"index, nofollow, max-snippet:-1, max-image-preview:large, max-video-preview:-1\" \/>\n<link rel=\"canonical\" href=\"https:\/\/nadal.com\/es\/politica-de-privacidad\/\" \/>\n<meta property=\"og:locale\" content=\"es_ES\" \/>\n<meta property=\"og:type\" content=\"article\" \/>\n<meta property=\"og:title\" content=\"Pol\u00edtica de privacidad - Nadal - Desde 1943\" \/>\n<meta property=\"og:description\" content=\"Consulta nuestra pol\u00edtica de privacidad para saber c\u00f3mo protegemos y gestionamos tus datos personales con seguridad y transparencia en nuestra tienda online.\" \/>\n<meta property=\"og:url\" content=\"https:\/\/nadal.com\/es\/politica-de-privacidad\/\" \/>\n<meta property=\"og:site_name\" content=\"Nadal\" \/>\n<meta property=\"article:modified_time\" content=\"2024-06-17T09:54:52+00:00\" \/>\n<meta name=\"twitter:card\" content=\"summary_large_image\" \/>\n<meta name=\"twitter:label1\" content=\"Tiempo de lectura\" \/>\n\t<meta name=\"twitter:data1\" content=\"6 minutos\" \/>\n<script type=\"application\/ld+json\" class=\"yoast-schema-graph\">{\"@context\":\"https:\/\/schema.org\",\"@graph\":[{\"@type\":\"WebPage\",\"@id\":\"https:\/\/nadal.com\/es\/politica-de-privacidad\/\",\"url\":\"https:\/\/nadal.com\/es\/politica-de-privacidad\/\",\"name\":\"Pol\u00edtica de privacidad - Nadal - Desde 1943\",\"isPartOf\":{\"@id\":\"https:\/\/nadal.com\/es\/#website\"},\"datePublished\":\"2019-10-26T11:55:37+00:00\",\"dateModified\":\"2024-06-17T09:54:52+00:00\",\"description\":\"Consulta nuestra pol\u00edtica de privacidad para saber c\u00f3mo protegemos y gestionamos tus datos personales con seguridad y transparencia en nuestra tienda online.\",\"breadcrumb\":{\"@id\":\"https:\/\/nadal.com\/es\/politica-de-privacidad\/#breadcrumb\"},\"inLanguage\":\"es\",\"potentialAction\":[{\"@type\":\"ReadAction\",\"target\":[\"https:\/\/nadal.com\/es\/politica-de-privacidad\/\"]}]},{\"@type\":\"BreadcrumbList\",\"@id\":\"https:\/\/nadal.com\/es\/politica-de-privacidad\/#breadcrumb\",\"itemListElement\":[{\"@type\":\"ListItem\",\"position\":1,\"name\":\"Inici\",\"item\":\"https:\/\/nadal.com\/es\/\"},{\"@type\":\"ListItem\",\"position\":2,\"name\":\"Pol\u00edtica de privacidad\"}]},{\"@type\":\"WebSite\",\"@id\":\"https:\/\/nadal.com\/es\/#website\",\"url\":\"https:\/\/nadal.com\/es\/\",\"name\":\"Nadal\",\"description\":\"Desde 1943\",\"potentialAction\":[{\"@type\":\"SearchAction\",\"target\":{\"@type\":\"EntryPoint\",\"urlTemplate\":\"https:\/\/nadal.com\/es\/?s={search_term_string}\"},\"query-input\":{\"@type\":\"PropertyValueSpecification\",\"valueRequired\":true,\"valueName\":\"search_term_string\"}}],\"inLanguage\":\"es\"}]}<\/script>\n<!-- \/ Yoast SEO plugin. -->","yoast_head_json":{"title":"Pol\u00edtica de privacidad - Nadal - Desde 1943","description":"Consulta nuestra pol\u00edtica de privacidad para saber c\u00f3mo protegemos y gestionamos tus datos personales con seguridad y transparencia en nuestra tienda online.","robots":{"index":"index","follow":"nofollow","max-snippet":"max-snippet:-1","max-image-preview":"max-image-preview:large","max-video-preview":"max-video-preview:-1"},"canonical":"https:\/\/nadal.com\/es\/politica-de-privacidad\/","og_locale":"es_ES","og_type":"article","og_title":"Pol\u00edtica de privacidad - Nadal - Desde 1943","og_description":"Consulta nuestra pol\u00edtica de privacidad para saber c\u00f3mo protegemos y gestionamos tus datos personales con seguridad y transparencia en nuestra tienda online.","og_url":"https:\/\/nadal.com\/es\/politica-de-privacidad\/","og_site_name":"Nadal","article_modified_time":"2024-06-17T09:54:52+00:00","twitter_card":"summary_large_image","twitter_misc":{"Tiempo de lectura":"6 minutos"},"schema":{"@context":"https:\/\/schema.org","@graph":[{"@type":"WebPage","@id":"https:\/\/nadal.com\/es\/politica-de-privacidad\/","url":"https:\/\/nadal.com\/es\/politica-de-privacidad\/","name":"Pol\u00edtica de privacidad - Nadal - Desde 1943","isPartOf":{"@id":"https:\/\/nadal.com\/es\/#website"},"datePublished":"2019-10-26T11:55:37+00:00","dateModified":"2024-06-17T09:54:52+00:00","description":"Consulta nuestra pol\u00edtica de privacidad para saber c\u00f3mo protegemos y gestionamos tus datos personales con seguridad y transparencia en nuestra tienda online.","breadcrumb":{"@id":"https:\/\/nadal.com\/es\/politica-de-privacidad\/#breadcrumb"},"inLanguage":"es","potentialAction":[{"@type":"ReadAction","target":["https:\/\/nadal.com\/es\/politica-de-privacidad\/"]}]},{"@type":"BreadcrumbList","@id":"https:\/\/nadal.com\/es\/politica-de-privacidad\/#breadcrumb","itemListElement":[{"@type":"ListItem","position":1,"name":"Inici","item":"https:\/\/nadal.com\/es\/"},{"@type":"ListItem","position":2,"name":"Pol\u00edtica de privacidad"}]},{"@type":"WebSite","@id":"https:\/\/nadal.com\/es\/#website","url":"https:\/\/nadal.com\/es\/","name":"Nadal","description":"Desde 1943","potentialAction":[{"@type":"SearchAction","target":{"@type":"EntryPoint","urlTemplate":"https:\/\/nadal.com\/es\/?s={search_term_string}"},"query-input":{"@type":"PropertyValueSpecification","valueRequired":true,"valueName":"search_term_string"}}],"inLanguage":"es"}]}},"_links":{"self":[{"href":"https:\/\/nadal.com\/es\/wp-json\/wp\/v2\/pages\/2390","targetHints":{"allow":["GET"]}}],"collection":[{"href":"https:\/\/nadal.com\/es\/wp-json\/wp\/v2\/pages"}],"about":[{"href":"https:\/\/nadal.com\/es\/wp-json\/wp\/v2\/types\/page"}],"author":[{"embeddable":true,"href":"https:\/\/nadal.com\/es\/wp-json\/wp\/v2\/users\/1"}],"replies":[{"embeddable":true,"href":"https:\/\/nadal.com\/es\/wp-json\/wp\/v2\/comments?post=2390"}],"version-history":[{"count":5,"href":"https:\/\/nadal.com\/es\/wp-json\/wp\/v2\/pages\/2390\/revisions"}],"predecessor-version":[{"id":25062,"href":"https:\/\/nadal.com\/es\/wp-json\/wp\/v2\/pages\/2390\/revisions\/25062"}],"wp:attachment":[{"href":"https:\/\/nadal.com\/es\/wp-json\/wp\/v2\/media?parent=2390"}],"curies":[{"name":"wp","href":"https:\/\/api.w.org\/{rel}","templated":true}]}}