{"id":23636,"date":"2023-11-23T12:15:49","date_gmt":"2023-11-23T11:15:49","guid":{"rendered":"https:\/\/nadal.com\/?page_id=23636"},"modified":"2024-06-10T10:18:26","modified_gmt":"2024-06-10T08:18:26","slug":"vinos-dulces-de-botrytis","status":"publish","type":"page","link":"https:\/\/nadal.com\/es\/vinos-dulces-de-botrytis\/","title":{"rendered":"Vinos Dulces de Botrytis"},"content":{"rendered":"<p>[vc_row][vc_column][vc_column_text]<\/p>\n<h2 style=\"text-align: center;\">Nadal 1510<\/h2>\n<p>[\/vc_column_text][vc_column_text]<\/p>\n<p style=\"text-align: center;\">La perfecci\u00f3n l\u00edquida.<\/p>\n<p>[\/vc_column_text][vc_column_text]<div class=\"konte-product-grid konte-products\"><div class=\"konte-product-grid konte-products\"><div class=\"woocommerce columns-4 \"><ul class=\"products hover-other_image columns-4\"><\/ul><\/div><\/div><\/div>[\/vc_column_text][vc_column_text]<div class=\"konte-product-grid konte-products\"><div class=\"konte-product-grid konte-products\"><div class=\"woocommerce columns-4 \"><ul class=\"products hover-other_image columns-4\"><\/ul><\/div><\/div><\/div>[\/vc_column_text][vc_empty_space height=\u00bb100px\u00bb][vc_column_text]<\/p>\n<p style=\"text-align: center;\"><strong>De cepas viejas de la variedad macabeo<\/strong> de la vi\u00f1a L\u2019Anterina, <strong>obtenemos unos vinos de vendimia tard\u00eda extraordinariamente dulces<\/strong> fruto de la sobremaduraci\u00f3n de la uva por el efecto del hongo <strong>Botrytis<\/strong>. Esta concentraci\u00f3n natural de az\u00facar nos da unos vinos con una personalidad \u00fanica y capaces de sorprender al comensal acompa\u00f1ando aperitivos singulares como pueden ser las ostras, el foie gras o los quesos azules.<\/p>\n<p>[\/vc_column_text][vc_empty_space height=\u00bb100px\u00bb][\/vc_column][\/vc_row]<\/p>\n","protected":false},"excerpt":{"rendered":"<p>[vc_row][vc_column][vc_column_text] Nadal 1510 [\/vc_column_text][vc_column_text] La perfecci\u00f3n l\u00edquida. [\/vc_column_text][vc_column_text][\/vc_column_text][vc_column_text][\/vc_column_text][vc_empty_space height=\u00bb100px\u00bb][vc_column_text] De cepas viejas de la variedad macabeo de la vi\u00f1a L\u2019Anterina, obtenemos unos vinos de vendimia tard\u00eda extraordinariamente dulces fruto de&hellip;<\/p>\n","protected":false},"author":1,"featured_media":0,"parent":0,"menu_order":0,"comment_status":"closed","ping_status":"closed","template":"templates\/large-container.php","meta":{"_acf_changed":false,"footnotes":""},"class_list":["post-23636","page","type-page","status-publish","hentry"],"acf":[],"yoast_head":"<!-- This site is optimized with the Yoast SEO plugin v26.6 - https:\/\/yoast.com\/wordpress\/plugins\/seo\/ -->\n<title>Vino Dulce de Botrytis - Pened\u00e8s - Cavas Nadal<\/title>\n<meta name=\"description\" content=\"El primer vino dulce de Botrytis natural elaborado en Espa\u00f1a fruto del macabeu de la parcela La Segarra, plantada el a\u00f1o 1968.\" \/>\n<meta name=\"robots\" content=\"index, follow, max-snippet:-1, max-image-preview:large, max-video-preview:-1\" \/>\n<link rel=\"canonical\" href=\"https:\/\/nadal.com\/es\/vinos-dulces-de-botrytis\/\" \/>\n<meta property=\"og:locale\" content=\"es_ES\" \/>\n<meta property=\"og:type\" content=\"article\" \/>\n<meta property=\"og:title\" content=\"Vino Dulce de Botrytis - Pened\u00e8s - Cavas Nadal\" \/>\n<meta property=\"og:description\" content=\"El primer vino dulce de Botrytis natural elaborado en Espa\u00f1a fruto del macabeu de la parcela La Segarra, plantada el a\u00f1o 1968.\" \/>\n<meta property=\"og:url\" content=\"https:\/\/nadal.com\/es\/vinos-dulces-de-botrytis\/\" \/>\n<meta property=\"og:site_name\" content=\"Nadal\" \/>\n<meta property=\"article:modified_time\" content=\"2024-06-10T08:18:26+00:00\" \/>\n<meta name=\"twitter:card\" content=\"summary_large_image\" \/>\n<meta name=\"twitter:label1\" content=\"Tiempo de lectura\" \/>\n\t<meta name=\"twitter:data1\" content=\"1 minuto\" \/>\n<script type=\"application\/ld+json\" class=\"yoast-schema-graph\">{\"@context\":\"https:\/\/schema.org\",\"@graph\":[{\"@type\":\"WebPage\",\"@id\":\"https:\/\/nadal.com\/es\/vinos-dulces-de-botrytis\/\",\"url\":\"https:\/\/nadal.com\/es\/vinos-dulces-de-botrytis\/\",\"name\":\"Vino Dulce de Botrytis - Pened\u00e8s - Cavas Nadal\",\"isPartOf\":{\"@id\":\"https:\/\/nadal.com\/es\/#website\"},\"datePublished\":\"2023-11-23T11:15:49+00:00\",\"dateModified\":\"2024-06-10T08:18:26+00:00\",\"description\":\"El primer vino dulce de Botrytis natural elaborado en Espa\u00f1a fruto del macabeu de la parcela La Segarra, plantada el a\u00f1o 1968.\",\"breadcrumb\":{\"@id\":\"https:\/\/nadal.com\/es\/vinos-dulces-de-botrytis\/#breadcrumb\"},\"inLanguage\":\"es\",\"potentialAction\":[{\"@type\":\"ReadAction\",\"target\":[\"https:\/\/nadal.com\/es\/vinos-dulces-de-botrytis\/\"]}]},{\"@type\":\"BreadcrumbList\",\"@id\":\"https:\/\/nadal.com\/es\/vinos-dulces-de-botrytis\/#breadcrumb\",\"itemListElement\":[{\"@type\":\"ListItem\",\"position\":1,\"name\":\"Inici\",\"item\":\"https:\/\/nadal.com\/es\/\"},{\"@type\":\"ListItem\",\"position\":2,\"name\":\"Vinos Dulces de Botrytis\"}]},{\"@type\":\"WebSite\",\"@id\":\"https:\/\/nadal.com\/es\/#website\",\"url\":\"https:\/\/nadal.com\/es\/\",\"name\":\"Nadal\",\"description\":\"Desde 1943\",\"potentialAction\":[{\"@type\":\"SearchAction\",\"target\":{\"@type\":\"EntryPoint\",\"urlTemplate\":\"https:\/\/nadal.com\/es\/?s={search_term_string}\"},\"query-input\":{\"@type\":\"PropertyValueSpecification\",\"valueRequired\":true,\"valueName\":\"search_term_string\"}}],\"inLanguage\":\"es\"}]}<\/script>\n<!-- \/ Yoast SEO plugin. -->","yoast_head_json":{"title":"Vino Dulce de Botrytis - Pened\u00e8s - Cavas Nadal","description":"El primer vino dulce de Botrytis natural elaborado en Espa\u00f1a fruto del macabeu de la parcela La Segarra, plantada el a\u00f1o 1968.","robots":{"index":"index","follow":"follow","max-snippet":"max-snippet:-1","max-image-preview":"max-image-preview:large","max-video-preview":"max-video-preview:-1"},"canonical":"https:\/\/nadal.com\/es\/vinos-dulces-de-botrytis\/","og_locale":"es_ES","og_type":"article","og_title":"Vino Dulce de Botrytis - Pened\u00e8s - Cavas Nadal","og_description":"El primer vino dulce de Botrytis natural elaborado en Espa\u00f1a fruto del macabeu de la parcela La Segarra, plantada el a\u00f1o 1968.","og_url":"https:\/\/nadal.com\/es\/vinos-dulces-de-botrytis\/","og_site_name":"Nadal","article_modified_time":"2024-06-10T08:18:26+00:00","twitter_card":"summary_large_image","twitter_misc":{"Tiempo de lectura":"1 minuto"},"schema":{"@context":"https:\/\/schema.org","@graph":[{"@type":"WebPage","@id":"https:\/\/nadal.com\/es\/vinos-dulces-de-botrytis\/","url":"https:\/\/nadal.com\/es\/vinos-dulces-de-botrytis\/","name":"Vino Dulce de Botrytis - Pened\u00e8s - Cavas Nadal","isPartOf":{"@id":"https:\/\/nadal.com\/es\/#website"},"datePublished":"2023-11-23T11:15:49+00:00","dateModified":"2024-06-10T08:18:26+00:00","description":"El primer vino dulce de Botrytis natural elaborado en Espa\u00f1a fruto del macabeu de la parcela La Segarra, plantada el a\u00f1o 1968.","breadcrumb":{"@id":"https:\/\/nadal.com\/es\/vinos-dulces-de-botrytis\/#breadcrumb"},"inLanguage":"es","potentialAction":[{"@type":"ReadAction","target":["https:\/\/nadal.com\/es\/vinos-dulces-de-botrytis\/"]}]},{"@type":"BreadcrumbList","@id":"https:\/\/nadal.com\/es\/vinos-dulces-de-botrytis\/#breadcrumb","itemListElement":[{"@type":"ListItem","position":1,"name":"Inici","item":"https:\/\/nadal.com\/es\/"},{"@type":"ListItem","position":2,"name":"Vinos Dulces de Botrytis"}]},{"@type":"WebSite","@id":"https:\/\/nadal.com\/es\/#website","url":"https:\/\/nadal.com\/es\/","name":"Nadal","description":"Desde 1943","potentialAction":[{"@type":"SearchAction","target":{"@type":"EntryPoint","urlTemplate":"https:\/\/nadal.com\/es\/?s={search_term_string}"},"query-input":{"@type":"PropertyValueSpecification","valueRequired":true,"valueName":"search_term_string"}}],"inLanguage":"es"}]}},"_links":{"self":[{"href":"https:\/\/nadal.com\/es\/wp-json\/wp\/v2\/pages\/23636","targetHints":{"allow":["GET"]}}],"collection":[{"href":"https:\/\/nadal.com\/es\/wp-json\/wp\/v2\/pages"}],"about":[{"href":"https:\/\/nadal.com\/es\/wp-json\/wp\/v2\/types\/page"}],"author":[{"embeddable":true,"href":"https:\/\/nadal.com\/es\/wp-json\/wp\/v2\/users\/1"}],"replies":[{"embeddable":true,"href":"https:\/\/nadal.com\/es\/wp-json\/wp\/v2\/comments?post=23636"}],"version-history":[{"count":9,"href":"https:\/\/nadal.com\/es\/wp-json\/wp\/v2\/pages\/23636\/revisions"}],"predecessor-version":[{"id":24873,"href":"https:\/\/nadal.com\/es\/wp-json\/wp\/v2\/pages\/23636\/revisions\/24873"}],"wp:attachment":[{"href":"https:\/\/nadal.com\/es\/wp-json\/wp\/v2\/media?parent=23636"}],"curies":[{"name":"wp","href":"https:\/\/api.w.org\/{rel}","templated":true}]}}