{"id":2325,"date":"2019-10-25T19:35:43","date_gmt":"2019-10-25T17:35:43","guid":{"rendered":"http:\/\/mjsffbz.cluster028.hosting.ovh.net\/experiencias\/"},"modified":"2026-02-03T10:39:20","modified_gmt":"2026-02-03T09:39:20","slug":"experiencias-enoturismo","status":"publish","type":"page","link":"https:\/\/nadal.com\/es\/experiencias-enoturismo\/","title":{"rendered":"Experiencias"},"content":{"rendered":"<p>[vc_row][vc_column][vc_column_text]<\/p>\n<p style=\"text-align: center;\">Vive una experiencia aut\u00e9ntica e inolvidable a trav\u00e9s de la amplia oferta de visitas y cata de vinos que organizamos todo el a\u00f1o en la bodega, previa reserva.<\/p>\n<p>[\/vc_column_text][\/vc_column][\/vc_row][vc_row disable_element=\u00bbyes\u00bb][vc_column][vc_column_text]<\/p>\n<p style=\"text-align: center;\">Existe lo que los cl\u00e1sicos llamaban el \u00abd\u00eda logrado\u00bb. A veces, ese d\u00eda se correspond\u00eda con el \u00abd\u00eda perfecto\u00bb, pero no siempre eran intercambiables. Por eso, si a lo que aspiras es a lo primero, ven a vivir una experiencia aut\u00e9ntica e inolvidable a trav\u00e9s de la amplia oferta de visitas y catas que organizamos todo el a\u00f1o en la bodega, previa reserva. En familia, en grupo o a t\u00edtulo individual visita la bodega y la con 75 a\u00f1os de historia, conoce la historia de nuestra bodega, descubre los procesos de elaboraci\u00f3n artesanales y prueba nuestros espumosos y vinos blancos con productos gastron\u00f3micos de proximidad especialmente seleccionados para sorprender a los paladares m\u00e1s imaginativos.<\/p>\n<p>[\/vc_column_text][\/vc_column][\/vc_row][vc_row][vc_column][vc_column_text]<\/p>\n<h2 style=\"text-align: center;\">Visitas y cata de vinos<\/h2>\n<p>[\/vc_column_text][vc_column_text]<div class=\"konte-product-grid konte-products\"><div class=\"konte-product-grid konte-products\"><div class=\"woocommerce columns-4 \"><ul class=\"products hover-other_image columns-4\"><li class=\"product type-product post-2654\"><div class=\"product-inner\"><div class=\"product-thumbnail\"><a href=\"https:\/\/nadal.com\/es\/els-nostres-vins\/experiencias\/enoturismo-visita-con-cata-de-vinos\/\" class=\"woocommerce-LoopProduct-link\"><img decoding=\"async\" width=\"680\" height=\"920\" data-src=\"https:\/\/nadal.com\/wp-content\/uploads\/2019\/09\/470680B0-47EB-4B52-BA95-0E90061F4B3C-680x920.jpeg\" class=\"attachment-woocommerce_thumbnail size-woocommerce_thumbnail wp-post-image lazyload\" alt=\"\" src=\"data:image\/svg+xml;base64,PHN2ZyB3aWR0aD0iMSIgaGVpZ2h0PSIxIiB4bWxucz0iaHR0cDovL3d3dy53My5vcmcvMjAwMC9zdmciPjwvc3ZnPg==\" style=\"--smush-placeholder-width: 680px; --smush-placeholder-aspect-ratio: 680\/920;\" \/><\/a><\/div><div class=\"product-summary\"><h3 class=\"woocommerce-loop-product__title\"><a href=\"https:\/\/nadal.com\/es\/els-nostres-vins\/experiencias\/enoturismo-visita-con-cata-de-vinos\/\">Visita con cata de vinos<\/a><\/h3><span class=\"price\"><span class=\"woocommerce-Price-amount amount\"><bdi>35,00<span class=\"woocommerce-Price-currencySymbol\">&euro;<\/span><\/bdi><\/span><\/span><div class=\"buttons clearfix\"><a href=\"https:\/\/nadal.com\/es\/els-nostres-vins\/experiencias\/enoturismo-visita-con-cata-de-vinos\/\" class=\"button product_type_simple\">M\u00e1s informaci\u00f3n<\/a><\/div><\/div><\/div><\/li><li class=\"product type-product post-18661\"><div class=\"product-inner\"><div class=\"product-thumbnail\"><a href=\"https:\/\/nadal.com\/es\/els-nostres-vins\/experiencias\/visita-con-cata-de-vinos-y-quesos\/\" class=\"woocommerce-LoopProduct-link\"><img decoding=\"async\" width=\"680\" height=\"920\" data-src=\"https:\/\/nadal.com\/wp-content\/uploads\/2019\/09\/A6A130AC-CCC4-433F-AFCE-A27A71434044-680x920.jpeg\" class=\"attachment-woocommerce_thumbnail size-woocommerce_thumbnail wp-post-image lazyload\" alt=\"\" src=\"data:image\/svg+xml;base64,PHN2ZyB3aWR0aD0iMSIgaGVpZ2h0PSIxIiB4bWxucz0iaHR0cDovL3d3dy53My5vcmcvMjAwMC9zdmciPjwvc3ZnPg==\" style=\"--smush-placeholder-width: 680px; --smush-placeholder-aspect-ratio: 680\/920;\" \/><\/a><\/div><div class=\"product-summary\"><h3 class=\"woocommerce-loop-product__title\"><a href=\"https:\/\/nadal.com\/es\/els-nostres-vins\/experiencias\/visita-con-cata-de-vinos-y-quesos\/\">Visita con cata de vinos y quesos<\/a><\/h3><span class=\"price\"><span class=\"woocommerce-Price-amount amount\"><bdi>44,00<span class=\"woocommerce-Price-currencySymbol\">&euro;<\/span><\/bdi><\/span><\/span><div class=\"buttons clearfix\"><a href=\"https:\/\/nadal.com\/es\/els-nostres-vins\/experiencias\/visita-con-cata-de-vinos-y-quesos\/\" class=\"button product_type_simple\">M\u00e1s informaci\u00f3n<\/a><\/div><\/div><\/div><\/li><li class=\"product type-product post-2657\"><div class=\"product-inner\"><div class=\"product-thumbnail\"><a href=\"https:\/\/nadal.com\/es\/els-nostres-vins\/experiencias\/visita-con-cata-de-vinos-y-ibericos\/\" class=\"woocommerce-LoopProduct-link\"><img decoding=\"async\" width=\"680\" height=\"920\" data-src=\"https:\/\/nadal.com\/wp-content\/uploads\/2019\/09\/1C8729EC-01C6-4AE0-BBBC-BD897C460889-680x920.jpeg\" class=\"attachment-woocommerce_thumbnail size-woocommerce_thumbnail wp-post-image lazyload\" alt=\"\" src=\"data:image\/svg+xml;base64,PHN2ZyB3aWR0aD0iMSIgaGVpZ2h0PSIxIiB4bWxucz0iaHR0cDovL3d3dy53My5vcmcvMjAwMC9zdmciPjwvc3ZnPg==\" style=\"--smush-placeholder-width: 680px; --smush-placeholder-aspect-ratio: 680\/920;\" \/><\/a><\/div><div class=\"product-summary\"><h3 class=\"woocommerce-loop-product__title\"><a href=\"https:\/\/nadal.com\/es\/els-nostres-vins\/experiencias\/visita-con-cata-de-vinos-y-ibericos\/\">Visita con cata de vinos y ib\u00e9ricos<\/a><\/h3><span class=\"price\"><span class=\"woocommerce-Price-amount amount\"><bdi>47,00<span class=\"woocommerce-Price-currencySymbol\">&euro;<\/span><\/bdi><\/span><\/span><div class=\"buttons clearfix\"><a href=\"https:\/\/nadal.com\/es\/els-nostres-vins\/experiencias\/visita-con-cata-de-vinos-y-ibericos\/\" class=\"button product_type_simple\">M\u00e1s informaci\u00f3n<\/a><\/div><\/div><\/div><\/li><li class=\"product type-product post-23323\"><div class=\"product-inner\"><div class=\"product-thumbnail\"><a href=\"https:\/\/nadal.com\/es\/els-nostres-vins\/experiencias\/visita-con-cata-de-vinos-y-croquetas\/\" class=\"woocommerce-LoopProduct-link\"><img decoding=\"async\" width=\"680\" height=\"920\" data-src=\"https:\/\/nadal.com\/wp-content\/uploads\/2023\/10\/20220430_103954-680x920.jpg\" class=\"attachment-woocommerce_thumbnail size-woocommerce_thumbnail wp-post-image lazyload\" alt=\"\" src=\"data:image\/svg+xml;base64,PHN2ZyB3aWR0aD0iMSIgaGVpZ2h0PSIxIiB4bWxucz0iaHR0cDovL3d3dy53My5vcmcvMjAwMC9zdmciPjwvc3ZnPg==\" style=\"--smush-placeholder-width: 680px; --smush-placeholder-aspect-ratio: 680\/920;\" \/><\/a><\/div><div class=\"product-summary\"><h3 class=\"woocommerce-loop-product__title\"><a href=\"https:\/\/nadal.com\/es\/els-nostres-vins\/experiencias\/visita-con-cata-de-vinos-y-croquetas\/\">Visita con cata de vinos y croquetas<\/a><\/h3><span class=\"price\"><span class=\"woocommerce-Price-amount amount\"><bdi>47,00<span class=\"woocommerce-Price-currencySymbol\">&euro;<\/span><\/bdi><\/span><\/span><div class=\"buttons clearfix\"><a href=\"https:\/\/nadal.com\/es\/els-nostres-vins\/experiencias\/visita-con-cata-de-vinos-y-croquetas\/\" class=\"button product_type_simple\">M\u00e1s informaci\u00f3n<\/a><\/div><\/div><\/div><\/li><li class=\"product type-product post-22491\"><div class=\"product-inner\"><div class=\"product-thumbnail\"><a href=\"https:\/\/nadal.com\/es\/els-nostres-vins\/experiencias\/visita-con-cata-de-vinos-y-mini-canelones\/\" class=\"woocommerce-LoopProduct-link\"><img decoding=\"async\" width=\"680\" height=\"920\" data-src=\"https:\/\/nadal.com\/wp-content\/uploads\/2022\/10\/LEC_0756-scaled-680x920.jpg\" class=\"attachment-woocommerce_thumbnail size-woocommerce_thumbnail wp-post-image lazyload\" alt=\"\" src=\"data:image\/svg+xml;base64,PHN2ZyB3aWR0aD0iMSIgaGVpZ2h0PSIxIiB4bWxucz0iaHR0cDovL3d3dy53My5vcmcvMjAwMC9zdmciPjwvc3ZnPg==\" style=\"--smush-placeholder-width: 680px; --smush-placeholder-aspect-ratio: 680\/920;\" \/><\/a><\/div><div class=\"product-summary\"><h3 class=\"woocommerce-loop-product__title\"><a href=\"https:\/\/nadal.com\/es\/els-nostres-vins\/experiencias\/visita-con-cata-de-vinos-y-mini-canelones\/\">Visita con cata de vinos y mini canelones<\/a><\/h3><span class=\"price\"><span class=\"woocommerce-Price-amount amount\"><bdi>52,00<span class=\"woocommerce-Price-currencySymbol\">&euro;<\/span><\/bdi><\/span><\/span><div class=\"buttons clearfix\"><a href=\"https:\/\/nadal.com\/es\/els-nostres-vins\/experiencias\/visita-con-cata-de-vinos-y-mini-canelones\/\" class=\"button product_type_simple\">M\u00e1s informaci\u00f3n<\/a><\/div><\/div><\/div><\/li><li class=\"product type-product post-2660\"><div class=\"product-inner\"><div class=\"product-thumbnail\"><a href=\"https:\/\/nadal.com\/es\/els-nostres-vins\/experiencias\/visita-con-cata-de-vinos-y-chocolate\/\" class=\"woocommerce-LoopProduct-link\"><img decoding=\"async\" width=\"680\" height=\"920\" data-src=\"https:\/\/nadal.com\/wp-content\/uploads\/2023\/09\/LEC_1001-Editar-1001x1001-1-680x920.jpg\" class=\"attachment-woocommerce_thumbnail size-woocommerce_thumbnail wp-post-image lazyload\" alt=\"Burbujas y chocolate\" src=\"data:image\/svg+xml;base64,PHN2ZyB3aWR0aD0iMSIgaGVpZ2h0PSIxIiB4bWxucz0iaHR0cDovL3d3dy53My5vcmcvMjAwMC9zdmciPjwvc3ZnPg==\" style=\"--smush-placeholder-width: 680px; --smush-placeholder-aspect-ratio: 680\/920;\" \/><\/a><\/div><div class=\"product-summary\"><h3 class=\"woocommerce-loop-product__title\"><a href=\"https:\/\/nadal.com\/es\/els-nostres-vins\/experiencias\/visita-con-cata-de-vinos-y-chocolate\/\">Visita con cata de vinos y chocolate<\/a><\/h3><span class=\"price\"><span class=\"woocommerce-Price-amount amount\"><bdi>38,00<span class=\"woocommerce-Price-currencySymbol\">&euro;<\/span><\/bdi><\/span><\/span><div class=\"buttons clearfix\"><a href=\"https:\/\/nadal.com\/es\/els-nostres-vins\/experiencias\/visita-con-cata-de-vinos-y-chocolate\/\" class=\"button product_type_simple\">M\u00e1s informaci\u00f3n<\/a><\/div><\/div><\/div><\/li><\/ul><\/div><\/div><\/div>[\/vc_column_text][\/vc_column][\/vc_row][vc_row][vc_column][vc_column_text]<\/p>\n<h2 style=\"text-align: center;\">Pr\u00f3ximos eventos<\/h2>\n<p>[\/vc_column_text][vc_column_text]<div class=\"konte-product-grid konte-products\"><div class=\"konte-product-grid konte-products\"><div class=\"woocommerce columns-4 \"><ul class=\"products hover-other_image columns-4\"><li class=\"product type-product post-26013\"><div class=\"product-inner\"><div class=\"product-thumbnail\"><a href=\"https:\/\/nadal.com\/es\/els-nostres-vins\/eventos\/corpinnateo-plot-twist-espinaler\/\" class=\"woocommerce-LoopProduct-link\"><img decoding=\"async\" width=\"680\" height=\"920\" data-src=\"https:\/\/nadal.com\/wp-content\/uploads\/2026\/03\/corpinnateo-espinaler-DSC02194-680x920.jpeg\" class=\"attachment-woocommerce_thumbnail size-woocommerce_thumbnail wp-post-image lazyload\" alt=\"\" src=\"data:image\/svg+xml;base64,PHN2ZyB3aWR0aD0iMSIgaGVpZ2h0PSIxIiB4bWxucz0iaHR0cDovL3d3dy53My5vcmcvMjAwMC9zdmciPjwvc3ZnPg==\" style=\"--smush-placeholder-width: 680px; --smush-placeholder-aspect-ratio: 680\/920;\" \/><\/a><\/div><div class=\"product-summary\"><h3 class=\"woocommerce-loop-product__title\"><a href=\"https:\/\/nadal.com\/es\/els-nostres-vins\/eventos\/corpinnateo-plot-twist-espinaler\/\">Corpinnateo Plot Twist & Espinaler<\/a><\/h3><span class=\"date\">18\/04\/2026 11:30<\/span><span class=\"price\"><span class=\"woocommerce-Price-amount amount\"><bdi>22,00<span class=\"woocommerce-Price-currencySymbol\">&euro;<\/span><\/bdi><\/span><\/span><div class=\"buttons clearfix\"><a href=\"https:\/\/nadal.com\/es\/els-nostres-vins\/eventos\/corpinnateo-plot-twist-espinaler\/\" class=\"button product_type_simple\">M\u00e1s informaci\u00f3n<\/a><\/div><\/div><\/div><\/li><li class=\"product type-product post-23272\"><div class=\"product-inner\"><div class=\"product-thumbnail\"><a href=\"https:\/\/nadal.com\/es\/els-nostres-vins\/eventos\/tardeo-salvatge\/\" class=\"woocommerce-LoopProduct-link\"><img decoding=\"async\" width=\"680\" height=\"920\" data-src=\"https:\/\/nadal.com\/wp-content\/uploads\/2024\/10\/CavesNadal24052025-08-680x920.jpg\" class=\"attachment-woocommerce_thumbnail size-woocommerce_thumbnail wp-post-image lazyload\" alt=\"\" src=\"data:image\/svg+xml;base64,PHN2ZyB3aWR0aD0iMSIgaGVpZ2h0PSIxIiB4bWxucz0iaHR0cDovL3d3dy53My5vcmcvMjAwMC9zdmciPjwvc3ZnPg==\" style=\"--smush-placeholder-width: 680px; --smush-placeholder-aspect-ratio: 680\/920;\" \/><\/a><\/div><div class=\"product-summary\"><h3 class=\"woocommerce-loop-product__title\"><a href=\"https:\/\/nadal.com\/es\/els-nostres-vins\/eventos\/tardeo-salvatge\/\">Tardeo Salvatge<\/a><\/h3><span class=\"date\">30\/05\/2026 18:30<\/span><span class=\"price\"><ins><span class=\"woocommerce-Price-amount amount\"><bdi>38,00<span class=\"woocommerce-Price-currencySymbol\">&euro;<\/span><\/bdi><\/span><\/ins> <del><span class=\"woocommerce-Price-amount amount\"><bdi>45,00<span class=\"woocommerce-Price-currencySymbol\">&euro;<\/span><\/bdi><\/span><\/del><\/span><div class=\"buttons clearfix\"><a href=\"https:\/\/nadal.com\/es\/els-nostres-vins\/eventos\/tardeo-salvatge\/\" class=\"button product_type_simple\">M\u00e1s informaci\u00f3n<\/a><\/div><\/div><\/div><\/li><\/ul><\/div><\/div><\/div>[\/vc_column_text][\/vc_column][\/vc_row][vc_row][vc_column][vc_column_text]<\/p>\n<h2 style=\"text-align: center;\">Actividades Enoturismo<\/h2>\n<p>[\/vc_column_text][vc_column_text]<div class=\"konte-product-grid konte-products\"><div class=\"konte-product-grid konte-products\"><div class=\"woocommerce columns-4 \"><ul class=\"products hover-other_image columns-4\"><li class=\"product type-product post-23200\"><div class=\"product-inner\"><div class=\"product-thumbnail\"><a href=\"https:\/\/nadal.com\/es\/els-nostres-vins\/experiencias\/actividades-enoturismo\/una-cena-de-pelicula-entre-vinedos\/\" class=\"woocommerce-LoopProduct-link\"><img decoding=\"async\" width=\"680\" height=\"920\" data-src=\"https:\/\/nadal.com\/wp-content\/uploads\/2023\/07\/LEC_8266-1001x1001-2-680x920.jpg\" class=\"attachment-woocommerce_thumbnail size-woocommerce_thumbnail wp-post-image lazyload\" alt=\"Cena tem\u00e1tica entre vi\u00f1edos\" src=\"data:image\/svg+xml;base64,PHN2ZyB3aWR0aD0iMSIgaGVpZ2h0PSIxIiB4bWxucz0iaHR0cDovL3d3dy53My5vcmcvMjAwMC9zdmciPjwvc3ZnPg==\" style=\"--smush-placeholder-width: 680px; --smush-placeholder-aspect-ratio: 680\/920;\" \/><\/a><\/div><div class=\"product-summary\"><h3 class=\"woocommerce-loop-product__title\"><a href=\"https:\/\/nadal.com\/es\/els-nostres-vins\/experiencias\/actividades-enoturismo\/una-cena-de-pelicula-entre-vinedos\/\">Una cena de pel\u00edcula entre vi\u00f1edos<\/a><\/h3><div class=\"buttons clearfix\"><a href=\"https:\/\/nadal.com\/es\/els-nostres-vins\/experiencias\/actividades-enoturismo\/una-cena-de-pelicula-entre-vinedos\/\" class=\"button product_type_simple\">M\u00e1s informaci\u00f3n<\/a><\/div><\/div><\/div><\/li><\/ul><\/div><\/div><\/div>[\/vc_column_text][\/vc_column][\/vc_row][vc_row][vc_column][vc_column_text]<\/p>\n<h2 style=\"text-align: center;\">\u00c1rea de autocaravanas<\/h2>\n<p>[\/vc_column_text][vc_column_text]<div class=\"konte-product-grid konte-products\"><div class=\"konte-product-grid konte-products\"><div class=\"woocommerce columns-4 \"><ul class=\"products hover-other_image columns-4\"><li class=\"product type-product post-12863\"><div class=\"product-inner\"><div class=\"product-thumbnail\"><a href=\"https:\/\/nadal.com\/es\/els-nostres-vins\/autocaravanas\/area-de-autocaravanas\/\" class=\"woocommerce-LoopProduct-link\"><img decoding=\"async\" width=\"680\" height=\"920\" data-src=\"https:\/\/nadal.com\/wp-content\/uploads\/2020\/10\/IMG_3638-2-680x920.jpg\" class=\"attachment-woocommerce_thumbnail size-woocommerce_thumbnail wp-post-image lazyload\" alt=\"Ven con caravana a Caves Nadal\" src=\"data:image\/svg+xml;base64,PHN2ZyB3aWR0aD0iMSIgaGVpZ2h0PSIxIiB4bWxucz0iaHR0cDovL3d3dy53My5vcmcvMjAwMC9zdmciPjwvc3ZnPg==\" style=\"--smush-placeholder-width: 680px; --smush-placeholder-aspect-ratio: 680\/920;\" \/><\/a><\/div><div class=\"product-summary\"><h3 class=\"woocommerce-loop-product__title\"><a href=\"https:\/\/nadal.com\/es\/els-nostres-vins\/autocaravanas\/area-de-autocaravanas\/\">\u00c1rea de autocaravanas<\/a><\/h3><div class=\"buttons clearfix\"><a href=\"https:\/\/nadal.com\/es\/els-nostres-vins\/autocaravanas\/area-de-autocaravanas\/\" class=\"button product_type_simple\">M\u00e1s informaci\u00f3n<\/a><\/div><\/div><\/div><\/li><\/ul><\/div><\/div><\/div>[\/vc_column_text][\/vc_column][\/vc_row][vc_row][vc_column][vc_column_text]<\/p>\n<p style=\"text-align: center;\">Descubre nuestra oferta de enoturismo para empresas en el Pened\u00e8s: teambuilding y experiencias corporativas entre vi\u00f1edos.<\/p>\n<p>[\/vc_column_text]<p class=\"konte-button-wrapper text-center\"><a href=\"https:\/\/nadal.com\/es\/actividades-empresa\/\" title=\"Actividades para empresas\" target=\"_blank\" class=\"konte-button button-normal text-default align-center medium   button square\">Actividades para empresas<\/a><\/p>[\/vc_column][\/vc_row]<\/p>\n","protected":false},"excerpt":{"rendered":"<p>[vc_row][vc_column][vc_column_text] Vive una experiencia aut\u00e9ntica e inolvidable a trav\u00e9s de la amplia oferta de visitas y cata de vinos que organizamos todo el a\u00f1o en la bodega, previa reserva. [\/vc_column_text][\/vc_column][\/vc_row][vc_row&hellip;<\/p>\n","protected":false},"author":1,"featured_media":0,"parent":0,"menu_order":0,"comment_status":"closed","ping_status":"closed","template":"","meta":{"_acf_changed":false,"footnotes":""},"class_list":["post-2325","page","type-page","status-publish","hentry"],"acf":[],"yoast_head":"<!-- This site is optimized with the Yoast SEO plugin v26.6 - https:\/\/yoast.com\/wordpress\/plugins\/seo\/ -->\n<title>Experiencias - Cata de vinos Pened\u00e8s - Cavas Nadal<\/title>\n<meta name=\"description\" content=\"Un entorno privilegiado. Una bodega rodeada de vi\u00f1edos donde descubrir los secretos de la elaboraci\u00f3n de nuestros corpinnats y vinos con una experiencia inolvidable.\" \/>\n<meta name=\"robots\" content=\"index, follow, max-snippet:-1, max-image-preview:large, max-video-preview:-1\" \/>\n<link rel=\"canonical\" href=\"https:\/\/nadal.com\/es\/experiencias-enoturismo\/\" \/>\n<meta property=\"og:locale\" content=\"es_ES\" \/>\n<meta property=\"og:type\" content=\"article\" \/>\n<meta property=\"og:title\" content=\"Experiencias - Cata de vinos Pened\u00e8s - Cavas Nadal\" \/>\n<meta property=\"og:description\" content=\"Un entorno privilegiado. Una bodega rodeada de vi\u00f1edos donde descubrir los secretos de la elaboraci\u00f3n de nuestros corpinnats y vinos con una experiencia inolvidable.\" \/>\n<meta property=\"og:url\" content=\"https:\/\/nadal.com\/es\/experiencias-enoturismo\/\" \/>\n<meta property=\"og:site_name\" content=\"Nadal\" \/>\n<meta property=\"article:modified_time\" content=\"2026-02-03T09:39:20+00:00\" \/>\n<meta name=\"twitter:card\" content=\"summary_large_image\" \/>\n<meta name=\"twitter:label1\" content=\"Tiempo de lectura\" \/>\n\t<meta name=\"twitter:data1\" content=\"1 minuto\" \/>\n<script type=\"application\/ld+json\" class=\"yoast-schema-graph\">{\"@context\":\"https:\/\/schema.org\",\"@graph\":[{\"@type\":\"WebPage\",\"@id\":\"https:\/\/nadal.com\/es\/experiencias-enoturismo\/\",\"url\":\"https:\/\/nadal.com\/es\/experiencias-enoturismo\/\",\"name\":\"Experiencias - Cata de vinos Pened\u00e8s - Cavas Nadal\",\"isPartOf\":{\"@id\":\"https:\/\/nadal.com\/es\/#website\"},\"datePublished\":\"2019-10-25T17:35:43+00:00\",\"dateModified\":\"2026-02-03T09:39:20+00:00\",\"description\":\"Un entorno privilegiado. Una bodega rodeada de vi\u00f1edos donde descubrir los secretos de la elaboraci\u00f3n de nuestros corpinnats y vinos con una experiencia inolvidable.\",\"breadcrumb\":{\"@id\":\"https:\/\/nadal.com\/es\/experiencias-enoturismo\/#breadcrumb\"},\"inLanguage\":\"es\",\"potentialAction\":[{\"@type\":\"ReadAction\",\"target\":[\"https:\/\/nadal.com\/es\/experiencias-enoturismo\/\"]}]},{\"@type\":\"BreadcrumbList\",\"@id\":\"https:\/\/nadal.com\/es\/experiencias-enoturismo\/#breadcrumb\",\"itemListElement\":[{\"@type\":\"ListItem\",\"position\":1,\"name\":\"Inici\",\"item\":\"https:\/\/nadal.com\/es\/\"},{\"@type\":\"ListItem\",\"position\":2,\"name\":\"Experiencias\"}]},{\"@type\":\"WebSite\",\"@id\":\"https:\/\/nadal.com\/es\/#website\",\"url\":\"https:\/\/nadal.com\/es\/\",\"name\":\"Nadal\",\"description\":\"Desde 1943\",\"potentialAction\":[{\"@type\":\"SearchAction\",\"target\":{\"@type\":\"EntryPoint\",\"urlTemplate\":\"https:\/\/nadal.com\/es\/?s={search_term_string}\"},\"query-input\":{\"@type\":\"PropertyValueSpecification\",\"valueRequired\":true,\"valueName\":\"search_term_string\"}}],\"inLanguage\":\"es\"}]}<\/script>\n<!-- \/ Yoast SEO plugin. -->","yoast_head_json":{"title":"Experiencias - Cata de vinos Pened\u00e8s - Cavas Nadal","description":"Un entorno privilegiado. Una bodega rodeada de vi\u00f1edos donde descubrir los secretos de la elaboraci\u00f3n de nuestros corpinnats y vinos con una experiencia inolvidable.","robots":{"index":"index","follow":"follow","max-snippet":"max-snippet:-1","max-image-preview":"max-image-preview:large","max-video-preview":"max-video-preview:-1"},"canonical":"https:\/\/nadal.com\/es\/experiencias-enoturismo\/","og_locale":"es_ES","og_type":"article","og_title":"Experiencias - Cata de vinos Pened\u00e8s - Cavas Nadal","og_description":"Un entorno privilegiado. Una bodega rodeada de vi\u00f1edos donde descubrir los secretos de la elaboraci\u00f3n de nuestros corpinnats y vinos con una experiencia inolvidable.","og_url":"https:\/\/nadal.com\/es\/experiencias-enoturismo\/","og_site_name":"Nadal","article_modified_time":"2026-02-03T09:39:20+00:00","twitter_card":"summary_large_image","twitter_misc":{"Tiempo de lectura":"1 minuto"},"schema":{"@context":"https:\/\/schema.org","@graph":[{"@type":"WebPage","@id":"https:\/\/nadal.com\/es\/experiencias-enoturismo\/","url":"https:\/\/nadal.com\/es\/experiencias-enoturismo\/","name":"Experiencias - Cata de vinos Pened\u00e8s - Cavas Nadal","isPartOf":{"@id":"https:\/\/nadal.com\/es\/#website"},"datePublished":"2019-10-25T17:35:43+00:00","dateModified":"2026-02-03T09:39:20+00:00","description":"Un entorno privilegiado. Una bodega rodeada de vi\u00f1edos donde descubrir los secretos de la elaboraci\u00f3n de nuestros corpinnats y vinos con una experiencia inolvidable.","breadcrumb":{"@id":"https:\/\/nadal.com\/es\/experiencias-enoturismo\/#breadcrumb"},"inLanguage":"es","potentialAction":[{"@type":"ReadAction","target":["https:\/\/nadal.com\/es\/experiencias-enoturismo\/"]}]},{"@type":"BreadcrumbList","@id":"https:\/\/nadal.com\/es\/experiencias-enoturismo\/#breadcrumb","itemListElement":[{"@type":"ListItem","position":1,"name":"Inici","item":"https:\/\/nadal.com\/es\/"},{"@type":"ListItem","position":2,"name":"Experiencias"}]},{"@type":"WebSite","@id":"https:\/\/nadal.com\/es\/#website","url":"https:\/\/nadal.com\/es\/","name":"Nadal","description":"Desde 1943","potentialAction":[{"@type":"SearchAction","target":{"@type":"EntryPoint","urlTemplate":"https:\/\/nadal.com\/es\/?s={search_term_string}"},"query-input":{"@type":"PropertyValueSpecification","valueRequired":true,"valueName":"search_term_string"}}],"inLanguage":"es"}]}},"_links":{"self":[{"href":"https:\/\/nadal.com\/es\/wp-json\/wp\/v2\/pages\/2325","targetHints":{"allow":["GET"]}}],"collection":[{"href":"https:\/\/nadal.com\/es\/wp-json\/wp\/v2\/pages"}],"about":[{"href":"https:\/\/nadal.com\/es\/wp-json\/wp\/v2\/types\/page"}],"author":[{"embeddable":true,"href":"https:\/\/nadal.com\/es\/wp-json\/wp\/v2\/users\/1"}],"replies":[{"embeddable":true,"href":"https:\/\/nadal.com\/es\/wp-json\/wp\/v2\/comments?post=2325"}],"version-history":[{"count":47,"href":"https:\/\/nadal.com\/es\/wp-json\/wp\/v2\/pages\/2325\/revisions"}],"predecessor-version":[{"id":28154,"href":"https:\/\/nadal.com\/es\/wp-json\/wp\/v2\/pages\/2325\/revisions\/28154"}],"wp:attachment":[{"href":"https:\/\/nadal.com\/es\/wp-json\/wp\/v2\/media?parent=2325"}],"curies":[{"name":"wp","href":"https:\/\/api.w.org\/{rel}","templated":true}]}}