{"id":2320,"date":"2019-10-25T19:28:57","date_gmt":"2019-10-25T17:28:57","guid":{"rendered":"http:\/\/mjsffbz.cluster028.hosting.ovh.net\/vinagre-de-vendimia-tardia\/"},"modified":"2025-05-29T17:39:26","modified_gmt":"2025-05-29T15:39:26","slug":"vinagre-de-vendimia-tardia","status":"publish","type":"page","link":"https:\/\/nadal.com\/es\/vinagre-de-vendimia-tardia\/","title":{"rendered":"Vinagre de Vendimia Tard\u00eda"},"content":{"rendered":"<p>[vc_row][vc_column][vc_column_text]<\/p>\n<p style=\"text-align: center;\">Es un vinagre \u00fanico, obtenido a partir de un proceso de elaboraci\u00f3n genuino de Nadal. La <strong>extraordinaria dulzura de la uva macabeo de vendimia tard\u00eda<\/strong> permite obtener un <strong>vinagre natural<\/strong> con cerca de 200 gramos de az\u00facar por litro. <strong>No contiene sulfitos ni colorantes<\/strong>.<\/p>\n<p>[\/vc_column_text][vc_column_text]<div class=\"konte-product-grid konte-products\"><div class=\"konte-product-grid konte-products\"><div class=\"woocommerce columns-4 \"><ul class=\"products hover-other_image columns-4\"><li class=\"product type-product post-2515\"><div class=\"product-inner\"><div class=\"product-thumbnail\"><a href=\"https:\/\/nadal.com\/es\/els-nostres-vins\/vinagre\/nadal-vinagre-de-vendimia-tardia\/\" class=\"woocommerce-LoopProduct-link\"><img decoding=\"async\" width=\"680\" height=\"920\" data-src=\"https:\/\/nadal.com\/wp-content\/uploads\/2023\/03\/Nadal-Late-Harvest-Grape-Vinegar-15-ANYS_nov2025-680x920.jpg\" class=\"attachment-woocommerce_thumbnail size-woocommerce_thumbnail wp-post-image lazyload\" alt=\"\" src=\"data:image\/svg+xml;base64,PHN2ZyB3aWR0aD0iMSIgaGVpZ2h0PSIxIiB4bWxucz0iaHR0cDovL3d3dy53My5vcmcvMjAwMC9zdmciPjwvc3ZnPg==\" style=\"--smush-placeholder-width: 680px; --smush-placeholder-aspect-ratio: 680\/920;\" \/><\/a><\/div><div class=\"product-summary\"><h3 class=\"woocommerce-loop-product__title\"><a href=\"https:\/\/nadal.com\/es\/els-nostres-vins\/vinagre\/nadal-vinagre-de-vendimia-tardia\/\">Nadal Vinagre de Vendimia Tard\u00eda<\/a><\/h3><div class=\"buttons clearfix\"><a href=\"https:\/\/nadal.com\/es\/els-nostres-vins\/vinagre\/nadal-vinagre-de-vendimia-tardia\/\" class=\"button product_type_simple\">M\u00e1s informaci\u00f3n<\/a><\/div><\/div><\/div><\/li><\/ul><\/div><\/div><\/div>[\/vc_column_text][\/vc_column][\/vc_row]<\/p>\n","protected":false},"excerpt":{"rendered":"<p>[vc_row][vc_column][vc_column_text] Es un vinagre \u00fanico, obtenido a partir de un proceso de elaboraci\u00f3n genuino de Nadal. La extraordinaria dulzura de la uva macabeo de vendimia tard\u00eda permite obtener un vinagre&hellip;<\/p>\n","protected":false},"author":1,"featured_media":0,"parent":0,"menu_order":0,"comment_status":"closed","ping_status":"closed","template":"templates\/large-container.php","meta":{"_acf_changed":false,"footnotes":""},"class_list":["post-2320","page","type-page","status-publish","hentry"],"acf":[],"yoast_head":"<!-- This site is optimized with the Yoast SEO plugin v26.6 - https:\/\/yoast.com\/wordpress\/plugins\/seo\/ -->\n<title>Vinagre de Vendimia Tard\u00eda - Nadal - Desde 1943<\/title>\n<meta name=\"description\" content=\"Vinagre agridulce sin az\u00facares a\u00f1adidos afinado durante m\u00e1s de 10 a\u00f1os en barrica. Bals\u00e1mico 100% natural.\" \/>\n<meta name=\"robots\" content=\"index, follow, max-snippet:-1, max-image-preview:large, max-video-preview:-1\" \/>\n<link rel=\"canonical\" href=\"https:\/\/nadal.com\/es\/vinagre-de-vendimia-tardia\/\" \/>\n<meta property=\"og:locale\" content=\"es_ES\" \/>\n<meta property=\"og:type\" content=\"article\" \/>\n<meta property=\"og:title\" content=\"Vinagre de Vendimia Tard\u00eda - Nadal - Desde 1943\" \/>\n<meta property=\"og:description\" content=\"Vinagre agridulce sin az\u00facares a\u00f1adidos afinado durante m\u00e1s de 10 a\u00f1os en barrica. Bals\u00e1mico 100% natural.\" \/>\n<meta property=\"og:url\" content=\"https:\/\/nadal.com\/es\/vinagre-de-vendimia-tardia\/\" \/>\n<meta property=\"og:site_name\" content=\"Nadal\" \/>\n<meta property=\"article:modified_time\" content=\"2025-05-29T15:39:26+00:00\" \/>\n<meta name=\"twitter:card\" content=\"summary_large_image\" \/>\n<meta name=\"twitter:label1\" content=\"Tiempo de lectura\" \/>\n\t<meta name=\"twitter:data1\" content=\"1 minuto\" \/>\n<script type=\"application\/ld+json\" class=\"yoast-schema-graph\">{\"@context\":\"https:\/\/schema.org\",\"@graph\":[{\"@type\":\"WebPage\",\"@id\":\"https:\/\/nadal.com\/es\/vinagre-de-vendimia-tardia\/\",\"url\":\"https:\/\/nadal.com\/es\/vinagre-de-vendimia-tardia\/\",\"name\":\"Vinagre de Vendimia Tard\u00eda - Nadal - Desde 1943\",\"isPartOf\":{\"@id\":\"https:\/\/nadal.com\/es\/#website\"},\"datePublished\":\"2019-10-25T17:28:57+00:00\",\"dateModified\":\"2025-05-29T15:39:26+00:00\",\"description\":\"Vinagre agridulce sin az\u00facares a\u00f1adidos afinado durante m\u00e1s de 10 a\u00f1os en barrica. Bals\u00e1mico 100% natural.\",\"breadcrumb\":{\"@id\":\"https:\/\/nadal.com\/es\/vinagre-de-vendimia-tardia\/#breadcrumb\"},\"inLanguage\":\"es\",\"potentialAction\":[{\"@type\":\"ReadAction\",\"target\":[\"https:\/\/nadal.com\/es\/vinagre-de-vendimia-tardia\/\"]}]},{\"@type\":\"BreadcrumbList\",\"@id\":\"https:\/\/nadal.com\/es\/vinagre-de-vendimia-tardia\/#breadcrumb\",\"itemListElement\":[{\"@type\":\"ListItem\",\"position\":1,\"name\":\"Inici\",\"item\":\"https:\/\/nadal.com\/es\/\"},{\"@type\":\"ListItem\",\"position\":2,\"name\":\"Vinagre de Vendimia Tard\u00eda\"}]},{\"@type\":\"WebSite\",\"@id\":\"https:\/\/nadal.com\/es\/#website\",\"url\":\"https:\/\/nadal.com\/es\/\",\"name\":\"Nadal\",\"description\":\"Desde 1943\",\"potentialAction\":[{\"@type\":\"SearchAction\",\"target\":{\"@type\":\"EntryPoint\",\"urlTemplate\":\"https:\/\/nadal.com\/es\/?s={search_term_string}\"},\"query-input\":{\"@type\":\"PropertyValueSpecification\",\"valueRequired\":true,\"valueName\":\"search_term_string\"}}],\"inLanguage\":\"es\"}]}<\/script>\n<!-- \/ Yoast SEO plugin. -->","yoast_head_json":{"title":"Vinagre de Vendimia Tard\u00eda - Nadal - Desde 1943","description":"Vinagre agridulce sin az\u00facares a\u00f1adidos afinado durante m\u00e1s de 10 a\u00f1os en barrica. Bals\u00e1mico 100% natural.","robots":{"index":"index","follow":"follow","max-snippet":"max-snippet:-1","max-image-preview":"max-image-preview:large","max-video-preview":"max-video-preview:-1"},"canonical":"https:\/\/nadal.com\/es\/vinagre-de-vendimia-tardia\/","og_locale":"es_ES","og_type":"article","og_title":"Vinagre de Vendimia Tard\u00eda - Nadal - Desde 1943","og_description":"Vinagre agridulce sin az\u00facares a\u00f1adidos afinado durante m\u00e1s de 10 a\u00f1os en barrica. Bals\u00e1mico 100% natural.","og_url":"https:\/\/nadal.com\/es\/vinagre-de-vendimia-tardia\/","og_site_name":"Nadal","article_modified_time":"2025-05-29T15:39:26+00:00","twitter_card":"summary_large_image","twitter_misc":{"Tiempo de lectura":"1 minuto"},"schema":{"@context":"https:\/\/schema.org","@graph":[{"@type":"WebPage","@id":"https:\/\/nadal.com\/es\/vinagre-de-vendimia-tardia\/","url":"https:\/\/nadal.com\/es\/vinagre-de-vendimia-tardia\/","name":"Vinagre de Vendimia Tard\u00eda - Nadal - Desde 1943","isPartOf":{"@id":"https:\/\/nadal.com\/es\/#website"},"datePublished":"2019-10-25T17:28:57+00:00","dateModified":"2025-05-29T15:39:26+00:00","description":"Vinagre agridulce sin az\u00facares a\u00f1adidos afinado durante m\u00e1s de 10 a\u00f1os en barrica. Bals\u00e1mico 100% natural.","breadcrumb":{"@id":"https:\/\/nadal.com\/es\/vinagre-de-vendimia-tardia\/#breadcrumb"},"inLanguage":"es","potentialAction":[{"@type":"ReadAction","target":["https:\/\/nadal.com\/es\/vinagre-de-vendimia-tardia\/"]}]},{"@type":"BreadcrumbList","@id":"https:\/\/nadal.com\/es\/vinagre-de-vendimia-tardia\/#breadcrumb","itemListElement":[{"@type":"ListItem","position":1,"name":"Inici","item":"https:\/\/nadal.com\/es\/"},{"@type":"ListItem","position":2,"name":"Vinagre de Vendimia Tard\u00eda"}]},{"@type":"WebSite","@id":"https:\/\/nadal.com\/es\/#website","url":"https:\/\/nadal.com\/es\/","name":"Nadal","description":"Desde 1943","potentialAction":[{"@type":"SearchAction","target":{"@type":"EntryPoint","urlTemplate":"https:\/\/nadal.com\/es\/?s={search_term_string}"},"query-input":{"@type":"PropertyValueSpecification","valueRequired":true,"valueName":"search_term_string"}}],"inLanguage":"es"}]}},"_links":{"self":[{"href":"https:\/\/nadal.com\/es\/wp-json\/wp\/v2\/pages\/2320","targetHints":{"allow":["GET"]}}],"collection":[{"href":"https:\/\/nadal.com\/es\/wp-json\/wp\/v2\/pages"}],"about":[{"href":"https:\/\/nadal.com\/es\/wp-json\/wp\/v2\/types\/page"}],"author":[{"embeddable":true,"href":"https:\/\/nadal.com\/es\/wp-json\/wp\/v2\/users\/1"}],"replies":[{"embeddable":true,"href":"https:\/\/nadal.com\/es\/wp-json\/wp\/v2\/comments?post=2320"}],"version-history":[{"count":13,"href":"https:\/\/nadal.com\/es\/wp-json\/wp\/v2\/pages\/2320\/revisions"}],"predecessor-version":[{"id":26662,"href":"https:\/\/nadal.com\/es\/wp-json\/wp\/v2\/pages\/2320\/revisions\/26662"}],"wp:attachment":[{"href":"https:\/\/nadal.com\/es\/wp-json\/wp\/v2\/media?parent=2320"}],"curies":[{"name":"wp","href":"https:\/\/api.w.org\/{rel}","templated":true}]}}