{"id":2308,"date":"2019-10-25T19:18:44","date_gmt":"2019-10-25T17:18:44","guid":{"rendered":"http:\/\/mjsffbz.cluster028.hosting.ovh.net\/vinos-blancos-nobles\/"},"modified":"2025-07-01T08:40:13","modified_gmt":"2025-07-01T06:40:13","slug":"vinos-blancos-de-xarello","status":"publish","type":"page","link":"https:\/\/nadal.com\/es\/vinos-blancos-de-xarello\/","title":{"rendered":"Vinos Blancos de Xarel\u00b7lo"},"content":{"rendered":"<p>[vc_row][vc_column][vc_column_text]<\/p>\n<h2 style=\"text-align: center;\">Selecci\u00f3n de verano<\/h2>\n<p>[\/vc_column_text][vc_column_text]<div class=\"konte-product-grid konte-products\"><div class=\"konte-product-grid konte-products\"><div class=\"woocommerce columns-4 \"><ul class=\"products hover-other_image columns-4\"><\/ul><\/div><\/div><\/div>[\/vc_column_text][vc_column_text]<\/p>\n<h2 style=\"text-align: center;\">NADAL X COLECCI\u00d3N<\/h2>\n<p>[\/vc_column_text][vc_column_text]<\/p>\n<p style=\"text-align: center;\">Producciones limitadas de las mejores cosechas de xarel\u00b7lo y xarel\u00b7lo vermell despu\u00e9s de un afinamiento m\u00ednimo de 24 meses, de los cuales un m\u00ednimo de 6 meses en dep\u00f3sito y el resto en botella.<\/p>\n<p>[\/vc_column_text][vc_column_text]<div class=\"konte-product-grid konte-products\"><div class=\"konte-product-grid konte-products\"><div class=\"woocommerce columns-4 \"><ul class=\"products hover-other_image columns-4\"><li class=\"product type-product post-23011\"><div class=\"product-inner\"><div class=\"product-thumbnail\"><a href=\"https:\/\/nadal.com\/es\/els-nostres-vins\/vinos-blancos\/nadal-x-coleccion\/nadal-x-coleccion-2019\/\" class=\"woocommerce-LoopProduct-link\"><img decoding=\"async\" width=\"680\" height=\"920\" data-src=\"https:\/\/nadal.com\/wp-content\/uploads\/2023\/03\/coleccio_xarelo_2019_nov2025-680x920.jpg\" class=\"attachment-woocommerce_thumbnail size-woocommerce_thumbnail wp-post-image lazyload\" alt=\"\" src=\"data:image\/svg+xml;base64,PHN2ZyB3aWR0aD0iMSIgaGVpZ2h0PSIxIiB4bWxucz0iaHR0cDovL3d3dy53My5vcmcvMjAwMC9zdmciPjwvc3ZnPg==\" style=\"--smush-placeholder-width: 680px; --smush-placeholder-aspect-ratio: 680\/920;\" \/><\/a><\/div><div class=\"product-summary\"><h3 class=\"woocommerce-loop-product__title\"><a href=\"https:\/\/nadal.com\/es\/els-nostres-vins\/vinos-blancos\/nadal-x-coleccion\/nadal-x-coleccion-2019\/\">Nadal X Colecci\u00f3n 2019<\/a><\/h3><div class=\"buttons clearfix\"><a href=\"https:\/\/nadal.com\/es\/els-nostres-vins\/vinos-blancos\/nadal-x-coleccion\/nadal-x-coleccion-2019\/\" class=\"button product_type_simple\">M\u00e1s informaci\u00f3n<\/a><\/div><\/div><\/div><\/li><li class=\"product type-product post-26506\"><div class=\"product-inner\"><div class=\"product-thumbnail\"><a href=\"https:\/\/nadal.com\/es\/els-nostres-vins\/vinos-blancos\/nadal-x-coleccion\/nadal-x-coleccion-2022\/\" class=\"woocommerce-LoopProduct-link\"><img decoding=\"async\" width=\"680\" height=\"920\" data-src=\"https:\/\/nadal.com\/wp-content\/uploads\/2018\/09\/xarelo_coleccio_2022_nov2025-680x920.jpg\" class=\"attachment-woocommerce_thumbnail size-woocommerce_thumbnail wp-post-image lazyload\" alt=\"\" src=\"data:image\/svg+xml;base64,PHN2ZyB3aWR0aD0iMSIgaGVpZ2h0PSIxIiB4bWxucz0iaHR0cDovL3d3dy53My5vcmcvMjAwMC9zdmciPjwvc3ZnPg==\" style=\"--smush-placeholder-width: 680px; --smush-placeholder-aspect-ratio: 680\/920;\" \/><\/a><\/div><div class=\"product-summary\"><h3 class=\"woocommerce-loop-product__title\"><a href=\"https:\/\/nadal.com\/es\/els-nostres-vins\/vinos-blancos\/nadal-x-coleccion\/nadal-x-coleccion-2022\/\">Nadal X Colecci\u00f3n 2022<\/a><\/h3><div class=\"buttons clearfix\"><a href=\"https:\/\/nadal.com\/es\/els-nostres-vins\/vinos-blancos\/nadal-x-coleccion\/nadal-x-coleccion-2022\/\" class=\"button product_type_simple\">M\u00e1s informaci\u00f3n<\/a><\/div><\/div><\/div><\/li><li class=\"product type-product post-2475\"><div class=\"product-inner\"><div class=\"product-thumbnail\"><a href=\"https:\/\/nadal.com\/es\/els-nostres-vins\/vinos-blancos\/nadal-x-coleccion\/nadal-x-vermell-coleccion-2021\/\" class=\"woocommerce-LoopProduct-link\"><img decoding=\"async\" width=\"680\" height=\"920\" data-src=\"https:\/\/nadal.com\/wp-content\/uploads\/2023\/03\/coleccio_xarelo_vermell_nov2025-680x920.jpg\" class=\"attachment-woocommerce_thumbnail size-woocommerce_thumbnail wp-post-image lazyload\" alt=\"\" src=\"data:image\/svg+xml;base64,PHN2ZyB3aWR0aD0iMSIgaGVpZ2h0PSIxIiB4bWxucz0iaHR0cDovL3d3dy53My5vcmcvMjAwMC9zdmciPjwvc3ZnPg==\" style=\"--smush-placeholder-width: 680px; --smush-placeholder-aspect-ratio: 680\/920;\" \/><\/a><\/div><div class=\"product-summary\"><h3 class=\"woocommerce-loop-product__title\"><a href=\"https:\/\/nadal.com\/es\/els-nostres-vins\/vinos-blancos\/nadal-x-coleccion\/nadal-x-vermell-coleccion-2021\/\">Nadal X Vermell Colecci\u00f3n 2021<\/a><\/h3><div class=\"buttons clearfix\"><a href=\"https:\/\/nadal.com\/es\/els-nostres-vins\/vinos-blancos\/nadal-x-coleccion\/nadal-x-vermell-coleccion-2021\/\" class=\"button product_type_simple\">M\u00e1s informaci\u00f3n<\/a><\/div><\/div><\/div><\/li><\/ul><\/div><\/div><\/div>[\/vc_column_text][vc_column_text]<\/p>\n<p style=\"text-align: center;\">Para extraer la esencia de los Nadal X Colecci\u00f3n, utilizamos la t\u00e9cnica de <strong>b\u00e2tonnage<\/strong> en dep\u00f3sito: ponemos las l\u00edas del vino en suspensi\u00f3n para aumentar la intensidad y persistencia arom\u00e1tica, logrando vinos blancos m\u00e1s llenos, con cuerpo y volumen.<\/p>\n<p>[\/vc_column_text][\/vc_column][\/vc_row]<\/p>\n","protected":false},"excerpt":{"rendered":"<p>[vc_row][vc_column][vc_column_text] Selecci\u00f3n de verano [\/vc_column_text][vc_column_text][\/vc_column_text][vc_column_text] NADAL X COLECCI\u00d3N [\/vc_column_text][vc_column_text] Producciones limitadas de las mejores cosechas de xarel\u00b7lo y xarel\u00b7lo vermell despu\u00e9s de un afinamiento m\u00ednimo de 24 meses, de los&hellip;<\/p>\n","protected":false},"author":1,"featured_media":0,"parent":0,"menu_order":0,"comment_status":"closed","ping_status":"closed","template":"templates\/large-container.php","meta":{"_acf_changed":false,"footnotes":""},"class_list":["post-2308","page","type-page","status-publish","hentry"],"acf":[],"yoast_head":"<!-- This site is optimized with the Yoast SEO plugin v26.6 - https:\/\/yoast.com\/wordpress\/plugins\/seo\/ -->\n<title>Vinos blancos de Xarel\u00b7lo - Vinos ecol\u00f3gicos - Cavas Nadal<\/title>\n<meta name=\"description\" content=\"De la cosecha del 1998 se elaboran los primeros vinos blancos de xarel\u00b7lo. El 2014 se incorpora el xarel\u00b7lo vermell despu\u00e9s de un largo trabajo de recuperaci\u00f3n.\" \/>\n<meta name=\"robots\" content=\"index, follow, max-snippet:-1, max-image-preview:large, max-video-preview:-1\" \/>\n<link rel=\"canonical\" href=\"https:\/\/nadal.com\/es\/vinos-blancos-de-xarello\/\" \/>\n<meta property=\"og:locale\" content=\"es_ES\" \/>\n<meta property=\"og:type\" content=\"article\" \/>\n<meta property=\"og:title\" content=\"Vinos blancos de Xarel\u00b7lo - Vinos ecol\u00f3gicos - Cavas Nadal\" \/>\n<meta property=\"og:description\" content=\"De la cosecha del 1998 se elaboran los primeros vinos blancos de xarel\u00b7lo. El 2014 se incorpora el xarel\u00b7lo vermell despu\u00e9s de un largo trabajo de recuperaci\u00f3n.\" \/>\n<meta property=\"og:url\" content=\"https:\/\/nadal.com\/es\/vinos-blancos-de-xarello\/\" \/>\n<meta property=\"og:site_name\" content=\"Nadal\" \/>\n<meta property=\"article:modified_time\" content=\"2025-07-01T06:40:13+00:00\" \/>\n<meta name=\"twitter:card\" content=\"summary_large_image\" \/>\n<meta name=\"twitter:label1\" content=\"Tiempo de lectura\" \/>\n\t<meta name=\"twitter:data1\" content=\"1 minuto\" \/>\n<script type=\"application\/ld+json\" class=\"yoast-schema-graph\">{\"@context\":\"https:\/\/schema.org\",\"@graph\":[{\"@type\":\"WebPage\",\"@id\":\"https:\/\/nadal.com\/es\/vinos-blancos-de-xarello\/\",\"url\":\"https:\/\/nadal.com\/es\/vinos-blancos-de-xarello\/\",\"name\":\"Vinos blancos de Xarel\u00b7lo - Vinos ecol\u00f3gicos - Cavas Nadal\",\"isPartOf\":{\"@id\":\"https:\/\/nadal.com\/es\/#website\"},\"datePublished\":\"2019-10-25T17:18:44+00:00\",\"dateModified\":\"2025-07-01T06:40:13+00:00\",\"description\":\"De la cosecha del 1998 se elaboran los primeros vinos blancos de xarel\u00b7lo. El 2014 se incorpora el xarel\u00b7lo vermell despu\u00e9s de un largo trabajo de recuperaci\u00f3n.\",\"breadcrumb\":{\"@id\":\"https:\/\/nadal.com\/es\/vinos-blancos-de-xarello\/#breadcrumb\"},\"inLanguage\":\"es\",\"potentialAction\":[{\"@type\":\"ReadAction\",\"target\":[\"https:\/\/nadal.com\/es\/vinos-blancos-de-xarello\/\"]}]},{\"@type\":\"BreadcrumbList\",\"@id\":\"https:\/\/nadal.com\/es\/vinos-blancos-de-xarello\/#breadcrumb\",\"itemListElement\":[{\"@type\":\"ListItem\",\"position\":1,\"name\":\"Inici\",\"item\":\"https:\/\/nadal.com\/es\/\"},{\"@type\":\"ListItem\",\"position\":2,\"name\":\"Vinos Blancos de Xarel\u00b7lo\"}]},{\"@type\":\"WebSite\",\"@id\":\"https:\/\/nadal.com\/es\/#website\",\"url\":\"https:\/\/nadal.com\/es\/\",\"name\":\"Nadal\",\"description\":\"Desde 1943\",\"potentialAction\":[{\"@type\":\"SearchAction\",\"target\":{\"@type\":\"EntryPoint\",\"urlTemplate\":\"https:\/\/nadal.com\/es\/?s={search_term_string}\"},\"query-input\":{\"@type\":\"PropertyValueSpecification\",\"valueRequired\":true,\"valueName\":\"search_term_string\"}}],\"inLanguage\":\"es\"}]}<\/script>\n<!-- \/ Yoast SEO plugin. -->","yoast_head_json":{"title":"Vinos blancos de Xarel\u00b7lo - Vinos ecol\u00f3gicos - Cavas Nadal","description":"De la cosecha del 1998 se elaboran los primeros vinos blancos de xarel\u00b7lo. El 2014 se incorpora el xarel\u00b7lo vermell despu\u00e9s de un largo trabajo de recuperaci\u00f3n.","robots":{"index":"index","follow":"follow","max-snippet":"max-snippet:-1","max-image-preview":"max-image-preview:large","max-video-preview":"max-video-preview:-1"},"canonical":"https:\/\/nadal.com\/es\/vinos-blancos-de-xarello\/","og_locale":"es_ES","og_type":"article","og_title":"Vinos blancos de Xarel\u00b7lo - Vinos ecol\u00f3gicos - Cavas Nadal","og_description":"De la cosecha del 1998 se elaboran los primeros vinos blancos de xarel\u00b7lo. El 2014 se incorpora el xarel\u00b7lo vermell despu\u00e9s de un largo trabajo de recuperaci\u00f3n.","og_url":"https:\/\/nadal.com\/es\/vinos-blancos-de-xarello\/","og_site_name":"Nadal","article_modified_time":"2025-07-01T06:40:13+00:00","twitter_card":"summary_large_image","twitter_misc":{"Tiempo de lectura":"1 minuto"},"schema":{"@context":"https:\/\/schema.org","@graph":[{"@type":"WebPage","@id":"https:\/\/nadal.com\/es\/vinos-blancos-de-xarello\/","url":"https:\/\/nadal.com\/es\/vinos-blancos-de-xarello\/","name":"Vinos blancos de Xarel\u00b7lo - Vinos ecol\u00f3gicos - Cavas Nadal","isPartOf":{"@id":"https:\/\/nadal.com\/es\/#website"},"datePublished":"2019-10-25T17:18:44+00:00","dateModified":"2025-07-01T06:40:13+00:00","description":"De la cosecha del 1998 se elaboran los primeros vinos blancos de xarel\u00b7lo. El 2014 se incorpora el xarel\u00b7lo vermell despu\u00e9s de un largo trabajo de recuperaci\u00f3n.","breadcrumb":{"@id":"https:\/\/nadal.com\/es\/vinos-blancos-de-xarello\/#breadcrumb"},"inLanguage":"es","potentialAction":[{"@type":"ReadAction","target":["https:\/\/nadal.com\/es\/vinos-blancos-de-xarello\/"]}]},{"@type":"BreadcrumbList","@id":"https:\/\/nadal.com\/es\/vinos-blancos-de-xarello\/#breadcrumb","itemListElement":[{"@type":"ListItem","position":1,"name":"Inici","item":"https:\/\/nadal.com\/es\/"},{"@type":"ListItem","position":2,"name":"Vinos Blancos de Xarel\u00b7lo"}]},{"@type":"WebSite","@id":"https:\/\/nadal.com\/es\/#website","url":"https:\/\/nadal.com\/es\/","name":"Nadal","description":"Desde 1943","potentialAction":[{"@type":"SearchAction","target":{"@type":"EntryPoint","urlTemplate":"https:\/\/nadal.com\/es\/?s={search_term_string}"},"query-input":{"@type":"PropertyValueSpecification","valueRequired":true,"valueName":"search_term_string"}}],"inLanguage":"es"}]}},"_links":{"self":[{"href":"https:\/\/nadal.com\/es\/wp-json\/wp\/v2\/pages\/2308","targetHints":{"allow":["GET"]}}],"collection":[{"href":"https:\/\/nadal.com\/es\/wp-json\/wp\/v2\/pages"}],"about":[{"href":"https:\/\/nadal.com\/es\/wp-json\/wp\/v2\/types\/page"}],"author":[{"embeddable":true,"href":"https:\/\/nadal.com\/es\/wp-json\/wp\/v2\/users\/1"}],"replies":[{"embeddable":true,"href":"https:\/\/nadal.com\/es\/wp-json\/wp\/v2\/comments?post=2308"}],"version-history":[{"count":27,"href":"https:\/\/nadal.com\/es\/wp-json\/wp\/v2\/pages\/2308\/revisions"}],"predecessor-version":[{"id":27026,"href":"https:\/\/nadal.com\/es\/wp-json\/wp\/v2\/pages\/2308\/revisions\/27026"}],"wp:attachment":[{"href":"https:\/\/nadal.com\/es\/wp-json\/wp\/v2\/media?parent=2308"}],"curies":[{"name":"wp","href":"https:\/\/api.w.org\/{rel}","templated":true}]}}