{"id":2295,"date":"2019-10-08T18:20:59","date_gmt":"2019-10-08T16:20:59","guid":{"rendered":"http:\/\/mjsffbz.cluster028.hosting.ovh.net\/corpinnat\/"},"modified":"2026-02-03T09:51:23","modified_gmt":"2026-02-03T08:51:23","slug":"corpinnat","status":"publish","type":"page","link":"https:\/\/nadal.com\/es\/corpinnat\/","title":{"rendered":"Corpinnat, regreso a los or\u00edgenes"},"content":{"rendered":"<p>[vc_row][vc_column][vc_column_text]<\/p>\n<p style=\"text-align: center;\">En el a\u00f1o 1943, tras m\u00e1s de cuatro siglos de experiencia como viticultores en la finca familiar, Nadal produjo la primera botella de espumoso. Bajo la visi\u00f3n y empuje de Ramon Nadal Gir\u00f3 y fieles al m\u00e9todo tradicional, naci\u00f3 el primer Nadal Brut. Ya en aquella \u00e9poca se establecieron unos principios de elaboraci\u00f3n basados en el prensado y la vinificaci\u00f3n de la propia cosecha, y las largas crianzas en la cava, que fueron toda una declaraci\u00f3n de intenciones para lo que 80 a\u00f1os despu\u00e9s se convertir\u00eda en Corpinnat.<\/p>\n<p>[\/vc_column_text][vc_column_text]<\/p>\n<p style=\"text-align: center;\">Fruto de la alianza de seis bodegas hist\u00f3ricas del Pened\u00e8s (Gramona, Llopart, Nadal, Recaredo, Sabat\u00e9 i Coca, Torell\u00f3), el 10 de abril de 2018 presentamos en Sant Sadurn\u00ed d\u2019Anoia la marca colectiva de la Uni\u00f3n Europea llamada Corpinnat. Un nuevo sello de calidad para poner en valor el origen y el proceso de elaboraci\u00f3n de vinos espumosos con uno de los reglamentos m\u00e1s exigentes del mundo, que coincide y hace honor a los principios que ya estableci\u00f3 Ramon Nadal Gir\u00f3 en la fundaci\u00f3n de Cavas Nadal.<\/p>\n<p>[\/vc_column_text][\/vc_column][\/vc_row][vc_row][vc_column][vc_column_text]<\/p>\n<h2 style=\"text-align: center;\">El territorio<\/h2>\n<p>[\/vc_column_text][\/vc_column][\/vc_row][vc_row][vc_column width=\u00bb1\/3&#8243;][vc_single_image image=\u00bb25442&#8243; img_size=\u00bbfull\u00bb alignment=\u00bbcenter\u00bb][\/vc_column][vc_column width=\u00bb2\/3&#8243;][vc_column_text]<\/p>\n<p style=\"text-align: left;\">Corpinnat deriva de tres palabras diferentes que convergen en un solo concepto. Cor (que significa \u201ccoraz\u00f3n\u201d en catal\u00e1n y que hace referencia al centro del territorio) + Pinnae (el latinismo que da origen a la palabra Pened\u00e8s) + nat (nacido en). Fusionadas estas tres palabras, resulta un mensaje muy claro: nacido en el coraz\u00f3n del Pened\u00e8s.<\/p>\n<p>[\/vc_column_text][vc_column_text]<\/p>\n<p style=\"text-align: left;\">Esta es la primera caracter\u00edstica fundamental de Corpinnat. Son grandes vinos espumosos producidos en la regi\u00f3n vitivin\u00edcola del Pened\u00e8s, el territorio pionero en el Espa\u00f1a que hace casi 150 a\u00f1os vio nacer las primeras botellas. As\u00ed pues, cualquier corpinnat proviene de uvas producidas en el coraz\u00f3n de la regi\u00f3n vitivin\u00edcola del Pened\u00e8s, donde el clima y el paisaje configuran un car\u00e1cter y estilo \u00fanicos.<\/p>\n<p>[\/vc_column_text][\/vc_column][\/vc_row][vc_row][vc_column][vc_empty_space height=\u00bb60px\u00bb][vc_column_text]<\/p>\n<h2 style=\"text-align: center;\">Los valores de corpinnat<\/h2>\n<p>[\/vc_column_text][\/vc_column][\/vc_row][vc_row][vc_column width=\u00bb2\/3&#8243;][vc_column_text]<\/p>\n<h3 style=\"text-align: left;\">El origen de Corpinnat<\/h3>\n<p>[\/vc_column_text][vc_column_text]<\/p>\n<p style=\"text-align: left;\">Los corpinnat son vinos espumosos elaborados \u00fanicamente en la regi\u00f3n vitivin\u00edcola del Pened\u00e8s y que reflejan la personalidad de un territorio. Es por eso que somos fieles a las variedades aut\u00f3ctonas e hist\u00f3ricas del Pened\u00e8s, las que mejor expresan el <em>terroir<\/em> y que son las protagonistas de nuestros espumosos. En el caso de Nadal, elaboramos la gran mayor\u00eda de ellos con el <em>coupage<\/em> tradicional de xarel\u00b7lo, macabeo y parellada, pero sin dejar de lado otras variedades muy interesantes como la malvasia de Sitges y el xarel\u00b7lo vermell.<\/p>\n<p>[\/vc_column_text][\/vc_column][vc_column width=\u00bb1\/3&#8243;][vc_single_image image=\u00bb25589&#8243; img_size=\u00bb360&#215;230&#8243; alignment=\u00bbcenter\u00bb][\/vc_column][\/vc_row][vc_row][vc_column][vc_empty_space height=\u00bb60px\u00bb][\/vc_column][\/vc_row][vc_row][vc_column width=\u00bb1\/3&#8243;][vc_single_image image=\u00bb25479&#8243; img_size=\u00bb360&#215;230&#8243; alignment=\u00bbcenter\u00bb][\/vc_column][vc_column width=\u00bb2\/3&#8243;][vc_column_text]<\/p>\n<h3 style=\"text-align: left;\">Sostenibilidad y medio ambiente<\/h3>\n<p>[\/vc_column_text][vc_column_text]<\/p>\n<p style=\"text-align: left;\">El amor a nuestro territorio nos lleva a un firme compromiso con el respeto hacia \u00e9l y su preservaci\u00f3n. Es por eso que todos los vi\u00f1edos Corpinnat son 100% ecol\u00f3gicos y se cosechan a mano para preservar las cualidades de cada uva hasta llegar a las prensas. Adem\u00e1s, en Nadal apostamos decididamente por el trabajo manual en la vi\u00f1a para mantener cada cepa en un estado \u00f3ptimo, as\u00ed como por el mantenimiento y mejora constante de la viticultura de secano que hemos heredado de nuestros antepasados. En definitiva, priorizamos las pr\u00e1cticas m\u00e1s sostenibles que coinciden con aquellas que mejor nos permiten expresar la personalidad de nuestros vi\u00f1edos en cada una de las botellas.<\/p>\n<p>[\/vc_column_text][\/vc_column][\/vc_row][vc_row][vc_column][vc_empty_space height=\u00bb60px\u00bb][\/vc_column][\/vc_row][vc_row][vc_column width=\u00bb2\/3&#8243;][vc_column_text]<\/p>\n<h3 style=\"text-align: left;\">Viticultores<\/h3>\n<p>[\/vc_column_text][vc_column_text]<\/p>\n<p style=\"text-align: left;\">Corpinnat es tambi\u00e9n compromiso con el territorio del Pened\u00e8s y la preservaci\u00f3n de su paisaje. Corpinnat tiene un firme compromiso con los viticultores del Pened\u00e8s, con quienes establece contratos de larga duraci\u00f3n y con un precio m\u00ednimo garantizado que crece a\u00f1o tras a\u00f1o sin excepciones.<\/p>\n<p>[\/vc_column_text][\/vc_column][vc_column width=\u00bb1\/3&#8243;][vc_single_image image=\u00bb25488&#8243; img_size=\u00bb360&#215;230&#8243; alignment=\u00bbcenter\u00bb][\/vc_column][\/vc_row][vc_row][vc_column][vc_empty_space height=\u00bb60px\u00bb][\/vc_column][\/vc_row][vc_row][vc_column width=\u00bb1\/3&#8243;][vc_single_image image=\u00bb25482&#8243; img_size=\u00bb360&#215;230&#8243; alignment=\u00bbcenter\u00bb][\/vc_column][vc_column width=\u00bb2\/3&#8243;][vc_column_text]<\/p>\n<h3 style=\"text-align: left;\">Elaboraci\u00f3n propia<\/h3>\n<p>[\/vc_column_text][vc_column_text]<\/p>\n<p style=\"text-align: left;\">Los corpinnat est\u00e1n elaborados de forma \u00edntegra en la propiedad siguiendo el m\u00e9todo tradicional o <em>champenoise<\/em>, poniendo en valor el estilo y la calidad del prensado de la uva y su vinificaci\u00f3n. Adem\u00e1s, en Nadal somos viticultores y utilizamos exclusivamente uvas de nuestra finca para crear nuestros corpinnats. La bodega familiar est\u00e1 rodeada por 80 hect\u00e1reas de vi\u00f1edo, algunas de las cuales alcanzan hasta 80 a\u00f1os de edad.<\/p>\n<p>[\/vc_column_text][\/vc_column][\/vc_row][vc_row][vc_column][vc_empty_space height=\u00bb60px\u00bb][\/vc_column][\/vc_row][vc_row][vc_column width=\u00bb2\/3&#8243;][vc_column_text]<\/p>\n<h3 style=\"text-align: left;\">Calidad<\/h3>\n<p>[\/vc_column_text][vc_column_text]<\/p>\n<p style=\"text-align: left;\">Un cuidadoso proceso de elaboraci\u00f3n es clave para crear grandes vinos espumosos. Es por eso que cualquier corpinnat cuenta con un m\u00ednimo de 18 meses de envejecimiento en botella antes de su comercializaci\u00f3n, buscando siempre la m\u00e1xima calidad. En el caso de Nadal, sus espumosos se comercializan con una crianza en botella que va desde 30 meses hasta 26 a\u00f1os en los m\u00e1gnums de RNG20 Brut Nature 1997.<\/p>\n<p>[\/vc_column_text][\/vc_column][vc_column width=\u00bb1\/3&#8243;][vc_single_image image=\u00bb25585&#8243; img_size=\u00bb360&#215;230&#8243; alignment=\u00bbcenter\u00bb][\/vc_column][\/vc_row][vc_row][vc_column][vc_empty_space height=\u00bb60px\u00bb][vc_column_text]<\/p>\n<h3 style=\"text-align: center;\">Innovaci\u00f3n, rigor y autoexigencia<\/h3>\n<p>[\/vc_column_text][vc_column_text]<\/p>\n<p style=\"text-align: center;\">Para preservar todos estos valores, las bodegas Corpinnat pasan cada a\u00f1o unas auditor\u00edas externas muy exhaustivas. El compromiso de ofrecer un producto de calidad al consumidor es firme, y por eso el t\u00e9rmino Corpinnat es siempre claramente visible en el etiquetado frontal para que puedan identificar este distintivo de excelencia. Adem\u00e1s, en todas las etiquetas consta el nombre del elaborador y la fecha del deg\u00fcelle de cada uno de los espumosos.<\/p>\n<p>[\/vc_column_text][\/vc_column][\/vc_row][vc_row][vc_column][vc_empty_space height=\u00bb60px\u00bb][vc_column_text]<\/p>\n<h3 style=\"text-align: center;\">Una marca abierta<\/h3>\n<p>[\/vc_column_text][vc_column_text]<\/p>\n<p style=\"text-align: center;\">Cualquier bodega que cumpla con todos los requisitos expuestos puede ser Corpinnat. Si tanto los vi\u00f1edos como la bodega est\u00e1n ubicados dentro del territorio Corpinnat y cumplen \u00edntegramente el Reglamento de Uso de Corpinnat, pueden solicitar formar parte de la marca. Despu\u00e9s de pasar auditor\u00edas en dos vendimias consecutivas, as\u00ed como una auditor\u00eda anual general, la bodega se convierte en parte de Corpinnat. Siguiendo este proceso, a d\u00eda de hoy Corpinnat est\u00e1 compuesto por 12 bodegas, adem\u00e1s de otras bodegas que est\u00e1n en proceso de auditarse y unirse pr\u00f3ximamente.<\/p>\n<p>[\/vc_column_text][\/vc_column][\/vc_row][vc_row][vc_column][vc_empty_space height=\u00bb60px\u00bb][vc_column_text]<\/p>\n<h2 style=\"text-align: center; font-size: 30px;\">En la tienda online encontrar\u00e1s toda la colecci\u00f3n de nuestros corpinnats, ideales para regalar o disfrutar en buena compa\u00f1\u00eda.<\/h2>\n<p>[\/vc_column_text]<p class=\"konte-button-wrapper text-center\"><a href=\"https:\/\/nadal.com\/es\/nuestros-vinos\/\" title=\"Els nostres vins\" class=\"konte-button button-normal text-default align-center medium   button square\">Tienda online<\/a><\/p>[\/vc_column][\/vc_row]<\/p>\n","protected":false},"excerpt":{"rendered":"<p>[vc_row][vc_column][vc_column_text] En el a\u00f1o 1943, tras m\u00e1s de cuatro siglos de experiencia como viticultores en la finca familiar, Nadal produjo la primera botella de espumoso. Bajo la visi\u00f3n y empuje&hellip;<\/p>\n","protected":false},"author":1,"featured_media":0,"parent":0,"menu_order":0,"comment_status":"closed","ping_status":"closed","template":"","meta":{"_acf_changed":false,"footnotes":""},"class_list":["post-2295","page","type-page","status-publish","hentry"],"acf":[],"yoast_head":"<!-- This site is optimized with the Yoast SEO plugin v26.6 - https:\/\/yoast.com\/wordpress\/plugins\/seo\/ -->\n<title>Corpinnat | Corpinnat Nadal | Celler Corpinnat | Marca Corpinnat | Nadal<\/title>\n<meta name=\"description\" content=\"Nadal \u00e9s una dels cellers impulsors del segell de qualitat Corpinnat: collita pr\u00f2pia 100% manual i ecol\u00f2gica, i criances m\u00ednimes de 18 mesos.\" \/>\n<meta name=\"robots\" content=\"index, follow, max-snippet:-1, max-image-preview:large, max-video-preview:-1\" \/>\n<link rel=\"canonical\" href=\"https:\/\/nadal.com\/es\/corpinnat\/\" \/>\n<meta property=\"og:locale\" content=\"es_ES\" \/>\n<meta property=\"og:type\" content=\"article\" \/>\n<meta property=\"og:title\" content=\"Corpinnat | Corpinnat Nadal | Celler Corpinnat | Marca Corpinnat | Nadal\" \/>\n<meta property=\"og:description\" content=\"Nadal \u00e9s una dels cellers impulsors del segell de qualitat Corpinnat: collita pr\u00f2pia 100% manual i ecol\u00f2gica, i criances m\u00ednimes de 18 mesos.\" \/>\n<meta property=\"og:url\" content=\"https:\/\/nadal.com\/es\/corpinnat\/\" \/>\n<meta property=\"og:site_name\" content=\"Nadal\" \/>\n<meta property=\"article:modified_time\" content=\"2026-02-03T08:51:23+00:00\" \/>\n<meta name=\"twitter:card\" content=\"summary_large_image\" \/>\n<meta name=\"twitter:label1\" content=\"Tiempo de lectura\" \/>\n\t<meta name=\"twitter:data1\" content=\"5 minutos\" \/>\n<script type=\"application\/ld+json\" class=\"yoast-schema-graph\">{\"@context\":\"https:\/\/schema.org\",\"@graph\":[{\"@type\":\"WebPage\",\"@id\":\"https:\/\/nadal.com\/es\/corpinnat\/\",\"url\":\"https:\/\/nadal.com\/es\/corpinnat\/\",\"name\":\"Corpinnat | Corpinnat Nadal | Celler Corpinnat | Marca Corpinnat | Nadal\",\"isPartOf\":{\"@id\":\"https:\/\/nadal.com\/es\/#website\"},\"datePublished\":\"2019-10-08T16:20:59+00:00\",\"dateModified\":\"2026-02-03T08:51:23+00:00\",\"description\":\"Nadal \u00e9s una dels cellers impulsors del segell de qualitat Corpinnat: collita pr\u00f2pia 100% manual i ecol\u00f2gica, i criances m\u00ednimes de 18 mesos.\",\"breadcrumb\":{\"@id\":\"https:\/\/nadal.com\/es\/corpinnat\/#breadcrumb\"},\"inLanguage\":\"es\",\"potentialAction\":[{\"@type\":\"ReadAction\",\"target\":[\"https:\/\/nadal.com\/es\/corpinnat\/\"]}]},{\"@type\":\"BreadcrumbList\",\"@id\":\"https:\/\/nadal.com\/es\/corpinnat\/#breadcrumb\",\"itemListElement\":[{\"@type\":\"ListItem\",\"position\":1,\"name\":\"Inici\",\"item\":\"https:\/\/nadal.com\/es\/\"},{\"@type\":\"ListItem\",\"position\":2,\"name\":\"Corpinnat, regreso a los or\u00edgenes\"}]},{\"@type\":\"WebSite\",\"@id\":\"https:\/\/nadal.com\/es\/#website\",\"url\":\"https:\/\/nadal.com\/es\/\",\"name\":\"Nadal\",\"description\":\"Desde 1943\",\"potentialAction\":[{\"@type\":\"SearchAction\",\"target\":{\"@type\":\"EntryPoint\",\"urlTemplate\":\"https:\/\/nadal.com\/es\/?s={search_term_string}\"},\"query-input\":{\"@type\":\"PropertyValueSpecification\",\"valueRequired\":true,\"valueName\":\"search_term_string\"}}],\"inLanguage\":\"es\"}]}<\/script>\n<!-- \/ Yoast SEO plugin. -->","yoast_head_json":{"title":"Corpinnat | Corpinnat Nadal | Celler Corpinnat | Marca Corpinnat | Nadal","description":"Nadal \u00e9s una dels cellers impulsors del segell de qualitat Corpinnat: collita pr\u00f2pia 100% manual i ecol\u00f2gica, i criances m\u00ednimes de 18 mesos.","robots":{"index":"index","follow":"follow","max-snippet":"max-snippet:-1","max-image-preview":"max-image-preview:large","max-video-preview":"max-video-preview:-1"},"canonical":"https:\/\/nadal.com\/es\/corpinnat\/","og_locale":"es_ES","og_type":"article","og_title":"Corpinnat | Corpinnat Nadal | Celler Corpinnat | Marca Corpinnat | Nadal","og_description":"Nadal \u00e9s una dels cellers impulsors del segell de qualitat Corpinnat: collita pr\u00f2pia 100% manual i ecol\u00f2gica, i criances m\u00ednimes de 18 mesos.","og_url":"https:\/\/nadal.com\/es\/corpinnat\/","og_site_name":"Nadal","article_modified_time":"2026-02-03T08:51:23+00:00","twitter_card":"summary_large_image","twitter_misc":{"Tiempo de lectura":"5 minutos"},"schema":{"@context":"https:\/\/schema.org","@graph":[{"@type":"WebPage","@id":"https:\/\/nadal.com\/es\/corpinnat\/","url":"https:\/\/nadal.com\/es\/corpinnat\/","name":"Corpinnat | Corpinnat Nadal | Celler Corpinnat | Marca Corpinnat | Nadal","isPartOf":{"@id":"https:\/\/nadal.com\/es\/#website"},"datePublished":"2019-10-08T16:20:59+00:00","dateModified":"2026-02-03T08:51:23+00:00","description":"Nadal \u00e9s una dels cellers impulsors del segell de qualitat Corpinnat: collita pr\u00f2pia 100% manual i ecol\u00f2gica, i criances m\u00ednimes de 18 mesos.","breadcrumb":{"@id":"https:\/\/nadal.com\/es\/corpinnat\/#breadcrumb"},"inLanguage":"es","potentialAction":[{"@type":"ReadAction","target":["https:\/\/nadal.com\/es\/corpinnat\/"]}]},{"@type":"BreadcrumbList","@id":"https:\/\/nadal.com\/es\/corpinnat\/#breadcrumb","itemListElement":[{"@type":"ListItem","position":1,"name":"Inici","item":"https:\/\/nadal.com\/es\/"},{"@type":"ListItem","position":2,"name":"Corpinnat, regreso a los or\u00edgenes"}]},{"@type":"WebSite","@id":"https:\/\/nadal.com\/es\/#website","url":"https:\/\/nadal.com\/es\/","name":"Nadal","description":"Desde 1943","potentialAction":[{"@type":"SearchAction","target":{"@type":"EntryPoint","urlTemplate":"https:\/\/nadal.com\/es\/?s={search_term_string}"},"query-input":{"@type":"PropertyValueSpecification","valueRequired":true,"valueName":"search_term_string"}}],"inLanguage":"es"}]}},"_links":{"self":[{"href":"https:\/\/nadal.com\/es\/wp-json\/wp\/v2\/pages\/2295","targetHints":{"allow":["GET"]}}],"collection":[{"href":"https:\/\/nadal.com\/es\/wp-json\/wp\/v2\/pages"}],"about":[{"href":"https:\/\/nadal.com\/es\/wp-json\/wp\/v2\/types\/page"}],"author":[{"embeddable":true,"href":"https:\/\/nadal.com\/es\/wp-json\/wp\/v2\/users\/1"}],"replies":[{"embeddable":true,"href":"https:\/\/nadal.com\/es\/wp-json\/wp\/v2\/comments?post=2295"}],"version-history":[{"count":38,"href":"https:\/\/nadal.com\/es\/wp-json\/wp\/v2\/pages\/2295\/revisions"}],"predecessor-version":[{"id":28143,"href":"https:\/\/nadal.com\/es\/wp-json\/wp\/v2\/pages\/2295\/revisions\/28143"}],"wp:attachment":[{"href":"https:\/\/nadal.com\/es\/wp-json\/wp\/v2\/media?parent=2295"}],"curies":[{"name":"wp","href":"https:\/\/api.w.org\/{rel}","templated":true}]}}