{"id":22490,"date":"2022-10-27T13:14:25","date_gmt":"2022-10-27T11:14:25","guid":{"rendered":"https:\/\/nadal.com\/?post_type=product&#038;p=22490"},"modified":"2026-01-19T17:45:05","modified_gmt":"2026-01-19T16:45:05","slug":"visit-with-a-tasting-of-wines-and-mini-cannelloni","status":"publish","type":"product","link":"https:\/\/nadal.com\/en\/els-nostres-vins\/experiences\/visit-with-a-tasting-of-wines-and-mini-cannelloni\/","title":{"rendered":"Visit with a tasting of wines and mini cannelloni"},"content":{"rendered":"<p>[vc_row][vc_column][vc_separator][vc_tta_tabs active_section=&#8221;1&#8243;][vc_tta_section title=&#8221;Description&#8221; tab_id=&#8221;descripcio&#8221;][vc_column_text]<\/p>\n<h4><strong>The visit<\/strong><\/h4>\n<p>A journey through the history of Nadal de la Boadella Estate and its wines. We will learn about the main stages of the production of our corpinnat sparkling wines and noble white wines. We will take a tour to the vineyards, the winery, and the foundational cellar, nearly 20 meters deep. And, of course, we will conclude with a tasting in a privileged environment.<\/p>\n<h4><b>The pairing<\/b><\/h4>\n<p>In the garden of the countryside house, a small green oasis surrounded by vineyards, we will enjoy a very special tasting:<\/p>\n<ul>\n<li data-start=\"547\" data-end=\"620\"><strong>Plot Twist Brut<\/strong> &amp; Roast meat cannelloni with seasonal mushroom b\u00e9chamel<\/li>\n<li data-start=\"547\" data-end=\"620\"><strong>Salvatge Brut Nature 2015<\/strong> &amp; Duck cannelloni with foie gras and micuit foie b\u00e9chamel<\/li>\n<li data-start=\"547\" data-end=\"620\"><strong>RNG Brut 2018<\/strong> &amp; Braised beef cheek cannelloni with roast b\u00e9chamel and aged wine reduction<\/li>\n<li data-start=\"547\" data-end=\"620\"><strong>Nadal X Vermell Collection 2021<\/strong> &amp; Cod cannelloni with brandade b\u00e9chamel<\/li>\n<li data-start=\"547\" data-end=\"620\"><strong>Nadal X Collection 2022<\/strong> &amp; Vegetable cannelloni with fresh spinach pasta and porcini b\u00e9chamel<\/li>\n<\/ul>\n<p>[\/vc_column_text][\/vc_tta_section][vc_tta_section title=&#8221;How to get&#8221; tab_id=&#8221;com-arribar&#8221;][vc_widget_sidebar sidebar_id=&#8221;com-arribar&#8221;][\/vc_tta_section][vc_tta_section title=&#8221;Motorhome area&#8221; tab_id=&#8221;area-autocaravanes&#8221;][vc_row_inner][vc_column_inner width=&#8221;1\/2&#8243;][vc_widget_sidebar sidebar_id=&#8221;autocaravanes-text&#8221;][\/vc_column_inner][vc_column_inner width=&#8221;1\/2&#8243;][vc_widget_sidebar sidebar_id=&#8221;autocaravanes-imatge&#8221;][\/vc_column_inner][\/vc_row_inner][\/vc_tta_section][\/vc_tta_tabs][\/vc_column][\/vc_row]<\/p>\n","protected":false},"excerpt":{"rendered":"<p>In our country, cannelloni are always synonymous with festivities and celebrations. However, in Nadal we believe that every day is a good day to celebrate life. Therefore, we propose this pairing with homemade mini cannelloni from Can Canel\u00f3 and our corpinnats and noble white wines.<\/p>\n<p><strong>Duration:<\/strong> 2h 30mins<br \/>\n<strong>Includes: <\/strong>Visit to the vineyards, cellar, foundational cava, and <strong>tasting with pairing:<\/strong><\/p>\n<ul>\n<li data-start=\"547\" data-end=\"620\"><strong>Plot Twist Brut<\/strong> &amp; Roast meat cannelloni with seasonal mushroom b\u00e9chamel<\/li>\n<li data-start=\"547\" data-end=\"620\"><strong>Salvatge Brut Nature 2015<\/strong> &amp; Duck cannelloni with foie gras and micuit foie b\u00e9chamel<\/li>\n<li data-start=\"547\" data-end=\"620\"><strong>RNG Brut 2018<\/strong> &amp; Braised beef cheek cannelloni with roast b\u00e9chamel and aged wine reduction<\/li>\n<li data-start=\"547\" data-end=\"620\"><strong>Nadal X Vermell Collection 2021<\/strong> &amp; Cod cannelloni with brandade b\u00e9chamel<\/li>\n<li data-start=\"547\" data-end=\"620\"><strong>Nadal X Collection 2022<\/strong> &amp; Vegetable cannelloni with fresh spinach pasta and porcini b\u00e9chamel<\/li>\n<\/ul>\n<p><strong>Groups:<\/strong> Minimum 2 pax \u2013 maximum 20 pax<br \/>\n<strong>Place:<\/strong> [acf field=\"lloc\"]<\/p>\n","protected":false},"featured_media":27359,"template":"","meta":{"_acf_changed":false},"product_brand":[],"product_cat":[68],"product_tag":[],"class_list":{"0":"post-22490","1":"product","2":"type-product","3":"status-publish","4":"has-post-thumbnail","6":"product_cat-experiences","7":"product_shipping_class-free","9":"first","10":"instock","11":"featured","12":"taxable","13":"shipping-taxable","14":"purchasable","15":"product-type-simple"},"group_of_quantity":0,"min_quantity":2,"max_quantity":30,"exclude_order_quantity_value_rules":"yes","exclude_category_quantity_rules":"no","combine_variations":"no","acf":[],"yoast_head":"<!-- This site is optimized with the Yoast SEO plugin v26.6 - https:\/\/yoast.com\/wordpress\/plugins\/seo\/ -->\n<title>Visit with a tasting of wines and mini cannelloni - Nadal - Since 1943<\/title>\n<meta name=\"robots\" content=\"index, follow, max-snippet:-1, max-image-preview:large, max-video-preview:-1\" \/>\n<link rel=\"canonical\" href=\"https:\/\/nadal.com\/en\/els-nostres-vins\/experiences\/visit-with-a-tasting-of-wines-and-mini-cannelloni\/\" \/>\n<meta property=\"og:locale\" content=\"en_US\" \/>\n<meta property=\"og:type\" content=\"article\" \/>\n<meta property=\"og:title\" content=\"Visit with a tasting of wines and mini cannelloni - Nadal - Since 1943\" \/>\n<meta property=\"og:description\" content=\"In our country, cannelloni are always synonymous with festivities and celebrations. However, in Nadal we believe that every day is a good day to celebrate life. Therefore, we propose this pairing with homemade mini cannelloni from Can Canel\u00f3 and our corpinnats and noble white wines.  Duration: 2h 30mins Includes: Visit to the vineyards, cellar, foundational cava, and tasting with pairing:   Plot Twist Brut &amp; Roast meat cannelloni with seasonal mushroom b\u00e9chamel  Salvatge Brut Nature 2015 &amp; Duck cannelloni with foie gras and micuit foie b\u00e9chamel  RNG Brut 2018 &amp; Braised beef cheek cannelloni with roast b\u00e9chamel and aged wine reduction  Nadal X Vermell Collection 2021 &amp; Cod cannelloni with brandade b\u00e9chamel  Nadal X Collection 2022 &amp; Vegetable cannelloni with fresh spinach pasta and porcini b\u00e9chamel  Groups: Minimum 2 pax \u2013 maximum 20 pax Place:\" \/>\n<meta property=\"og:url\" content=\"https:\/\/nadal.com\/en\/els-nostres-vins\/experiences\/visit-with-a-tasting-of-wines-and-mini-cannelloni\/\" \/>\n<meta property=\"og:site_name\" content=\"Nadal\" \/>\n<meta property=\"article:modified_time\" content=\"2026-01-19T16:45:05+00:00\" \/>\n<meta property=\"og:image\" content=\"https:\/\/nadal.com\/wp-content\/uploads\/2022\/10\/LEC_0756-scaled.jpg\" \/>\n\t<meta property=\"og:image:width\" content=\"2560\" \/>\n\t<meta property=\"og:image:height\" content=\"2560\" \/>\n\t<meta property=\"og:image:type\" content=\"image\/jpeg\" \/>\n<meta name=\"twitter:card\" content=\"summary_large_image\" \/>\n<meta name=\"twitter:label1\" content=\"Est. reading time\" \/>\n\t<meta name=\"twitter:data1\" content=\"2 minutes\" \/>\n<script type=\"application\/ld+json\" class=\"yoast-schema-graph\">{\"@context\":\"https:\/\/schema.org\",\"@graph\":[{\"@type\":\"WebPage\",\"@id\":\"https:\/\/nadal.com\/en\/els-nostres-vins\/experiences\/visit-with-a-tasting-of-wines-and-mini-cannelloni\/\",\"url\":\"https:\/\/nadal.com\/en\/els-nostres-vins\/experiences\/visit-with-a-tasting-of-wines-and-mini-cannelloni\/\",\"name\":\"Visit with a tasting of wines and mini cannelloni - Nadal - Since 1943\",\"isPartOf\":{\"@id\":\"https:\/\/nadal.com\/en\/#website\"},\"primaryImageOfPage\":{\"@id\":\"https:\/\/nadal.com\/en\/els-nostres-vins\/experiences\/visit-with-a-tasting-of-wines-and-mini-cannelloni\/#primaryimage\"},\"image\":{\"@id\":\"https:\/\/nadal.com\/en\/els-nostres-vins\/experiences\/visit-with-a-tasting-of-wines-and-mini-cannelloni\/#primaryimage\"},\"thumbnailUrl\":\"https:\/\/nadal.com\/wp-content\/uploads\/2022\/10\/LEC_0756-scaled.jpg\",\"datePublished\":\"2022-10-27T11:14:25+00:00\",\"dateModified\":\"2026-01-19T16:45:05+00:00\",\"breadcrumb\":{\"@id\":\"https:\/\/nadal.com\/en\/els-nostres-vins\/experiences\/visit-with-a-tasting-of-wines-and-mini-cannelloni\/#breadcrumb\"},\"inLanguage\":\"en-US\",\"potentialAction\":[{\"@type\":\"ReadAction\",\"target\":[\"https:\/\/nadal.com\/en\/els-nostres-vins\/experiences\/visit-with-a-tasting-of-wines-and-mini-cannelloni\/\"]}]},{\"@type\":\"ImageObject\",\"inLanguage\":\"en-US\",\"@id\":\"https:\/\/nadal.com\/en\/els-nostres-vins\/experiences\/visit-with-a-tasting-of-wines-and-mini-cannelloni\/#primaryimage\",\"url\":\"https:\/\/nadal.com\/wp-content\/uploads\/2022\/10\/LEC_0756-scaled.jpg\",\"contentUrl\":\"https:\/\/nadal.com\/wp-content\/uploads\/2022\/10\/LEC_0756-scaled.jpg\",\"width\":2560,\"height\":2560},{\"@type\":\"BreadcrumbList\",\"@id\":\"https:\/\/nadal.com\/en\/els-nostres-vins\/experiences\/visit-with-a-tasting-of-wines-and-mini-cannelloni\/#breadcrumb\",\"itemListElement\":[{\"@type\":\"ListItem\",\"position\":1,\"name\":\"Inici\",\"item\":\"https:\/\/nadal.com\/en\/\"},{\"@type\":\"ListItem\",\"position\":2,\"name\":\"Our wines\",\"item\":\"https:\/\/nadal.com\/en\/our-wines\/\"},{\"@type\":\"ListItem\",\"position\":3,\"name\":\"Visit with a tasting of wines and mini cannelloni\"}]},{\"@type\":\"WebSite\",\"@id\":\"https:\/\/nadal.com\/en\/#website\",\"url\":\"https:\/\/nadal.com\/en\/\",\"name\":\"Nadal\",\"description\":\"Since 1943\",\"potentialAction\":[{\"@type\":\"SearchAction\",\"target\":{\"@type\":\"EntryPoint\",\"urlTemplate\":\"https:\/\/nadal.com\/en\/?s={search_term_string}\"},\"query-input\":{\"@type\":\"PropertyValueSpecification\",\"valueRequired\":true,\"valueName\":\"search_term_string\"}}],\"inLanguage\":\"en-US\"}]}<\/script>\n<!-- \/ Yoast SEO plugin. -->","yoast_head_json":{"title":"Visit with a tasting of wines and mini cannelloni - Nadal - Since 1943","robots":{"index":"index","follow":"follow","max-snippet":"max-snippet:-1","max-image-preview":"max-image-preview:large","max-video-preview":"max-video-preview:-1"},"canonical":"https:\/\/nadal.com\/en\/els-nostres-vins\/experiences\/visit-with-a-tasting-of-wines-and-mini-cannelloni\/","og_locale":"en_US","og_type":"article","og_title":"Visit with a tasting of wines and mini cannelloni - Nadal - Since 1943","og_description":"In our country, cannelloni are always synonymous with festivities and celebrations. However, in Nadal we believe that every day is a good day to celebrate life. Therefore, we propose this pairing with homemade mini cannelloni from Can Canel\u00f3 and our corpinnats and noble white wines.  Duration: 2h 30mins Includes: Visit to the vineyards, cellar, foundational cava, and tasting with pairing:   Plot Twist Brut &amp; Roast meat cannelloni with seasonal mushroom b\u00e9chamel  Salvatge Brut Nature 2015 &amp; Duck cannelloni with foie gras and micuit foie b\u00e9chamel  RNG Brut 2018 &amp; Braised beef cheek cannelloni with roast b\u00e9chamel and aged wine reduction  Nadal X Vermell Collection 2021 &amp; Cod cannelloni with brandade b\u00e9chamel  Nadal X Collection 2022 &amp; Vegetable cannelloni with fresh spinach pasta and porcini b\u00e9chamel  Groups: Minimum 2 pax \u2013 maximum 20 pax Place:","og_url":"https:\/\/nadal.com\/en\/els-nostres-vins\/experiences\/visit-with-a-tasting-of-wines-and-mini-cannelloni\/","og_site_name":"Nadal","article_modified_time":"2026-01-19T16:45:05+00:00","og_image":[{"width":2560,"height":2560,"url":"https:\/\/nadal.com\/wp-content\/uploads\/2022\/10\/LEC_0756-scaled.jpg","type":"image\/jpeg"}],"twitter_card":"summary_large_image","twitter_misc":{"Est. reading time":"2 minutes"},"schema":{"@context":"https:\/\/schema.org","@graph":[{"@type":"WebPage","@id":"https:\/\/nadal.com\/en\/els-nostres-vins\/experiences\/visit-with-a-tasting-of-wines-and-mini-cannelloni\/","url":"https:\/\/nadal.com\/en\/els-nostres-vins\/experiences\/visit-with-a-tasting-of-wines-and-mini-cannelloni\/","name":"Visit with a tasting of wines and mini cannelloni - Nadal - Since 1943","isPartOf":{"@id":"https:\/\/nadal.com\/en\/#website"},"primaryImageOfPage":{"@id":"https:\/\/nadal.com\/en\/els-nostres-vins\/experiences\/visit-with-a-tasting-of-wines-and-mini-cannelloni\/#primaryimage"},"image":{"@id":"https:\/\/nadal.com\/en\/els-nostres-vins\/experiences\/visit-with-a-tasting-of-wines-and-mini-cannelloni\/#primaryimage"},"thumbnailUrl":"https:\/\/nadal.com\/wp-content\/uploads\/2022\/10\/LEC_0756-scaled.jpg","datePublished":"2022-10-27T11:14:25+00:00","dateModified":"2026-01-19T16:45:05+00:00","breadcrumb":{"@id":"https:\/\/nadal.com\/en\/els-nostres-vins\/experiences\/visit-with-a-tasting-of-wines-and-mini-cannelloni\/#breadcrumb"},"inLanguage":"en-US","potentialAction":[{"@type":"ReadAction","target":["https:\/\/nadal.com\/en\/els-nostres-vins\/experiences\/visit-with-a-tasting-of-wines-and-mini-cannelloni\/"]}]},{"@type":"ImageObject","inLanguage":"en-US","@id":"https:\/\/nadal.com\/en\/els-nostres-vins\/experiences\/visit-with-a-tasting-of-wines-and-mini-cannelloni\/#primaryimage","url":"https:\/\/nadal.com\/wp-content\/uploads\/2022\/10\/LEC_0756-scaled.jpg","contentUrl":"https:\/\/nadal.com\/wp-content\/uploads\/2022\/10\/LEC_0756-scaled.jpg","width":2560,"height":2560},{"@type":"BreadcrumbList","@id":"https:\/\/nadal.com\/en\/els-nostres-vins\/experiences\/visit-with-a-tasting-of-wines-and-mini-cannelloni\/#breadcrumb","itemListElement":[{"@type":"ListItem","position":1,"name":"Inici","item":"https:\/\/nadal.com\/en\/"},{"@type":"ListItem","position":2,"name":"Our wines","item":"https:\/\/nadal.com\/en\/our-wines\/"},{"@type":"ListItem","position":3,"name":"Visit with a tasting of wines and mini cannelloni"}]},{"@type":"WebSite","@id":"https:\/\/nadal.com\/en\/#website","url":"https:\/\/nadal.com\/en\/","name":"Nadal","description":"Since 1943","potentialAction":[{"@type":"SearchAction","target":{"@type":"EntryPoint","urlTemplate":"https:\/\/nadal.com\/en\/?s={search_term_string}"},"query-input":{"@type":"PropertyValueSpecification","valueRequired":true,"valueName":"search_term_string"}}],"inLanguage":"en-US"}]}},"_links":{"self":[{"href":"https:\/\/nadal.com\/en\/wp-json\/wp\/v2\/product\/22490","targetHints":{"allow":["GET"]}}],"collection":[{"href":"https:\/\/nadal.com\/en\/wp-json\/wp\/v2\/product"}],"about":[{"href":"https:\/\/nadal.com\/en\/wp-json\/wp\/v2\/types\/product"}],"wp:featuredmedia":[{"embeddable":true,"href":"https:\/\/nadal.com\/en\/wp-json\/wp\/v2\/media\/27359"}],"wp:attachment":[{"href":"https:\/\/nadal.com\/en\/wp-json\/wp\/v2\/media?parent=22490"}],"wp:term":[{"taxonomy":"product_brand","embeddable":true,"href":"https:\/\/nadal.com\/en\/wp-json\/wp\/v2\/product_brand?post=22490"},{"taxonomy":"product_cat","embeddable":true,"href":"https:\/\/nadal.com\/en\/wp-json\/wp\/v2\/product_cat?post=22490"},{"taxonomy":"product_tag","embeddable":true,"href":"https:\/\/nadal.com\/en\/wp-json\/wp\/v2\/product_tag?post=22490"}],"curies":[{"name":"wp","href":"https:\/\/api.w.org\/{rel}","templated":true}]}}